{"id":1081,"date":"2021-01-20T13:41:28","date_gmt":"2021-01-20T12:41:28","guid":{"rendered":"https:\/\/www.comverga.com\/cze\/?page_id=1081"},"modified":"2022-04-28T09:12:58","modified_gmt":"2022-04-28T07:12:58","slug":"senior-javascript-developer","status":"publish","type":"page","link":"https:\/\/www.comverga.com\/cze\/de\/senior-javascript-developer\/","title":{"rendered":"Payment\/Telecommunication System Developer"},"content":{"rendered":"<p><\/p>\n\n\n<\/p>\n<p>\n\n\n<p><\/p>\n\n\n<\/p>\n<h3 class=\"wp-block-heading\">CO U N\u00c1S BUDETE D\u011aLAT?<\/h3>\n<p>\n\n\n<p><\/p>\n\n\n<\/p>\n<ul>\n<li>Agiln\u00ed v\u00fdvoj<\/li>\n<li>\u00dazk\u00e1 spolupr\u00e1ce s DevOps t\u00fdmem<\/li>\n<li>Pod\u00edlen\u00ed se na anal\u00fdze funkcionalit, navrhov\u00e1n\u00ed a vyv\u00edjen\u00ed nov\u00fdch funkcionalit a syst\u00e9m\u016f<\/li>\n<li>\u0158e\u0161it technologick\u00e9 v\u00fdzvy<\/li>\n<li>Vyv\u00edjet robustn\u00ed a v\u00fdkonn\u00e9 syst\u00e9my<\/li>\n<li>Vytv\u00e1\u0159et zaj\u00edmav\u00e1 a komplexn\u00ed back-end \u00a0i front-end \u0159e\u0161en\u00ed pro telco a platebn\u00ed slu\u017eby<\/li>\n<li>Pracovat s datab\u00e1zov\u00fdmi strukturami<\/li>\n<li>Jedn\u00edm projektem to nekon\u010d\u00ed \u2013 pracujeme na dlouhodob\u00fdch projektech v banking, telco a automotive sf\u00e9\u0159e<\/li>\n<\/ul>\n<p>\n\n\n<p><\/p>\n\n\n<\/p>\n<h3 class=\"wp-block-heading\">CO MUS\u00cdTE ZN\u00c1T, M\u00cdT A UM\u011aT?<\/h3>\n<p>\n\n\n<p><\/p>\n\n\n<\/p>\n<ul>\n<li>M\u00edt snahu u\u010dit se nov\u00fdm v\u011bcem, komunikovat s jin\u00fdmi \u010dleny teamu<\/li>\n<li>Pr\u00e1ce na \u0161irok\u00e9m spektru projekt\u016f<\/li>\n<li>Pracovat s datab\u00e1zemi (MySQL \u010di jin\u00e9 SQL)<\/li>\n<li>Vytv\u00e1\u0159et objektov\u011b orientovan\u00fd n\u00e1vrh aplikac\u00ed<\/li>\n<li>Postavit se \u010delem \u00a0technologick\u00fdm v\u00fdzv\u00e1m a k \u0159e\u0161en\u00ed technick\u00fdch probl\u00e9m\u016f<\/li>\n<\/ul>\n<h3>TECHNOLOGICK\u00dd STACK SPOLE\u010cNOSTI<\/h3>\n<p>\n\n\n<p><\/p>\n\n\n<\/p>\n<ul>\n<li>NodeJs, Javastript, TypeScript, Perl, Java, PHP, Html, Android SDK Java, Latex \u00a0 \u00a0<\/li>\n<li>MySQL, PostgreSQL, MongoDB, InfluxDB, CouchDB \u00a0 \u00a0<\/li>\n<li>REST API,SOAP API a jin\u00e9<\/li>\n<\/ul>\n<p>\n\n\n<p><\/p>\n\n\n<\/p>\n<p>\n\n\n<p><\/p>","protected":false},"excerpt":{"rendered":"<p>CO U N\u00c1S BUDETE D\u011aLAT? Agiln\u00ed v\u00fdvoj \u00dazk\u00e1 spolupr\u00e1ce s DevOps t\u00fdmem Pod\u00edlen\u00ed se na anal\u00fdze funkcionalit, navrhov\u00e1n\u00ed a vyv\u00edjen\u00ed nov\u00fdch funkcionalit a syst\u00e9m\u016f \u0158e\u0161it technologick\u00e9 v\u00fdzvy Vyv\u00edjet robustn\u00ed a v\u00fdkonn\u00e9 syst\u00e9my Vytv\u00e1\u0159et zaj\u00edmav\u00e1 a komplexn\u00ed back-end \u00a0i front-end \u0159e\u0161en\u00ed pro telco a platebn\u00ed slu\u017eby Pracovat s datab\u00e1zov\u00fdmi strukturami Jedn\u00edm projektem to nekon\u010d\u00ed \u2013 pracujeme [&hellip;]<\/p>","protected":false},"author":1,"featured_media":1166,"parent":0,"menu_order":1,"comment_status":"closed","ping_status":"closed","template":"","meta":{"footnotes":""},"_links":{"self":[{"href":"https:\/\/www.comverga.com\/cze\/de\/wp-json\/wp\/v2\/pages\/1081"}],"collection":[{"href":"https:\/\/www.comverga.com\/cze\/de\/wp-json\/wp\/v2\/pages"}],"about":[{"href":"https:\/\/www.comverga.com\/cze\/de\/wp-json\/wp\/v2\/types\/page"}],"author":[{"embeddable":true,"href":"https:\/\/www.comverga.com\/cze\/de\/wp-json\/wp\/v2\/users\/1"}],"replies":[{"embeddable":true,"href":"https:\/\/www.comverga.com\/cze\/de\/wp-json\/wp\/v2\/comments?post=1081"}],"version-history":[{"count":19,"href":"https:\/\/www.comverga.com\/cze\/de\/wp-json\/wp\/v2\/pages\/1081\/revisions"}],"predecessor-version":[{"id":1494,"href":"https:\/\/www.comverga.com\/cze\/de\/wp-json\/wp\/v2\/pages\/1081\/revisions\/1494"}],"wp:featuredmedia":[{"embeddable":true,"href":"https:\/\/www.comverga.com\/cze\/de\/wp-json\/wp\/v2\/media\/1166"}],"wp:attachment":[{"href":"https:\/\/www.comverga.com\/cze\/de\/wp-json\/wp\/v2\/media?parent=1081"}],"curies":[{"name":"wp","href":"https:\/\/api.w.org\/{rel}","templated":true}]}}