{"id":190,"date":"2020-11-25T13:12:06","date_gmt":"2020-11-25T12:12:06","guid":{"rendered":"https:\/\/www.comverga.com\/?page_id=190"},"modified":"2023-03-02T11:36:46","modified_gmt":"2023-03-02T10:36:46","slug":"sdp-pro-virtualni-operatory","status":"publish","type":"page","link":"https:\/\/www.comverga.com\/cze\/de\/sluzby\/software-as-a-service-platform-as-a-service\/sdp-pro-virtualni-operatory\/","title":{"rendered":"SDP f\u00fcr virtuelle Operatoren"},"content":{"rendered":"<div data-elementor-type=\"wp-page\" data-elementor-id=\"190\" class=\"elementor elementor-190\">\n\t\t\t\t\t\t\t\t\t<section class=\"elementor-section elementor-top-section elementor-element elementor-element-42080649 elementor-section-boxed elementor-section-height-default elementor-section-height-default\" data-id=\"42080649\" data-element_type=\"section\">\n\t\t\t\t\t\t<div class=\"elementor-container elementor-column-gap-default\">\n\t\t\t\t\t<div class=\"elementor-column elementor-col-100 elementor-top-column elementor-element elementor-element-7622e7c8\" data-id=\"7622e7c8\" data-element_type=\"column\">\n\t\t\t<div class=\"elementor-widget-wrap elementor-element-populated\">\n\t\t\t\t\t\t\t\t<div class=\"elementor-element elementor-element-35256c20 elementor-widget elementor-widget-text-editor\" data-id=\"35256c20\" data-element_type=\"widget\" data-widget_type=\"text-editor.default\">\n\t\t\t\t<div class=\"elementor-widget-container\">\n\t\t\t\t\t\t\t<!-- wp:paragraph -->\n<p class=\"translation-block\">Virtuellen Netzbetreibern bietet die SDP ein umfassendes System, mit dem sie den Vertrieb ihrer Leistungen und die Unterst\u00fctzung konvergierter Telekommunikationsdienste gew\u00e4hrleisten k\u00f6nnen. Die Plattform unterst\u00fctzt die Erstellung von Paket-Bundles verschiedener Services von unterschiedlichen Wholesale Partnern und Operatoren. Neben mobilen Services, Festnetz-Internet und diversen Endger\u00e4ten werden auch andere Dienste wie IPTV und andere Multimediadienste unterst\u00fctzt.<\/p>\n<!-- \/wp:paragraph -->\n\n<!-- wp:paragraph -->\n<p class=\"translation-block\">Die SDP bietet verschiedene Arten von Abrechnungen \u2013 Flatrates, Prepaid-Services, Abonnements und Hot Billing. Die Plattform erm\u00f6glicht die Anbindung mehrerer Bezahldienstleister und -kan\u00e4le.<\/p>\n<!-- \/wp:paragraph -->\t\t\t\t\t\t<\/div>\n\t\t\t\t<\/div>\n\t\t\t\t\t<\/div>\n\t\t<\/div>\n\t\t\t\t\t\t\t<\/div>\n\t\t<\/section>\n\t\t\t\t\t\t\t<\/div>","protected":false},"excerpt":{"rendered":"<p>Pro virtu\u00e1ln\u00ed oper\u00e1tory nab\u00edz\u00ed kompletn\u00ed syst\u00e9m pro zaji\u0161t\u011bn\u00ed prodeje a podpory konvergovan\u00fdch telekomunika\u010dn\u00edch slu\u017eeb. Platforma podporuje tvorbu bal\u00ed\u010dk\u016f r\u016fzn\u00fdch slu\u017eeb od r\u016fzn\u00fdch velkoobchodn\u00edch partner\u016f a oper\u00e1tor\u016f. Krom\u011b mobiln\u00edch slu\u017eeb, slu\u017eeb pevn\u00e9ho internetu a r\u016fzn\u00fdch koncov\u00fdch za\u0159\u00edzen\u00ed podporuje i dal\u0161\u00ed slu\u017eby jako je IPTV \u010di jin\u00e9 multimedi\u00e1ln\u00ed slu\u017eby. Jsou podporov\u00e1ny r\u016fzn\u00e9 typy z\u00fa\u010dtov\u00e1n\u00ed \u2013 pau\u0161\u00e1ly, p\u0159edplacen\u00e9 [&hellip;]<\/p>","protected":false},"author":1,"featured_media":1227,"parent":186,"menu_order":0,"comment_status":"closed","ping_status":"closed","template":"","meta":{"footnotes":""},"_links":{"self":[{"href":"https:\/\/www.comverga.com\/cze\/de\/wp-json\/wp\/v2\/pages\/190"}],"collection":[{"href":"https:\/\/www.comverga.com\/cze\/de\/wp-json\/wp\/v2\/pages"}],"about":[{"href":"https:\/\/www.comverga.com\/cze\/de\/wp-json\/wp\/v2\/types\/page"}],"author":[{"embeddable":true,"href":"https:\/\/www.comverga.com\/cze\/de\/wp-json\/wp\/v2\/users\/1"}],"replies":[{"embeddable":true,"href":"https:\/\/www.comverga.com\/cze\/de\/wp-json\/wp\/v2\/comments?post=190"}],"version-history":[{"count":10,"href":"https:\/\/www.comverga.com\/cze\/de\/wp-json\/wp\/v2\/pages\/190\/revisions"}],"predecessor-version":[{"id":3096,"href":"https:\/\/www.comverga.com\/cze\/de\/wp-json\/wp\/v2\/pages\/190\/revisions\/3096"}],"up":[{"embeddable":true,"href":"https:\/\/www.comverga.com\/cze\/de\/wp-json\/wp\/v2\/pages\/186"}],"wp:featuredmedia":[{"embeddable":true,"href":"https:\/\/www.comverga.com\/cze\/de\/wp-json\/wp\/v2\/media\/1227"}],"wp:attachment":[{"href":"https:\/\/www.comverga.com\/cze\/de\/wp-json\/wp\/v2\/media?parent=190"}],"curies":[{"name":"wp","href":"https:\/\/api.w.org\/{rel}","templated":true}]}}