{"id":4088,"date":"2023-04-13T08:16:34","date_gmt":"2023-04-13T06:16:34","guid":{"rendered":"https:\/\/www.comverga.com\/cze\/?page_id=4088"},"modified":"2023-12-13T12:43:53","modified_gmt":"2023-12-13T11:43:53","slug":"spotrebitelska-soutez","status":"publish","type":"page","link":"https:\/\/www.comverga.com\/cze\/de\/sluzby\/agregace-konektivity\/rich-communication-services-rcs\/spotrebitelska-soutez\/","title":{"rendered":"Verbraucherwettbewerb"},"content":{"rendered":"<div data-elementor-type=\"wp-page\" data-elementor-id=\"4088\" class=\"elementor elementor-4088\">\n\t\t\t\t\t\t\t\t\t<section class=\"elementor-section elementor-top-section elementor-element elementor-element-ef48c0d elementor-section-boxed elementor-section-height-default elementor-section-height-default\" data-id=\"ef48c0d\" data-element_type=\"section\">\n\t\t\t\t\t\t<div class=\"elementor-container elementor-column-gap-default\">\n\t\t\t\t\t<div class=\"elementor-column elementor-col-50 elementor-top-column elementor-element elementor-element-7901d5fd\" data-id=\"7901d5fd\" data-element_type=\"column\">\n\t\t\t<div class=\"elementor-widget-wrap elementor-element-populated\">\n\t\t\t\t\t\t\t\t<div class=\"elementor-element elementor-element-648b2714 elementor-widget elementor-widget-text-editor\" data-id=\"648b2714\" data-element_type=\"widget\" data-widget_type=\"text-editor.default\">\n\t\t\t\t<div class=\"elementor-widget-container\">\n\t\t\t\t\t\t\t<div class=\"usecase-text\">\n<h2 style=\"text-align: left;margin-top:0;\">Verbraucherwettbewerb<\/h2>\nDas im Bereich Einzelhandel und Konsumg\u00fcter t\u00e4tige Unternehmen bietet ein breites Produktportfolio, das es st\u00e4ndig durch Innovationen erweitert, die auf der Grundlage von Umfragen und Ergebnissen aus der Analyse des Verbraucherverhaltens entstehen.\n\n<\/div>\t\t\t\t\t\t<\/div>\n\t\t\t\t<\/div>\n\t\t\t\t\t<\/div>\n\t\t<\/div>\n\t\t\t\t<div class=\"elementor-column elementor-col-50 elementor-top-column elementor-element elementor-element-119748da\" data-id=\"119748da\" data-element_type=\"column\">\n\t\t\t<div class=\"elementor-widget-wrap elementor-element-populated\">\n\t\t\t\t\t\t\t\t<div class=\"elementor-element elementor-element-1c6f3589 elementor-widget elementor-widget-image\" data-id=\"1c6f3589\" data-element_type=\"widget\" data-widget_type=\"image.default\">\n\t\t\t\t<div class=\"elementor-widget-container\">\n\t\t\t\t\t\t\t\t\t\t\t\t\t\t\t<img fetchpriority=\"high\" decoding=\"async\" width=\"580\" height=\"387\" src=\"https:\/\/www.comverga.com\/cze\/wp-content\/uploads\/sites\/3\/2023\/04\/competition.jpg\" class=\"attachment-large size-large wp-image-4090\" alt=\"\" srcset=\"https:\/\/www.comverga.com\/cze\/wp-content\/uploads\/sites\/3\/2023\/04\/competition.jpg 750w, https:\/\/www.comverga.com\/cze\/wp-content\/uploads\/sites\/3\/2023\/04\/competition-300x200.jpg 300w\" sizes=\"(max-width: 580px) 100vw, 580px\" \/>\t\t\t\t\t\t\t\t\t\t\t\t\t\t\t<\/div>\n\t\t\t\t<\/div>\n\t\t\t\t\t<\/div>\n\t\t<\/div>\n\t\t\t\t\t\t\t<\/div>\n\t\t<\/section>\n\t\t\t\t<section class=\"elementor-section elementor-top-section elementor-element elementor-element-6d03bf5 elementor-section-boxed elementor-section-height-default elementor-section-height-default\" data-id=\"6d03bf5\" data-element_type=\"section\">\n\t\t\t\t\t\t<div class=\"elementor-container elementor-column-gap-default\">\n\t\t\t\t\t<div class=\"elementor-column elementor-col-50 elementor-top-column elementor-element elementor-element-79239ad\" data-id=\"79239ad\" data-element_type=\"column\">\n\t\t\t<div class=\"elementor-widget-wrap elementor-element-populated\">\n\t\t\t\t\t\t\t\t<div class=\"elementor-element elementor-element-ad9554f elementor-widget elementor-widget-sidebar\" data-id=\"ad9554f\" data-element_type=\"widget\" data-widget_type=\"sidebar.default\">\n\t\t\t\t<div class=\"elementor-widget-container\">\n\t\t\t<div id=\"widget-box\" class=\"smart-watch\">\n\t<img decoding=\"async\" src=\"https:\/\/www.coopmobil.cz\/wp-content\/uploads\/2021\/04\/coop-mobil-logo.svg\"><br>\n\t<span>Branchen<\/span>\n<p>\n\t\tTelekommunikationsbetreiber \u2013 Einzelhandel\n\t<\/p>\n<span>Produkt<\/span>\n<p>\n\t\tKombiniere Smartwatch + Datenkonnektivit\u00e4t\n\t<\/p>\n<\/div>\n<div id=\"widget-box\" class=\"support\">\n\t<img decoding=\"async\" src=\"https:\/\/www.coopmobil.cz\/wp-content\/uploads\/2021\/04\/coop-mobil-logo.svg\"><br>\n\t<span>Branchen<\/span>\n<p>\n\t\tTelekommunikationsbetreiber \u2013 Einzelhandel\n\t<\/p>\n<span>Produkt<\/span>\n<p>\n\t\tLeitfaden f\u00fcr den Kundensupport\n\t<\/p>\n<\/div>\n<div id=\"widget-box\" class=\"operator\">\n\t<img decoding=\"async\" src=\"https:\/\/www.coopmobil.cz\/wp-content\/uploads\/2021\/04\/coop-mobil-logo.svg\"><br>\n\t<span>Branchen<\/span>\n<p>\n\t\tTelekommunikationsbetreiber \u2013 Einzelhandel\n\t<\/p>\n<span>Produkt<\/span>\n<p>\n\t\tUmsetzung des Treueprogramms\n\t<\/p>\n<\/div>\n<div id=\"widget-box\" class=\"caravan\">\n<img decoding=\"async\" src=\"\/cze\/wp-content\/uploads\/sites\/3\/2023\/04\/caravan-logo.jpg\"><br>\n<span>Branchen<\/span>\n<p class=\"translation-block\">GPS-Ortungssysteme f\u00fcr Fahrzeuge, Datenkonnektivit\u00e4t <\/p>\n<span>Produkt<\/span>\n<p class=\"translation-block\">Eine L\u00f6sung f\u00fcr den Zugriff auf das Internet unterwegs <\/p>\n<\/div>\n<div id=\"widget-box\" class=\"camera\">\n<img decoding=\"async\" src=\"\/cze\/wp-content\/uploads\/sites\/3\/2023\/04\/camera-logo.jpg\"><br>\n<span>Branchen<\/span>\n<p>\n\t\tSicherheitssysteme\n\t<\/p>\n<span>Produkt<\/span>\n<p>\n\t\tCams mit Online-Streaming\n\t<\/p>\n<\/div>\n<div id=\"widget-box\" class=\"event\">\n\t<img decoding=\"async\" src=\"\/cze\/wp-content\/uploads\/sites\/3\/2023\/04\/event-logo.png\" style=\"width: 50px\"><br>\n\t<span>Branchen<\/span>\n<p>\n\t\tEventagentur\n\t<\/p>\n<span>Produkt<\/span>\n<p>\n\t\tVeranstaltungsorganisation \u2013 Kommunikation mit Teilnehmern\n\t<\/p>\n<\/div>\n<div id=\"widget-box\" class=\"competition\">\n\t<img decoding=\"async\" src=\"\/cze\/wp-content\/uploads\/sites\/3\/2023\/04\/competition-logo.png\" style=\"width: 50px\"><br>\n\t<span>Branchen<\/span>\n<p>\n\t\tEinzelhandel und Konsumg\u00fcter\n\t<\/p>\n<span>Produkt<\/span>\n<p>\n\t\tVeranstaltungsorganisation \u2013 Kommunikation mit Teilnehmern\n\t<\/p>\n<\/div>\n<div id=\"widget-box\" class=\"marketing\">\n\t<img decoding=\"async\" src=\"\/cze\/wp-content\/uploads\/sites\/3\/2023\/06\/marketing-logo.png\" style=\"width: 50px\"><br>\n\t<span>Branchen<\/span>\n<p>\n\t\tMarketingkommunikation\n\t<\/p>\n<span>Produkt<\/span>\n<p>\n\t\tUmsetzung von Marketing-Mailings\n\t<\/p>\n<\/div>\n\n<div id=\"widget-box\" class=\"fmcg\">\n\t<img decoding=\"async\" src=\"\/cze\/wp-content\/uploads\/sites\/3\/2023\/06\/fmcg-logo.png\" style=\"width: 50px\"><br>\n\t<span>Branchen<\/span>\n<p>\n\t\tFMCG<br>Schnelllebige Konsumg\u00fcter\n\t<\/p>\n<span>Produkt<\/span>\n<p>\n\t\tEssen, Getr\u00e4nke, Drogerie\n\t<\/p>\n<\/div>\n\n<div id=\"widget-box\" class=\"iot\">\n\t<img decoding=\"async\" src=\"\/cze\/wp-content\/uploads\/sites\/3\/2025\/09\/iot_icon.png\" style=\"width: 50px\"><br>\n\t<span>Branchen<\/span>\n<p>\n\t\tIoT, SIM\/eSIM management\n\t<\/p>\n<span>Produkt<\/span>\n<p>\n\t\tIoT-Sensoren f\u00fcr Industrie und Haushalt\n\t<\/p>\n<\/div>\n\n<div id=\"widget-box\" class=\"truck\">\n\t<img decoding=\"async\" src=\"\/cze\/wp-content\/uploads\/sites\/3\/2025\/09\/truck_monitoring.png\" style=\"width: 50px\"><br>\n\t<span>Branchen<\/span>\n<p>\n\t\tIoT, SIM\/eSIM management\n\t<\/p>\n<span>Produkt<\/span>\n<p>\n\t\teSIM f\u00fcr die Fahrzeug\u00fcberwachung\n\t<\/p>\n<\/div>\n\n<div id=\"widget-box\" class=\"drone\">\n\t<img decoding=\"async\" src=\"\/cze\/wp-content\/uploads\/sites\/3\/2025\/09\/drone_icon.png\" style=\"width: 80px\"><br>\n\t<span>Branchen<\/span>\n<p>\n\t\tIoT, SIM\/eSIM management\n\t<\/p>\n<span>Produkt<\/span>\n<p>\n\t\teSIM f\u00fcr Drohnenflotten\n\t<\/p>\n<\/div>\t\t<\/div>\n\t\t\t\t<\/div>\n\t\t\t\t\t<\/div>\n\t\t<\/div>\n\t\t\t\t<div class=\"elementor-column elementor-col-50 elementor-top-column elementor-element elementor-element-58cf973\" data-id=\"58cf973\" data-element_type=\"column\">\n\t\t\t<div class=\"elementor-widget-wrap elementor-element-populated\">\n\t\t\t\t\t\t\t\t<div class=\"elementor-element elementor-element-5809b185 elementor-widget elementor-widget-text-editor\" data-id=\"5809b185\" data-element_type=\"widget\" data-widget_type=\"text-editor.default\">\n\t\t\t\t<div class=\"elementor-widget-container\">\n\t\t\t\t\t\t\t<p class=\"translation-block\">Das Unternehmen wollte im Rahmen seiner Marketingaktivit\u00e4ten einen interessanten Verbraucherwettbewerb f\u00fcr seine Kunden veranstalten, um sein neues Produkt auf dem Markt bekannt zu machen und den Bekanntheitsgrad seines Unternehmens zu erh\u00f6hen. Gleichzeitig wollte es weitere interessante Produkte und Dienstleistungen im Rahmen des Cross-Sellings anbieten.<\/p><p class=\"translation-block\">Dank der COMVERGA RBM-L\u00f6sung erhielt das Unternehmen somit ein strategisches Instrument zur Kommunikation und Durchf\u00fchrung von Verbraucherwettbewerben f\u00fcr seine Kunden \u00fcber alle Kommunikationskan\u00e4le hinweg sowie zus\u00e4tzliche Erl\u00f6se aus dem gesteigerten Verkauf von Dienstleistungen im Rahmen von Cross-Selling.<\/p>\t\t\t\t\t\t<\/div>\n\t\t\t\t<\/div>\n\t\t\t\t\t<\/div>\n\t\t<\/div>\n\t\t\t\t\t\t\t<\/div>\n\t\t<\/section>\n\t\t\t\t<section class=\"elementor-section elementor-top-section elementor-element elementor-element-f1057b5 elementor-section-boxed elementor-section-height-default elementor-section-height-default\" data-id=\"f1057b5\" data-element_type=\"section\">\n\t\t\t\t\t\t<div class=\"elementor-container elementor-column-gap-default\">\n\t\t\t\t\t<div class=\"elementor-column elementor-col-100 elementor-top-column elementor-element elementor-element-20239539\" data-id=\"20239539\" data-element_type=\"column\">\n\t\t\t<div class=\"elementor-widget-wrap elementor-element-populated\">\n\t\t\t\t\t\t\t\t<div class=\"elementor-element elementor-element-6e4d3e14 elementor-widget elementor-widget-html\" data-id=\"6e4d3e14\" data-element_type=\"widget\" data-widget_type=\"html.default\">\n\t\t\t\t<div class=\"elementor-widget-container\">\n\t\t\t<div class=\"mobile-animation competition\">\n    <div class=\"mobile left\">\n        <div class=\"message-bubble top\">\n            <p class=\"translation-block\">WETTBEWERB! Welches \u00d6l kannst du in unseren Produkten nicht finden?<\/p>\n        <\/div>\n        <div class=\"message-bubble bottom\">\n            <p class=\"translation-block\">RICHTIG! Nur noch eine Kleinigkeit. Wie ist deineMeinung zu unseren Produkten?<\/p>\n        <\/div>\n        <img decoding=\"async\" src=\"\/cze\/wp-content\/uploads\/sites\/3\/2023\/04\/competition-1.gif\">\n    <\/div>\n    <div class=\"mobile right\">\n        <div class=\"message-bubble top\">\n            <p class=\"translation-block\">Danke f\u00fcr deine Teilnahme!<\/p>\n        <\/div>\n        <div class=\"message-bubble middle\">\n            <p class=\"translation-block\">Wenn du gewinnst, werden wir dich kontaktieren! Wir dr\u00fcken dir die Daumen! In der Zwischenzeit m\u00f6chten wir dich an unsere Produkte in Aktion erinnern!<\/p>\n        <\/div>\n        <div class=\"message-bubble bottom\">\n            <p class=\"translation-block\">Es ist da! Du hast ein Geschenkpaket gewonnen! HERZLICHEN GL\u00dcCKWUNSCH!<\/p>\n        <\/div>\n        <img decoding=\"async\" src=\"\/cze\/wp-content\/uploads\/sites\/3\/2023\/04\/competition-2.gif\">\n    <\/div>\n<\/div>\t\t<\/div>\n\t\t\t\t<\/div>\n\t\t\t\t\t<\/div>\n\t\t<\/div>\n\t\t\t\t\t\t\t<\/div>\n\t\t<\/section>\n\t\t\t\t<section class=\"elementor-section elementor-top-section elementor-element elementor-element-e74e3b6 elementor-section-boxed elementor-section-height-default elementor-section-height-default\" data-id=\"e74e3b6\" data-element_type=\"section\">\n\t\t\t\t\t\t<div class=\"elementor-container elementor-column-gap-default\">\n\t\t\t\t\t<div class=\"elementor-column elementor-col-50 elementor-top-column elementor-element elementor-element-1508d08\" data-id=\"1508d08\" data-element_type=\"column\" data-settings=\"{&quot;background_background&quot;:&quot;classic&quot;}\">\n\t\t\t<div class=\"elementor-widget-wrap elementor-element-populated\">\n\t\t\t\t\t\t\t\t<div class=\"elementor-element elementor-element-08aeaa6 elementor-widget elementor-widget-text-editor\" data-id=\"08aeaa6\" data-element_type=\"widget\" data-widget_type=\"text-editor.default\">\n\t\t\t\t<div class=\"elementor-widget-container\">\n\t\t\t\t\t\t\t<h3><strong>Was der Partner bekam:<\/strong><\/h3><div class=\"page\" title=\"Seite 4\"><div class=\"layoutArea\"><div class=\"column\"><ul><li>Effektives Instrument f\u00fcr Ihren Wettbewerb<\/li><li>Personalisierte Konversation mit Kunden<\/li><li>Effektives Cross-Selling-Tool<\/li><li>Neue interaktive Erfahrung f\u00fcr ihre Kunden<\/li><li>Mehrfach h\u00f6herer Prozentanteil an Beteiligung<\/li><\/ul><\/div><\/div><\/div>\t\t\t\t\t\t<\/div>\n\t\t\t\t<\/div>\n\t\t\t\t\t<\/div>\n\t\t<\/div>\n\t\t\t\t<div class=\"elementor-column elementor-col-50 elementor-top-column elementor-element elementor-element-dfdc4b9\" data-id=\"dfdc4b9\" data-element_type=\"column\" data-settings=\"{&quot;background_background&quot;:&quot;classic&quot;}\">\n\t\t\t<div class=\"elementor-widget-wrap elementor-element-populated\">\n\t\t\t\t\t\t\t\t<div class=\"elementor-element elementor-element-6b21114 elementor-widget elementor-widget-text-editor\" data-id=\"6b21114\" data-element_type=\"widget\" data-widget_type=\"text-editor.default\">\n\t\t\t\t<div class=\"elementor-widget-container\">\n\t\t\t\t\t\t\t<h3><strong>COMVERGA leistet f\u00fcr den Partner:<\/strong><\/h3>\n<ul>\n \t<li>Unterst\u00fctzung bei der Antriebsauswahl<\/li>\n \t<li>Aufbau, Ablauf und Auswertung von Wettbewerbe<\/li>\n \t<li>Einheitliche Umgebung f\u00fcr die Arbeit mit Wettbewerben\u00a0<\/li>\n \t<li>Alternative Kommunikationskan\u00e4le einzurichten<\/li>\n \t<li>Kunden- und technische Unterst\u00fctzung<\/li>\n<\/ul>\t\t\t\t\t\t<\/div>\n\t\t\t\t<\/div>\n\t\t\t\t\t<\/div>\n\t\t<\/div>\n\t\t\t\t\t\t\t<\/div>\n\t\t<\/section>\n\t\t\t\t\t\t\t<\/div>","protected":false},"excerpt":{"rendered":"<p>Verbraucherwettbewerb Das im Bereich Einzelhandel und Konsumg\u00fcter t\u00e4tige Unternehmen bietet ein breites Produktportfolio, das es st\u00e4ndig durch Innovationen erweitert, die auf der Grundlage von Umfragen und Ergebnissen aus der Analyse des Verbraucherverhaltens entstehen. Das Unternehmen war daran interessiert, im Rahmen seiner Marketingaktivit\u00e4ten einen interessanten Verbraucherwettbewerb f\u00fcr seine Kunden durchzuf\u00fchren, um auf sein neues Produkt am Markt aufmerksam zu machen und so die Bekanntheit seiner Produkte zu steigern.<\/p>","protected":false},"author":1,"featured_media":4598,"parent":4009,"menu_order":4,"comment_status":"closed","ping_status":"closed","template":"","meta":{"footnotes":""},"_links":{"self":[{"href":"https:\/\/www.comverga.com\/cze\/de\/wp-json\/wp\/v2\/pages\/4088"}],"collection":[{"href":"https:\/\/www.comverga.com\/cze\/de\/wp-json\/wp\/v2\/pages"}],"about":[{"href":"https:\/\/www.comverga.com\/cze\/de\/wp-json\/wp\/v2\/types\/page"}],"author":[{"embeddable":true,"href":"https:\/\/www.comverga.com\/cze\/de\/wp-json\/wp\/v2\/users\/1"}],"replies":[{"embeddable":true,"href":"https:\/\/www.comverga.com\/cze\/de\/wp-json\/wp\/v2\/comments?post=4088"}],"version-history":[{"count":66,"href":"https:\/\/www.comverga.com\/cze\/de\/wp-json\/wp\/v2\/pages\/4088\/revisions"}],"predecessor-version":[{"id":5400,"href":"https:\/\/www.comverga.com\/cze\/de\/wp-json\/wp\/v2\/pages\/4088\/revisions\/5400"}],"up":[{"embeddable":true,"href":"https:\/\/www.comverga.com\/cze\/de\/wp-json\/wp\/v2\/pages\/4009"}],"wp:featuredmedia":[{"embeddable":true,"href":"https:\/\/www.comverga.com\/cze\/de\/wp-json\/wp\/v2\/media\/4598"}],"wp:attachment":[{"href":"https:\/\/www.comverga.com\/cze\/de\/wp-json\/wp\/v2\/media?parent=4088"}],"curies":[{"name":"wp","href":"https:\/\/api.w.org\/{rel}","templated":true}]}}