{"id":416,"date":"2020-11-25T15:33:41","date_gmt":"2020-11-25T14:33:41","guid":{"rendered":"https:\/\/www.comverga.com\/?page_id=416"},"modified":"2023-03-02T11:50:31","modified_gmt":"2023-03-02T10:50:31","slug":"tym","status":"publish","type":"page","link":"https:\/\/www.comverga.com\/cze\/de\/tym\/","title":{"rendered":"Management"},"content":{"rendered":"<div data-elementor-type=\"wp-page\" data-elementor-id=\"416\" class=\"elementor elementor-416\">\n\t\t\t\t\t\t\t\t\t<section class=\"elementor-section elementor-top-section elementor-element elementor-element-c4cc32a elementor-section-boxed elementor-section-height-default elementor-section-height-default\" data-id=\"c4cc32a\" data-element_type=\"section\">\n\t\t\t\t\t\t<div class=\"elementor-container elementor-column-gap-default\">\n\t\t\t\t\t<div class=\"elementor-column elementor-col-100 elementor-top-column elementor-element elementor-element-3ce9556a\" data-id=\"3ce9556a\" data-element_type=\"column\">\n\t\t\t<div class=\"elementor-widget-wrap elementor-element-populated\">\n\t\t\t\t\t\t\t\t<div class=\"elementor-element elementor-element-5816f410 elementor-widget elementor-widget-text-editor\" data-id=\"5816f410\" data-element_type=\"widget\" data-widget_type=\"text-editor.default\">\n\t\t\t\t<div class=\"elementor-widget-container\">\n\t\t\t\t\t\t\t<!-- wp:heading -->\n<h2><strong>Der Vorstand<\/strong><\/h2>\n<!-- \/wp:heading -->\n\n<!-- wp:heading {\"level\":3,\"className\":\"margin-bottom-1rem\"} -->\n<h3 class=\"margin-bottom-1rem\">Martin Ko\u0161ut \u2013 Gr\u00fcnder, Vorstandsvorsitzender und Gesch\u00e4ftsf\u00fchrer<\/h3>\n<!-- \/wp:heading -->\n\n<!-- wp:columns {\"verticalAlignment\":\"center\",\"className\":\"nomargin\"} -->\n<div class=\"wp-block-columns are-vertically-aligned-center nomargin\"><!-- wp:column {\"verticalAlignment\":\"center\",\"width\":\"33.34%\"} -->\n<div class=\"wp-block-column is-vertically-aligned-center\" style=\"flex-basis: 33.34%;\"><!-- wp:image {\"align\":\"left\",\"id\":880,\"width\":200,\"height\":200,\"sizeSlug\":\"medium\",\"linkDestination\":\"none\",\"className\":\"nomargin\"} -->\n<div class=\"wp-block-image nomargin\">\n<figure class=\"alignleft size-medium is-resized\"><img decoding=\"async\" class=\"wp-image-880\" src=\"https:\/\/www.comverga.com\/wp-content\/uploads\/2020\/12\/Martin-298x300.png\" alt=\"\" width=\"200\" height=\"200\" \/><\/figure>\n<\/div>\n<!-- \/wp:image --><\/div>\n<!-- \/wp:column -->\n\n<!-- wp:column {\"verticalAlignment\":\"center\",\"width\":\"66.66%\",\"className\":\"has-padding-right-20\"} -->\n<div class=\"wp-block-column is-vertically-aligned-center has-padding-right-20\" style=\"flex-basis: 66.66%;\"><!-- wp:paragraph -->\n<p class=\"translation-block\">Er hat einen Master-Abschluss in Informatik von der Fakult\u00e4t f\u00fcr Mathematik und Physik sowie Theologie von der Katholischen Theologischen Fakult\u00e4t der Karlsuniversit\u00e4t in Prag.<\/p>\n<!-- \/wp:paragraph --><\/div>\n<!-- \/wp:column --><\/div>\n<!-- \/wp:columns -->\n\n<!-- wp:heading {\"level\":3,\"className\":\"margin-bottom-1rem\"} -->\n<h3 class=\"margin-bottom-1rem\">Piotr Herman \u2013 Gr\u00fcnder, Vorstandsmitglied und Gesch\u00e4ftsf\u00fchrer f\u00fcr Polen<\/h3>\n<!-- \/wp:heading -->\n\n<!-- wp:columns {\"verticalAlignment\":\"center\",\"className\":\"nomargin\"} -->\n<div class=\"wp-block-columns are-vertically-aligned-center nomargin\"><!-- wp:column {\"verticalAlignment\":\"center\",\"width\":\"33.33%\"} -->\n<div class=\"wp-block-column is-vertically-aligned-center\" style=\"flex-basis: 33.33%;\"><!-- wp:image {\"align\":\"left\",\"id\":882,\"width\":200,\"height\":200,\"sizeSlug\":\"full\",\"linkDestination\":\"none\",\"className\":\"nomargin\"} -->\n<div class=\"wp-block-image nomargin\">\n<figure class=\"alignleft size-full is-resized\"><img decoding=\"async\" class=\"wp-image-882\" src=\"https:\/\/www.comverga.com\/wp-content\/uploads\/2020\/12\/Piotr.png\" alt=\"\" width=\"200\" height=\"200\" \/><\/figure>\n<\/div>\n<!-- \/wp:image --><\/div>\n<!-- \/wp:column -->\n\n<!-- wp:column {\"verticalAlignment\":\"center\",\"width\":\"66.66%\",\"className\":\"has-padding-right-20\"} -->\n<div class=\"wp-block-column is-vertically-aligned-center has-padding-right-20\" style=\"flex-basis: 66.66%;\"><!-- wp:paragraph -->\n<p class=\"translation-block\">Piotr Herman trat im Jahr 2001 unserem Team bei und war Mitbegr\u00fcnder unserer polnischen Tochtergesellschaft. Seit 2004 ist er Mitglied des Vorstands. Vor dieser T\u00e4tigkeit arbeitete er f\u00fcr TMobile, Airtel und CT Creative Team. Piotr hat einen MasterAbschluss in Telekommunikation von der Technischen Universit\u00e4t Warschau und einen Executive MBA von der Warsaw Management University.<\/p>\n<!-- \/wp:paragraph --><\/div>\n<!-- \/wp:column --><\/div>\n<!-- \/wp:columns -->\n\n<!-- wp:heading {\"level\":3,\"className\":\"margin-bottom-1rem\"} -->\n<h3 class=\"margin-bottom-1rem\">Petr Mike\u0161 \u2013 Vorstandsmitglied und technischer Direktor<\/h3>\n<!-- \/wp:heading -->\n\n<!-- wp:columns {\"verticalAlignment\":\"center\",\"className\":\"nomargin\"} -->\n<div class=\"wp-block-columns are-vertically-aligned-center nomargin\"><!-- wp:column {\"verticalAlignment\":\"center\",\"width\":\"33.33%\"} -->\n<div class=\"wp-block-column is-vertically-aligned-center\" style=\"flex-basis: 33.33%;\"><!-- wp:image {\"align\":\"left\",\"id\":881,\"width\":200,\"height\":200,\"sizeSlug\":\"medium\",\"linkDestination\":\"none\",\"className\":\"nomargin\"} -->\n<div class=\"wp-block-image nomargin\">\n<figure class=\"alignleft size-medium is-resized\"><img decoding=\"async\" class=\"wp-image-881\" src=\"https:\/\/www.comverga.com\/wp-content\/uploads\/2020\/12\/Petr-300x300.png\" alt=\"\" width=\"200\" height=\"200\" \/><\/figure>\n<\/div>\n<!-- \/wp:image --><\/div>\n<!-- \/wp:column -->\n\n<!-- wp:column {\"verticalAlignment\":\"center\",\"width\":\"66.66%\",\"className\":\"has-padding-right-20\"} -->\n<div class=\"wp-block-column is-vertically-aligned-center has-padding-right-20\" style=\"flex-basis: 66.66%;\"><!-- wp:paragraph -->\n<p class=\"translation-block\">Petr Mike\u0161 war seit seinem Start im Jahr 2012 in verschiedenen Managementpositionen in unserem Projektabwicklungsteam t\u00e4tig. Seit 2017 \u00fcbernahm er die Gesamtverantwortung f\u00fcr unsere Projektabwicklung und den Betrieb und trat im Jahr 2019 in den Vorstand ein. Petr hat einen Master-Abschluss in Elektronik von der Technischen Universit\u00e4t Brno.<\/p>\n<!-- \/wp:paragraph --><\/div>\n<!-- \/wp:column --><\/div>\n<!-- \/wp:columns -->\n\n<!-- wp:heading {\"level\":3,\"className\":\"margin-bottom-1rem\"} -->\n<h3 class=\"margin-bottom-1rem\">David Ko\u0161ut \u2013 Mitglied des Vorstands<\/h3>\n<!-- \/wp:heading -->\n\n<!-- wp:columns {\"verticalAlignment\":\"center\",\"className\":\"nomargin\"} -->\n<div class=\"wp-block-columns are-vertically-aligned-center nomargin\"><!-- wp:column {\"verticalAlignment\":\"center\",\"width\":\"33.33%\"} -->\n<div class=\"wp-block-column is-vertically-aligned-center\" style=\"flex-basis: 33.33%;\"><!-- wp:image {\"align\":\"left\",\"id\":878,\"width\":200,\"height\":200,\"sizeSlug\":\"medium\",\"linkDestination\":\"none\",\"className\":\"nomargin\"} -->\n<div class=\"wp-block-image nomargin\">\n<figure class=\"alignleft size-medium is-resized\"><img loading=\"lazy\" decoding=\"async\" class=\"wp-image-878\" src=\"https:\/\/www.comverga.com\/wp-content\/uploads\/2020\/12\/David-300x300.png\" alt=\"\" width=\"200\" height=\"200\" \/><\/figure>\n<\/div>\n<!-- \/wp:image --><\/div>\n<!-- \/wp:column -->\n\n<!-- wp:column {\"verticalAlignment\":\"center\",\"width\":\"66.66%\",\"className\":\"has-padding-right-20\"} -->\n<div class=\"wp-block-column is-vertically-aligned-center has-padding-right-20\" style=\"flex-basis: 66.66%;\"><!-- wp:paragraph -->\n<p class=\"translation-block\">David Ko\u0161ut trat im Jahr 2017 unserem Produktentwicklungsteam bei und ist seit 2019 Vorstandsmitglied. Er hat einen MasterAbschluss in Energiewirtschaft und Management von der Tschechischen Technischen Universit\u00e4t in Prag.<\/p>\n<!-- \/wp:paragraph --><\/div>\n<!-- \/wp:column --><\/div>\n<!-- \/wp:columns -->\n\n<!-- wp:heading -->\n<h2><strong>Aufsichtsrat<\/strong><\/h2>\n<!-- \/wp:heading -->\n\n<!-- wp:heading {\"level\":3,\"className\":\"margin-bottom-1rem\"} -->\n<h3 class=\"margin-bottom-1rem\">Martin Ko\u0161ut Jr. - Mitglied des Aufsichtsrats<\/h3>\n<!-- \/wp:heading -->\n\n<!-- wp:columns {\"verticalAlignment\":\"center\",\"className\":\"nomargin\"} -->\n<div class=\"wp-block-columns are-vertically-aligned-center nomargin\"><!-- wp:column {\"verticalAlignment\":\"center\",\"width\":\"33.33%\"} -->\n<div class=\"wp-block-column is-vertically-aligned-center\" style=\"flex-basis: 33.33%;\"><!-- wp:image {\"align\":\"left\",\"id\":818,\"width\":200,\"height\":200,\"sizeSlug\":\"medium\",\"linkDestination\":\"none\",\"className\":\"nomargin\"} -->\n<div class=\"wp-block-image nomargin\">\n<figure class=\"alignleft size-medium is-resized\"><img loading=\"lazy\" decoding=\"async\" class=\"wp-image-818\" src=\"https:\/\/www.comverga.com\/wp-content\/uploads\/2020\/12\/Marta-300x300.png\" alt=\"\" width=\"200\" height=\"200\" srcset=\"https:\/\/www.comverga.com\/cze\/wp-content\/uploads\/sites\/3\/2020\/12\/Marta-300x300.png 300w, https:\/\/www.comverga.com\/cze\/wp-content\/uploads\/sites\/3\/2020\/12\/Marta-150x150.png 150w, https:\/\/www.comverga.com\/cze\/wp-content\/uploads\/sites\/3\/2020\/12\/Marta-768x770.png 768w, https:\/\/www.comverga.com\/cze\/wp-content\/uploads\/sites\/3\/2020\/12\/Marta.png 787w\" sizes=\"(max-width: 200px) 100vw, 200px\" \/><\/figure>\n<\/div>\n<!-- \/wp:image --><\/div>\n<!-- \/wp:column -->\n\n<!-- wp:column {\"verticalAlignment\":\"center\",\"width\":\"66.66%\",\"className\":\"has-padding-right-20\"} -->\n<div class=\"wp-block-column is-vertically-aligned-center has-padding-right-20\" style=\"flex-basis: 66.66%;\"><!-- wp:paragraph -->\n<p class=\"translation-block\">Martin Ko\u0161ut jr. ist seit 2011 Mitglied des Aufsichtsrats des Familienholdings. Er hat einen Master-Abschluss in \u00d6konomie und Wirtschaftswissenschaften von der Prager Wirtschaftsuniversit\u00e4t und der Tschechischen Universit\u00e4t f\u00fcr Lebenswissenschaften.<\/p>\n<!-- \/wp:paragraph --><\/div>\n<!-- \/wp:column --><\/div>\n<!-- \/wp:columns -->\t\t\t\t\t\t<\/div>\n\t\t\t\t<\/div>\n\t\t\t\t\t<\/div>\n\t\t<\/div>\n\t\t\t\t\t\t\t<\/div>\n\t\t<\/section>\n\t\t\t\t\t\t\t<\/div>","protected":false},"excerpt":{"rendered":"<p>P\u0159edstavenstvo Martin Ko\u0161ut &#8211; zakladatel, p\u0159edseda p\u0159edstavenstva a gener\u00e1ln\u00ed \u0159editel Martin Ko\u0161ut spoluzakl\u00e1dal spole\u010dnost a p\u016fsob\u00ed jako jej\u00ed p\u0159edseda p\u0159edstavenstva a gener\u00e1ln\u00ed \u0159editel od roku 2000. P\u0159edt\u00edm byl odpov\u011bdn\u00fd za eCommerce ve spole\u010dnosti Compaq Computer v Evrop\u011b, na St\u0159edn\u00edm v\u00fdchod\u011b a v Africe a rozv\u00edjel podnik\u00e1n\u00ed pro Tulip Computer ve st\u0159edn\u00ed a v\u00fdchodn\u00ed Evrop\u011b. Vystudoval [&hellip;]<\/p>","protected":false},"author":1,"featured_media":52,"parent":0,"menu_order":0,"comment_status":"closed","ping_status":"closed","template":"","meta":{"footnotes":""},"_links":{"self":[{"href":"https:\/\/www.comverga.com\/cze\/de\/wp-json\/wp\/v2\/pages\/416"}],"collection":[{"href":"https:\/\/www.comverga.com\/cze\/de\/wp-json\/wp\/v2\/pages"}],"about":[{"href":"https:\/\/www.comverga.com\/cze\/de\/wp-json\/wp\/v2\/types\/page"}],"author":[{"embeddable":true,"href":"https:\/\/www.comverga.com\/cze\/de\/wp-json\/wp\/v2\/users\/1"}],"replies":[{"embeddable":true,"href":"https:\/\/www.comverga.com\/cze\/de\/wp-json\/wp\/v2\/comments?post=416"}],"version-history":[{"count":9,"href":"https:\/\/www.comverga.com\/cze\/de\/wp-json\/wp\/v2\/pages\/416\/revisions"}],"predecessor-version":[{"id":3145,"href":"https:\/\/www.comverga.com\/cze\/de\/wp-json\/wp\/v2\/pages\/416\/revisions\/3145"}],"wp:featuredmedia":[{"embeddable":true,"href":"https:\/\/www.comverga.com\/cze\/de\/wp-json\/wp\/v2\/media\/52"}],"wp:attachment":[{"href":"https:\/\/www.comverga.com\/cze\/de\/wp-json\/wp\/v2\/media?parent=416"}],"curies":[{"name":"wp","href":"https:\/\/api.w.org\/{rel}","templated":true}]}}