{"id":4729,"date":"2023-06-13T10:20:24","date_gmt":"2023-06-13T08:20:24","guid":{"rendered":"https:\/\/www.comverga.com\/cze\/?page_id=4729"},"modified":"2023-12-13T12:44:51","modified_gmt":"2023-12-13T11:44:51","slug":"detaily-reseni-omnichannel","status":"publish","type":"page","link":"https:\/\/www.comverga.com\/cze\/de\/sluzby\/agregace-konektivity\/omnichannel\/detaily-reseni-omnichannel\/","title":{"rendered":"Details zur Omnichannel-L\u00f6sung"},"content":{"rendered":"<div data-elementor-type=\"wp-page\" data-elementor-id=\"4729\" class=\"elementor elementor-4729\">\n\t\t\t\t\t\t\t\t\t<section class=\"elementor-section elementor-top-section elementor-element elementor-element-3d0b95c elementor-section-boxed elementor-section-height-default elementor-section-height-default\" data-id=\"3d0b95c\" data-element_type=\"section\">\n\t\t\t\t\t\t<div class=\"elementor-container elementor-column-gap-default\">\n\t\t\t\t\t<div class=\"elementor-column elementor-col-100 elementor-top-column elementor-element elementor-element-9755779\" data-id=\"9755779\" data-element_type=\"column\">\n\t\t\t<div class=\"elementor-widget-wrap elementor-element-populated\">\n\t\t\t\t\t\t\t\t<div class=\"elementor-element elementor-element-c09c7ee detail-heading elementor-widget elementor-widget-heading\" data-id=\"c09c7ee\" data-element_type=\"widget\" data-widget_type=\"heading.default\">\n\t\t\t\t<div class=\"elementor-widget-container\">\n\t\t\t<h1 class=\"elementor-heading-title elementor-size-default\">Omnichannel<\/h1>\t\t<\/div>\n\t\t\t\t<\/div>\n\t\t\t\t<div class=\"elementor-element elementor-element-25b551f detail-heading elementor-widget elementor-widget-heading\" data-id=\"25b551f\" data-element_type=\"widget\" data-widget_type=\"heading.default\">\n\t\t\t\t<div class=\"elementor-widget-container\">\n\t\t\t<h3 class=\"elementor-heading-title elementor-size-default\">Details der L\u00f6sung<\/h3>\t\t<\/div>\n\t\t\t\t<\/div>\n\t\t\t\t\t<\/div>\n\t\t<\/div>\n\t\t\t\t\t\t\t<\/div>\n\t\t<\/section>\n\t\t\t\t<section class=\"elementor-section elementor-top-section elementor-element elementor-element-e3c88e6 elementor-section-boxed elementor-section-height-default elementor-section-height-default\" data-id=\"e3c88e6\" data-element_type=\"section\">\n\t\t\t\t\t\t<div class=\"elementor-container elementor-column-gap-default\">\n\t\t\t\t\t<div class=\"elementor-column elementor-col-50 elementor-top-column elementor-element elementor-element-756f838\" data-id=\"756f838\" data-element_type=\"column\">\n\t\t\t<div class=\"elementor-widget-wrap elementor-element-populated\">\n\t\t\t\t\t\t\t\t<div class=\"elementor-element elementor-element-934de93 elementor-widget elementor-widget-text-editor\" data-id=\"934de93\" data-element_type=\"widget\" data-widget_type=\"text-editor.default\">\n\t\t\t\t<div class=\"elementor-widget-container\">\n\t\t\t\t\t\t\t<h3 style=\"margin-top: 0;\"><strong>Integration der Kan\u00e4le<\/strong><\/h3><p class=\"s19\">COMVERGA Omnichannel bietet die Integration verschiedener Kommunikationskan\u00e4le in einer Plattform und die Festlegung von Regeln f\u00fcr deren Nutzung. Die Pr\u00e4ferenzen k\u00f6nnen je nach Endbenutzer, je nach Anforderungen des Partners oder je nach Verf\u00fcgbarkeit des Kommunikationskanals eingestellt werden.<br \/>Die Plattform bietet Ihnen die M\u00f6glichkeit, Ihre eigene Marken-Messaging Aplikation f\u00fcr die einzigartige Kommunikation mit Ihren Kunden zu erstellen. Sie k\u00f6nnen vordefinierte Vorlagen f\u00fcr die Kampagnenbildung verwenden, die die Erstellung eines bestimmten Medienplans so einfach wie m\u00f6glich machen.<\/p>\t\t\t\t\t\t<\/div>\n\t\t\t\t<\/div>\n\t\t\t\t\t<\/div>\n\t\t<\/div>\n\t\t\t\t<div class=\"elementor-column elementor-col-50 elementor-top-column elementor-element elementor-element-46a1540\" data-id=\"46a1540\" data-element_type=\"column\" data-settings=\"{&quot;background_background&quot;:&quot;classic&quot;}\">\n\t\t\t<div class=\"elementor-widget-wrap elementor-element-populated\">\n\t\t\t\t\t\t\t\t<div class=\"elementor-element elementor-element-b5b91cb elementor-widget elementor-widget-image\" data-id=\"b5b91cb\" data-element_type=\"widget\" data-widget_type=\"image.default\">\n\t\t\t\t<div class=\"elementor-widget-container\">\n\t\t\t\t\t\t\t\t\t\t\t\t\t\t\t<img fetchpriority=\"high\" decoding=\"async\" width=\"500\" height=\"343\" src=\"https:\/\/www.comverga.com\/cze\/wp-content\/uploads\/sites\/3\/2023\/06\/Detail_integrace.jpg\" class=\"attachment-large size-large wp-image-4788\" alt=\"\" srcset=\"https:\/\/www.comverga.com\/cze\/wp-content\/uploads\/sites\/3\/2023\/06\/Detail_integrace.jpg 500w, https:\/\/www.comverga.com\/cze\/wp-content\/uploads\/sites\/3\/2023\/06\/Detail_integrace-300x206.jpg 300w\" sizes=\"(max-width: 500px) 100vw, 500px\" \/>\t\t\t\t\t\t\t\t\t\t\t\t\t\t\t<\/div>\n\t\t\t\t<\/div>\n\t\t\t\t\t<\/div>\n\t\t<\/div>\n\t\t\t\t\t\t\t<\/div>\n\t\t<\/section>\n\t\t\t\t<section class=\"elementor-section elementor-top-section elementor-element elementor-element-be273fd elementor-section-boxed elementor-section-height-default elementor-section-height-default\" data-id=\"be273fd\" data-element_type=\"section\">\n\t\t\t\t\t\t<div class=\"elementor-container elementor-column-gap-default\">\n\t\t\t\t\t<div class=\"elementor-column elementor-col-100 elementor-top-column elementor-element elementor-element-c8430b7\" data-id=\"c8430b7\" data-element_type=\"column\">\n\t\t\t<div class=\"elementor-widget-wrap elementor-element-populated\">\n\t\t\t\t\t\t\t\t<div class=\"elementor-element elementor-element-11194bc elementor-widget-divider--view-line elementor-widget elementor-widget-divider\" data-id=\"11194bc\" data-element_type=\"widget\" data-widget_type=\"divider.default\">\n\t\t\t\t<div class=\"elementor-widget-container\">\n\t\t\t\t\t<div class=\"elementor-divider\">\n\t\t\t<span class=\"elementor-divider-separator\">\n\t\t\t\t\t\t<\/span>\n\t\t<\/div>\n\t\t\t\t<\/div>\n\t\t\t\t<\/div>\n\t\t\t\t\t<\/div>\n\t\t<\/div>\n\t\t\t\t\t\t\t<\/div>\n\t\t<\/section>\n\t\t\t\t<section class=\"elementor-section elementor-top-section elementor-element elementor-element-997f815 elementor-section-boxed elementor-section-height-default elementor-section-height-default\" data-id=\"997f815\" data-element_type=\"section\">\n\t\t\t\t\t\t<div class=\"elementor-container elementor-column-gap-default\">\n\t\t\t\t\t<div class=\"elementor-column elementor-col-50 elementor-top-column elementor-element elementor-element-4f79a7d\" data-id=\"4f79a7d\" data-element_type=\"column\">\n\t\t\t<div class=\"elementor-widget-wrap elementor-element-populated\">\n\t\t\t\t\t\t\t\t<div class=\"elementor-element elementor-element-9742478 elementor-widget elementor-widget-image\" data-id=\"9742478\" data-element_type=\"widget\" data-widget_type=\"image.default\">\n\t\t\t\t<div class=\"elementor-widget-container\">\n\t\t\t\t\t\t\t\t\t\t\t\t\t\t\t<img decoding=\"async\" width=\"580\" height=\"327\" src=\"https:\/\/www.comverga.com\/cze\/wp-content\/uploads\/sites\/3\/2023\/06\/Detail_funkcionality.jpg\" class=\"attachment-large size-large wp-image-4789\" alt=\"\" srcset=\"https:\/\/www.comverga.com\/cze\/wp-content\/uploads\/sites\/3\/2023\/06\/Detail_funkcionality.jpg 1000w, https:\/\/www.comverga.com\/cze\/wp-content\/uploads\/sites\/3\/2023\/06\/Detail_funkcionality-300x169.jpg 300w, https:\/\/www.comverga.com\/cze\/wp-content\/uploads\/sites\/3\/2023\/06\/Detail_funkcionality-768x432.jpg 768w\" sizes=\"(max-width: 580px) 100vw, 580px\" \/>\t\t\t\t\t\t\t\t\t\t\t\t\t\t\t<\/div>\n\t\t\t\t<\/div>\n\t\t\t\t\t<\/div>\n\t\t<\/div>\n\t\t\t\t<div class=\"elementor-column elementor-col-50 elementor-top-column elementor-element elementor-element-3753b64\" data-id=\"3753b64\" data-element_type=\"column\">\n\t\t\t<div class=\"elementor-widget-wrap elementor-element-populated\">\n\t\t\t\t\t\t\t\t<div class=\"elementor-element elementor-element-fa81aa3 elementor-widget elementor-widget-text-editor\" data-id=\"fa81aa3\" data-element_type=\"widget\" data-widget_type=\"text-editor.default\">\n\t\t\t\t<div class=\"elementor-widget-container\">\n\t\t\t\t\t\t\t<h3 style=\"margin-top: 0px; text-align: left;\"><strong>Grundlegende Funktionalit\u00e4ten<\/strong><\/h3><ul><li>Einheitliche offene API<\/li><li>Zwei-Wege-Kommunikation<\/li><li>Markenmanagement f\u00fcr die Kommunikation<\/li><li>Integration von Ressourcen f\u00fcr individuelle Kampagnen<\/li><li>Einheitlicher und universeller Zugriff auf Ressourcen und Kan\u00e4le<\/li><li>Setzen und Verwalten von Kanalpriorit\u00e4ten<\/li><li>\u00dcberpr\u00fcfung der Kanalverf\u00fcgbarkeit<\/li><li>Fallback, wenn ein Kanal nicht verf\u00fcgbar ist<\/li><li>Definition von Kampagnen, Verwaltung und umfassendes Dialogmanagement<\/li><\/ul>\t\t\t\t\t\t<\/div>\n\t\t\t\t<\/div>\n\t\t\t\t\t<\/div>\n\t\t<\/div>\n\t\t\t\t\t\t\t<\/div>\n\t\t<\/section>\n\t\t\t\t<section class=\"elementor-section elementor-top-section elementor-element elementor-element-e9a8ace elementor-section-boxed elementor-section-height-default elementor-section-height-default\" data-id=\"e9a8ace\" data-element_type=\"section\">\n\t\t\t\t\t\t<div class=\"elementor-container elementor-column-gap-default\">\n\t\t\t\t\t<div class=\"elementor-column elementor-col-50 elementor-top-column elementor-element elementor-element-81a25de\" data-id=\"81a25de\" data-element_type=\"column\">\n\t\t\t<div class=\"elementor-widget-wrap elementor-element-populated\">\n\t\t\t\t\t\t\t\t<div class=\"elementor-element elementor-element-92c38bf elementor-widget elementor-widget-text-editor\" data-id=\"92c38bf\" data-element_type=\"widget\" data-widget_type=\"text-editor.default\">\n\t\t\t\t<div class=\"elementor-widget-container\">\n\t\t\t\t\t\t\t<h3 style=\"margin-top: 0;\"><strong>Grundprinzipien <\/strong><\/h3><p>Innerhalb der COMVERGA Omnichannel k\u00f6nnen unterschiedliche Kampagnen mit unterschiedlicher Kommunikationsart und -verlauf definiert werden (f\u00fcr jede Kampagne genau ein ausgew\u00e4hlter Typ). <br \/>Jede Kampagne besteht dann aus einzelnen Dialogen, die voneinander unabh\u00e4ngig sind. F\u00fcr jeden Dialog werden immer Quellen, Empf\u00e4nger, Absender und zeitliche Begrenzung definiert.<br \/>Ein Dialog kann von beiden Seiten initiiert und damit eine definierte Kampagne gestartet werden.<\/p>\t\t\t\t\t\t<\/div>\n\t\t\t\t<\/div>\n\t\t\t\t\t<\/div>\n\t\t<\/div>\n\t\t\t\t<div class=\"elementor-column elementor-col-50 elementor-top-column elementor-element elementor-element-9b6bfe3\" data-id=\"9b6bfe3\" data-element_type=\"column\">\n\t\t\t<div class=\"elementor-widget-wrap elementor-element-populated\">\n\t\t\t\t\t\t\t\t<div class=\"elementor-element elementor-element-42eb212 elementor-widget elementor-widget-image\" data-id=\"42eb212\" data-element_type=\"widget\" data-widget_type=\"image.default\">\n\t\t\t\t<div class=\"elementor-widget-container\">\n\t\t\t\t\t\t\t\t\t\t\t\t\t\t\t<img decoding=\"async\" width=\"580\" height=\"387\" src=\"https:\/\/www.comverga.com\/cze\/wp-content\/uploads\/sites\/3\/2023\/04\/principles.jpg\" class=\"attachment-large size-large wp-image-4047\" alt=\"\" srcset=\"https:\/\/www.comverga.com\/cze\/wp-content\/uploads\/sites\/3\/2023\/04\/principles.jpg 1000w, https:\/\/www.comverga.com\/cze\/wp-content\/uploads\/sites\/3\/2023\/04\/principles-300x200.jpg 300w, https:\/\/www.comverga.com\/cze\/wp-content\/uploads\/sites\/3\/2023\/04\/principles-768x513.jpg 768w\" sizes=\"(max-width: 580px) 100vw, 580px\" \/>\t\t\t\t\t\t\t\t\t\t\t\t\t\t\t<\/div>\n\t\t\t\t<\/div>\n\t\t\t\t\t<\/div>\n\t\t<\/div>\n\t\t\t\t\t\t\t<\/div>\n\t\t<\/section>\n\t\t\t\t<section class=\"elementor-section elementor-top-section elementor-element elementor-element-a4f3256 elementor-section-boxed elementor-section-height-default elementor-section-height-default\" data-id=\"a4f3256\" data-element_type=\"section\">\n\t\t\t\t\t\t<div class=\"elementor-container elementor-column-gap-default\">\n\t\t\t\t\t<div class=\"elementor-column elementor-col-50 elementor-top-column elementor-element elementor-element-9fb2dbe\" data-id=\"9fb2dbe\" data-element_type=\"column\">\n\t\t\t<div class=\"elementor-widget-wrap elementor-element-populated\">\n\t\t\t\t\t\t\t\t<div class=\"elementor-element elementor-element-9dc5bc0 elementor-widget elementor-widget-image\" data-id=\"9dc5bc0\" data-element_type=\"widget\" data-widget_type=\"image.default\">\n\t\t\t\t<div class=\"elementor-widget-container\">\n\t\t\t\t\t\t\t\t\t\t\t\t\t\t\t<img loading=\"lazy\" decoding=\"async\" width=\"580\" height=\"329\" src=\"https:\/\/www.comverga.com\/cze\/wp-content\/uploads\/sites\/3\/2023\/06\/Detail_mechaniky.webp\" class=\"attachment-large size-large wp-image-4791\" alt=\"\" srcset=\"https:\/\/www.comverga.com\/cze\/wp-content\/uploads\/sites\/3\/2023\/06\/Detail_mechaniky.webp 985w, https:\/\/www.comverga.com\/cze\/wp-content\/uploads\/sites\/3\/2023\/06\/Detail_mechaniky-300x170.webp 300w, https:\/\/www.comverga.com\/cze\/wp-content\/uploads\/sites\/3\/2023\/06\/Detail_mechaniky-768x435.webp 768w\" sizes=\"(max-width: 580px) 100vw, 580px\" \/>\t\t\t\t\t\t\t\t\t\t\t\t\t\t\t<\/div>\n\t\t\t\t<\/div>\n\t\t\t\t\t<\/div>\n\t\t<\/div>\n\t\t\t\t<div class=\"elementor-column elementor-col-50 elementor-top-column elementor-element elementor-element-6f4011f\" data-id=\"6f4011f\" data-element_type=\"column\">\n\t\t\t<div class=\"elementor-widget-wrap elementor-element-populated\">\n\t\t\t\t\t\t\t\t<div class=\"elementor-element elementor-element-f1234f9 elementor-widget elementor-widget-text-editor\" data-id=\"f1234f9\" data-element_type=\"widget\" data-widget_type=\"text-editor.default\">\n\t\t\t\t<div class=\"elementor-widget-container\">\n\t\t\t\t\t\t\t<h3 style=\"margin-top: 0;\"><strong>\u00a0Mechaniken<\/strong><\/h3><p>COMVERGA Omnichannel enth\u00e4lt vordefinierte Typen individueller Kampagnen, sogenannte Mechaniken, mit der M\u00f6glichkeit eine neue Mechanik f\u00fcr ein bestimmtes Projekt zu erstellen.<br \/>Bestehende Mechaniken bieten sowohl Outbound- als auch Inbound-Kampagnen mit der M\u00f6glichkeit der Auswahl, Direktbestellung, Bezahlung, etc.<\/p><p>\u00a0<\/p>\t\t\t\t\t\t<\/div>\n\t\t\t\t<\/div>\n\t\t\t\t\t<\/div>\n\t\t<\/div>\n\t\t\t\t\t\t\t<\/div>\n\t\t<\/section>\n\t\t\t\t<section class=\"elementor-section elementor-top-section elementor-element elementor-element-90c79ce elementor-section-boxed elementor-section-height-default elementor-section-height-default\" data-id=\"90c79ce\" data-element_type=\"section\">\n\t\t\t\t\t\t<div class=\"elementor-container elementor-column-gap-default\">\n\t\t\t\t\t<div class=\"elementor-column elementor-col-50 elementor-top-column elementor-element elementor-element-eec2774\" data-id=\"eec2774\" data-element_type=\"column\">\n\t\t\t<div class=\"elementor-widget-wrap elementor-element-populated\">\n\t\t\t\t\t\t\t\t<div class=\"elementor-element elementor-element-0fd6093 elementor-widget elementor-widget-text-editor\" data-id=\"0fd6093\" data-element_type=\"widget\" data-widget_type=\"text-editor.default\">\n\t\t\t\t<div class=\"elementor-widget-container\">\n\t\t\t\t\t\t\t<h3 style=\"margin-top: 0;\"><strong>Definition der Kan\u00e4le und ihrer Priorit\u00e4ten<\/strong><\/h3><ul><li>Priorit\u00e4ten werden individuell gesetzt<\/li><li>Versuch, den am besten geeigneten Kanal zu w\u00e4hlen<\/li><li>Eignung des Kanals pro Kampagne oder pro Partner<\/li><li>Nutzung des bevorzugten und kostenoptimalen Kanals<\/li><li>Wahl des Kanals nach verf\u00fcgbaren Kundendaten<\/li><li>Auswahl nach der Pr\u00e4senz des Nutzers in anderen Messengern<\/li><\/ul>\t\t\t\t\t\t<\/div>\n\t\t\t\t<\/div>\n\t\t\t\t\t<\/div>\n\t\t<\/div>\n\t\t\t\t<div class=\"elementor-column elementor-col-50 elementor-top-column elementor-element elementor-element-9495ffa\" data-id=\"9495ffa\" data-element_type=\"column\">\n\t\t\t<div class=\"elementor-widget-wrap elementor-element-populated\">\n\t\t\t\t\t\t\t\t<div class=\"elementor-element elementor-element-97efbc9 elementor-widget elementor-widget-image\" data-id=\"97efbc9\" data-element_type=\"widget\" data-widget_type=\"image.default\">\n\t\t\t\t<div class=\"elementor-widget-container\">\n\t\t\t\t\t\t\t\t\t\t\t\t\t\t\t<img loading=\"lazy\" decoding=\"async\" width=\"580\" height=\"379\" src=\"https:\/\/www.comverga.com\/cze\/wp-content\/uploads\/sites\/3\/2023\/06\/Detail_priority.jpg\" class=\"attachment-large size-large wp-image-4792\" alt=\"\" srcset=\"https:\/\/www.comverga.com\/cze\/wp-content\/uploads\/sites\/3\/2023\/06\/Detail_priority.jpg 1000w, https:\/\/www.comverga.com\/cze\/wp-content\/uploads\/sites\/3\/2023\/06\/Detail_priority-300x196.jpg 300w, https:\/\/www.comverga.com\/cze\/wp-content\/uploads\/sites\/3\/2023\/06\/Detail_priority-768x502.jpg 768w\" sizes=\"(max-width: 580px) 100vw, 580px\" \/>\t\t\t\t\t\t\t\t\t\t\t\t\t\t\t<\/div>\n\t\t\t\t<\/div>\n\t\t\t\t\t<\/div>\n\t\t<\/div>\n\t\t\t\t\t\t\t<\/div>\n\t\t<\/section>\n\t\t\t\t<section class=\"elementor-section elementor-top-section elementor-element elementor-element-68e9f6b elementor-section-boxed elementor-section-height-default elementor-section-height-default\" data-id=\"68e9f6b\" data-element_type=\"section\">\n\t\t\t\t\t\t<div class=\"elementor-container elementor-column-gap-default\">\n\t\t\t\t\t<div class=\"elementor-column elementor-col-50 elementor-top-column elementor-element elementor-element-633f987\" data-id=\"633f987\" data-element_type=\"column\">\n\t\t\t<div class=\"elementor-widget-wrap elementor-element-populated\">\n\t\t\t\t\t\t\t\t<div class=\"elementor-element elementor-element-649caec elementor-widget elementor-widget-image\" data-id=\"649caec\" data-element_type=\"widget\" data-widget_type=\"image.default\">\n\t\t\t\t<div class=\"elementor-widget-container\">\n\t\t\t\t\t\t\t\t\t\t\t\t\t\t\t<img loading=\"lazy\" decoding=\"async\" width=\"580\" height=\"435\" src=\"https:\/\/www.comverga.com\/cze\/wp-content\/uploads\/sites\/3\/2023\/06\/SDP_campaign.jpg\" class=\"attachment-large size-large wp-image-4793\" alt=\"\" srcset=\"https:\/\/www.comverga.com\/cze\/wp-content\/uploads\/sites\/3\/2023\/06\/SDP_campaign.jpg 813w, https:\/\/www.comverga.com\/cze\/wp-content\/uploads\/sites\/3\/2023\/06\/SDP_campaign-300x225.jpg 300w, https:\/\/www.comverga.com\/cze\/wp-content\/uploads\/sites\/3\/2023\/06\/SDP_campaign-768x576.jpg 768w\" sizes=\"(max-width: 580px) 100vw, 580px\" \/>\t\t\t\t\t\t\t\t\t\t\t\t\t\t\t<\/div>\n\t\t\t\t<\/div>\n\t\t\t\t\t<\/div>\n\t\t<\/div>\n\t\t\t\t<div class=\"elementor-column elementor-col-50 elementor-top-column elementor-element elementor-element-c142bb9\" data-id=\"c142bb9\" data-element_type=\"column\">\n\t\t\t<div class=\"elementor-widget-wrap elementor-element-populated\">\n\t\t\t\t\t\t\t\t<div class=\"elementor-element elementor-element-76f19a8 elementor-widget elementor-widget-text-editor\" data-id=\"76f19a8\" data-element_type=\"widget\" data-widget_type=\"text-editor.default\">\n\t\t\t\t<div class=\"elementor-widget-container\">\n\t\t\t\t\t\t\t<h4 style=\"margin-top:0; margin-bottom: 5px;\"><strong>GUI<\/strong><\/h4>\n<ul>\n \t<li>Nutzung der COMVERGA Service Delivery Platform<\/li>\n \t<li>Verwaltung von Kontakten, Gruppen, Ressourcen, Benutzern, Posteingang<\/li>\n \t<li>Einfache Kampagnendefinition, Mechanik, Genehmigungsprozess<\/li>\n<\/ul>\n<h4 style=\"margin: 5px 0;\"><strong>API<\/strong><\/h4>\n<ul>\n \t<li>Maximal m\u00f6gliche Funktionalit\u00e4t wie in der GUI<\/li>\n \t<li>Einheitliche API \u00fcber alle Kan\u00e4le<\/li>\n \t<li>Sichere Kommunikation<\/li>\n \t<li>Vereinfachte Integration<\/li>\n \t<li>F\u00e4higkeit zur automatischen Codegenerierung in mehr als 50 Programmiersprachen.<\/li>\n<\/ul>\t\t\t\t\t\t<\/div>\n\t\t\t\t<\/div>\n\t\t\t\t\t<\/div>\n\t\t<\/div>\n\t\t\t\t\t\t\t<\/div>\n\t\t<\/section>\n\t\t\t\t<section class=\"elementor-section elementor-top-section elementor-element elementor-element-9565873 elementor-section-boxed elementor-section-height-default elementor-section-height-default\" data-id=\"9565873\" data-element_type=\"section\">\n\t\t\t\t\t\t<div class=\"elementor-container elementor-column-gap-default\">\n\t\t\t\t\t<div class=\"elementor-column elementor-col-50 elementor-top-column elementor-element elementor-element-04e3ccc\" data-id=\"04e3ccc\" data-element_type=\"column\">\n\t\t\t<div class=\"elementor-widget-wrap elementor-element-populated\">\n\t\t\t\t\t\t\t\t<div class=\"elementor-element elementor-element-dd3a94f elementor-widget elementor-widget-text-editor\" data-id=\"dd3a94f\" data-element_type=\"widget\" data-widget_type=\"text-editor.default\">\n\t\t\t\t<div class=\"elementor-widget-container\">\n\t\t\t\t\t\t\t<h3 style=\"margin-top: 0;\"><strong>Verf\u00fcgbare und unterst\u00fctzte Kan\u00e4le<\/strong><\/h3><ul><li>SMS<\/li><li>Email<\/li><li>MMS<\/li><li>RCS<\/li><li>Telegramm<\/li><li>Sprachnachrichten<\/li><li>Web-Microsites<\/li><li>Andere Messenger-Anwendungen<\/li><\/ul>\t\t\t\t\t\t<\/div>\n\t\t\t\t<\/div>\n\t\t\t\t\t<\/div>\n\t\t<\/div>\n\t\t\t\t<div class=\"elementor-column elementor-col-50 elementor-top-column elementor-element elementor-element-bf7f3d1\" data-id=\"bf7f3d1\" data-element_type=\"column\">\n\t\t\t<div class=\"elementor-widget-wrap elementor-element-populated\">\n\t\t\t\t\t\t\t\t<div class=\"elementor-element elementor-element-5f19c79 elementor-widget elementor-widget-image\" data-id=\"5f19c79\" data-element_type=\"widget\" data-widget_type=\"image.default\">\n\t\t\t\t<div class=\"elementor-widget-container\">\n\t\t\t\t\t\t\t\t\t\t\t\t\t\t\t<img loading=\"lazy\" decoding=\"async\" width=\"500\" height=\"474\" src=\"https:\/\/www.comverga.com\/cze\/wp-content\/uploads\/sites\/3\/2023\/06\/Detail_kanaly.jpg\" class=\"attachment-large size-large wp-image-4794\" alt=\"\" srcset=\"https:\/\/www.comverga.com\/cze\/wp-content\/uploads\/sites\/3\/2023\/06\/Detail_kanaly.jpg 500w, https:\/\/www.comverga.com\/cze\/wp-content\/uploads\/sites\/3\/2023\/06\/Detail_kanaly-300x284.jpg 300w\" sizes=\"(max-width: 500px) 100vw, 500px\" \/>\t\t\t\t\t\t\t\t\t\t\t\t\t\t\t<\/div>\n\t\t\t\t<\/div>\n\t\t\t\t\t<\/div>\n\t\t<\/div>\n\t\t\t\t\t\t\t<\/div>\n\t\t<\/section>\n\t\t\t\t<section class=\"elementor-section elementor-top-section elementor-element elementor-element-d081b4e elementor-section-boxed elementor-section-height-default elementor-section-height-default\" data-id=\"d081b4e\" data-element_type=\"section\">\n\t\t\t\t\t\t<div class=\"elementor-container elementor-column-gap-default\">\n\t\t\t\t\t<div class=\"elementor-column elementor-col-50 elementor-top-column elementor-element elementor-element-49a7ee6\" data-id=\"49a7ee6\" data-element_type=\"column\">\n\t\t\t<div class=\"elementor-widget-wrap elementor-element-populated\">\n\t\t\t\t\t\t\t\t<div class=\"elementor-element elementor-element-00707fe elementor-widget elementor-widget-image\" data-id=\"00707fe\" data-element_type=\"widget\" data-widget_type=\"image.default\">\n\t\t\t\t<div class=\"elementor-widget-container\">\n\t\t\t\t\t\t\t\t\t\t\t\t\t\t\t<img loading=\"lazy\" decoding=\"async\" width=\"580\" height=\"335\" src=\"https:\/\/www.comverga.com\/cze\/wp-content\/uploads\/sites\/3\/2023\/06\/Detail_vyuziti.webp\" class=\"attachment-large size-large wp-image-4795\" alt=\"\" srcset=\"https:\/\/www.comverga.com\/cze\/wp-content\/uploads\/sites\/3\/2023\/06\/Detail_vyuziti.webp 1000w, https:\/\/www.comverga.com\/cze\/wp-content\/uploads\/sites\/3\/2023\/06\/Detail_vyuziti-300x173.webp 300w, https:\/\/www.comverga.com\/cze\/wp-content\/uploads\/sites\/3\/2023\/06\/Detail_vyuziti-768x444.webp 768w\" sizes=\"(max-width: 580px) 100vw, 580px\" \/>\t\t\t\t\t\t\t\t\t\t\t\t\t\t\t<\/div>\n\t\t\t\t<\/div>\n\t\t\t\t\t<\/div>\n\t\t<\/div>\n\t\t\t\t<div class=\"elementor-column elementor-col-50 elementor-top-column elementor-element elementor-element-6a602ee\" data-id=\"6a602ee\" data-element_type=\"column\">\n\t\t\t<div class=\"elementor-widget-wrap elementor-element-populated\">\n\t\t\t\t\t\t\t\t<div class=\"elementor-element elementor-element-6c931fe elementor-widget elementor-widget-text-editor\" data-id=\"6c931fe\" data-element_type=\"widget\" data-widget_type=\"text-editor.default\">\n\t\t\t\t<div class=\"elementor-widget-container\">\n\t\t\t\t\t\t\t<h3 style=\"margin-top: 0;\"><strong>M\u00f6glichkeiten der Verwendung<\/strong><\/h3><ul><li>Marketing-Kampagnen<\/li><li>Verk\u00e4ufe<\/li><li>Kompletter Bestellvorgang<\/li><li>Akquisition<\/li><li>Autorisierung<\/li><li>Kundenbetreuung<\/li><li>Kommentare und Benachrichtigungen<\/li><li>Infokanal<\/li><\/ul>\t\t\t\t\t\t<\/div>\n\t\t\t\t<\/div>\n\t\t\t\t\t<\/div>\n\t\t<\/div>\n\t\t\t\t\t\t\t<\/div>\n\t\t<\/section>\n\t\t\t\t\t\t\t<\/div>","protected":false},"excerpt":{"rendered":"<p>Omnichannel Service-Detail Kanalintegration COMVERGA Omnichannel bietet die Integration verschiedener Kommunikationskan\u00e4le in einer Plattform und die Festlegung von Regeln f\u00fcr deren Nutzung. Die Pr\u00e4ferenzen k\u00f6nnen je nach Endbenutzer, entsprechend den Anforderungen des Partners oder basierend auf der Verf\u00fcgbarkeit des jeweiligen Kommunikationskanals festgelegt werden. Die Plattform bietet die M\u00f6glichkeit, Ihre eigene Marken-Messaging-Anwendung f\u00fcr eine einzigartige Kommunikation mit Ihren Kunden zu erstellen. Im Rahmen der Kampagnenerstellung k\u00f6nnen Sie [...]<\/p>","protected":false},"author":1,"featured_media":4776,"parent":4718,"menu_order":4,"comment_status":"closed","ping_status":"closed","template":"","meta":{"footnotes":""},"_links":{"self":[{"href":"https:\/\/www.comverga.com\/cze\/de\/wp-json\/wp\/v2\/pages\/4729"}],"collection":[{"href":"https:\/\/www.comverga.com\/cze\/de\/wp-json\/wp\/v2\/pages"}],"about":[{"href":"https:\/\/www.comverga.com\/cze\/de\/wp-json\/wp\/v2\/types\/page"}],"author":[{"embeddable":true,"href":"https:\/\/www.comverga.com\/cze\/de\/wp-json\/wp\/v2\/users\/1"}],"replies":[{"embeddable":true,"href":"https:\/\/www.comverga.com\/cze\/de\/wp-json\/wp\/v2\/comments?post=4729"}],"version-history":[{"count":19,"href":"https:\/\/www.comverga.com\/cze\/de\/wp-json\/wp\/v2\/pages\/4729\/revisions"}],"predecessor-version":[{"id":5403,"href":"https:\/\/www.comverga.com\/cze\/de\/wp-json\/wp\/v2\/pages\/4729\/revisions\/5403"}],"up":[{"embeddable":true,"href":"https:\/\/www.comverga.com\/cze\/de\/wp-json\/wp\/v2\/pages\/4718"}],"wp:featuredmedia":[{"embeddable":true,"href":"https:\/\/www.comverga.com\/cze\/de\/wp-json\/wp\/v2\/media\/4776"}],"wp:attachment":[{"href":"https:\/\/www.comverga.com\/cze\/de\/wp-json\/wp\/v2\/media?parent=4729"}],"curies":[{"name":"wp","href":"https:\/\/api.w.org\/{rel}","templated":true}]}}