{"id":4770,"date":"2023-06-13T11:01:11","date_gmt":"2023-06-13T09:01:11","guid":{"rendered":"https:\/\/www.comverga.com\/cze\/?page_id=4770"},"modified":"2023-12-13T12:45:34","modified_gmt":"2023-12-13T11:45:34","slug":"predni-fmcg-spolecnost","status":"publish","type":"page","link":"https:\/\/www.comverga.com\/cze\/de\/sluzby\/agregace-konektivity\/omnichannel\/predni-fmcg-spolecnost\/","title":{"rendered":"F\u00fchrendes FMCG-Unternehmen"},"content":{"rendered":"<div data-elementor-type=\"wp-page\" data-elementor-id=\"4770\" class=\"elementor elementor-4770\">\n\t\t\t\t\t\t\t\t\t<section class=\"elementor-section elementor-top-section elementor-element elementor-element-ef48c0d elementor-section-boxed elementor-section-height-default elementor-section-height-default\" data-id=\"ef48c0d\" data-element_type=\"section\">\n\t\t\t\t\t\t<div class=\"elementor-container elementor-column-gap-default\">\n\t\t\t\t\t<div class=\"elementor-column elementor-col-50 elementor-top-column elementor-element elementor-element-7901d5fd\" data-id=\"7901d5fd\" data-element_type=\"column\">\n\t\t\t<div class=\"elementor-widget-wrap elementor-element-populated\">\n\t\t\t\t\t\t\t\t<div class=\"elementor-element elementor-element-648b2714 elementor-widget elementor-widget-text-editor\" data-id=\"648b2714\" data-element_type=\"widget\" data-widget_type=\"text-editor.default\">\n\t\t\t\t<div class=\"elementor-widget-container\">\n\t\t\t\t\t\t\t<div class=\"usecase-text\"><h2 style=\"text-align: left; margin-top: 0;\">F\u00fchrendes FMCG-Unternehmen<\/h2><p>Partner ist ein weltweit f\u00fchrendes FMCG-Unternehmen mit einer Geschichte, die bis ins 19. Jahrhundert zur\u00fcckreicht. Das Portfolio umfasst Lebensmittel, Getr\u00e4nke, Drogerieartikel und vieles mehr. <br \/>Im Rahmen seiner Marketingaktivit\u00e4ten kommuniziert das Unternehmen mit seinen Kunden \u00fcber verschiedene Kommunikationskan\u00e4le (E-Mail, SMS, Webformulare usw.)..<\/p><\/div>\t\t\t\t\t\t<\/div>\n\t\t\t\t<\/div>\n\t\t\t\t\t<\/div>\n\t\t<\/div>\n\t\t\t\t<div class=\"elementor-column elementor-col-50 elementor-top-column elementor-element elementor-element-119748da\" data-id=\"119748da\" data-element_type=\"column\">\n\t\t\t<div class=\"elementor-widget-wrap elementor-element-populated\">\n\t\t\t\t\t\t\t\t<div class=\"elementor-element elementor-element-1c6f3589 elementor-widget elementor-widget-image\" data-id=\"1c6f3589\" data-element_type=\"widget\" data-widget_type=\"image.default\">\n\t\t\t\t<div class=\"elementor-widget-container\">\n\t\t\t\t\t\t\t\t\t\t\t\t\t\t\t<img fetchpriority=\"high\" decoding=\"async\" width=\"580\" height=\"387\" src=\"https:\/\/www.comverga.com\/cze\/wp-content\/uploads\/sites\/3\/2023\/06\/fmcg-1024x683.jpg\" class=\"attachment-large size-large wp-image-4721\" alt=\"\" srcset=\"https:\/\/www.comverga.com\/cze\/wp-content\/uploads\/sites\/3\/2023\/06\/fmcg-1024x683.jpg 1024w, https:\/\/www.comverga.com\/cze\/wp-content\/uploads\/sites\/3\/2023\/06\/fmcg-300x200.jpg 300w, https:\/\/www.comverga.com\/cze\/wp-content\/uploads\/sites\/3\/2023\/06\/fmcg-768x512.jpg 768w, https:\/\/www.comverga.com\/cze\/wp-content\/uploads\/sites\/3\/2023\/06\/fmcg-1200x800.jpg 1200w, https:\/\/www.comverga.com\/cze\/wp-content\/uploads\/sites\/3\/2023\/06\/fmcg.jpg 1362w\" sizes=\"(max-width: 580px) 100vw, 580px\" \/>\t\t\t\t\t\t\t\t\t\t\t\t\t\t\t<\/div>\n\t\t\t\t<\/div>\n\t\t\t\t\t<\/div>\n\t\t<\/div>\n\t\t\t\t\t\t\t<\/div>\n\t\t<\/section>\n\t\t\t\t<section class=\"elementor-section elementor-top-section elementor-element elementor-element-6d03bf5 elementor-section-boxed elementor-section-height-default elementor-section-height-default\" data-id=\"6d03bf5\" data-element_type=\"section\">\n\t\t\t\t\t\t<div class=\"elementor-container elementor-column-gap-default\">\n\t\t\t\t\t<div class=\"elementor-column elementor-col-50 elementor-top-column elementor-element elementor-element-79239ad\" data-id=\"79239ad\" data-element_type=\"column\">\n\t\t\t<div class=\"elementor-widget-wrap elementor-element-populated\">\n\t\t\t\t\t\t\t\t<div class=\"elementor-element elementor-element-ad9554f elementor-widget elementor-widget-sidebar\" data-id=\"ad9554f\" data-element_type=\"widget\" data-widget_type=\"sidebar.default\">\n\t\t\t\t<div class=\"elementor-widget-container\">\n\t\t\t<div id=\"widget-box\" class=\"smart-watch\">\n\t<img decoding=\"async\" src=\"https:\/\/www.coopmobil.cz\/wp-content\/uploads\/2021\/04\/coop-mobil-logo.svg\"><br>\n\t<span>Branchen<\/span>\n<p>\n\t\tTelekommunikationsbetreiber \u2013 Einzelhandel\n\t<\/p>\n<span>Produkt<\/span>\n<p>\n\t\tKombiniere Smartwatch + Datenkonnektivit\u00e4t\n\t<\/p>\n<\/div>\n<div id=\"widget-box\" class=\"support\">\n\t<img decoding=\"async\" src=\"https:\/\/www.coopmobil.cz\/wp-content\/uploads\/2021\/04\/coop-mobil-logo.svg\"><br>\n\t<span>Branchen<\/span>\n<p>\n\t\tTelekommunikationsbetreiber \u2013 Einzelhandel\n\t<\/p>\n<span>Produkt<\/span>\n<p>\n\t\tLeitfaden f\u00fcr den Kundensupport\n\t<\/p>\n<\/div>\n<div id=\"widget-box\" class=\"operator\">\n\t<img decoding=\"async\" src=\"https:\/\/www.coopmobil.cz\/wp-content\/uploads\/2021\/04\/coop-mobil-logo.svg\"><br>\n\t<span>Branchen<\/span>\n<p>\n\t\tTelekommunikationsbetreiber \u2013 Einzelhandel\n\t<\/p>\n<span>Produkt<\/span>\n<p>\n\t\tUmsetzung des Treueprogramms\n\t<\/p>\n<\/div>\n<div id=\"widget-box\" class=\"caravan\">\n<img decoding=\"async\" src=\"\/cze\/wp-content\/uploads\/sites\/3\/2023\/04\/caravan-logo.jpg\"><br>\n<span>Branchen<\/span>\n<p class=\"translation-block\">GPS-Ortungssysteme f\u00fcr Fahrzeuge, Datenkonnektivit\u00e4t <\/p>\n<span>Produkt<\/span>\n<p class=\"translation-block\">Eine L\u00f6sung f\u00fcr den Zugriff auf das Internet unterwegs <\/p>\n<\/div>\n<div id=\"widget-box\" class=\"camera\">\n<img decoding=\"async\" src=\"\/cze\/wp-content\/uploads\/sites\/3\/2023\/04\/camera-logo.jpg\"><br>\n<span>Branchen<\/span>\n<p>\n\t\tSicherheitssysteme\n\t<\/p>\n<span>Produkt<\/span>\n<p>\n\t\tCams mit Online-Streaming\n\t<\/p>\n<\/div>\n<div id=\"widget-box\" class=\"event\">\n\t<img decoding=\"async\" src=\"\/cze\/wp-content\/uploads\/sites\/3\/2023\/04\/event-logo.png\" style=\"width: 50px\"><br>\n\t<span>Branchen<\/span>\n<p>\n\t\tEventagentur\n\t<\/p>\n<span>Produkt<\/span>\n<p>\n\t\tVeranstaltungsorganisation \u2013 Kommunikation mit Teilnehmern\n\t<\/p>\n<\/div>\n<div id=\"widget-box\" class=\"competition\">\n\t<img decoding=\"async\" src=\"\/cze\/wp-content\/uploads\/sites\/3\/2023\/04\/competition-logo.png\" style=\"width: 50px\"><br>\n\t<span>Branchen<\/span>\n<p>\n\t\tEinzelhandel und Konsumg\u00fcter\n\t<\/p>\n<span>Produkt<\/span>\n<p>\n\t\tVeranstaltungsorganisation \u2013 Kommunikation mit Teilnehmern\n\t<\/p>\n<\/div>\n<div id=\"widget-box\" class=\"marketing\">\n\t<img decoding=\"async\" src=\"\/cze\/wp-content\/uploads\/sites\/3\/2023\/06\/marketing-logo.png\" style=\"width: 50px\"><br>\n\t<span>Branchen<\/span>\n<p>\n\t\tMarketingkommunikation\n\t<\/p>\n<span>Produkt<\/span>\n<p>\n\t\tUmsetzung von Marketing-Mailings\n\t<\/p>\n<\/div>\n\n<div id=\"widget-box\" class=\"fmcg\">\n\t<img decoding=\"async\" src=\"\/cze\/wp-content\/uploads\/sites\/3\/2023\/06\/fmcg-logo.png\" style=\"width: 50px\"><br>\n\t<span>Branchen<\/span>\n<p>\n\t\tFMCG<br>Schnelllebige Konsumg\u00fcter\n\t<\/p>\n<span>Produkt<\/span>\n<p>\n\t\tEssen, Getr\u00e4nke, Drogerie\n\t<\/p>\n<\/div>\n\n<div id=\"widget-box\" class=\"iot\">\n\t<img decoding=\"async\" src=\"\/cze\/wp-content\/uploads\/sites\/3\/2025\/09\/iot_icon.png\" style=\"width: 50px\"><br>\n\t<span>Branchen<\/span>\n<p>\n\t\tIoT, SIM\/eSIM management\n\t<\/p>\n<span>Produkt<\/span>\n<p>\n\t\tIoT-Sensoren f\u00fcr Industrie und Haushalt\n\t<\/p>\n<\/div>\n\n<div id=\"widget-box\" class=\"truck\">\n\t<img decoding=\"async\" src=\"\/cze\/wp-content\/uploads\/sites\/3\/2025\/09\/truck_monitoring.png\" style=\"width: 50px\"><br>\n\t<span>Branchen<\/span>\n<p>\n\t\tIoT, SIM\/eSIM management\n\t<\/p>\n<span>Produkt<\/span>\n<p>\n\t\teSIM f\u00fcr die Fahrzeug\u00fcberwachung\n\t<\/p>\n<\/div>\n\n<div id=\"widget-box\" class=\"drone\">\n\t<img decoding=\"async\" src=\"\/cze\/wp-content\/uploads\/sites\/3\/2025\/09\/drone_icon.png\" style=\"width: 80px\"><br>\n\t<span>Branchen<\/span>\n<p>\n\t\tIoT, SIM\/eSIM management\n\t<\/p>\n<span>Produkt<\/span>\n<p>\n\t\teSIM f\u00fcr Drohnenflotten\n\t<\/p>\n<\/div>\t\t<\/div>\n\t\t\t\t<\/div>\n\t\t\t\t\t<\/div>\n\t\t<\/div>\n\t\t\t\t<div class=\"elementor-column elementor-col-50 elementor-top-column elementor-element elementor-element-58cf973\" data-id=\"58cf973\" data-element_type=\"column\">\n\t\t\t<div class=\"elementor-widget-wrap elementor-element-populated\">\n\t\t\t\t\t\t\t\t<div class=\"elementor-element elementor-element-5809b185 elementor-widget elementor-widget-text-editor\" data-id=\"5809b185\" data-element_type=\"widget\" data-widget_type=\"text-editor.default\">\n\t\t\t\t<div class=\"elementor-widget-container\">\n\t\t\t\t\t\t\t<p class=\"translation-block\">Der Partner braucht eine L\u00f6sung f\u00fcr die Konsolidierung der einzelnen Kommunikationskan\u00e4le in einer einzigen Umgebung, um eine einheitliche Verwaltung zu erreichen und die Kosten f\u00fcr die Wartung der einzelnen L\u00f6sungen zu optimieren. Heute nutzen seine Kunden verschiedene Kan\u00e4le, und es ist schwierig, den richtigen Kanal f\u00fcr einen bestimmten Kunden zu \u201ctreffen\u201d. Gleichzeitig fehlt dem Partner ein Tool, um die f\u00fcr jeden Kunden genutzten\/verf\u00fcgbaren Kan\u00e4le zu \u00fcberblicken und die Priorit\u00e4ten der Kommunikationskan\u00e4le f\u00fcr spezifische Kampagnen zu definieren.<\/p><p class=\"translation-block\">Dank der Omnichannel-L\u00f6sung von COMVERGA hat der Partner eine intuitive Umgebung gewonnen, in der er die aktuell genutzten Kommunikationskan\u00e4le nutzt, sowie solche, die er zuk\u00fcnftig nutzen m\u00f6chte.<\/p>\t\t\t\t\t\t<\/div>\n\t\t\t\t<\/div>\n\t\t\t\t\t<\/div>\n\t\t<\/div>\n\t\t\t\t\t\t\t<\/div>\n\t\t<\/section>\n\t\t\t\t<section class=\"elementor-section elementor-top-section elementor-element elementor-element-e74e3b6 elementor-section-boxed elementor-section-height-default elementor-section-height-default\" data-id=\"e74e3b6\" data-element_type=\"section\">\n\t\t\t\t\t\t<div class=\"elementor-container elementor-column-gap-default\">\n\t\t\t\t\t<div class=\"elementor-column elementor-col-50 elementor-top-column elementor-element elementor-element-1508d08\" data-id=\"1508d08\" data-element_type=\"column\" data-settings=\"{&quot;background_background&quot;:&quot;classic&quot;}\">\n\t\t\t<div class=\"elementor-widget-wrap elementor-element-populated\">\n\t\t\t\t\t\t\t\t<div class=\"elementor-element elementor-element-08aeaa6 elementor-widget elementor-widget-text-editor\" data-id=\"08aeaa6\" data-element_type=\"widget\" data-widget_type=\"text-editor.default\">\n\t\t\t\t<div class=\"elementor-widget-container\">\n\t\t\t\t\t\t\t<h3><strong>Was der Partner bekam:<\/strong><\/h3><div class=\"page\" title=\"Seite 4\"><div class=\"layoutArea\"><div class=\"column\"><ul><li>M\u00f6glichkeit zur Nutzung aller verf\u00fcgbaren Kan\u00e4le<\/li><li>Ausgefeiltes Instrument f\u00fcr das Kampagnenmanagement<\/li><li>Personalisierung der Kommunikation mit dem Kunden<\/li><li>Einfache Definition von Priorit\u00e4ten der Kan\u00e4le<\/li><li>Identifikation des passenden Kundenkanals und dessen Verf\u00fcgbarkeit<\/li><\/ul><\/div><\/div><\/div>\t\t\t\t\t\t<\/div>\n\t\t\t\t<\/div>\n\t\t\t\t\t<\/div>\n\t\t<\/div>\n\t\t\t\t<div class=\"elementor-column elementor-col-50 elementor-top-column elementor-element elementor-element-dfdc4b9\" data-id=\"dfdc4b9\" data-element_type=\"column\" data-settings=\"{&quot;background_background&quot;:&quot;classic&quot;}\">\n\t\t\t<div class=\"elementor-widget-wrap elementor-element-populated\">\n\t\t\t\t\t\t\t\t<div class=\"elementor-element elementor-element-6b21114 elementor-widget elementor-widget-text-editor\" data-id=\"6b21114\" data-element_type=\"widget\" data-widget_type=\"text-editor.default\">\n\t\t\t\t<div class=\"elementor-widget-container\">\n\t\t\t\t\t\t\t<h3><strong>COMVERGA bietet:<\/strong><\/h3>\n<ul>\n \t<li>Intuitive Umgebung f\u00fcr die Kanalintegration<\/li>\n \t<li>Umgebung f\u00fcr die Definition von Kampagnen<\/li>\n \t<li>Definition von Kampagnen und \u00dcberpr\u00fcfung der Kanalpr\u00e4senz<\/li>\n \t<li>Zielgruppenmanagement<\/li>\n \t<li>Mechaniken und Genehmigungen von Kampagnen<\/li>\n<\/ul>\t\t\t\t\t\t<\/div>\n\t\t\t\t<\/div>\n\t\t\t\t\t<\/div>\n\t\t<\/div>\n\t\t\t\t\t\t\t<\/div>\n\t\t<\/section>\n\t\t\t\t\t\t\t<\/div>","protected":false},"excerpt":{"rendered":"<p>F\u00fchrendes FMCG-Unternehmen Partner ist das weltweit f\u00fchrende FMCG-Unternehmen mit einer Geschichte, die bis ins 19. Jahrhundert zur\u00fcckreicht. Das Portfolio umfasst Lebensmittel, Getr\u00e4nke, Drogerieartikel und vieles mehr. Im Rahmen ihrer Marketingaktivit\u00e4ten kommunizieren sie mit Kunden \u00fcber verschiedene Kommunikationskan\u00e4le (E-Mail, SMS, Webformulare etc.). Der Partner muss sich mit der Konsolidierung separater Kommunikationskan\u00e4le in einer einheitlichen Umgebung befassen und so eine einheitliche Verwaltung und Optimierung erreichen.<\/p>","protected":false},"author":1,"featured_media":4776,"parent":4718,"menu_order":4,"comment_status":"closed","ping_status":"closed","template":"","meta":{"footnotes":""},"_links":{"self":[{"href":"https:\/\/www.comverga.com\/cze\/de\/wp-json\/wp\/v2\/pages\/4770"}],"collection":[{"href":"https:\/\/www.comverga.com\/cze\/de\/wp-json\/wp\/v2\/pages"}],"about":[{"href":"https:\/\/www.comverga.com\/cze\/de\/wp-json\/wp\/v2\/types\/page"}],"author":[{"embeddable":true,"href":"https:\/\/www.comverga.com\/cze\/de\/wp-json\/wp\/v2\/users\/1"}],"replies":[{"embeddable":true,"href":"https:\/\/www.comverga.com\/cze\/de\/wp-json\/wp\/v2\/comments?post=4770"}],"version-history":[{"count":25,"href":"https:\/\/www.comverga.com\/cze\/de\/wp-json\/wp\/v2\/pages\/4770\/revisions"}],"predecessor-version":[{"id":5415,"href":"https:\/\/www.comverga.com\/cze\/de\/wp-json\/wp\/v2\/pages\/4770\/revisions\/5415"}],"up":[{"embeddable":true,"href":"https:\/\/www.comverga.com\/cze\/de\/wp-json\/wp\/v2\/pages\/4718"}],"wp:featuredmedia":[{"embeddable":true,"href":"https:\/\/www.comverga.com\/cze\/de\/wp-json\/wp\/v2\/media\/4776"}],"wp:attachment":[{"href":"https:\/\/www.comverga.com\/cze\/de\/wp-json\/wp\/v2\/media?parent=4770"}],"curies":[{"name":"wp","href":"https:\/\/api.w.org\/{rel}","templated":true}]}}