{"id":5780,"date":"2025-03-19T14:50:49","date_gmt":"2025-03-19T13:50:49","guid":{"rendered":"https:\/\/www.comverga.com\/cze\/?page_id=5780"},"modified":"2025-03-19T14:54:00","modified_gmt":"2025-03-19T13:54:00","slug":"teamleader-operations-tymu","status":"publish","type":"page","link":"https:\/\/www.comverga.com\/cze\/de\/teamleader-operations-tymu\/","title":{"rendered":"Teamleiter des Operationsteams"},"content":{"rendered":"<div data-elementor-type=\"wp-page\" data-elementor-id=\"5780\" class=\"elementor elementor-5780\">\n\t\t\t\t\t\t\t\t\t<section class=\"elementor-section elementor-top-section elementor-element elementor-element-0111e3c elementor-section-boxed elementor-section-height-default elementor-section-height-default\" data-id=\"0111e3c\" data-element_type=\"section\">\n\t\t\t\t\t\t<div class=\"elementor-container elementor-column-gap-default\">\n\t\t\t\t\t<div class=\"elementor-column elementor-col-50 elementor-top-column elementor-element elementor-element-74e3986\" data-id=\"74e3986\" data-element_type=\"column\">\n\t\t\t<div class=\"elementor-widget-wrap elementor-element-populated\">\n\t\t\t\t\t\t\t\t<div class=\"elementor-element elementor-element-53f1dcc elementor-widget elementor-widget-stratum-image-accordion\" data-id=\"53f1dcc\" data-element_type=\"widget\" data-widget_type=\"stratum-image-accordion.default\">\n\t\t\t\t<div class=\"elementor-widget-container\">\n\t\t\t<div class=\"stratum-image-accordion image-accordion-horizontal activate-on-click\">\n    <div class=\"stratum-image-accordion__container\">        <div class=\"stratum-image-accordion__item elementor-repeater-item-accc356\">\n            <div class=\"stratum-image-accordion__background\"><\/div>\n            <div class=\"stratum-image-accordion__overlay\">\n\t\t\t\t            <\/div>\n        <\/div>\n        <\/div>\n<\/div>\n\t\t<\/div>\n\t\t\t\t<\/div>\n\t\t\t\t\t<\/div>\n\t\t<\/div>\n\t\t\t\t<div class=\"elementor-column elementor-col-50 elementor-top-column elementor-element elementor-element-cc028e2\" data-id=\"cc028e2\" data-element_type=\"column\">\n\t\t\t<div class=\"elementor-widget-wrap elementor-element-populated\">\n\t\t\t\t\t\t\t\t<div class=\"elementor-element elementor-element-57c8844 elementor-widget elementor-widget-heading\" data-id=\"57c8844\" data-element_type=\"widget\" id=\"career-header\" data-widget_type=\"heading.default\">\n\t\t\t\t<div class=\"elementor-widget-container\">\n\t\t\t<h2 class=\"elementor-heading-title elementor-size-default\">Was Sie mit uns machen werden<\/h2>\t\t<\/div>\n\t\t\t\t<\/div>\n\t\t\t\t<div class=\"elementor-element elementor-element-84bdd29 elementor-widget elementor-widget-text-editor\" data-id=\"84bdd29\" data-element_type=\"widget\" data-widget_type=\"text-editor.default\">\n\t\t\t\t<div class=\"elementor-widget-container\">\n\t\t\t\t\t\t\t<p>Sie leiten und koordinieren das Betriebsteam, das f\u00fcr die Verwaltung der Infrastruktur, der Netzelemente und der Systemunterst\u00fctzung zust\u00e4ndig ist.<\/p><p>Sie sind verantwortlich f\u00fcr die Planung und Optimierung von Betriebsabl\u00e4ufen. Sie sind verantwortlich f\u00fcr die Sicherstellung der Verf\u00fcgbarkeit und Stabilit\u00e4t der IT-Dienste, einschlie\u00dflich der Bearbeitung von St\u00f6rungen und der Unterst\u00fctzung in Krisensituationen.<\/p><p>Sie arbeiten eng mit anderen Teams und externen Partnern zusammen und beteiligen sich aktiv an der Teamentwicklung (Mentoring, Schulung, Einf\u00fchrung effizienter Arbeitsmethoden).<\/p>\t\t\t\t\t\t<\/div>\n\t\t\t\t<\/div>\n\t\t\t\t<div class=\"elementor-element elementor-element-7d08883 elementor-hidden-desktop elementor-hidden-tablet elementor-hidden-mobile elementor-widget elementor-widget-heading\" data-id=\"7d08883\" data-element_type=\"widget\" id=\"career-header\" data-widget_type=\"heading.default\">\n\t\t\t\t<div class=\"elementor-widget-container\">\n\t\t\t<h2 class=\"elementor-heading-title elementor-size-default\">Was Sie wissen, haben, k\u00f6nnen sollten<\/h2>\t\t<\/div>\n\t\t\t\t<\/div>\n\t\t\t\t<div class=\"elementor-element elementor-element-ab2aadc elementor-hidden-desktop elementor-hidden-tablet elementor-hidden-mobile elementor-widget elementor-widget-text-editor\" data-id=\"ab2aadc\" data-element_type=\"widget\" data-widget_type=\"text-editor.default\">\n\t\t\t\t<div class=\"elementor-widget-container\">\n\t\t\t\t\t\t\t<p>Wir erwarten von Ihnen, dass Sie stets dar\u00fcber nachdenken, wie Sie Ihre Arbeit optimieren und automatisieren k\u00f6nnen. Sie m\u00f6gen es nicht, an der Hand herumgef\u00fchrt zu werden \u2013 w\u00fcrden Sie eine freie Hand bei der Arbeit begr\u00fc\u00dfen? Sie lernen gerne jeden Tag etwas Neues? Wir brauchen eine kommunikative und positive Pers\u00f6nlichkeit, die sich nicht scheut, Fragen zu stellen und viel von erfahrenen Kollegen lernen m\u00f6chte.<\/p><p>Pokud jsi absolvent, kter\u00fd chce za\u010d\u00edt od za\u010d\u00e1tku &#8211; i tebe bereme.<\/p>\t\t\t\t\t\t<\/div>\n\t\t\t\t<\/div>\n\t\t\t\t\t<\/div>\n\t\t<\/div>\n\t\t\t\t\t\t\t<\/div>\n\t\t<\/section>\n\t\t\t\t<section class=\"elementor-section elementor-top-section elementor-element elementor-element-0ddb860 elementor-section-boxed elementor-section-height-default elementor-section-height-default\" data-id=\"0ddb860\" data-element_type=\"section\" id=\"career-about\">\n\t\t\t\t\t\t<div class=\"elementor-container elementor-column-gap-default\">\n\t\t\t\t\t<div class=\"elementor-column elementor-col-50 elementor-top-column elementor-element elementor-element-90dbe72\" data-id=\"90dbe72\" data-element_type=\"column\" data-settings=\"{&quot;background_background&quot;:&quot;classic&quot;}\">\n\t\t\t<div class=\"elementor-widget-wrap elementor-element-populated\">\n\t\t\t\t\t\t\t\t<div class=\"elementor-element elementor-element-8e66e28 elementor-widget elementor-widget-heading\" data-id=\"8e66e28\" data-element_type=\"widget\" data-widget_type=\"heading.default\">\n\t\t\t\t<div class=\"elementor-widget-container\">\n\t\t\t<h2 class=\"elementor-heading-title elementor-size-default\">Wir bieten<\/h2>\t\t<\/div>\n\t\t\t\t<\/div>\n\t\t\t\t<div class=\"elementor-element elementor-element-8ad75bd elementor-widget elementor-widget-text-editor\" data-id=\"8ad75bd\" data-element_type=\"widget\" data-widget_type=\"text-editor.default\">\n\t\t\t\t<div class=\"elementor-widget-container\">\n\t\t\t\t\t\t\t<ul><li>M\u00f6glichkeit, im Home Office zu arbeiten<\/li><li>Raum f\u00fcr eigene Ideen und Innovationen<\/li><li>Unterst\u00fctzung f\u00fcr Ausbildung und Zertifizierung in den Bereichen IT und F\u00fchrung<\/li><li>Flexible betriebliche Leistungen<\/li><li>Teil eines Teams sein, das sich um wichtige IT-Infrastrukturen k\u00fcmmert<\/li><\/ul>\t\t\t\t\t\t<\/div>\n\t\t\t\t<\/div>\n\t\t\t\t\t<\/div>\n\t\t<\/div>\n\t\t\t\t<div class=\"elementor-column elementor-col-50 elementor-top-column elementor-element elementor-element-be4142a\" data-id=\"be4142a\" data-element_type=\"column\" data-settings=\"{&quot;background_background&quot;:&quot;classic&quot;}\">\n\t\t\t<div class=\"elementor-widget-wrap elementor-element-populated\">\n\t\t\t\t\t\t\t\t<div class=\"elementor-element elementor-element-43c351b elementor-widget elementor-widget-heading\" data-id=\"43c351b\" data-element_type=\"widget\" data-widget_type=\"heading.default\">\n\t\t\t\t<div class=\"elementor-widget-container\">\n\t\t\t<h2 class=\"elementor-heading-title elementor-size-default\">Wir fordern<\/h2>\t\t<\/div>\n\t\t\t\t<\/div>\n\t\t\t\t<div class=\"elementor-element elementor-element-b377af6 elementor-widget elementor-widget-text-editor\" data-id=\"b377af6\" data-element_type=\"widget\" data-widget_type=\"text-editor.default\">\n\t\t\t\t<div class=\"elementor-widget-container\">\n\t\t\t\t\t\t\t<ul><li>Erfahrung mit der Unterst\u00fctzung von Anwendungen und dem Betrieb von IT-Systemen<\/li><li>Kenntnisse des Betriebssystems LINUX<\/li><li>Kenntnisse von Datenbanken (SQL, PostgreSQL, MySQL)<\/li><li>Erfahrung mit Scripting und Aufgabenautomatisierung<\/li><li>F\u00e4higkeit, Probleme zu l\u00f6sen und selbstst\u00e4ndig sowie im Team zu arbeiten<\/li><li>Bereitschaft, neue Technologien zu erlernen und Prozesse zu verbessern<\/li><li>Verantwortung<\/li><\/ul>\t\t\t\t\t\t<\/div>\n\t\t\t\t<\/div>\n\t\t\t\t\t<\/div>\n\t\t<\/div>\n\t\t\t\t\t\t\t<\/div>\n\t\t<\/section>\n\t\t\t\t<section class=\"elementor-section elementor-top-section elementor-element elementor-element-f1008f8 elementor-section-boxed elementor-section-height-default elementor-section-height-default\" data-id=\"f1008f8\" data-element_type=\"section\">\n\t\t\t\t\t\t<div class=\"elementor-container elementor-column-gap-default\">\n\t\t\t\t\t<div class=\"elementor-column elementor-col-100 elementor-top-column elementor-element elementor-element-0e70ed8\" data-id=\"0e70ed8\" data-element_type=\"column\">\n\t\t\t<div class=\"elementor-widget-wrap elementor-element-populated\">\n\t\t\t\t\t\t\t\t<div class=\"elementor-element elementor-element-73ec406 elementor-widget elementor-widget-text-editor\" data-id=\"73ec406\" data-element_type=\"widget\" data-widget_type=\"text-editor.default\">\n\t\t\t\t<div class=\"elementor-widget-container\">\n\t\t\t\t\t\t\t<p style=\"text-align: center;\">Sie haben Interesse oder Fragen?<br \/>Schicken Sie uns eine E-Mail an <a href=\"mailto:kariera@comverga.com\">kariera@comverga.com<\/a><\/p>\t\t\t\t\t\t<\/div>\n\t\t\t\t<\/div>\n\t\t\t\t\t<\/div>\n\t\t<\/div>\n\t\t\t\t\t\t\t<\/div>\n\t\t<\/section>\n\t\t\t\t\t\t\t<\/div>","protected":false},"excerpt":{"rendered":"<p>Co u n\u00e1s bude\u0161 d\u011blat Tv\u00fdm \u00fakolem bude veden\u00ed a koordinace t\u00fdmu Operations, kter\u00fd m\u00e1 na starost spr\u00e1vu infrastruktury, s\u00ed\u0165ov\u00fdch prvk\u016f a syst\u00e9mov\u00e9 podpory. Tv\u00e1 starost bude pl\u00e1nov\u00e1n\u00ed a optimalizace provozn\u00edch proces\u016f. Bude\u0161 zodpov\u011bdn\u00fd za zaji\u0161t\u011bn\u00ed dostupnosti a stability IT slu\u017eeb, v\u010detn\u011b \u0159e\u0161en\u00ed incident\u016f a poskytov\u00e1n\u00ed podpory p\u0159i krizov\u00fdch situac\u00edch. \u00dazce bude\u0161 spolupracovat s dal\u0161\u00edmi [&hellip;]<\/p>","protected":false},"author":1,"featured_media":5781,"parent":0,"menu_order":0,"comment_status":"closed","ping_status":"closed","template":"","meta":{"footnotes":""},"_links":{"self":[{"href":"https:\/\/www.comverga.com\/cze\/de\/wp-json\/wp\/v2\/pages\/5780"}],"collection":[{"href":"https:\/\/www.comverga.com\/cze\/de\/wp-json\/wp\/v2\/pages"}],"about":[{"href":"https:\/\/www.comverga.com\/cze\/de\/wp-json\/wp\/v2\/types\/page"}],"author":[{"embeddable":true,"href":"https:\/\/www.comverga.com\/cze\/de\/wp-json\/wp\/v2\/users\/1"}],"replies":[{"embeddable":true,"href":"https:\/\/www.comverga.com\/cze\/de\/wp-json\/wp\/v2\/comments?post=5780"}],"version-history":[{"count":3,"href":"https:\/\/www.comverga.com\/cze\/de\/wp-json\/wp\/v2\/pages\/5780\/revisions"}],"predecessor-version":[{"id":5784,"href":"https:\/\/www.comverga.com\/cze\/de\/wp-json\/wp\/v2\/pages\/5780\/revisions\/5784"}],"wp:featuredmedia":[{"embeddable":true,"href":"https:\/\/www.comverga.com\/cze\/de\/wp-json\/wp\/v2\/media\/5781"}],"wp:attachment":[{"href":"https:\/\/www.comverga.com\/cze\/de\/wp-json\/wp\/v2\/media?parent=5780"}],"curies":[{"name":"wp","href":"https:\/\/api.w.org\/{rel}","templated":true}]}}