{"id":5840,"date":"2025-09-24T11:48:29","date_gmt":"2025-09-24T09:48:29","guid":{"rendered":"https:\/\/www.comverga.com\/cze\/?page_id=5840"},"modified":"2025-09-25T14:40:19","modified_gmt":"2025-09-25T12:40:19","slug":"mezinarodni-prepravni-spolecnost-s-velkym-vozovym-parkem","status":"publish","type":"page","link":"https:\/\/www.comverga.com\/cze\/de\/sluzby\/software-as-a-service-platform-as-a-service\/sdp-pro-esim-management\/mezinarodni-prepravni-spolecnost-s-velkym-vozovym-parkem\/","title":{"rendered":"Internationales Transportunternehmen mit gro\u00dfem Fuhrpark"},"content":{"rendered":"<div data-elementor-type=\"wp-page\" data-elementor-id=\"5840\" class=\"elementor elementor-5840\">\n\t\t\t\t\t\t\t\t\t<section class=\"elementor-section elementor-top-section elementor-element elementor-element-ef48c0d elementor-section-boxed elementor-section-height-default elementor-section-height-default\" data-id=\"ef48c0d\" data-element_type=\"section\">\n\t\t\t\t\t\t<div class=\"elementor-container elementor-column-gap-default\">\n\t\t\t\t\t<div class=\"elementor-column elementor-col-50 elementor-top-column elementor-element elementor-element-7901d5fd\" data-id=\"7901d5fd\" data-element_type=\"column\">\n\t\t\t<div class=\"elementor-widget-wrap elementor-element-populated\">\n\t\t\t\t\t\t\t\t<div class=\"elementor-element elementor-element-648b2714 elementor-widget elementor-widget-text-editor\" data-id=\"648b2714\" data-element_type=\"widget\" data-widget_type=\"text-editor.default\">\n\t\t\t\t<div class=\"elementor-widget-container\">\n\t\t\t\t\t\t\t<div class=\"usecase-text\"><h2 style=\"text-align: left; margin-top: 0;\">Internationales Transportunternehmen mit gro\u00dfem Fuhrpark<\/h2><p>Das Unternehmen betreibt einen umfangreichen Fuhrpark mit Lkw, Lieferwagen und Spezialtransportfahrzeugen. Sein Kerngesch\u00e4ft ist der internationale G\u00fctertransport, oft quer durch ganz Europa. Der Schwerpunkt liegt auf Pr\u00e4zision, P\u00fcnktlichkeit und Transportsicherheit.<\/p><\/div>\t\t\t\t\t\t<\/div>\n\t\t\t\t<\/div>\n\t\t\t\t\t<\/div>\n\t\t<\/div>\n\t\t\t\t<div class=\"elementor-column elementor-col-50 elementor-top-column elementor-element elementor-element-119748da\" data-id=\"119748da\" data-element_type=\"column\">\n\t\t\t<div class=\"elementor-widget-wrap elementor-element-populated\">\n\t\t\t\t\t\t\t\t<div class=\"elementor-element elementor-element-1c6f3589 elementor-widget elementor-widget-image\" data-id=\"1c6f3589\" data-element_type=\"widget\" data-widget_type=\"image.default\">\n\t\t\t\t<div class=\"elementor-widget-container\">\n\t\t\t\t\t\t\t\t\t\t\t\t\t\t\t<img fetchpriority=\"high\" decoding=\"async\" width=\"580\" height=\"387\" src=\"https:\/\/www.comverga.com\/cze\/wp-content\/uploads\/sites\/3\/2025\/09\/Case2.png\" class=\"attachment-large size-large wp-image-5813\" alt=\"\" srcset=\"https:\/\/www.comverga.com\/cze\/wp-content\/uploads\/sites\/3\/2025\/09\/Case2.png 1000w, https:\/\/www.comverga.com\/cze\/wp-content\/uploads\/sites\/3\/2025\/09\/Case2-300x200.png 300w, https:\/\/www.comverga.com\/cze\/wp-content\/uploads\/sites\/3\/2025\/09\/Case2-768x512.png 768w, https:\/\/www.comverga.com\/cze\/wp-content\/uploads\/sites\/3\/2025\/09\/Case2-18x12.png 18w\" sizes=\"(max-width: 580px) 100vw, 580px\" \/>\t\t\t\t\t\t\t\t\t\t\t\t\t\t\t<\/div>\n\t\t\t\t<\/div>\n\t\t\t\t\t<\/div>\n\t\t<\/div>\n\t\t\t\t\t\t\t<\/div>\n\t\t<\/section>\n\t\t\t\t<section class=\"elementor-section elementor-top-section elementor-element elementor-element-6d03bf5 elementor-section-boxed elementor-section-height-default elementor-section-height-default\" data-id=\"6d03bf5\" data-element_type=\"section\">\n\t\t\t\t\t\t<div class=\"elementor-container elementor-column-gap-default\">\n\t\t\t\t\t<div class=\"elementor-column elementor-col-50 elementor-top-column elementor-element elementor-element-79239ad\" data-id=\"79239ad\" data-element_type=\"column\">\n\t\t\t<div class=\"elementor-widget-wrap elementor-element-populated\">\n\t\t\t\t\t\t\t\t<div class=\"elementor-element elementor-element-ad9554f elementor-widget elementor-widget-sidebar\" data-id=\"ad9554f\" data-element_type=\"widget\" data-widget_type=\"sidebar.default\">\n\t\t\t\t<div class=\"elementor-widget-container\">\n\t\t\t<div id=\"widget-box\" class=\"smart-watch\">\n\t<img decoding=\"async\" src=\"https:\/\/www.coopmobil.cz\/wp-content\/uploads\/2021\/04\/coop-mobil-logo.svg\"><br>\n\t<span>Branchen<\/span>\n<p>\n\t\tTelekommunikationsbetreiber \u2013 Einzelhandel\n\t<\/p>\n<span>Produkt<\/span>\n<p>\n\t\tKombiniere Smartwatch + Datenkonnektivit\u00e4t\n\t<\/p>\n<\/div>\n<div id=\"widget-box\" class=\"support\">\n\t<img decoding=\"async\" src=\"https:\/\/www.coopmobil.cz\/wp-content\/uploads\/2021\/04\/coop-mobil-logo.svg\"><br>\n\t<span>Branchen<\/span>\n<p>\n\t\tTelekommunikationsbetreiber \u2013 Einzelhandel\n\t<\/p>\n<span>Produkt<\/span>\n<p>\n\t\tLeitfaden f\u00fcr den Kundensupport\n\t<\/p>\n<\/div>\n<div id=\"widget-box\" class=\"operator\">\n\t<img decoding=\"async\" src=\"https:\/\/www.coopmobil.cz\/wp-content\/uploads\/2021\/04\/coop-mobil-logo.svg\"><br>\n\t<span>Branchen<\/span>\n<p>\n\t\tTelekommunikationsbetreiber \u2013 Einzelhandel\n\t<\/p>\n<span>Produkt<\/span>\n<p>\n\t\tUmsetzung des Treueprogramms\n\t<\/p>\n<\/div>\n<div id=\"widget-box\" class=\"caravan\">\n<img decoding=\"async\" src=\"\/cze\/wp-content\/uploads\/sites\/3\/2023\/04\/caravan-logo.jpg\"><br>\n<span>Branchen<\/span>\n<p class=\"translation-block\">GPS-Ortungssysteme f\u00fcr Fahrzeuge, Datenkonnektivit\u00e4t <\/p>\n<span>Produkt<\/span>\n<p class=\"translation-block\">Eine L\u00f6sung f\u00fcr den Zugriff auf das Internet unterwegs <\/p>\n<\/div>\n<div id=\"widget-box\" class=\"camera\">\n<img decoding=\"async\" src=\"\/cze\/wp-content\/uploads\/sites\/3\/2023\/04\/camera-logo.jpg\"><br>\n<span>Branchen<\/span>\n<p>\n\t\tSicherheitssysteme\n\t<\/p>\n<span>Produkt<\/span>\n<p>\n\t\tCams mit Online-Streaming\n\t<\/p>\n<\/div>\n<div id=\"widget-box\" class=\"event\">\n\t<img decoding=\"async\" src=\"\/cze\/wp-content\/uploads\/sites\/3\/2023\/04\/event-logo.png\" style=\"width: 50px\"><br>\n\t<span>Branchen<\/span>\n<p>\n\t\tEventagentur\n\t<\/p>\n<span>Produkt<\/span>\n<p>\n\t\tVeranstaltungsorganisation \u2013 Kommunikation mit Teilnehmern\n\t<\/p>\n<\/div>\n<div id=\"widget-box\" class=\"competition\">\n\t<img decoding=\"async\" src=\"\/cze\/wp-content\/uploads\/sites\/3\/2023\/04\/competition-logo.png\" style=\"width: 50px\"><br>\n\t<span>Branchen<\/span>\n<p>\n\t\tEinzelhandel und Konsumg\u00fcter\n\t<\/p>\n<span>Produkt<\/span>\n<p>\n\t\tVeranstaltungsorganisation \u2013 Kommunikation mit Teilnehmern\n\t<\/p>\n<\/div>\n<div id=\"widget-box\" class=\"marketing\">\n\t<img decoding=\"async\" src=\"\/cze\/wp-content\/uploads\/sites\/3\/2023\/06\/marketing-logo.png\" style=\"width: 50px\"><br>\n\t<span>Branchen<\/span>\n<p>\n\t\tMarketingkommunikation\n\t<\/p>\n<span>Produkt<\/span>\n<p>\n\t\tUmsetzung von Marketing-Mailings\n\t<\/p>\n<\/div>\n\n<div id=\"widget-box\" class=\"fmcg\">\n\t<img decoding=\"async\" src=\"\/cze\/wp-content\/uploads\/sites\/3\/2023\/06\/fmcg-logo.png\" style=\"width: 50px\"><br>\n\t<span>Branchen<\/span>\n<p>\n\t\tFMCG<br>Schnelllebige Konsumg\u00fcter\n\t<\/p>\n<span>Produkt<\/span>\n<p>\n\t\tEssen, Getr\u00e4nke, Drogerie\n\t<\/p>\n<\/div>\n\n<div id=\"widget-box\" class=\"iot\">\n\t<img decoding=\"async\" src=\"\/cze\/wp-content\/uploads\/sites\/3\/2025\/09\/iot_icon.png\" style=\"width: 50px\"><br>\n\t<span>Branchen<\/span>\n<p>\n\t\tIoT, SIM\/eSIM management\n\t<\/p>\n<span>Produkt<\/span>\n<p>\n\t\tIoT-Sensoren f\u00fcr Industrie und Haushalt\n\t<\/p>\n<\/div>\n\n<div id=\"widget-box\" class=\"truck\">\n\t<img decoding=\"async\" src=\"\/cze\/wp-content\/uploads\/sites\/3\/2025\/09\/truck_monitoring.png\" style=\"width: 50px\"><br>\n\t<span>Branchen<\/span>\n<p>\n\t\tIoT, SIM\/eSIM management\n\t<\/p>\n<span>Produkt<\/span>\n<p>\n\t\teSIM f\u00fcr die Fahrzeug\u00fcberwachung\n\t<\/p>\n<\/div>\n\n<div id=\"widget-box\" class=\"drone\">\n\t<img decoding=\"async\" src=\"\/cze\/wp-content\/uploads\/sites\/3\/2025\/09\/drone_icon.png\" style=\"width: 80px\"><br>\n\t<span>Branchen<\/span>\n<p>\n\t\tIoT, SIM\/eSIM management\n\t<\/p>\n<span>Produkt<\/span>\n<p>\n\t\teSIM f\u00fcr Drohnenflotten\n\t<\/p>\n<\/div>\t\t<\/div>\n\t\t\t\t<\/div>\n\t\t\t\t\t<\/div>\n\t\t<\/div>\n\t\t\t\t<div class=\"elementor-column elementor-col-50 elementor-top-column elementor-element elementor-element-58cf973\" data-id=\"58cf973\" data-element_type=\"column\">\n\t\t\t<div class=\"elementor-widget-wrap elementor-element-populated\">\n\t\t\t\t\t\t\t\t<div class=\"elementor-element elementor-element-5809b185 elementor-widget elementor-widget-text-editor\" data-id=\"5809b185\" data-element_type=\"widget\" data-widget_type=\"text-editor.default\">\n\t\t\t\t<div class=\"elementor-widget-container\">\n\t\t\t\t\t\t\t<p>Das Hauptproblem sind hohe Roaming-Kosten beim Grenz\u00fcbertritt und das Fehlen eines Tools zur Optimierung der Verbindungskosten. Dar\u00fcber hinaus hat das Unternehmen mit h\u00e4ufigen Verbindungsausf\u00e4llen beim Wechsel des Roaming-Netzes zu k\u00e4mpfen, was die Echtzeit-\u00dcberwachung der Fahrzeuge erschwert. Das Unternehmen ben\u00f6tigt eine l\u00fcckenlose \u00dcberwachung seines Fuhrparks \u2013 von der Positionsverfolgung \u00fcber die \u00dcberwachung des Fahrerverhaltens bis hin zur Sicherheit der transportierten G\u00fcter.<\/p><p>Dank der COMVERGA eSIM-L\u00f6sung erh\u00e4lt der Partner eine intuitive Umgebung, in der er seine gesamte Flotte aus der Ferne verwalten, st\u00e4ndig \u00fcberwachen und die Betriebskosten auf ein Minimum reduzieren kann.<\/p>\t\t\t\t\t\t<\/div>\n\t\t\t\t<\/div>\n\t\t\t\t\t<\/div>\n\t\t<\/div>\n\t\t\t\t\t\t\t<\/div>\n\t\t<\/section>\n\t\t\t\t<section class=\"elementor-section elementor-top-section elementor-element elementor-element-e74e3b6 elementor-section-boxed elementor-section-height-default elementor-section-height-default\" data-id=\"e74e3b6\" data-element_type=\"section\">\n\t\t\t\t\t\t<div class=\"elementor-container elementor-column-gap-default\">\n\t\t\t\t\t<div class=\"elementor-column elementor-col-50 elementor-top-column elementor-element elementor-element-1508d08\" data-id=\"1508d08\" data-element_type=\"column\" data-settings=\"{&quot;background_background&quot;:&quot;classic&quot;}\">\n\t\t\t<div class=\"elementor-widget-wrap elementor-element-populated\">\n\t\t\t\t\t\t\t\t<div class=\"elementor-element elementor-element-08aeaa6 elementor-widget elementor-widget-text-editor\" data-id=\"08aeaa6\" data-element_type=\"widget\" data-widget_type=\"text-editor.default\">\n\t\t\t\t<div class=\"elementor-widget-container\">\n\t\t\t\t\t\t\t<h3>Was der Partner bekam:<\/h3><div class=\"page\" title=\"Seite 4\"><div class=\"layoutArea\"><div class=\"column\"><ul><li>Senkung der Kosten f\u00fcr Roaming und Datenkonnektivit\u00e4t<\/li><li>Kontinuierliche \u00dcberwachung der gesamten Flotte<\/li><li>Automatisches Umschalten zwischen Betreibern je nach Verf\u00fcgbarkeit<\/li><li>H\u00f6here Transportsicherheit dank stabiler Verbindung<\/li><li>Einheitliche Verwaltung und Berichterstattung f\u00fcr die gesamte Flotte<\/li><\/ul><\/div><\/div><\/div>\t\t\t\t\t\t<\/div>\n\t\t\t\t<\/div>\n\t\t\t\t\t<\/div>\n\t\t<\/div>\n\t\t\t\t<div class=\"elementor-column elementor-col-50 elementor-top-column elementor-element elementor-element-dfdc4b9\" data-id=\"dfdc4b9\" data-element_type=\"column\" data-settings=\"{&quot;background_background&quot;:&quot;classic&quot;}\">\n\t\t\t<div class=\"elementor-widget-wrap elementor-element-populated\">\n\t\t\t\t\t\t\t\t<div class=\"elementor-element elementor-element-6b21114 elementor-widget elementor-widget-text-editor\" data-id=\"6b21114\" data-element_type=\"widget\" data-widget_type=\"text-editor.default\">\n\t\t\t\t<div class=\"elementor-widget-container\">\n\t\t\t\t\t\t\t<h3>COMVERGA bietet:<\/h3><ul><li>Dynamisches Umschalten von Profilen beim Grenz\u00fcbertritt<\/li><li>Echtzeit-\u00dcberwachung der Fahrzeuge (Standort, Leistung usw.)<\/li><li>Daten f\u00fcr pr\u00e4diktive Analysen des Verbrauchs und der Betriebskosten<\/li><li>Integration in die Flottenmanagementsysteme des Transportunternehmens<\/li><li>Zentrale Plattform mit der M\u00f6glichkeit sofortiger Eingriffe<\/li><\/ul>\t\t\t\t\t\t<\/div>\n\t\t\t\t<\/div>\n\t\t\t\t\t<\/div>\n\t\t<\/div>\n\t\t\t\t\t\t\t<\/div>\n\t\t<\/section>\n\t\t\t\t\t\t\t<\/div>","protected":false},"excerpt":{"rendered":"<p>Mezin\u00e1rodn\u00ed p\u0159epravn\u00ed spole\u010dnost s\u00a0velk\u00fdm vozov\u00fdm parkem Spole\u010dnost provozuje rozs\u00e1hl\u00fd vozov\u00fd park kamion\u016f, dod\u00e1vek a speci\u00e1ln\u00edch transportn\u00edch vozidel. Jejich kl\u00ed\u010dov\u00fdm byznysem je mezin\u00e1rodn\u00ed p\u0159eprava zbo\u017e\u00ed, \u010dasto nap\u0159\u00ed\u010d celou Evropou. D\u016fraz kladou na p\u0159esnost, v\u010dasnost a bezpe\u010dnost p\u0159epravy. Hlavn\u00edm probl\u00e9mem je vysok\u00fd \u00fa\u010det za roaming p\u0159i p\u0159ejezdu hranic a absence n\u00e1stroje pro optimalizaci cen p\u0159ipojen\u00ed. D\u00e1le firma [&hellip;]<\/p>","protected":false},"author":1,"featured_media":5813,"parent":5809,"menu_order":4,"comment_status":"closed","ping_status":"closed","template":"","meta":{"footnotes":""},"_links":{"self":[{"href":"https:\/\/www.comverga.com\/cze\/de\/wp-json\/wp\/v2\/pages\/5840"}],"collection":[{"href":"https:\/\/www.comverga.com\/cze\/de\/wp-json\/wp\/v2\/pages"}],"about":[{"href":"https:\/\/www.comverga.com\/cze\/de\/wp-json\/wp\/v2\/types\/page"}],"author":[{"embeddable":true,"href":"https:\/\/www.comverga.com\/cze\/de\/wp-json\/wp\/v2\/users\/1"}],"replies":[{"embeddable":true,"href":"https:\/\/www.comverga.com\/cze\/de\/wp-json\/wp\/v2\/comments?post=5840"}],"version-history":[{"count":9,"href":"https:\/\/www.comverga.com\/cze\/de\/wp-json\/wp\/v2\/pages\/5840\/revisions"}],"predecessor-version":[{"id":5898,"href":"https:\/\/www.comverga.com\/cze\/de\/wp-json\/wp\/v2\/pages\/5840\/revisions\/5898"}],"up":[{"embeddable":true,"href":"https:\/\/www.comverga.com\/cze\/de\/wp-json\/wp\/v2\/pages\/5809"}],"wp:featuredmedia":[{"embeddable":true,"href":"https:\/\/www.comverga.com\/cze\/de\/wp-json\/wp\/v2\/media\/5813"}],"wp:attachment":[{"href":"https:\/\/www.comverga.com\/cze\/de\/wp-json\/wp\/v2\/media?parent=5840"}],"curies":[{"name":"wp","href":"https:\/\/api.w.org\/{rel}","templated":true}]}}