{"id":690,"date":"2020-12-15T13:00:43","date_gmt":"2020-12-15T12:00:43","guid":{"rendered":"https:\/\/www.comverga.com\/?page_id=690"},"modified":"2023-08-24T12:56:05","modified_gmt":"2023-08-24T10:56:05","slug":"doprava","status":"publish","type":"page","link":"https:\/\/www.comverga.com\/cze\/de\/odvetvi\/doprava\/","title":{"rendered":"Transport"},"content":{"rendered":"<div data-elementor-type=\"wp-page\" data-elementor-id=\"690\" class=\"elementor elementor-690\">\n\t\t\t\t\t\t\t\t\t<section class=\"elementor-section elementor-top-section elementor-element elementor-element-7de8f2be elementor-section-boxed elementor-section-height-default elementor-section-height-default\" data-id=\"7de8f2be\" data-element_type=\"section\">\n\t\t\t\t\t\t<div class=\"elementor-container elementor-column-gap-default\">\n\t\t\t\t\t<div class=\"elementor-column elementor-col-100 elementor-top-column elementor-element elementor-element-29a02e32\" data-id=\"29a02e32\" data-element_type=\"column\">\n\t\t\t<div class=\"elementor-widget-wrap elementor-element-populated\">\n\t\t\t\t\t\t\t\t<div class=\"elementor-element elementor-element-2a378780 elementor-widget elementor-widget-text-editor\" data-id=\"2a378780\" data-element_type=\"widget\" data-widget_type=\"text-editor.default\">\n\t\t\t\t<div class=\"elementor-widget-container\">\n\t\t\t\t\t\t\t<!-- wp:paragraph -->\n<p class=\"translation-block\">Unser Schwerpunkt in der Transportbranche liegt auf Ticket- und Passagierbenachrichtigungsdiensten. Messaging, mobile Applikationen und mobile Bezahlungen sind bereits seit mehr als einem Jahrzehnt von entscheidender Bedeutung. In j\u00fcngster Zeit gewinnen intelligente Ger\u00e4te, Sensoren und IoT-Infrastrukturen zunehmend an Bedeutung und werden zu einem integralen Bestandteil von Dienstleistungen und Kundenerfahrungen.<\/p>\n<!-- \/wp:paragraph --><!-- wp:paragraph -->\n<p class=\"translation-block\">Unser Serviceangebot umfasst:<\/p>\n<!-- \/wp:paragraph --><!-- wp:list -->\n<ul>\n<li>SMS \/ Mobile Ticketing \u2013 Parken und \u00f6ffentliche Verkehrsmittel<\/li>\n<li>Mobile Applikationen<\/li>\n<li>Benachrichtigungsdienste<\/li>\n<li>Mobile Bezahlungen und Bezahldienste<\/li>\n<li>Gesch\u00e4ftsprozess-Outsourcing (BPO \u2013 Business Process Outsourcing)<\/li>\n<li>Betrieb der Telekommunikationsinfrastruktur<\/li>\n<li>Professional Services<\/li>\n<li>Applikationsentwicklung<\/li>\n<li>Smart Parking<\/li>\n<\/ul>\n<!-- \/wp:list --><!-- wp:paragraph -->\n<p><strong>AUSGEW\u00c4HLTE PARTNER<\/strong> \u2013 \u00d6ffentliche Verkehrsunternehmen in Ostrava, Hradec Kr\u00e1lov\u00e9, Karlsbad<\/p>\n<!-- \/wp:paragraph --><!-- wp:paragraph -->\n<p>\u00a0<\/p>\n<!-- \/wp:paragraph -->\t\t\t\t\t\t<\/div>\n\t\t\t\t<\/div>\n\t\t\t\t\t<\/div>\n\t\t<\/div>\n\t\t\t\t\t\t\t<\/div>\n\t\t<\/section>\n\t\t\t\t\t\t\t<\/div>","protected":false},"excerpt":{"rendered":"<p>Na\u0161e zam\u011b\u0159en\u00ed v dopravn\u00edm pr\u016fmyslu je na prodej j\u00edzdenek a notifika\u010dn\u00ed slu\u017eby pro cestuj\u00edc\u00ed. Zpr\u00e1vy, mobiln\u00ed aplikace a mobiln\u00ed platby jsou zde z\u00e1sadn\u00ed ji\u017e po v\u00edce ne\u017e deset let&#8230;<\/p>","protected":false},"author":1,"featured_media":4989,"parent":344,"menu_order":6,"comment_status":"closed","ping_status":"closed","template":"","meta":{"footnotes":""},"_links":{"self":[{"href":"https:\/\/www.comverga.com\/cze\/de\/wp-json\/wp\/v2\/pages\/690"}],"collection":[{"href":"https:\/\/www.comverga.com\/cze\/de\/wp-json\/wp\/v2\/pages"}],"about":[{"href":"https:\/\/www.comverga.com\/cze\/de\/wp-json\/wp\/v2\/types\/page"}],"author":[{"embeddable":true,"href":"https:\/\/www.comverga.com\/cze\/de\/wp-json\/wp\/v2\/users\/1"}],"replies":[{"embeddable":true,"href":"https:\/\/www.comverga.com\/cze\/de\/wp-json\/wp\/v2\/comments?post=690"}],"version-history":[{"count":13,"href":"https:\/\/www.comverga.com\/cze\/de\/wp-json\/wp\/v2\/pages\/690\/revisions"}],"predecessor-version":[{"id":5041,"href":"https:\/\/www.comverga.com\/cze\/de\/wp-json\/wp\/v2\/pages\/690\/revisions\/5041"}],"up":[{"embeddable":true,"href":"https:\/\/www.comverga.com\/cze\/de\/wp-json\/wp\/v2\/pages\/344"}],"wp:featuredmedia":[{"embeddable":true,"href":"https:\/\/www.comverga.com\/cze\/de\/wp-json\/wp\/v2\/media\/4989"}],"wp:attachment":[{"href":"https:\/\/www.comverga.com\/cze\/de\/wp-json\/wp\/v2\/media?parent=690"}],"curies":[{"name":"wp","href":"https:\/\/api.w.org\/{rel}","templated":true}]}}