{"id":1085,"date":"2021-01-20T13:43:17","date_gmt":"2021-01-20T12:43:17","guid":{"rendered":"https:\/\/www.comverga.com\/cze\/?page_id=1085"},"modified":"2022-05-31T12:56:23","modified_gmt":"2022-05-31T10:56:23","slug":"customer-care-consultant","status":"publish","type":"page","link":"https:\/\/www.comverga.com\/cze\/en\/customer-care-consultant\/","title":{"rendered":"Customer Care Consultant \/ Account Manager"},"content":{"rendered":"<p><\/p>\n\n\n<\/p>\n<p>\n\n\n<p><\/p>\n\n\n<\/p>\n<h3 class=\"wp-block-heading\">CO U N\u00c1S BUDETE D\u011aLAT?<\/h3>\n<p>\n\n\n<p><\/p>\n\n\n<\/p>\n<ul>\n<li>P\u00e9\u010de o st\u00e1vaj\u00edc\u00ed z\u00e1kazn\u00edky\/partnery a aktivn\u00ed komunikace s nimi<\/li>\n<li>Spr\u00e1va z\u00e1kaznick\u00fdch dat, po\u017eadavk\u016f, objedn\u00e1vek slu\u017eeb<\/li>\n<li>Budov\u00e1n\u00ed a rozvoj strategick\u00fdch vztah\u016f<\/li>\n<li>P\u0159\u00edprava prezentac\u00ed, nab\u00eddek a realizace partnersk\u00fdch \u0161kolen\u00ed<\/li>\n<li>Vytv\u00e1\u0159en\u00ed a aktualizace proces\u016f\/postup\u016f<\/li>\n<li>P\u0159\u00edprava koncov\u00fdch za\u0159\u00edzen\u00ed pro z\u00e1kazn\u00edky (modemy, routery, SIM apod.)<\/li>\n<li>Dal\u0161\u00ed administrativn\u00ed pr\u00e1ce (vy\u0159izov\u00e1n\u00ed reklamac\u00ed, komunikace s institucemi, p\u0159\u00edprava v\u00fdhern\u00edch protokol\u016f apod.)<\/li>\n<\/ul>\n<p>\n\n\n<p><\/p>\n\n\n<\/p>\n<h3 class=\"wp-block-heading\">CO MUS\u00cdTE ZN\u00c1T, M\u00cdT A UM\u011aT?<\/h3>\n<p>\n\n\n<p><\/p>\n\n\n<\/p>\n<ul>\n<li>Proaktivn\u00ed p\u0159\u00edstup a samostatnost<\/li>\n<li>V\u00fdborn\u00e9 komunika\u010dn\u00ed schopnosti<\/li>\n<li>Chu\u0165 u\u010dit se nov\u00fdm v\u011bcem<\/li>\n<li>Schopnost nab\u00eddnout vhodn\u00e9 \u0159e\u0161en\u00ed<\/li>\n<li>Velmi dobr\u00e1 znalost pr\u00e1ce na PC (Word, Excel, Power Point)<\/li>\n<\/ul>\n<h3 style=\"text-align: left;\">BUDE SE HODIT<\/h3>\n<ul style=\"text-align: left; font-size: 15px;\">\n<li>Odolnost v\u016f\u010di stresu a zm\u011bn\u00e1m\u00a0<\/li>\n<li>Um\u011bt motivovat a zaujmout<\/li>\n<li>\u0158idi\u010dsk\u00fd pr\u016fkaz<\/li>\n<li>Dobr\u00e1 n\u00e1lada a t\u00fdmov\u00fd duch \ud83d\ude42<\/li>\n<\/ul>\n<h3 style=\"text-align: left;\">U N\u00c1S NEHLEDEJTE<\/h3>\n<ul style=\"font-size: 15px; text-align: left;\">\n<li>Stereotypn\u00ed pr\u00e1ci<\/li>\n<li>Call centrum<\/li>\n<li>Aktivn\u00ed telemarketing<\/li>\n<\/ul>\n<p>\n\n\n<p><\/p>\n\n\n\n<p><\/p>","protected":false},"excerpt":{"rendered":"<p>CO U N\u00c1S BUDETE D\u011aLAT? P\u00e9\u010de o st\u00e1vaj\u00edc\u00ed z\u00e1kazn\u00edky\/partnery a aktivn\u00ed komunikace s nimi Spr\u00e1va z\u00e1kaznick\u00fdch dat, po\u017eadavk\u016f, objedn\u00e1vek slu\u017eeb Budov\u00e1n\u00ed a rozvoj strategick\u00fdch vztah\u016f P\u0159\u00edprava prezentac\u00ed, nab\u00eddek a realizace partnersk\u00fdch \u0161kolen\u00ed Vytv\u00e1\u0159en\u00ed a aktualizace proces\u016f\/postup\u016f P\u0159\u00edprava koncov\u00fdch za\u0159\u00edzen\u00ed pro z\u00e1kazn\u00edky (modemy, routery, SIM apod.) Dal\u0161\u00ed administrativn\u00ed pr\u00e1ce (vy\u0159izov\u00e1n\u00ed reklamac\u00ed, komunikace s institucemi, p\u0159\u00edprava v\u00fdhern\u00edch [&hellip;]<\/p>","protected":false},"author":1,"featured_media":1166,"parent":0,"menu_order":3,"comment_status":"closed","ping_status":"closed","template":"","meta":{"footnotes":""},"_links":{"self":[{"href":"https:\/\/www.comverga.com\/cze\/en\/wp-json\/wp\/v2\/pages\/1085"}],"collection":[{"href":"https:\/\/www.comverga.com\/cze\/en\/wp-json\/wp\/v2\/pages"}],"about":[{"href":"https:\/\/www.comverga.com\/cze\/en\/wp-json\/wp\/v2\/types\/page"}],"author":[{"embeddable":true,"href":"https:\/\/www.comverga.com\/cze\/en\/wp-json\/wp\/v2\/users\/1"}],"replies":[{"embeddable":true,"href":"https:\/\/www.comverga.com\/cze\/en\/wp-json\/wp\/v2\/comments?post=1085"}],"version-history":[{"count":30,"href":"https:\/\/www.comverga.com\/cze\/en\/wp-json\/wp\/v2\/pages\/1085\/revisions"}],"predecessor-version":[{"id":1535,"href":"https:\/\/www.comverga.com\/cze\/en\/wp-json\/wp\/v2\/pages\/1085\/revisions\/1535"}],"wp:featuredmedia":[{"embeddable":true,"href":"https:\/\/www.comverga.com\/cze\/en\/wp-json\/wp\/v2\/media\/1166"}],"wp:attachment":[{"href":"https:\/\/www.comverga.com\/cze\/en\/wp-json\/wp\/v2\/media?parent=1085"}],"curies":[{"name":"wp","href":"https:\/\/api.w.org\/{rel}","templated":true}]}}