{"id":184,"date":"2020-11-25T13:09:29","date_gmt":"2020-11-25T12:09:29","guid":{"rendered":"https:\/\/www.comverga.com\/?page_id=184"},"modified":"2023-02-27T16:48:23","modified_gmt":"2023-02-27T15:48:23","slug":"provoz-telekomunikacni-infrastruktury","status":"publish","type":"page","link":"https:\/\/www.comverga.com\/cze\/en\/provoz-telekomunikacni-infrastruktury\/","title":{"rendered":"Telco Infrastructure Operations"},"content":{"rendered":"<div data-elementor-type=\"wp-page\" data-elementor-id=\"184\" class=\"elementor elementor-184\">\n\t\t\t\t\t\t\t\t\t<section class=\"elementor-section elementor-top-section elementor-element elementor-element-66c58b4f elementor-section-boxed elementor-section-height-default elementor-section-height-default\" data-id=\"66c58b4f\" data-element_type=\"section\">\n\t\t\t\t\t\t<div class=\"elementor-container elementor-column-gap-default\">\n\t\t\t\t\t<div class=\"elementor-column elementor-col-100 elementor-top-column elementor-element elementor-element-6a086012\" data-id=\"6a086012\" data-element_type=\"column\">\n\t\t\t<div class=\"elementor-widget-wrap elementor-element-populated\">\n\t\t\t\t\t\t\t\t<div class=\"elementor-element elementor-element-3daf8b24 elementor-widget elementor-widget-text-editor\" data-id=\"3daf8b24\" data-element_type=\"widget\" data-widget_type=\"text-editor.default\">\n\t\t\t\t<div class=\"elementor-widget-container\">\n\t\t\t\t\t\t\t<!-- wp:paragraph -->\n<p class=\"translation-block\">We develop and operate our own telecommunications infrastructure. This allows us to provide quality services independent of technology, suppliers and networks.<\/p>\n<!-- \/wp:paragraph -->\n\n<!-- wp:paragraph -->\n<p>We connect operators and service providers on our infrastructure so that we can offer a full range of converged services to our partners and customers.<\/p>\n<!-- \/wp:paragraph -->\t\t\t\t\t\t<\/div>\n\t\t\t\t<\/div>\n\t\t\t\t\t<\/div>\n\t\t<\/div>\n\t\t\t\t\t\t\t<\/div>\n\t\t<\/section>\n\t\t\t\t\t\t\t<\/div>","protected":false},"excerpt":{"rendered":"<p>Vyv\u00edj\u00edme a provozujeme vlastn\u00ed telekomunika\u010dn\u00ed infrastrukturu. To n\u00e1m umo\u017enuje poskytovat kvalitn\u00ed slu\u017eby nez\u00e1visl\u00e9 na technologii, dodavatel\u00edch a s\u00edt\u00edch. Na na\u0161\u00ed infrastruktu\u0159e propojujeme oper\u00e1tory a poskytovatele slu\u017eeb tak, abychom byli schopni nab\u00eddnout plnou \u0161k\u00e1lu konvergovan\u00fdch su\u017eeb na\u0161im partner\u016fm a z\u00e1kazn\u00edk\u016fm.<\/p>","protected":false},"author":1,"featured_media":143,"parent":0,"menu_order":102,"comment_status":"closed","ping_status":"closed","template":"","meta":{"footnotes":""},"_links":{"self":[{"href":"https:\/\/www.comverga.com\/cze\/en\/wp-json\/wp\/v2\/pages\/184"}],"collection":[{"href":"https:\/\/www.comverga.com\/cze\/en\/wp-json\/wp\/v2\/pages"}],"about":[{"href":"https:\/\/www.comverga.com\/cze\/en\/wp-json\/wp\/v2\/types\/page"}],"author":[{"embeddable":true,"href":"https:\/\/www.comverga.com\/cze\/en\/wp-json\/wp\/v2\/users\/1"}],"replies":[{"embeddable":true,"href":"https:\/\/www.comverga.com\/cze\/en\/wp-json\/wp\/v2\/comments?post=184"}],"version-history":[{"count":3,"href":"https:\/\/www.comverga.com\/cze\/en\/wp-json\/wp\/v2\/pages\/184\/revisions"}],"predecessor-version":[{"id":2626,"href":"https:\/\/www.comverga.com\/cze\/en\/wp-json\/wp\/v2\/pages\/184\/revisions\/2626"}],"wp:featuredmedia":[{"embeddable":true,"href":"https:\/\/www.comverga.com\/cze\/en\/wp-json\/wp\/v2\/media\/143"}],"wp:attachment":[{"href":"https:\/\/www.comverga.com\/cze\/en\/wp-json\/wp\/v2\/media?parent=184"}],"curies":[{"name":"wp","href":"https:\/\/api.w.org\/{rel}","templated":true}]}}