{"id":2754,"date":"2023-02-28T16:16:05","date_gmt":"2023-02-28T15:16:05","guid":{"rendered":"https:\/\/www.comverga.com\/cze\/?page_id=2754"},"modified":"2023-12-13T12:48:26","modified_gmt":"2023-12-13T11:48:26","slug":"developer-platebniho-a-telekomunikacniho-systemu","status":"publish","type":"page","link":"https:\/\/www.comverga.com\/cze\/en\/developer-platebniho-a-telekomunikacniho-systemu\/","title":{"rendered":"Developer of Payment and Telecommunication System"},"content":{"rendered":"<div data-elementor-type=\"wp-page\" data-elementor-id=\"2754\" class=\"elementor elementor-2754\">\n\t\t\t\t\t\t\t\t\t<section class=\"elementor-section elementor-top-section elementor-element elementor-element-0111e3c elementor-section-boxed elementor-section-height-default elementor-section-height-default\" data-id=\"0111e3c\" data-element_type=\"section\">\n\t\t\t\t\t\t<div class=\"elementor-container elementor-column-gap-default\">\n\t\t\t\t\t<div class=\"elementor-column elementor-col-50 elementor-top-column elementor-element elementor-element-74e3986\" data-id=\"74e3986\" data-element_type=\"column\">\n\t\t\t<div class=\"elementor-widget-wrap elementor-element-populated\">\n\t\t\t\t\t\t\t\t<div class=\"elementor-element elementor-element-53f1dcc elementor-widget elementor-widget-stratum-image-accordion\" data-id=\"53f1dcc\" data-element_type=\"widget\" data-widget_type=\"stratum-image-accordion.default\">\n\t\t\t\t<div class=\"elementor-widget-container\">\n\t\t\t<div class=\"stratum-image-accordion image-accordion-horizontal activate-on-click\">\n    <div class=\"stratum-image-accordion__container\">        <div class=\"stratum-image-accordion__item elementor-repeater-item-accc356\">\n            <div class=\"stratum-image-accordion__background\"><\/div>\n            <div class=\"stratum-image-accordion__overlay\">\n\t\t\t\t            <\/div>\n        <\/div>\n        <\/div>\n<\/div>\n\t\t<\/div>\n\t\t\t\t<\/div>\n\t\t\t\t\t<\/div>\n\t\t<\/div>\n\t\t\t\t<div class=\"elementor-column elementor-col-50 elementor-top-column elementor-element elementor-element-cc028e2\" data-id=\"cc028e2\" data-element_type=\"column\">\n\t\t\t<div class=\"elementor-widget-wrap elementor-element-populated\">\n\t\t\t\t\t\t\t\t<div class=\"elementor-element elementor-element-57c8844 elementor-widget elementor-widget-heading\" data-id=\"57c8844\" data-element_type=\"widget\" id=\"career-header\" data-widget_type=\"heading.default\">\n\t\t\t\t<div class=\"elementor-widget-container\">\n\t\t\t<h2 class=\"elementor-heading-title elementor-size-default\">What you will do with us<\/h2>\t\t<\/div>\n\t\t\t\t<\/div>\n\t\t\t\t<div class=\"elementor-element elementor-element-84bdd29 elementor-widget elementor-widget-text-editor\" data-id=\"84bdd29\" data-element_type=\"widget\" data-widget_type=\"text-editor.default\">\n\t\t\t\t<div class=\"elementor-widget-container\">\n\t\t\t\t\t\t\t<p class=\"translation-block\">You will be moving in an Agile Development environment and working closely with the DevOps team. You will be involved in analysing, designing and developing new functionalities and systems. Do you enjoy solving technology challenges? You will develop robust and powerful systems and create interesting and complex back-end and front-end solutions for Telco and Payment Services. It\u2019s also about working with database structures. It doesn\u2019t end with one project \u2013 we work on long-term projects in Banking, Telco and Automotive and continue to take care of them.<\/p>\t\t\t\t\t\t<\/div>\n\t\t\t\t<\/div>\n\t\t\t\t<div class=\"elementor-element elementor-element-7d08883 elementor-widget elementor-widget-heading\" data-id=\"7d08883\" data-element_type=\"widget\" id=\"career-header\" data-widget_type=\"heading.default\">\n\t\t\t\t<div class=\"elementor-widget-container\">\n\t\t\t<h2 class=\"elementor-heading-title elementor-size-default\">What you should know, have, be able to<\/h2>\t\t<\/div>\n\t\t\t\t<\/div>\n\t\t\t\t<div class=\"elementor-element elementor-element-ab2aadc elementor-widget elementor-widget-text-editor\" data-id=\"ab2aadc\" data-element_type=\"widget\" data-widget_type=\"text-editor.default\">\n\t\t\t\t<div class=\"elementor-widget-container\">\n\t\t\t\t\t\t\t<p class=\"translation-block\">A willingness to learn new things, communicate and collaborate with other team members is a prerequisite. You should be knowledgeable and able to work across a wide range of projects. You will work with databases (MySQL or other SQL) and create object oriented application designs. We expect you to face technological challenges as well as solve technical problems.<\/p>\t\t\t\t\t\t<\/div>\n\t\t\t\t<\/div>\n\t\t\t\t\t<\/div>\n\t\t<\/div>\n\t\t\t\t\t\t\t<\/div>\n\t\t<\/section>\n\t\t\t\t<section class=\"elementor-section elementor-top-section elementor-element elementor-element-d442fbd elementor-section-boxed elementor-section-height-default elementor-section-height-default\" data-id=\"d442fbd\" data-element_type=\"section\" id=\"career-about\">\n\t\t\t\t\t\t<div class=\"elementor-container elementor-column-gap-default\">\n\t\t\t\t\t<div class=\"elementor-column elementor-col-50 elementor-top-column elementor-element elementor-element-ad56b3b\" data-id=\"ad56b3b\" data-element_type=\"column\" data-settings=\"{&quot;background_background&quot;:&quot;classic&quot;}\">\n\t\t\t<div class=\"elementor-widget-wrap elementor-element-populated\">\n\t\t\t\t\t\t\t\t<div class=\"elementor-element elementor-element-d091fdf elementor-widget elementor-widget-heading\" data-id=\"d091fdf\" data-element_type=\"widget\" data-widget_type=\"heading.default\">\n\t\t\t\t<div class=\"elementor-widget-container\">\n\t\t\t<h2 class=\"elementor-heading-title elementor-size-default\">We offer<\/h2>\t\t<\/div>\n\t\t\t\t<\/div>\n\t\t\t\t<div class=\"elementor-element elementor-element-839dd53 elementor-widget elementor-widget-text-editor\" data-id=\"839dd53\" data-element_type=\"widget\" data-widget_type=\"text-editor.default\">\n\t\t\t\t<div class=\"elementor-widget-container\">\n\t\t\t\t\t\t\t<p><span style=\"color: #8a8a8a;\"><strong>Commitment:\u00a0<\/strong><\/span>Part-time, Full-time<\/p><p><strong><span style=\"color: #8a8a8a;\">Form of cooperation:\u00a0<\/span><\/strong>Work contract<\/p><p><strong><span style=\"color: #8a8a8a;\">Workplace:<\/span><\/strong> Remote\/Office combination<\/p>\t\t\t\t\t\t<\/div>\n\t\t\t\t<\/div>\n\t\t\t\t\t<\/div>\n\t\t<\/div>\n\t\t\t\t<div class=\"elementor-column elementor-col-50 elementor-top-column elementor-element elementor-element-b4ff484\" data-id=\"b4ff484\" data-element_type=\"column\" data-settings=\"{&quot;background_background&quot;:&quot;classic&quot;}\">\n\t\t\t<div class=\"elementor-widget-wrap elementor-element-populated\">\n\t\t\t\t\t\t\t\t<div class=\"elementor-element elementor-element-4a729dd elementor-widget elementor-widget-heading\" data-id=\"4a729dd\" data-element_type=\"widget\" data-widget_type=\"heading.default\">\n\t\t\t\t<div class=\"elementor-widget-container\">\n\t\t\t<h2 class=\"elementor-heading-title elementor-size-default\">We require<\/h2>\t\t<\/div>\n\t\t\t\t<\/div>\n\t\t\t\t<div class=\"elementor-element elementor-element-f8bed3e elementor-widget elementor-widget-text-editor\" data-id=\"f8bed3e\" data-element_type=\"widget\" data-widget_type=\"text-editor.default\">\n\t\t\t\t<div class=\"elementor-widget-container\">\n\t\t\t\t\t\t\t<p><strong><span style=\"color: #8a8a8a;\">Key Skills:\u00a0<\/span><\/strong>SQL, Node.js, Git, Docker<\/p><p><span style=\"color: #8a8a8a;\"><strong>Other skills: <\/strong><\/span>PHP, HTML, CSS, REST API, Java, Perl, TypeScript, Nette framework, Android Development<\/p><p><strong><span style=\"color: #8a8a8a;\">Technology used in the position: <\/span><\/strong>Docker, Git, ElasticSearch, MySQL, Node.js, Redis<\/p><p><strong><span style=\"color: #8a8a8a;\">Languages:<\/span><\/strong> Czech, English<\/p>\t\t\t\t\t\t<\/div>\n\t\t\t\t<\/div>\n\t\t\t\t\t<\/div>\n\t\t<\/div>\n\t\t\t\t\t\t\t<\/div>\n\t\t<\/section>\n\t\t\t\t<section class=\"elementor-section elementor-top-section elementor-element elementor-element-77b03cf elementor-section-boxed elementor-section-height-default elementor-section-height-default\" data-id=\"77b03cf\" data-element_type=\"section\">\n\t\t\t\t\t\t<div class=\"elementor-container elementor-column-gap-default\">\n\t\t\t\t\t<div class=\"elementor-column elementor-col-100 elementor-top-column elementor-element elementor-element-59231ca\" data-id=\"59231ca\" data-element_type=\"column\">\n\t\t\t<div class=\"elementor-widget-wrap elementor-element-populated\">\n\t\t\t\t\t\t\t\t<div class=\"elementor-element elementor-element-e5dcf37 elementor-widget elementor-widget-text-editor\" data-id=\"e5dcf37\" data-element_type=\"widget\" data-widget_type=\"text-editor.default\">\n\t\t\t\t<div class=\"elementor-widget-container\">\n\t\t\t\t\t\t\t<p style=\"text-align: center;\">If you are interested or have any questions. <br \/>Email us at <a href=\"mailto:kariera@comverga.com\">kariera@comverga.com<\/a><\/p>\t\t\t\t\t\t<\/div>\n\t\t\t\t<\/div>\n\t\t\t\t\t<\/div>\n\t\t<\/div>\n\t\t\t\t\t\t\t<\/div>\n\t\t<\/section>\n\t\t\t\t\t\t\t<\/div>","protected":false},"excerpt":{"rendered":"<p>Co u n\u00e1s bude\u0161 d\u011blat Bude\u0161 se pohybovat v prost\u0159ed\u00ed agiln\u00edho v\u00fdvoje a \u00fazce spolupracovat s DevOps t\u00fdmem. Bude\u0161 se pod\u00edlet na anal\u00fdze, navrhov\u00e1n\u00ed a vyv\u00edjen\u00ed nov\u00fdch funkcionalit a syst\u00e9m\u016f. Bav\u00ed t\u011b \u0159e\u0161it technologick\u00e9 v\u00fdzvy? Bude\u0161 vyv\u00edjet robustn\u00ed a v\u00fdkonn\u00e9 syst\u00e9my a vytv\u00e1\u0159et zaj\u00edmav\u00e1 a komplexn\u00ed back-end \u00a0i front-end \u0159e\u0161en\u00ed pro telco a platebn\u00ed slu\u017eby. [&hellip;]<\/p>","protected":false},"author":1,"featured_media":2756,"parent":0,"menu_order":0,"comment_status":"closed","ping_status":"closed","template":"","meta":{"footnotes":""},"_links":{"self":[{"href":"https:\/\/www.comverga.com\/cze\/en\/wp-json\/wp\/v2\/pages\/2754"}],"collection":[{"href":"https:\/\/www.comverga.com\/cze\/en\/wp-json\/wp\/v2\/pages"}],"about":[{"href":"https:\/\/www.comverga.com\/cze\/en\/wp-json\/wp\/v2\/types\/page"}],"author":[{"embeddable":true,"href":"https:\/\/www.comverga.com\/cze\/en\/wp-json\/wp\/v2\/users\/1"}],"replies":[{"embeddable":true,"href":"https:\/\/www.comverga.com\/cze\/en\/wp-json\/wp\/v2\/comments?post=2754"}],"version-history":[{"count":88,"href":"https:\/\/www.comverga.com\/cze\/en\/wp-json\/wp\/v2\/pages\/2754\/revisions"}],"predecessor-version":[{"id":5421,"href":"https:\/\/www.comverga.com\/cze\/en\/wp-json\/wp\/v2\/pages\/2754\/revisions\/5421"}],"wp:featuredmedia":[{"embeddable":true,"href":"https:\/\/www.comverga.com\/cze\/en\/wp-json\/wp\/v2\/media\/2756"}],"wp:attachment":[{"href":"https:\/\/www.comverga.com\/cze\/en\/wp-json\/wp\/v2\/media?parent=2754"}],"curies":[{"name":"wp","href":"https:\/\/api.w.org\/{rel}","templated":true}]}}