{"id":2797,"date":"2023-02-28T16:36:24","date_gmt":"2023-02-28T15:36:24","guid":{"rendered":"https:\/\/www.comverga.com\/cze\/?page_id=2797"},"modified":"2023-12-13T12:48:52","modified_gmt":"2023-12-13T11:48:52","slug":"service-manager-it-telco-sluzeb","status":"publish","type":"page","link":"https:\/\/www.comverga.com\/cze\/en\/service-manager-it-telco-sluzeb\/","title":{"rendered":"Service Manager of IT\/Telco Services"},"content":{"rendered":"<div data-elementor-type=\"wp-page\" data-elementor-id=\"2797\" class=\"elementor elementor-2797\">\n\t\t\t\t\t\t\t\t\t<section class=\"elementor-section elementor-top-section elementor-element elementor-element-0111e3c elementor-section-boxed elementor-section-height-default elementor-section-height-default\" data-id=\"0111e3c\" data-element_type=\"section\">\n\t\t\t\t\t\t<div class=\"elementor-container elementor-column-gap-default\">\n\t\t\t\t\t<div class=\"elementor-column elementor-col-50 elementor-top-column elementor-element elementor-element-74e3986\" data-id=\"74e3986\" data-element_type=\"column\">\n\t\t\t<div class=\"elementor-widget-wrap elementor-element-populated\">\n\t\t\t\t\t\t\t\t<div class=\"elementor-element elementor-element-53f1dcc elementor-widget elementor-widget-stratum-image-accordion\" data-id=\"53f1dcc\" data-element_type=\"widget\" data-widget_type=\"stratum-image-accordion.default\">\n\t\t\t\t<div class=\"elementor-widget-container\">\n\t\t\t<div class=\"stratum-image-accordion image-accordion-horizontal activate-on-click\">\n    <div class=\"stratum-image-accordion__container\">        <div class=\"stratum-image-accordion__item elementor-repeater-item-accc356\">\n            <div class=\"stratum-image-accordion__background\"><\/div>\n            <div class=\"stratum-image-accordion__overlay\">\n\t\t\t\t            <\/div>\n        <\/div>\n        <\/div>\n<\/div>\n\t\t<\/div>\n\t\t\t\t<\/div>\n\t\t\t\t\t<\/div>\n\t\t<\/div>\n\t\t\t\t<div class=\"elementor-column elementor-col-50 elementor-top-column elementor-element elementor-element-cc028e2\" data-id=\"cc028e2\" data-element_type=\"column\">\n\t\t\t<div class=\"elementor-widget-wrap elementor-element-populated\">\n\t\t\t\t\t\t\t\t<div class=\"elementor-element elementor-element-57c8844 elementor-widget elementor-widget-heading\" data-id=\"57c8844\" data-element_type=\"widget\" id=\"career-header\" data-widget_type=\"heading.default\">\n\t\t\t\t<div class=\"elementor-widget-container\">\n\t\t\t<h2 class=\"elementor-heading-title elementor-size-default\">What you will do with us<\/h2>\t\t<\/div>\n\t\t\t\t<\/div>\n\t\t\t\t<div class=\"elementor-element elementor-element-84bdd29 elementor-widget elementor-widget-text-editor\" data-id=\"84bdd29\" data-element_type=\"widget\" data-widget_type=\"text-editor.default\">\n\t\t\t\t<div class=\"elementor-widget-container\">\n\t\t\t\t\t\t\t<p class=\"translation-block\">You will be put in charge of a running service, that requires TLC (tender loving care) like all of them. The Service Manager must not only ensure that the service is delivered, but also monitor how it is being delivered and work to keep its effectiveness and quality. It will certainly not be a one man show, but the whole company (Ops, DEV, Customer Care,\u2026) is available to ensure the service is running. However, sometimes you need to roll up your sleeves and pull the work off independently. At the same time, Customers come up with ideas that are already outside the scope of Service maintenance, then you need to communicate with the production people so that a good business opportunity doesn\u2019t accidentally remain unused.<\/p>\t\t\t\t\t\t<\/div>\n\t\t\t\t<\/div>\n\t\t\t\t<div class=\"elementor-element elementor-element-7d08883 elementor-widget elementor-widget-heading\" data-id=\"7d08883\" data-element_type=\"widget\" id=\"career-header\" data-widget_type=\"heading.default\">\n\t\t\t\t<div class=\"elementor-widget-container\">\n\t\t\t<h2 class=\"elementor-heading-title elementor-size-default\">What you should know, have, be able to<\/h2>\t\t<\/div>\n\t\t\t\t<\/div>\n\t\t\t\t<div class=\"elementor-element elementor-element-ab2aadc elementor-widget elementor-widget-text-editor\" data-id=\"ab2aadc\" data-element_type=\"widget\" data-widget_type=\"text-editor.default\">\n\t\t\t\t<div class=\"elementor-widget-container\">\n\t\t\t\t\t\t\t<p class=\"translation-block\">We welcome knowledge in Telco environment and Technologies. Independence in work, ability to absorb processes and then improve them are the right prerequisites for this position. You should be able to put people at ease when solving problems and focus constructively. You will often be able to write selects in a database and visualize them in tools such as Grafana.<\/p>\t\t\t\t\t\t<\/div>\n\t\t\t\t<\/div>\n\t\t\t\t\t<\/div>\n\t\t<\/div>\n\t\t\t\t\t\t\t<\/div>\n\t\t<\/section>\n\t\t\t\t<section class=\"elementor-section elementor-top-section elementor-element elementor-element-4ad92f8 elementor-section-boxed elementor-section-height-default elementor-section-height-default\" data-id=\"4ad92f8\" data-element_type=\"section\" id=\"career-about\">\n\t\t\t\t\t\t<div class=\"elementor-container elementor-column-gap-default\">\n\t\t\t\t\t<div class=\"elementor-column elementor-col-50 elementor-top-column elementor-element elementor-element-379478a\" data-id=\"379478a\" data-element_type=\"column\" data-settings=\"{&quot;background_background&quot;:&quot;classic&quot;}\">\n\t\t\t<div class=\"elementor-widget-wrap elementor-element-populated\">\n\t\t\t\t\t\t\t\t<div class=\"elementor-element elementor-element-5ce3558 elementor-widget elementor-widget-heading\" data-id=\"5ce3558\" data-element_type=\"widget\" data-widget_type=\"heading.default\">\n\t\t\t\t<div class=\"elementor-widget-container\">\n\t\t\t<h2 class=\"elementor-heading-title elementor-size-default\">We offer<\/h2>\t\t<\/div>\n\t\t\t\t<\/div>\n\t\t\t\t<div class=\"elementor-element elementor-element-6ab9447 elementor-widget elementor-widget-text-editor\" data-id=\"6ab9447\" data-element_type=\"widget\" data-widget_type=\"text-editor.default\">\n\t\t\t\t<div class=\"elementor-widget-container\">\n\t\t\t\t\t\t\t<p><span style=\"color: #8a8a8a;\"><strong>Commitment: <\/strong><\/span>Full-time<\/p><p><strong><span style=\"color: #8a8a8a;\">Form of cooperation: <\/span><\/strong>Work contract<\/p><p><strong><span style=\"color: #8a8a8a;\">Workplace:<\/span> <\/strong>Remote\/Office combination<\/p>\t\t\t\t\t\t<\/div>\n\t\t\t\t<\/div>\n\t\t\t\t\t<\/div>\n\t\t<\/div>\n\t\t\t\t<div class=\"elementor-column elementor-col-50 elementor-top-column elementor-element elementor-element-81aa378\" data-id=\"81aa378\" data-element_type=\"column\" data-settings=\"{&quot;background_background&quot;:&quot;classic&quot;}\">\n\t\t\t<div class=\"elementor-widget-wrap elementor-element-populated\">\n\t\t\t\t\t\t\t\t<div class=\"elementor-element elementor-element-b7156f1 elementor-widget elementor-widget-heading\" data-id=\"b7156f1\" data-element_type=\"widget\" data-widget_type=\"heading.default\">\n\t\t\t\t<div class=\"elementor-widget-container\">\n\t\t\t<h2 class=\"elementor-heading-title elementor-size-default\">We require<\/h2>\t\t<\/div>\n\t\t\t\t<\/div>\n\t\t\t\t<div class=\"elementor-element elementor-element-3307498 elementor-widget elementor-widget-text-editor\" data-id=\"3307498\" data-element_type=\"widget\" data-widget_type=\"text-editor.default\">\n\t\t\t\t<div class=\"elementor-widget-container\">\n\t\t\t\t\t\t\t<p><strong><span style=\"color: #8a8a8a;\">Key Skills:\u00a0<\/span><\/strong>Project Management, SQL, Product Management, Testing, Analytical skills<\/p><p><span style=\"color: #8a8a8a;\"><strong>Other skills:\u00a0<\/strong><\/span>Leadership, Communication skills<\/p><p><strong><span style=\"color: #8a8a8a;\">Technology used in the position:\u00a0<\/span><\/strong>Grafana, Office 365, SQL<\/p><p><strong><span style=\"color: #8a8a8a;\">Languages:<\/span><\/strong> Czech, English<\/p>\t\t\t\t\t\t<\/div>\n\t\t\t\t<\/div>\n\t\t\t\t\t<\/div>\n\t\t<\/div>\n\t\t\t\t\t\t\t<\/div>\n\t\t<\/section>\n\t\t\t\t<section class=\"elementor-section elementor-top-section elementor-element elementor-element-f2b5c10 elementor-section-boxed elementor-section-height-default elementor-section-height-default\" data-id=\"f2b5c10\" data-element_type=\"section\">\n\t\t\t\t\t\t<div class=\"elementor-container elementor-column-gap-default\">\n\t\t\t\t\t<div class=\"elementor-column elementor-col-100 elementor-top-column elementor-element elementor-element-2b816ca\" data-id=\"2b816ca\" data-element_type=\"column\">\n\t\t\t<div class=\"elementor-widget-wrap elementor-element-populated\">\n\t\t\t\t\t\t\t\t<div class=\"elementor-element elementor-element-bd9d8b6 elementor-widget elementor-widget-text-editor\" data-id=\"bd9d8b6\" data-element_type=\"widget\" data-widget_type=\"text-editor.default\">\n\t\t\t\t<div class=\"elementor-widget-container\">\n\t\t\t\t\t\t\t<p style=\"text-align: center;\">If you are interested or have any questions.<br \/>Email us at <a href=\"mailto:kariera@comverga.com\">kariera@comverga.com<\/a><\/p>\t\t\t\t\t\t<\/div>\n\t\t\t\t<\/div>\n\t\t\t\t\t<\/div>\n\t\t<\/div>\n\t\t\t\t\t\t\t<\/div>\n\t\t<\/section>\n\t\t\t\t\t\t\t<\/div>","protected":false},"excerpt":{"rendered":"<p>Co u n\u00e1s bude\u0161 d\u011blat Na starost bude\u0161 m\u00edt b\u011b\u017e\u00edc\u00ed slu\u017ebu, kter\u00e1 jako v\u0161echny vy\u017eaduje TLC (tender loving care). Mana\u017eer slu\u017eby mus\u00ed nejen zajistit, \u017ee dan\u00e1 slu\u017eba je poskytov\u00e1na, ale tak\u00e9 monitorovat, jak\u00fdm zp\u016fsobem je zaji\u0161t\u011bno, aby byla poskytov\u00e1na a pracovat na jej\u00ed efektivit\u011b a kvalit\u011b. Ur\u010dit\u011b to nebude one man show, ale k zaji\u0161t\u011bn\u00ed [&hellip;]<\/p>","protected":false},"author":1,"featured_media":2798,"parent":0,"menu_order":0,"comment_status":"closed","ping_status":"closed","template":"","meta":{"footnotes":""},"_links":{"self":[{"href":"https:\/\/www.comverga.com\/cze\/en\/wp-json\/wp\/v2\/pages\/2797"}],"collection":[{"href":"https:\/\/www.comverga.com\/cze\/en\/wp-json\/wp\/v2\/pages"}],"about":[{"href":"https:\/\/www.comverga.com\/cze\/en\/wp-json\/wp\/v2\/types\/page"}],"author":[{"embeddable":true,"href":"https:\/\/www.comverga.com\/cze\/en\/wp-json\/wp\/v2\/users\/1"}],"replies":[{"embeddable":true,"href":"https:\/\/www.comverga.com\/cze\/en\/wp-json\/wp\/v2\/comments?post=2797"}],"version-history":[{"count":78,"href":"https:\/\/www.comverga.com\/cze\/en\/wp-json\/wp\/v2\/pages\/2797\/revisions"}],"predecessor-version":[{"id":5427,"href":"https:\/\/www.comverga.com\/cze\/en\/wp-json\/wp\/v2\/pages\/2797\/revisions\/5427"}],"wp:featuredmedia":[{"embeddable":true,"href":"https:\/\/www.comverga.com\/cze\/en\/wp-json\/wp\/v2\/media\/2798"}],"wp:attachment":[{"href":"https:\/\/www.comverga.com\/cze\/en\/wp-json\/wp\/v2\/media?parent=2797"}],"curies":[{"name":"wp","href":"https:\/\/api.w.org\/{rel}","templated":true}]}}