{"id":5000,"date":"2023-08-22T12:10:25","date_gmt":"2023-08-22T10:10:25","guid":{"rendered":"https:\/\/www.comverga.com\/cze\/?page_id=5000"},"modified":"2023-08-23T07:58:39","modified_gmt":"2023-08-23T05:58:39","slug":"messaging-ucet","status":"publish","type":"page","link":"https:\/\/www.comverga.com\/cze\/en\/messaging-ucet\/","title":{"rendered":"Messaging \u00fa\u010det"},"content":{"rendered":"<div data-elementor-type=\"wp-page\" data-elementor-id=\"5000\" class=\"elementor elementor-5000\">\n\t\t\t\t\t\t\t\t\t<section class=\"elementor-section elementor-top-section elementor-element elementor-element-0d8dce9 elementor-section-boxed elementor-section-height-default elementor-section-height-default\" data-id=\"0d8dce9\" data-element_type=\"section\">\n\t\t\t\t\t\t<div class=\"elementor-container elementor-column-gap-default\">\n\t\t\t\t\t<div class=\"elementor-column elementor-col-50 elementor-top-column elementor-element elementor-element-4b66928\" data-id=\"4b66928\" data-element_type=\"column\">\n\t\t\t<div class=\"elementor-widget-wrap elementor-element-populated\">\n\t\t\t\t\t\t\t\t<div class=\"elementor-element elementor-element-dd82ace elementor-widget elementor-widget-html\" data-id=\"dd82ace\" data-element_type=\"widget\" data-widget_type=\"html.default\">\n\t\t\t\t<div class=\"elementor-widget-container\">\n\t\t\t<div id=\"materna\" class=\"messaging-box\">\n    <a href=\"\/cze\/en\/ucet\/\"><\/a>\n    <h2>Materna \u00fa\u010det<\/h2>\n    <img decoding=\"async\" src=\"https:\/\/www.comverga.com\/cze\/wp-content\/uploads\/sites\/3\/2023\/08\/Prepaid.png\">\n        <p>P\u0159ihla\u0161 se do Materna p\u0159edplacen\u00e9ho \u00fa\u010dtu, dobij si kredit a pos\u00edlej SMS<\/p>\n<\/div>\t\t<\/div>\n\t\t\t\t<\/div>\n\t\t\t\t\t<\/div>\n\t\t<\/div>\n\t\t\t\t<div class=\"elementor-column elementor-col-50 elementor-top-column elementor-element elementor-element-5b3e1fc\" data-id=\"5b3e1fc\" data-element_type=\"column\">\n\t\t\t<div class=\"elementor-widget-wrap elementor-element-populated\">\n\t\t\t\t\t\t\t\t<div class=\"elementor-element elementor-element-7d655bc elementor-widget elementor-widget-html\" data-id=\"7d655bc\" data-element_type=\"widget\" data-widget_type=\"html.default\">\n\t\t\t\t<div class=\"elementor-widget-container\">\n\t\t\t<div id=\"materna\" class=\"messaging-box\">\n    <a href=\"https:\/\/cs-customer.comverga.com\/sign\/in?backlink=fvo7n\"><\/a>\n    <h2>Customer Messaging Portal<\/h2>\n    <img decoding=\"async\" src=\"https:\/\/www.comverga.com\/cze\/wp-content\/uploads\/sites\/3\/2023\/08\/Postpaid.png\">\n        <p>P\u0159ihla\u0161 se do sv\u00e9ho z\u00e1kaznick\u00e9ho port\u00e1lu a vyu\u017e\u00edvej v\u0161ech jeho v\u00fdhod.<\/p>\n<\/div>\t\t<\/div>\n\t\t\t\t<\/div>\n\t\t\t\t\t<\/div>\n\t\t<\/div>\n\t\t\t\t\t\t\t<\/div>\n\t\t<\/section>\n\t\t\t\t\t\t\t<\/div>","protected":false},"excerpt":{"rendered":"<p>Materna \u00fa\u010det P\u0159ihla\u0161 se do Materna p\u0159edplacen\u00e9ho \u00fa\u010dtu, dobij si kredit a pos\u00edlej SMS Customer Messaging Portal P\u0159ihla\u0161 se do sv\u00e9ho z\u00e1kaznick\u00e9ho port\u00e1lu a vyu\u017e\u00edvej v\u0161ech jeho v\u00fdhod.<\/p>","protected":false},"author":1,"featured_media":139,"parent":0,"menu_order":0,"comment_status":"closed","ping_status":"closed","template":"","meta":{"footnotes":""},"_links":{"self":[{"href":"https:\/\/www.comverga.com\/cze\/en\/wp-json\/wp\/v2\/pages\/5000"}],"collection":[{"href":"https:\/\/www.comverga.com\/cze\/en\/wp-json\/wp\/v2\/pages"}],"about":[{"href":"https:\/\/www.comverga.com\/cze\/en\/wp-json\/wp\/v2\/types\/page"}],"author":[{"embeddable":true,"href":"https:\/\/www.comverga.com\/cze\/en\/wp-json\/wp\/v2\/users\/1"}],"replies":[{"embeddable":true,"href":"https:\/\/www.comverga.com\/cze\/en\/wp-json\/wp\/v2\/comments?post=5000"}],"version-history":[{"count":14,"href":"https:\/\/www.comverga.com\/cze\/en\/wp-json\/wp\/v2\/pages\/5000\/revisions"}],"predecessor-version":[{"id":5016,"href":"https:\/\/www.comverga.com\/cze\/en\/wp-json\/wp\/v2\/pages\/5000\/revisions\/5016"}],"wp:featuredmedia":[{"embeddable":true,"href":"https:\/\/www.comverga.com\/cze\/en\/wp-json\/wp\/v2\/media\/139"}],"wp:attachment":[{"href":"https:\/\/www.comverga.com\/cze\/en\/wp-json\/wp\/v2\/media?parent=5000"}],"curies":[{"name":"wp","href":"https:\/\/api.w.org\/{rel}","templated":true}]}}