{"id":5844,"date":"2025-09-24T11:51:25","date_gmt":"2025-09-24T09:51:25","guid":{"rendered":"https:\/\/www.comverga.com\/cze\/?page_id=5844"},"modified":"2025-09-25T14:42:41","modified_gmt":"2025-09-25T12:42:41","slug":"drony-pro-dohled-na-stavbach-a-v-terenu","status":"publish","type":"page","link":"https:\/\/www.comverga.com\/cze\/en\/sluzby\/software-as-a-service-platform-as-a-service\/sdp-pro-esim-management\/drony-pro-dohled-na-stavbach-a-v-terenu\/","title":{"rendered":"Drones for surveillance on construction sites and in the field"},"content":{"rendered":"<div data-elementor-type=\"wp-page\" data-elementor-id=\"5844\" class=\"elementor elementor-5844\">\n\t\t\t\t\t\t\t\t\t<section class=\"elementor-section elementor-top-section elementor-element elementor-element-ef48c0d elementor-section-boxed elementor-section-height-default elementor-section-height-default\" data-id=\"ef48c0d\" data-element_type=\"section\">\n\t\t\t\t\t\t<div class=\"elementor-container elementor-column-gap-default\">\n\t\t\t\t\t<div class=\"elementor-column elementor-col-50 elementor-top-column elementor-element elementor-element-7901d5fd\" data-id=\"7901d5fd\" data-element_type=\"column\">\n\t\t\t<div class=\"elementor-widget-wrap elementor-element-populated\">\n\t\t\t\t\t\t\t\t<div class=\"elementor-element elementor-element-648b2714 elementor-widget elementor-widget-text-editor\" data-id=\"648b2714\" data-element_type=\"widget\" data-widget_type=\"text-editor.default\">\n\t\t\t\t<div class=\"elementor-widget-container\">\n\t\t\t\t\t\t\t<div class=\"usecase-text\"><h2 style=\"text-align: left; margin-top: 0;\">Drones for surveillance on construction sites and in the field<\/h2><p>The company provides surveillance and monitoring services for large construction sites using a fleet of professional drones. Their core business is collecting data from the field (video, sensors, mapping) and processing it for security purposes, construction progress control, and work efficiency.<\/p><\/div>\t\t\t\t\t\t<\/div>\n\t\t\t\t<\/div>\n\t\t\t\t\t<\/div>\n\t\t<\/div>\n\t\t\t\t<div class=\"elementor-column elementor-col-50 elementor-top-column elementor-element elementor-element-119748da\" data-id=\"119748da\" data-element_type=\"column\">\n\t\t\t<div class=\"elementor-widget-wrap elementor-element-populated\">\n\t\t\t\t\t\t\t\t<div class=\"elementor-element elementor-element-1c6f3589 elementor-widget elementor-widget-image\" data-id=\"1c6f3589\" data-element_type=\"widget\" data-widget_type=\"image.default\">\n\t\t\t\t<div class=\"elementor-widget-container\">\n\t\t\t\t\t\t\t\t\t\t\t\t\t\t\t<img fetchpriority=\"high\" decoding=\"async\" width=\"580\" height=\"387\" src=\"https:\/\/www.comverga.com\/cze\/wp-content\/uploads\/sites\/3\/2025\/09\/Case3.png\" class=\"attachment-large size-large wp-image-5814\" alt=\"\" srcset=\"https:\/\/www.comverga.com\/cze\/wp-content\/uploads\/sites\/3\/2025\/09\/Case3.png 1000w, https:\/\/www.comverga.com\/cze\/wp-content\/uploads\/sites\/3\/2025\/09\/Case3-300x200.png 300w, https:\/\/www.comverga.com\/cze\/wp-content\/uploads\/sites\/3\/2025\/09\/Case3-768x512.png 768w, https:\/\/www.comverga.com\/cze\/wp-content\/uploads\/sites\/3\/2025\/09\/Case3-18x12.png 18w\" sizes=\"(max-width: 580px) 100vw, 580px\" \/>\t\t\t\t\t\t\t\t\t\t\t\t\t\t\t<\/div>\n\t\t\t\t<\/div>\n\t\t\t\t\t<\/div>\n\t\t<\/div>\n\t\t\t\t\t\t\t<\/div>\n\t\t<\/section>\n\t\t\t\t<section class=\"elementor-section elementor-top-section elementor-element elementor-element-6d03bf5 elementor-section-boxed elementor-section-height-default elementor-section-height-default\" data-id=\"6d03bf5\" data-element_type=\"section\">\n\t\t\t\t\t\t<div class=\"elementor-container elementor-column-gap-default\">\n\t\t\t\t\t<div class=\"elementor-column elementor-col-50 elementor-top-column elementor-element elementor-element-79239ad\" data-id=\"79239ad\" data-element_type=\"column\">\n\t\t\t<div class=\"elementor-widget-wrap elementor-element-populated\">\n\t\t\t\t\t\t\t\t<div class=\"elementor-element elementor-element-ad9554f elementor-widget elementor-widget-sidebar\" data-id=\"ad9554f\" data-element_type=\"widget\" data-widget_type=\"sidebar.default\">\n\t\t\t\t<div class=\"elementor-widget-container\">\n\t\t\t<div id=\"widget-box\" class=\"smart-watch\">\n\t<img decoding=\"async\" src=\"https:\/\/www.coopmobil.cz\/wp-content\/uploads\/2021\/04\/coop-mobil-logo.svg\"><br>\n\t<span>Industries<\/span>\n<p>\n\t\tTelecommunications operator - retail\n\t<\/p>\n<span>Product<\/span>\n<p>\n\t\tBundle smart watch + data connectivity\n\t<\/p>\n<\/div>\n<div id=\"widget-box\" class=\"support\">\n\t<img decoding=\"async\" src=\"https:\/\/www.coopmobil.cz\/wp-content\/uploads\/2021\/04\/coop-mobil-logo.svg\"><br>\n\t<span>Industries<\/span>\n<p>\n\t\tTelecommunications operator - retail\n\t<\/p>\n<span>Product<\/span>\n<p>\n\t\tCustomer Support Guide\n\t<\/p>\n<\/div>\n<div id=\"widget-box\" class=\"operator\">\n\t<img decoding=\"async\" src=\"https:\/\/www.coopmobil.cz\/wp-content\/uploads\/2021\/04\/coop-mobil-logo.svg\"><br>\n\t<span>Industries<\/span>\n<p>\n\t\tTelecommunications operator - retail\n\t<\/p>\n<span>Product<\/span>\n<p>\n\t\tImplementation of the loyalty program\n\t<\/p>\n<\/div>\n<div id=\"widget-box\" class=\"caravan\">\n<img decoding=\"async\" src=\"\/cze\/wp-content\/uploads\/sites\/3\/2023\/04\/caravan-logo.jpg\"><br>\n<span>Industries<\/span>\n<p class=\"translation-block\">GPS tracking systems for vehicles, data connectivity <\/p>\n<span>Product<\/span>\n<p class=\"translation-block\">Solutions for internet access on the go <\/p>\n<\/div>\n<div id=\"widget-box\" class=\"camera\">\n<img decoding=\"async\" src=\"\/cze\/wp-content\/uploads\/sites\/3\/2023\/04\/camera-logo.jpg\"><br>\n<span>Industries<\/span>\n<p>\n\t\tSecurity systems\n\t<\/p>\n<span>Product<\/span>\n<p>\n\t\tCams with online streaming\n\t<\/p>\n<\/div>\n<div id=\"widget-box\" class=\"event\">\n\t<img decoding=\"async\" src=\"\/cze\/wp-content\/uploads\/sites\/3\/2023\/04\/event-logo.png\" style=\"width: 50px\"><br>\n\t<span>Industries<\/span>\n<p>\n\t\tEvent agency\n\t<\/p>\n<span>Product<\/span>\n<p>\n\t\tEvent organization - communication with participants\n\t<\/p>\n<\/div>\n<div id=\"widget-box\" class=\"competition\">\n\t<img decoding=\"async\" src=\"\/cze\/wp-content\/uploads\/sites\/3\/2023\/04\/competition-logo.png\" style=\"width: 50px\"><br>\n\t<span>Industries<\/span>\n<p>\n\t\tRetail and consumer goods\n\t<\/p>\n<span>Product<\/span>\n<p>\n\t\tEvent organization - communication with participants\n\t<\/p>\n<\/div>\n<div id=\"widget-box\" class=\"marketing\">\n\t<img decoding=\"async\" src=\"\/cze\/wp-content\/uploads\/sites\/3\/2023\/06\/marketing-logo.png\" style=\"width: 50px\"><br>\n\t<span>Industries<\/span>\n<p>\n\t\tMarketing comunication\n\t<\/p>\n<span>Product<\/span>\n<p>\n\t\tImplementation of marketing mailings\n\t<\/p>\n<\/div>\n\n<div id=\"widget-box\" class=\"fmcg\">\n\t<img decoding=\"async\" src=\"\/cze\/wp-content\/uploads\/sites\/3\/2023\/06\/fmcg-logo.png\" style=\"width: 50px\"><br>\n\t<span>Industries<\/span>\n<p>\n\t\tFMCG<br>Fast Moving Consumer Goods\n\t<\/p>\n<span>Product<\/span>\n<p>\n\t\tFood, drinks, drugstore\n\t<\/p>\n<\/div>\n\n<div id=\"widget-box\" class=\"iot\">\n\t<img decoding=\"async\" src=\"\/cze\/wp-content\/uploads\/sites\/3\/2025\/09\/iot_icon.png\" style=\"width: 50px\"><br>\n\t<span>Industries<\/span>\n<p>\n\t\tIoT, SIM\/eSIM management\n\t<\/p>\n<span>Product<\/span>\n<p>\n\t\tIoT sensors for industry and households\n\t<\/p>\n<\/div>\n\n<div id=\"widget-box\" class=\"truck\">\n\t<img decoding=\"async\" src=\"\/cze\/wp-content\/uploads\/sites\/3\/2025\/09\/truck_monitoring.png\" style=\"width: 50px\"><br>\n\t<span>Industries<\/span>\n<p>\n\t\tIoT, SIM\/eSIM management\n\t<\/p>\n<span>Product<\/span>\n<p>\n\t\teSIM for vehicle monitoring\n\t<\/p>\n<\/div>\n\n<div id=\"widget-box\" class=\"drone\">\n\t<img decoding=\"async\" src=\"\/cze\/wp-content\/uploads\/sites\/3\/2025\/09\/drone_icon.png\" style=\"width: 80px\"><br>\n\t<span>Industries<\/span>\n<p>\n\t\tIoT, SIM\/eSIM management\n\t<\/p>\n<span>Product<\/span>\n<p>\n\t\teSIM for drone fleet\n\t<\/p>\n<\/div>\t\t<\/div>\n\t\t\t\t<\/div>\n\t\t\t\t\t<\/div>\n\t\t<\/div>\n\t\t\t\t<div class=\"elementor-column elementor-col-50 elementor-top-column elementor-element elementor-element-58cf973\" data-id=\"58cf973\" data-element_type=\"column\">\n\t\t\t<div class=\"elementor-widget-wrap elementor-element-populated\">\n\t\t\t\t\t\t\t\t<div class=\"elementor-element elementor-element-5809b185 elementor-widget elementor-widget-text-editor\" data-id=\"5809b185\" data-element_type=\"widget\" data-widget_type=\"text-editor.default\">\n\t\t\t\t<div class=\"elementor-widget-container\">\n\t\t\t\t\t\t\t<p>Reliable connectivity is essential for drones because they operate in complex conditions \u2013 on remote construction sites, in areas with weak signals, or when moving between different network areas. Signal outages mean loss of contact with the drone and the threat of accidents or loss of equipment. The company needs a flexible and secure solution that allows automatic switching of profiles based on network quality while providing real-time monitoring of the entire fleet.<\/p><p>Thanks to the COMVERGA eSIM solution, the partner gains an intuitive environment in which it can remotely manage its entire fleet of professional drones, keep them under constant supervision, and minimize operating costs.<\/p>\t\t\t\t\t\t<\/div>\n\t\t\t\t<\/div>\n\t\t\t\t\t<\/div>\n\t\t<\/div>\n\t\t\t\t\t\t\t<\/div>\n\t\t<\/section>\n\t\t\t\t<section class=\"elementor-section elementor-top-section elementor-element elementor-element-e74e3b6 elementor-section-boxed elementor-section-height-default elementor-section-height-default\" data-id=\"e74e3b6\" data-element_type=\"section\">\n\t\t\t\t\t\t<div class=\"elementor-container elementor-column-gap-default\">\n\t\t\t\t\t<div class=\"elementor-column elementor-col-50 elementor-top-column elementor-element elementor-element-1508d08\" data-id=\"1508d08\" data-element_type=\"column\" data-settings=\"{&quot;background_background&quot;:&quot;classic&quot;}\">\n\t\t\t<div class=\"elementor-widget-wrap elementor-element-populated\">\n\t\t\t\t\t\t\t\t<div class=\"elementor-element elementor-element-08aeaa6 elementor-widget elementor-widget-text-editor\" data-id=\"08aeaa6\" data-element_type=\"widget\" data-widget_type=\"text-editor.default\">\n\t\t\t\t<div class=\"elementor-widget-container\">\n\t\t\t\t\t\t\t<h3>Partner gets:<\/h3><div class=\"page\" title=\"Page 4\"><div class=\"layoutArea\"><div class=\"column\"><ul><li>Stable and continuous connection of drones in the field<\/li><li>Reduced risk of signal failure and data loss<\/li><li>Ability to track the location and performance of drones in real time<\/li><li>Savings in operating costs thanks to connection optimization<\/li><li>Increased operational safety and service reliability<\/li><\/ul><\/div><\/div><\/div>\t\t\t\t\t\t<\/div>\n\t\t\t\t<\/div>\n\t\t\t\t\t<\/div>\n\t\t<\/div>\n\t\t\t\t<div class=\"elementor-column elementor-col-50 elementor-top-column elementor-element elementor-element-dfdc4b9\" data-id=\"dfdc4b9\" data-element_type=\"column\" data-settings=\"{&quot;background_background&quot;:&quot;classic&quot;}\">\n\t\t\t<div class=\"elementor-widget-wrap elementor-element-populated\">\n\t\t\t\t\t\t\t\t<div class=\"elementor-element elementor-element-6b21114 elementor-widget elementor-widget-text-editor\" data-id=\"6b21114\" data-element_type=\"widget\" data-widget_type=\"text-editor.default\">\n\t\t\t\t<div class=\"elementor-widget-container\">\n\t\t\t\t\t\t\t<h3>COMVERGA provides:<\/h3><ul><li>Automatic switching of eSIM profiles based on signal and network<\/li><li>Remote drone monitoring, including chip diagnostics<\/li><li>OTA profile updates without field intervention<\/li><li>Monitoring of traffic, data consumption, and connection quality<\/li><li>Centralized fleet management with reporting<\/li><\/ul>\t\t\t\t\t\t<\/div>\n\t\t\t\t<\/div>\n\t\t\t\t\t<\/div>\n\t\t<\/div>\n\t\t\t\t\t\t\t<\/div>\n\t\t<\/section>\n\t\t\t\t\t\t\t<\/div>","protected":false},"excerpt":{"rendered":"<p>Drony pro dohled na stavb\u00e1ch a v ter\u00e9nu Firma poskytuje slu\u017eby dohledu a monitoringu rozs\u00e1hl\u00fdch stavebn\u00edch are\u00e1l\u016f pomoc\u00ed flotily profesion\u00e1ln\u00edch dron\u016f. Jejich core byznys je sb\u011br dat z\u00a0ter\u00e9nu (video, senzory, mapov\u00e1n\u00ed) a jejich zpracov\u00e1n\u00ed pro \u00fa\u010dely bezpe\u010dnosti, kontroly postupu staveb a efektivity prac\u00ed. Pro drony je z\u00e1sadn\u00ed spolehliv\u00e1 konektivita, proto\u017ee pracuj\u00ed ve slo\u017eit\u00fdch podm\u00ednk\u00e1ch \u2013 [&hellip;]<\/p>","protected":false},"author":1,"featured_media":5814,"parent":5809,"menu_order":4,"comment_status":"closed","ping_status":"closed","template":"","meta":{"footnotes":""},"_links":{"self":[{"href":"https:\/\/www.comverga.com\/cze\/en\/wp-json\/wp\/v2\/pages\/5844"}],"collection":[{"href":"https:\/\/www.comverga.com\/cze\/en\/wp-json\/wp\/v2\/pages"}],"about":[{"href":"https:\/\/www.comverga.com\/cze\/en\/wp-json\/wp\/v2\/types\/page"}],"author":[{"embeddable":true,"href":"https:\/\/www.comverga.com\/cze\/en\/wp-json\/wp\/v2\/users\/1"}],"replies":[{"embeddable":true,"href":"https:\/\/www.comverga.com\/cze\/en\/wp-json\/wp\/v2\/comments?post=5844"}],"version-history":[{"count":9,"href":"https:\/\/www.comverga.com\/cze\/en\/wp-json\/wp\/v2\/pages\/5844\/revisions"}],"predecessor-version":[{"id":5901,"href":"https:\/\/www.comverga.com\/cze\/en\/wp-json\/wp\/v2\/pages\/5844\/revisions\/5901"}],"up":[{"embeddable":true,"href":"https:\/\/www.comverga.com\/cze\/en\/wp-json\/wp\/v2\/pages\/5809"}],"wp:featuredmedia":[{"embeddable":true,"href":"https:\/\/www.comverga.com\/cze\/en\/wp-json\/wp\/v2\/media\/5814"}],"wp:attachment":[{"href":"https:\/\/www.comverga.com\/cze\/en\/wp-json\/wp\/v2\/media?parent=5844"}],"curies":[{"name":"wp","href":"https:\/\/api.w.org\/{rel}","templated":true}]}}