{"id":1111,"date":"2021-01-21T12:40:11","date_gmt":"2021-01-21T11:40:11","guid":{"rendered":"https:\/\/www.comverga.com\/cze\/?page_id=1111"},"modified":"2026-03-31T15:05:51","modified_gmt":"2026-03-31T13:05:51","slug":"obecna-dokumentace","status":"publish","type":"page","link":"https:\/\/www.comverga.com\/cze\/pl\/obecna-dokumentace\/","title":{"rendered":"Obecn\u00e1 dokumentace"},"content":{"rendered":"<div data-elementor-type=\"wp-page\" data-elementor-id=\"1111\" class=\"elementor elementor-1111\">\n\t\t\t\t\t\t\t\t\t<section class=\"elementor-section elementor-top-section elementor-element elementor-element-b0f4157 elementor-section-boxed elementor-section-height-default elementor-section-height-default\" data-id=\"b0f4157\" data-element_type=\"section\">\n\t\t\t\t\t\t<div class=\"elementor-container elementor-column-gap-default\">\n\t\t\t\t\t<div class=\"elementor-column elementor-col-100 elementor-top-column elementor-element elementor-element-189698a6\" data-id=\"189698a6\" data-element_type=\"column\">\n\t\t\t<div class=\"elementor-widget-wrap elementor-element-populated\">\n\t\t\t\t\t\t\t\t<div class=\"elementor-element elementor-element-b95d1bc elementor-widget elementor-widget-text-editor\" data-id=\"b95d1bc\" data-element_type=\"widget\" data-widget_type=\"text-editor.default\">\n\t\t\t\t<div class=\"elementor-widget-container\">\n\t\t\t\t\t\t\t<div class=\"wp-block-file\"><a href=\"https:\/\/www.comverga.com\/cze\/wp-content\/uploads\/sites\/3\/2026\/03\/Reklamacni_rad_20220801.pdf\">Reklama\u010dn\u00ed \u0159\u00e1d<\/a><a class=\"wp-block-file__button\" href=\"https:\/\/www.comverga.com\/cze\/wp-content\/uploads\/sites\/3\/2026\/03\/Reklamacni_rad_20220801.pdf\" download=\"\">st\u00e1hnout<\/a><\/div>\n<div class=\"wp-block-file\"><a href=\"https:\/\/www.comverga.com\/cze\/wp-content\/uploads\/sites\/3\/2026\/03\/COMVERGA_Reklamacni_formular.pdf\">Reklama\u010dn\u00ed formul\u00e1\u0159<\/a><a class=\"wp-block-file__button\" href=\"https:\/\/www.comverga.com\/cze\/wp-content\/uploads\/sites\/3\/2026\/03\/COMVERGA_Reklamacni_formular.pdf\" download=\"\">st\u00e1hnout<\/a><\/div>\n<div class=\"wp-block-file\"><a href=\"https:\/\/www.comverga.com\/cze\/wp-content\/uploads\/sites\/3\/2026\/03\/Specifikace_technicke\u0301_podpory_sluzeb_SLA.pdf\">Specifikace technick\u00e9 podpory slu\u017eeb <\/a><a class=\"wp-block-file__button\" href=\"https:\/\/www.comverga.com\/cze\/wp-content\/uploads\/sites\/3\/2026\/03\/Specifikace_technicke\u0301_podpory_sluzeb_SLA.pdf\" download=\"\">st\u00e1hnout<\/a><\/div>\n<div class=\"wp-block-file\"><a href=\"hhttps:\/\/www.comverga.com\/cze\/wp-content\/uploads\/sites\/3\/2026\/03\/Opatreni\u0301_k_zabezpeceni_ochrany_OU.pdf\">Opat\u0159en\u00ed k zabezpe\u010den\u00ed ochrany osobn\u00edch \u00fadaj\u016f <\/a><a class=\"wp-block-file__button\" href=\"https:\/\/www.comverga.com\/cze\/wp-content\/uploads\/sites\/3\/2026\/03\/Opatreni\u0301_k_zabezpeceni_ochrany_OU.pdf\" download=\"\">st\u00e1hnout<\/a><\/div>\n<div class=\"wp-block-file\"><a href=\"https:\/\/www.comverga.com\/cze\/wp-content\/uploads\/sites\/3\/2026\/03\/VOP_sluzeb_COMVERGA_20220801.pdf\">V\u0161eobecn\u00e9 podm\u00ednky (od 25. 5. 2018 v souladu s GDPR) <\/a><a class=\"wp-block-file__button\" href=\"https:\/\/www.comverga.com\/cze\/wp-content\/uploads\/sites\/3\/2026\/03\/VOP_sluzeb_COMVERGA_20220801.pdf\" download=\"\">st\u00e1hnout<\/a><\/div>\n<div class=\"wp-block-file\"><a href=\"https:\/\/www.comverga.com\/cze\/wp-content\/uploads\/sites\/3\/2026\/03\/Podminky_pro_akceptaci_platebnich_karet.pdf\">Pokyny pro akceptaci platebn\u00edch karet (1. 2. 2018) <\/a><a class=\"wp-block-file__button\" href=\"https:\/\/www.comverga.com\/cze\/wp-content\/uploads\/sites\/3\/2026\/03\/Podminky_pro_akceptaci_platebnich_karet.pdf\" download=\"\">st\u00e1hnout<\/a><\/div>\t\t\t\t\t\t<\/div>\n\t\t\t\t<\/div>\n\t\t\t\t\t<\/div>\n\t\t<\/div>\n\t\t\t\t\t\t\t<\/div>\n\t\t<\/section>\n\t\t\t\t\t\t\t<\/div>","protected":false},"excerpt":{"rendered":"<p>Reklama\u010dn\u00ed \u0159\u00e1dst\u00e1hnout Reklama\u010dn\u00ed formul\u00e1\u0159st\u00e1hnout Specifikace technick\u00e9 podpory slu\u017eeb st\u00e1hnout Opat\u0159en\u00ed k zabezpe\u010den\u00ed ochrany osobn\u00edch \u00fadaj\u016f st\u00e1hnout V\u0161eobecn\u00e9 podm\u00ednky (od 25. 5. 2018 v souladu s GDPR) st\u00e1hnout Pokyny pro akceptaci platebn\u00edch karet (1. 2. 2018) st\u00e1hnout<\/p>","protected":false},"author":1,"featured_media":148,"parent":0,"menu_order":0,"comment_status":"closed","ping_status":"closed","template":"","meta":{"footnotes":""},"_links":{"self":[{"href":"https:\/\/www.comverga.com\/cze\/pl\/wp-json\/wp\/v2\/pages\/1111"}],"collection":[{"href":"https:\/\/www.comverga.com\/cze\/pl\/wp-json\/wp\/v2\/pages"}],"about":[{"href":"https:\/\/www.comverga.com\/cze\/pl\/wp-json\/wp\/v2\/types\/page"}],"author":[{"embeddable":true,"href":"https:\/\/www.comverga.com\/cze\/pl\/wp-json\/wp\/v2\/users\/1"}],"replies":[{"embeddable":true,"href":"https:\/\/www.comverga.com\/cze\/pl\/wp-json\/wp\/v2\/comments?post=1111"}],"version-history":[{"count":28,"href":"https:\/\/www.comverga.com\/cze\/pl\/wp-json\/wp\/v2\/pages\/1111\/revisions"}],"predecessor-version":[{"id":6078,"href":"https:\/\/www.comverga.com\/cze\/pl\/wp-json\/wp\/v2\/pages\/1111\/revisions\/6078"}],"wp:featuredmedia":[{"embeddable":true,"href":"https:\/\/www.comverga.com\/cze\/pl\/wp-json\/wp\/v2\/media\/148"}],"wp:attachment":[{"href":"https:\/\/www.comverga.com\/cze\/pl\/wp-json\/wp\/v2\/media?parent=1111"}],"curies":[{"name":"wp","href":"https:\/\/api.w.org\/{rel}","templated":true}]}}