{"id":1123,"date":"2021-01-21T13:09:01","date_gmt":"2021-01-21T12:09:01","guid":{"rendered":"https:\/\/www.comverga.com\/cze\/?page_id=1123"},"modified":"2025-04-22T12:21:26","modified_gmt":"2025-04-22T10:21:26","slug":"technicka-dokumentace","status":"publish","type":"page","link":"https:\/\/www.comverga.com\/cze\/pl\/technicka-dokumentace\/","title":{"rendered":"Technick\u00e1 dokumentace"},"content":{"rendered":"<div data-elementor-type=\"wp-page\" data-elementor-id=\"1123\" class=\"elementor elementor-1123\">\n\t\t\t\t\t\t\t\t\t<section class=\"elementor-section elementor-top-section elementor-element elementor-element-5e3829d elementor-section-boxed elementor-section-height-default elementor-section-height-default\" data-id=\"5e3829d\" data-element_type=\"section\">\n\t\t\t\t\t\t<div class=\"elementor-container elementor-column-gap-default\">\n\t\t\t\t\t<div class=\"elementor-column elementor-col-100 elementor-top-column elementor-element elementor-element-5d7fc270\" data-id=\"5d7fc270\" data-element_type=\"column\">\n\t\t\t<div class=\"elementor-widget-wrap elementor-element-populated\">\n\t\t\t\t\t\t\t\t<div class=\"elementor-element elementor-element-d039fb4 elementor-widget elementor-widget-text-editor\" data-id=\"d039fb4\" data-element_type=\"widget\" data-widget_type=\"text-editor.default\">\n\t\t\t\t<div class=\"elementor-widget-container\">\n\t\t\t\t\t\t\t<!-- wp:heading -->\n<h2><strong>B-SMS aplikace<\/strong><\/h2>\n<!-- \/wp:heading -->\n\n<!-- wp:file {\"id\":1124,\"href\":\"https:\/\/www.comverga.com\/cze\/wp-content\/uploads\/sites\/3\/2021\/01\/b-sms-plus-cz.msi\"} -->\n<div class=\"wp-block-file\"><a href=\"https:\/\/www.comverga.com\/cze\/wp-content\/uploads\/sites\/3\/2021\/01\/b-sms-plus-cz.msi\">B-SMS plus &#8211; \u010desk\u00e1 verze<\/a><a class=\"wp-block-file__button\" href=\"https:\/\/www.comverga.com\/cze\/wp-content\/uploads\/sites\/3\/2021\/01\/b-sms-plus-cz.msi\" download=\"\">st\u00e1hnout<\/a><\/div>\n<!-- \/wp:file -->\n\n<!-- wp:file {\"id\":1125,\"href\":\"https:\/\/www.comverga.com\/cze\/wp-content\/uploads\/sites\/3\/2021\/01\/b-sms-plus-sk.msi\"} -->\n<div class=\"wp-block-file\"><a href=\"https:\/\/www.comverga.com\/cze\/wp-content\/uploads\/sites\/3\/2021\/01\/b-sms-plus-sk.msi\">B-SMS plus &#8211; slovensk\u00e1 verze<\/a><a class=\"wp-block-file__button\" href=\"https:\/\/www.comverga.com\/cze\/wp-content\/uploads\/sites\/3\/2021\/01\/b-sms-plus-sk.msi\" download=\"\">st\u00e1hnout<\/a><\/div>\n<!-- \/wp:file -->\n\n<!-- wp:file {\"id\":1126,\"href\":\"https:\/\/www.comverga.com\/cze\/wp-content\/uploads\/sites\/3\/2021\/01\/b-sms-plus-en.msi\"} -->\n<div class=\"wp-block-file\"><a href=\"https:\/\/www.comverga.com\/cze\/wp-content\/uploads\/sites\/3\/2021\/01\/b-sms-plus-en.msi\">B-SMS plus &#8211; anglick\u00e1 verze<\/a><a class=\"wp-block-file__button\" href=\"https:\/\/www.comverga.com\/cze\/wp-content\/uploads\/sites\/3\/2021\/01\/b-sms-plus-en.msi\" download=\"\">st\u00e1hnout<\/a><\/div>\n<!-- \/wp:file -->\n\n<!-- wp:heading -->\n<h2><strong>Premium SMS<\/strong><\/h2>\n<!-- \/wp:heading -->\n\n<!-- wp:file {\"id\":1128,\"href\":\"https:\/\/www.comverga.com\/cze\/wp-content\/uploads\/sites\/3\/2021\/01\/kodex-prsms-v5-4-cz-ucinnost-od-13.1.2019.pdf\"} -->\n<div class=\"wp-block-file\"><a href=\"https:\/\/www.comverga.com\/cze\/wp-content\/uploads\/sites\/3\/2021\/01\/kodex-prsms-v5-4-cz-ucinnost-od-13.1.2019.pdf\">Kodex APMS (cz)<\/a><a class=\"wp-block-file__button\" href=\"https:\/\/www.comverga.com\/cze\/wp-content\/uploads\/sites\/3\/2021\/01\/kodex-prsms-v5-4-cz-ucinnost-od-13.1.2019.pdf\" download=\"\">st\u00e1hnout<\/a><\/div>\n<!-- \/wp:file -->\n\n<!-- wp:file {\"id\":1130,\"href\":\"https:\/\/www.comverga.com\/cze\/wp-content\/uploads\/sites\/3\/2021\/01\/kodex-prsms-v5.4-en-valid-from-13.1.2019.pdf\"} -->\n<div class=\"wp-block-file\"><a href=\"https:\/\/www.comverga.com\/cze\/wp-content\/uploads\/sites\/3\/2021\/01\/kodex-prsms-v5.4-en-valid-from-13.1.2019.pdf\">Kodex APMS (en)<\/a><a class=\"wp-block-file__button\" href=\"https:\/\/www.comverga.com\/cze\/wp-content\/uploads\/sites\/3\/2021\/01\/kodex-prsms-v5.4-en-valid-from-13.1.2019.pdf\" download=\"\">st\u00e1hnout<\/a><\/div>\n<!-- \/wp:file -->\n\n<!-- wp:heading -->\n<h2><strong><strong>AWEG API<\/strong><\/strong><\/h2>\n<!-- \/wp:heading -->\n\n<!-- wp:file {\"id\":1131,\"href\":\"https:\/\/www.comverga.com\/cze\/wp-content\/uploads\/sites\/3\/2021\/01\/TSP_AWEG_HTTP_OpenInterface_2_03_20191022.pdf\"} -->\n<div class=\"wp-block-file\"><a href=\"https:\/\/www.comverga.com\/cze\/wp-content\/uploads\/sites\/3\/2021\/01\/TSP_AWEG_HTTP_OpenInterface_2_03_20191022.pdf\">AWEG API<\/a><a class=\"wp-block-file__button\" href=\"https:\/\/www.comverga.com\/cze\/wp-content\/uploads\/sites\/3\/2021\/01\/TSP_AWEG_HTTP_OpenInterface_2_03_20191022.pdf\" download=\"\">st\u00e1hnout<\/a><\/div>\n<!-- \/wp:file -->\n\n<!-- wp:file {\"id\":1132,\"href\":\"https:\/\/www.comverga.com\/cze\/wp-content\/uploads\/sites\/3\/2021\/01\/MAN_AWEG3_SMSProfil_Prirucka_v1_4_20200424_KOMPLET.pdf\"} -->\n<div class=\"wp-block-file\"><a href=\"https:\/\/www.comverga.com\/cze\/wp-content\/uploads\/sites\/3\/2021\/01\/MAN_AWEG3_SMSProfil_Prirucka_v1_4_20200424_KOMPLET.pdf\">ProfilSMS<\/a><a class=\"wp-block-file__button\" href=\"https:\/\/www.comverga.com\/cze\/wp-content\/uploads\/sites\/3\/2021\/01\/MAN_AWEG3_SMSProfil_Prirucka_v1_4_20200424_KOMPLET.pdf\" download=\"\">st\u00e1hnout<\/a><\/div>\n<!-- \/wp:file -->\n\n<!-- wp:file {\"id\":1133,\"href\":\"https:\/\/www.comverga.com\/cze\/wp-content\/uploads\/sites\/3\/2021\/01\/MAN_AWEG3_email2sms_userguide_v1_4_20191022.pdf\"} -->\n<div class=\"wp-block-file\"><a href=\"https:\/\/www.comverga.com\/cze\/wp-content\/uploads\/sites\/3\/2021\/01\/MAN_AWEG3_email2sms_userguide_v1_4_20191022.pdf\">Email2SMS<\/a><a class=\"wp-block-file__button\" href=\"https:\/\/www.comverga.com\/cze\/wp-content\/uploads\/sites\/3\/2021\/01\/MAN_AWEG3_email2sms_userguide_v1_4_20191022.pdf\" download=\"\">st\u00e1hnout<\/a><\/div>\n<!-- \/wp:file -->\n\n<!-- wp:file {\"id\":1134,\"href\":\"https:\/\/www.comverga.com\/cze\/wp-content\/uploads\/sites\/3\/2021\/01\/TSP_AWEG_SMSbackend_3_13_v1_9_20191022.pdf\"} -->\n<div class=\"wp-block-file\"><a href=\"https:\/\/www.comverga.com\/cze\/wp-content\/uploads\/sites\/3\/2021\/01\/TSP_AWEG_SMSbackend_3_13_v1_9_20191022.pdf\">AWEG SMS Backend &#8211; integra\u010dn\u00ed p\u0159\u00edklad<\/a><a class=\"wp-block-file__button\" href=\"https:\/\/www.comverga.com\/cze\/wp-content\/uploads\/sites\/3\/2021\/01\/TSP_AWEG_SMSbackend_3_13_v1_9_20191022.pdf\" download=\"\">st\u00e1hnout<\/a><\/div>\n<!-- \/wp:file -->\n\n<!-- wp:heading -->\n<h2><strong>SMS API<\/strong><\/h2>\n<!-- \/wp:heading -->\n\n<!-- wp:file {\"id\":1140,\"href\":\"https:\/\/www.comverga.com\/cze\/wp-content\/uploads\/sites\/3\/2021\/01\/TSP_MCConnect_EMI_Specification_v1_05_20191022.pdf\"} -->\n<div class=\"wp-block-file\"><a href=\"https:\/\/www.comverga.com\/cze\/wp-content\/uploads\/sites\/3\/2021\/01\/TSP_MCConnect_EMI_Specification_v1_05_20191022.pdf\">MCConnect EMI &#8211; Technick\u00e1 specifikace<\/a><a class=\"wp-block-file__button\" href=\"https:\/\/www.comverga.com\/cze\/wp-content\/uploads\/sites\/3\/2021\/01\/TSP_MCConnect_EMI_Specification_v1_05_20191022.pdf\" download=\"\">st\u00e1hnout<\/a><\/div>\n<!-- \/wp:file -->\n\n<!-- wp:file {\"id\":1141,\"href\":\"https:\/\/www.comverga.com\/cze\/wp-content\/uploads\/sites\/3\/2021\/01\/TSP_MCConnect_EMI_Priloha_UCP_Specification_40-8156.pdf\"} -->\n<div class=\"wp-block-file\"><a href=\"https:\/\/www.comverga.com\/cze\/wp-content\/uploads\/sites\/3\/2021\/01\/TSP_MCConnect_EMI_Priloha_UCP_Specification_40-8156.pdf\">MCConnect EMI &#8211; P\u0159\u00edloha 1<\/a><a class=\"wp-block-file__button\" href=\"https:\/\/www.comverga.com\/cze\/wp-content\/uploads\/sites\/3\/2021\/01\/TSP_MCConnect_EMI_Priloha_UCP_Specification_40-8156.pdf\" download=\"\">st\u00e1hnout<\/a><\/div>\n<!-- \/wp:file -->\n\n<!-- wp:file {\"id\":1341,\"href\":\"https:\/\/www.comverga.com\/cze\/wp-content\/uploads\/sites\/3\/2022\/03\/TSP_MCConnect_SMPP_Specification_v1_03_20220124.pdf\"} -->\n<div class=\"wp-block-file\"><a href=\"https:\/\/www.comverga.com\/cze\/wp-content\/uploads\/sites\/3\/2022\/03\/TSP_MCConnect_SMPP_Specification_v1_03_20220124.pdf\">MCConnect SMPP -Technick\u00e1 specifikace<\/a><a class=\"wp-block-file__button\" href=\"https:\/\/www.comverga.com\/cze\/wp-content\/uploads\/sites\/3\/2022\/03\/TSP_MCConnect_SMPP_Specification_v1_03_20220124.pdf\" download=\"\">st\u00e1hnout<\/a><\/div>\n<!-- \/wp:file -->\n\n<!-- wp:file {\"id\":1143,\"href\":\"https:\/\/www.comverga.com\/cze\/wp-content\/uploads\/sites\/3\/2021\/01\/TSP_MCConnect_SMPP_Priloha_SMPPv34.pdf\"} -->\n<div class=\"wp-block-file\"><a href=\"https:\/\/www.comverga.com\/cze\/wp-content\/uploads\/sites\/3\/2021\/01\/TSP_MCConnect_SMPP_Priloha_SMPPv34.pdf\">MCConnect SMPP &#8211; P\u0159\u00edloha 1<\/a><a class=\"wp-block-file__button\" href=\"https:\/\/www.comverga.com\/cze\/wp-content\/uploads\/sites\/3\/2021\/01\/TSP_MCConnect_SMPP_Priloha_SMPPv34.pdf\" download=\"\">st\u00e1hnout<\/a><\/div>\n<!-- \/wp:file -->\n\n<!-- wp:file {\"id\":1306,\"href\":\"https:\/\/www.comverga.com\/cze\/wp-content\/uploads\/sites\/3\/2021\/02\/TSP_MCConnect_HTTP_Specification_v2_15_20210216-1.pdf\"} -->\n<div class=\"wp-block-file\"><a href=\"https:\/\/www.comverga.com\/cze\/wp-content\/uploads\/sites\/3\/2021\/02\/TSP_MCConnect_HTTP_Specification_v2_15_20210216-1.pdf\">MCConnect HTTP<\/a><a class=\"wp-block-file__button\" href=\"https:\/\/www.comverga.com\/cze\/wp-content\/uploads\/sites\/3\/2021\/02\/TSP_MCConnect_HTTP_Specification_v2_15_20210216-1.pdf\" download=\"\">st\u00e1hnout<\/a><\/div>\n<!-- \/wp:file -->\n\n<!-- wp:file {\"id\":1307,\"href\":\"https:\/\/www.comverga.com\/cze\/wp-content\/uploads\/sites\/3\/2021\/02\/TSP_MCConnect_SOAP_Specification_v1_4_20210216.pdf\"} -->\n<div class=\"wp-block-file\"><a href=\"https:\/\/www.comverga.com\/cze\/wp-content\/uploads\/sites\/3\/2021\/02\/TSP_MCConnect_SOAP_Specification_v1_4_20210216.pdf\">MCConnect SOAP &#8211; Technick\u00e1 specifikace<\/a><a class=\"wp-block-file__button\" href=\"https:\/\/www.comverga.com\/cze\/wp-content\/uploads\/sites\/3\/2021\/02\/TSP_MCConnect_SOAP_Specification_v1_4_20210216.pdf\" download=\"\">st\u00e1hnout<\/a><\/div>\n<!-- \/wp:file -->\n\n<!-- wp:file {\"id\":1147,\"href\":\"https:\/\/www.comverga.com\/cze\/wp-content\/uploads\/sites\/3\/2021\/01\/MCConnect_SOAP_deliver.wsdl\"} -->\n<div class=\"wp-block-file\"><a href=\"https:\/\/www.comverga.com\/cze\/wp-content\/uploads\/sites\/3\/2021\/01\/MCConnect_SOAP_deliver.wsdl\">MCConnect SOAP WSDL &#8211; deliver<\/a><a class=\"wp-block-file__button\" href=\"https:\/\/www.comverga.com\/cze\/wp-content\/uploads\/sites\/3\/2021\/01\/MCConnect_SOAP_deliver.wsdl\" download=\"\">st\u00e1hnout<\/a><\/div>\n<!-- \/wp:file -->\n\n<!-- wp:file {\"id\":1148,\"href\":\"https:\/\/www.comverga.com\/cze\/wp-content\/uploads\/sites\/3\/2021\/01\/MCConnect_SOAP_submit.wsdl\"} -->\n<div class=\"wp-block-file\"><a href=\"https:\/\/www.comverga.com\/cze\/wp-content\/uploads\/sites\/3\/2021\/01\/MCConnect_SOAP_submit.wsdl\">MCConnect SOAP WSDL &#8211; submit<\/a><a class=\"wp-block-file__button\" href=\"https:\/\/www.comverga.com\/cze\/wp-content\/uploads\/sites\/3\/2021\/01\/MCConnect_SOAP_submit.wsdl\" download=\"\">st\u00e1hnout<\/a><\/div>\n<!-- \/wp:file -->\n\n<!-- wp:file {\"id\":1136,\"href\":\"https:\/\/www.comverga.com\/cze\/wp-content\/uploads\/sites\/3\/2021\/01\/TSP_MCEye_SOAP_rozhrani_Specification_v1_3_20191022.pdf\"} -->\n<div class=\"wp-block-file\"><a href=\"https:\/\/www.comverga.com\/cze\/wp-content\/uploads\/sites\/3\/2021\/01\/TSP_MCEye_SOAP_rozhrani_Specification_v1_3_20191022.pdf\">MCEye SOAP &#8211; specifikace<\/a><a class=\"wp-block-file__button\" href=\"https:\/\/www.comverga.com\/cze\/wp-content\/uploads\/sites\/3\/2021\/01\/TSP_MCEye_SOAP_rozhrani_Specification_v1_3_20191022.pdf\" download=\"\">st\u00e1hnout<\/a><\/div>\n<!-- \/wp:file -->\n\n<!-- wp:heading -->\n<h2><strong>MEX GATE<\/strong><\/h2>\n<!-- \/wp:heading -->\n\n<!-- wp:file {\"id\":1136,\"href\":\"https:\/\/api.maternacz.com\/mex\/api-docs\/\"} -->\n<div class=\"wp-block-file\"><a href=\"https:\/\/api.maternacz.com\/mex\/api-docs\/\">MEX API &#8211; specifikace<\/a><a class=\"wp-block-file__button\" href=\"https:\/\/api.maternacz.com\/mex\/api-docs\/\" download=\"\">P\u0159ej\u00edt<\/a><\/div>\n<!-- \/wp:file -->\n\n<!-- wp:file {\"id\":1136,\"href\":\"https:\/\/www.comverga.com\/cze\/wp-content\/uploads\/sites\/3\/2025\/04\/MEX_mail2sms.pdf\"} -->\n<div class=\"wp-block-file\"><a href=\"https:\/\/www.comverga.com\/cze\/wp-content\/uploads\/sites\/3\/2025\/04\/MEX_mail2sms.pdf\">MEX &#8211; Email2sms<\/a><a class=\"wp-block-file__button\" href=\"https:\/\/www.comverga.com\/cze\/wp-content\/uploads\/sites\/3\/2025\/04\/MEX_mail2sms.pdf\" download=\"\">P\u0159ej\u00edt<\/a><\/div>\n<!-- \/wp:file -->\n\n<!-- wp:paragraph -->\n<p>&nbsp;<\/p>\n<!-- \/wp:paragraph -->\t\t\t\t\t\t<\/div>\n\t\t\t\t<\/div>\n\t\t\t\t\t<\/div>\n\t\t<\/div>\n\t\t\t\t\t\t\t<\/div>\n\t\t<\/section>\n\t\t\t\t\t\t\t<\/div>","protected":false},"excerpt":{"rendered":"<p>B-SMS aplikace Premium SMS AWEG API SMS API MEX GATE &nbsp;<\/p>","protected":false},"author":1,"featured_media":47,"parent":0,"menu_order":0,"comment_status":"closed","ping_status":"closed","template":"","meta":{"footnotes":""},"_links":{"self":[{"href":"https:\/\/www.comverga.com\/cze\/pl\/wp-json\/wp\/v2\/pages\/1123"}],"collection":[{"href":"https:\/\/www.comverga.com\/cze\/pl\/wp-json\/wp\/v2\/pages"}],"about":[{"href":"https:\/\/www.comverga.com\/cze\/pl\/wp-json\/wp\/v2\/types\/page"}],"author":[{"embeddable":true,"href":"https:\/\/www.comverga.com\/cze\/pl\/wp-json\/wp\/v2\/users\/1"}],"replies":[{"embeddable":true,"href":"https:\/\/www.comverga.com\/cze\/pl\/wp-json\/wp\/v2\/comments?post=1123"}],"version-history":[{"count":28,"href":"https:\/\/www.comverga.com\/cze\/pl\/wp-json\/wp\/v2\/pages\/1123\/revisions"}],"predecessor-version":[{"id":5797,"href":"https:\/\/www.comverga.com\/cze\/pl\/wp-json\/wp\/v2\/pages\/1123\/revisions\/5797"}],"wp:featuredmedia":[{"embeddable":true,"href":"https:\/\/www.comverga.com\/cze\/pl\/wp-json\/wp\/v2\/media\/47"}],"wp:attachment":[{"href":"https:\/\/www.comverga.com\/cze\/pl\/wp-json\/wp\/v2\/media?parent=1123"}],"curies":[{"name":"wp","href":"https:\/\/api.w.org\/{rel}","templated":true}]}}