{"id":182,"date":"2020-11-25T13:08:36","date_gmt":"2020-11-25T12:08:36","guid":{"rendered":"https:\/\/www.comverga.com\/?page_id=182"},"modified":"2026-02-27T15:28:24","modified_gmt":"2026-02-27T14:28:24","slug":"agregace-konektivity","status":"publish","type":"page","link":"https:\/\/www.comverga.com\/cze\/pl\/sluzby\/agregace-konektivity\/","title":{"rendered":"Agregacja \u0142\u0105czno\u015bci"},"content":{"rendered":"<p>Je\u015bli potrzebujesz szybko i sprawnie komunikowa\u0107 si\u0119 ze swoimi partnerami, klientami, klientami, skorzystaj z komunikacji SMS. SMS-y mo\u017cesz wykorzysta\u0107 jednokierunkowo, np. do informowania klient\u00f3w o nowo\u015bciach, ofertach cenowych, aktualnych rabatach. Mo\u017cna te\u017c kontaktowa\u0107 si\u0119 np. z klientami, obywatelami i przetwarza\u0107 ich odpowiedzi dwukierunkowo za pomoc\u0105 ankiet i kampanii SMS.<br>Opr\u00f3cz SMS-\u00f3w w komunikacji mo\u017cesz tak\u017ce u\u017cywa\u0107 wiadomo\u015bci g\u0142osowych, e-maili i r\u00f3\u017cnych aplikacji komunikacyjnych.<\/p>","protected":false},"excerpt":{"rendered":"<p>Je\u015bli potrzebujesz szybko i sprawnie komunikowa\u0107 si\u0119 ze swoimi partnerami, klientami, klientami, skorzystaj z komunikacji SMS. SMS-y mo\u017cesz wykorzysta\u0107 jednokierunkowo, np. do informowania klient\u00f3w o nowo\u015bciach, ofertach cenowych, aktualnych rabatach. Lub mo\u017cna kontaktowa\u0107 si\u0119 np. z klientami, obywatelami dwukierunkowo za pomoc\u0105 ankiet i kampanii SMS oraz przetwarza\u0107 ich odpowiedzi.Opr\u00f3cz SMS-\u00f3w mo\u017cna tak\u017ce wykorzysta\u0107 [\u2026]<\/p>","protected":false},"author":1,"featured_media":1215,"parent":2676,"menu_order":103,"comment_status":"closed","ping_status":"closed","template":"","meta":{"footnotes":""},"_links":{"self":[{"href":"https:\/\/www.comverga.com\/cze\/pl\/wp-json\/wp\/v2\/pages\/182"}],"collection":[{"href":"https:\/\/www.comverga.com\/cze\/pl\/wp-json\/wp\/v2\/pages"}],"about":[{"href":"https:\/\/www.comverga.com\/cze\/pl\/wp-json\/wp\/v2\/types\/page"}],"author":[{"embeddable":true,"href":"https:\/\/www.comverga.com\/cze\/pl\/wp-json\/wp\/v2\/users\/1"}],"replies":[{"embeddable":true,"href":"https:\/\/www.comverga.com\/cze\/pl\/wp-json\/wp\/v2\/comments?post=182"}],"version-history":[{"count":2,"href":"https:\/\/www.comverga.com\/cze\/pl\/wp-json\/wp\/v2\/pages\/182\/revisions"}],"predecessor-version":[{"id":6068,"href":"https:\/\/www.comverga.com\/cze\/pl\/wp-json\/wp\/v2\/pages\/182\/revisions\/6068"}],"up":[{"embeddable":true,"href":"https:\/\/www.comverga.com\/cze\/pl\/wp-json\/wp\/v2\/pages\/2676"}],"wp:featuredmedia":[{"embeddable":true,"href":"https:\/\/www.comverga.com\/cze\/pl\/wp-json\/wp\/v2\/media\/1215"}],"wp:attachment":[{"href":"https:\/\/www.comverga.com\/cze\/pl\/wp-json\/wp\/v2\/media?parent=182"}],"curies":[{"name":"wp","href":"https:\/\/api.w.org\/{rel}","templated":true}]}}