{"id":3578,"date":"2023-03-10T10:18:29","date_gmt":"2023-03-10T09:18:29","guid":{"rendered":"https:\/\/www.comverga.com\/cze\/?page_id=3578"},"modified":"2024-06-06T10:48:03","modified_gmt":"2024-06-06T08:48:03","slug":"co-delame","status":"publish","type":"page","link":"https:\/\/www.comverga.com\/cze\/pl\/co-delame\/","title":{"rendered":"Co my robimy"},"content":{"rendered":"<div data-elementor-type=\"wp-page\" data-elementor-id=\"3578\" class=\"elementor elementor-3578\">\n\t\t\t\t\t\t\t\t\t<section class=\"elementor-section elementor-top-section elementor-element elementor-element-528be6c6 elementor-section-full_width elementor-section-height-default elementor-section-height-default\" data-id=\"528be6c6\" data-element_type=\"section\">\n\t\t\t\t\t\t<div class=\"elementor-container elementor-column-gap-default\">\n\t\t\t\t\t<div class=\"elementor-column elementor-col-100 elementor-top-column elementor-element elementor-element-756a5a01\" data-id=\"756a5a01\" data-element_type=\"column\">\n\t\t\t<div class=\"elementor-widget-wrap elementor-element-populated\">\n\t\t\t\t\t\t\t\t<div class=\"elementor-element elementor-element-304b49bd elementor-widget elementor-widget-text-editor\" data-id=\"304b49bd\" data-element_type=\"widget\" data-widget_type=\"text-editor.default\">\n\t\t\t\t<div class=\"elementor-widget-container\">\n\t\t\t\t\t\t\t<p>Jeste\u015bmy stabiln\u0105 firm\u0105 rodzinn\u0105, wci\u0105\u017c si\u0119 rozwijamy i pod\u0105\u017camy za nowymi trendami. Mamy dwudziestoletni\u0105 histori\u0119 pe\u0142n\u0105 sukces\u00f3w w dziedzinie telekomunikacji. Poprzez jako\u015b\u0107 us\u0142ug i poszukiwanie wsp\u00f3lnych rozwi\u0105za\u0144 budujemy pozycj\u0119 lidera w\u015br\u00f3d europejskich firm na rynku komunikacyjnym i IT.<\/p>\t\t\t\t\t\t<\/div>\n\t\t\t\t<\/div>\n\t\t\t\t\t<\/div>\n\t\t<\/div>\n\t\t\t\t\t\t\t<\/div>\n\t\t<\/section>\n\t\t\t\t<section class=\"elementor-section elementor-top-section elementor-element elementor-element-40a00e5 elementor-section-boxed elementor-section-height-default elementor-section-height-default\" data-id=\"40a00e5\" data-element_type=\"section\">\n\t\t\t\t\t\t<div class=\"elementor-container elementor-column-gap-default\">\n\t\t\t\t\t<div class=\"elementor-column elementor-col-100 elementor-top-column elementor-element elementor-element-e634090\" data-id=\"e634090\" data-element_type=\"column\">\n\t\t\t<div class=\"elementor-widget-wrap elementor-element-populated\">\n\t\t\t\t\t\t\t\t<div class=\"elementor-element elementor-element-4f8ca8b elementor-widget elementor-widget-text-editor\" data-id=\"4f8ca8b\" data-element_type=\"widget\" data-widget_type=\"text-editor.default\">\n\t\t\t\t<div class=\"elementor-widget-container\">\n\t\t\t\t\t\t\t<p>Rozwijamy i obs\u0142ugujemy w\u0142asn\u0105 infrastruktur\u0119, aby \u015bwiadczy\u0107 us\u0142ugi niezale\u017cne od technologii, dostawc\u00f3w i sieci. \u0141\u0105czymy r\u00f3\u017cne sieci i dostawc\u00f3w us\u0142ug hostingowych z nasz\u0105 infrastruktur\u0105, aby zaoferowa\u0107 naszym partnerom i klientom szereg us\u0142ug konwergentnych.<\/p>\t\t\t\t\t\t<\/div>\n\t\t\t\t<\/div>\n\t\t\t\t<div class=\"elementor-element elementor-element-3970229 elementor-widget elementor-widget-heading\" data-id=\"3970229\" data-element_type=\"widget\" data-widget_type=\"heading.default\">\n\t\t\t\t<div class=\"elementor-widget-container\">\n\t\t\t<h2 class=\"elementor-heading-title elementor-size-default\">Czym s\u0105 us\u0142ugi konwergentne?<\/h2>\t\t<\/div>\n\t\t\t\t<\/div>\n\t\t\t\t<div class=\"elementor-element elementor-element-f3c8013 elementor-widget elementor-widget-text-editor\" data-id=\"f3c8013\" data-element_type=\"widget\" data-widget_type=\"text-editor.default\">\n\t\t\t\t<div class=\"elementor-widget-container\">\n\t\t\t\t\t\t\t<p><span data-contrast=\"none\">Us\u0142ugi konwergentne to us\u0142ugi, kt\u00f3re \u0142\u0105cz\u0105 tradycyjnie oddzielne technologie lub obszary w celu zapewnienia zintegrowanego i ulepszonego do\u015bwiadczenia u\u017cytkownika. Mo\u017ce to obejmowa\u0107 na przyk\u0142ad po\u0142\u0105czenie us\u0142ug telekomunikacyjnych (takich jak telefonia, internet i telewizja) lub integracj\u0119 r\u00f3\u017cnych funkcji i us\u0142ug w jednym urz\u0105dzeniu lub platformie.\u00a0<\/span><span data-ccp-props=\"{&quot;201341983&quot;:0,&quot;335551550&quot;:6,&quot;335551620&quot;:6,&quot;335559739&quot;:160,&quot;335559740&quot;:276}\">\u00a0<\/span><\/p><p><span data-contrast=\"none\">Typowym przyk\u0142adem us\u0142ug konwergentnych s\u0105 oferty, kt\u00f3re zapewniaj\u0105 zar\u00f3wno telefoni\u0119 stacjonarn\u0105, jak i kom\u00f3rkow\u0105, dost\u0119p do Internetu i transmisj\u0119 telewizyjn\u0105 za po\u015brednictwem jednej infrastruktury lub platformy. Dzi\u0119ki konwergencji tych us\u0142ug u\u017cytkownicy mog\u0105 czerpa\u0107 korzy\u015bci z p\u0142ynnej integracji i lepszego do\u015bwiadczenia u\u017cytkownika poprzez korzystanie z wielu us\u0142ug za po\u015brednictwem wsp\u00f3lnego interfejsu lub systemu rozliczeniowego.<\/span><span data-contrast=\"none\">.<\/span><span data-ccp-props=\"{&quot;201341983&quot;:0,&quot;335551550&quot;:6,&quot;335551620&quot;:6,&quot;335559739&quot;:160,&quot;335559740&quot;:276}\">\u00a0<\/span><\/p>\t\t\t\t\t\t<\/div>\n\t\t\t\t<\/div>\n\t\t\t\t\t<\/div>\n\t\t<\/div>\n\t\t\t\t\t\t\t<\/div>\n\t\t<\/section>\n\t\t\t\t\t\t\t<\/div>","protected":false},"excerpt":{"rendered":"<p>Jsme stabiln\u00ed rodinn\u00e1 firma, st\u00e1le se rozv\u00edj\u00edme a sledujeme nov\u00e9 trendy. M\u00e1me za sebou dvacetiletou \u00fasp\u011b\u0161nou historii v oboru telekomunikac\u00ed. Skrze kvalitu slu\u017eeb a hled\u00e1n\u00ed spole\u010dn\u00fdch \u0159e\u0161en\u00ed budujeme vedouc\u00ed pozici mezi evropsk\u00fdmi spole\u010dnostmi na komunika\u010dn\u00edm a IT trhu. Vyv\u00edj\u00edme a provozujeme vlastn\u00ed infrastrukturu s c\u00edlem poskytovat slu\u017eby nez\u00e1visl\u00e9 na technologi\u00edch, dodavatel\u00edch a s\u00edt\u00edch. Propojujeme r\u016fzn\u00e9 [&hellip;]<\/p>","protected":false},"author":1,"featured_media":147,"parent":0,"menu_order":0,"comment_status":"closed","ping_status":"closed","template":"","meta":{"footnotes":""},"_links":{"self":[{"href":"https:\/\/www.comverga.com\/cze\/pl\/wp-json\/wp\/v2\/pages\/3578"}],"collection":[{"href":"https:\/\/www.comverga.com\/cze\/pl\/wp-json\/wp\/v2\/pages"}],"about":[{"href":"https:\/\/www.comverga.com\/cze\/pl\/wp-json\/wp\/v2\/types\/page"}],"author":[{"embeddable":true,"href":"https:\/\/www.comverga.com\/cze\/pl\/wp-json\/wp\/v2\/users\/1"}],"replies":[{"embeddable":true,"href":"https:\/\/www.comverga.com\/cze\/pl\/wp-json\/wp\/v2\/comments?post=3578"}],"version-history":[{"count":228,"href":"https:\/\/www.comverga.com\/cze\/pl\/wp-json\/wp\/v2\/pages\/3578\/revisions"}],"predecessor-version":[{"id":5688,"href":"https:\/\/www.comverga.com\/cze\/pl\/wp-json\/wp\/v2\/pages\/3578\/revisions\/5688"}],"wp:featuredmedia":[{"embeddable":true,"href":"https:\/\/www.comverga.com\/cze\/pl\/wp-json\/wp\/v2\/media\/147"}],"wp:attachment":[{"href":"https:\/\/www.comverga.com\/cze\/pl\/wp-json\/wp\/v2\/media?parent=3578"}],"curies":[{"name":"wp","href":"https:\/\/api.w.org\/{rel}","templated":true}]}}