{"id":388,"date":"2020-11-25T15:27:55","date_gmt":"2020-11-25T14:27:55","guid":{"rendered":"https:\/\/www.comverga.com\/?page_id=388"},"modified":"2023-03-02T11:49:42","modified_gmt":"2023-03-02T10:49:42","slug":"mise","status":"publish","type":"page","link":"https:\/\/www.comverga.com\/cze\/pl\/mise\/","title":{"rendered":"Misja"},"content":{"rendered":"<div data-elementor-type=\"wp-page\" data-elementor-id=\"388\" class=\"elementor elementor-388\">\n\t\t\t\t\t\t\t\t\t<section class=\"elementor-section elementor-top-section elementor-element elementor-element-81c8aa7 elementor-section-boxed elementor-section-height-default elementor-section-height-default\" data-id=\"81c8aa7\" data-element_type=\"section\">\n\t\t\t\t\t\t<div class=\"elementor-container elementor-column-gap-default\">\n\t\t\t\t\t<div class=\"elementor-column elementor-col-100 elementor-top-column elementor-element elementor-element-77ca44e4\" data-id=\"77ca44e4\" data-element_type=\"column\">\n\t\t\t<div class=\"elementor-widget-wrap elementor-element-populated\">\n\t\t\t\t\t\t\t\t<div class=\"elementor-element elementor-element-3f5f99d2 elementor-widget elementor-widget-text-editor\" data-id=\"3f5f99d2\" data-element_type=\"widget\" data-widget_type=\"text-editor.default\">\n\t\t\t\t<div class=\"elementor-widget-container\">\n\t\t\t\t\t\t\t<!-- wp:paragraph -->\n<p>Jeste\u015bmy stabiln\u0105 firm\u0105 rodzinn\u0105, stale si\u0119 rozwijamy i pod\u0105\u017camy za nowymi trendami, aby by\u0107 wiod\u0105cym dostawc\u0105 nowoczesnych us\u0142ug telekomunikacyjnych. Naszym celem jest bycie preferowanym partnerem klienta w komunikacji. Poprzez jako\u015b\u0107 us\u0142ug i poszukiwanie wsp\u00f3lnych rozwi\u0105za\u0144 chcemy budowa\u0107 wiod\u0105c\u0105 pozycj\u0119 w\u015br\u00f3d europejskich firm na rynku komunikacji i IT o globalnym zasi\u0119gu.<\/p>\n<!-- \/wp:paragraph -->\n\n<!-- wp:paragraph -->\n<p>Elastycznie reagujemy na potrzeby naszych klient\u00f3w, oferuj\u0105c im ekonomiczne i optymalne funkcjonalnie rozwi\u0105zania. Chcemy by\u0107 partnerem, kt\u00f3ry u\u0142atwia prac\u0119, usprawnia dzia\u0142anie firmy i umo\u017cliwia rozw\u00f3j nowych modeli biznesowych z wykorzystaniem nowoczesnych i zaawansowanych technologii komunikacyjnych. K\u0142adziemy du\u017cy nacisk na etyczny aspekt biznesu, ze szczeg\u00f3lnym uwzgl\u0119dnieniem szacunku dla drugiej osoby \u2013 klienta, partnera i dostawcy.<\/p>\n<!-- \/wp:paragraph -->\t\t\t\t\t\t<\/div>\n\t\t\t\t<\/div>\n\t\t\t\t\t<\/div>\n\t\t<\/div>\n\t\t\t\t\t\t\t<\/div>\n\t\t<\/section>\n\t\t\t\t\t\t\t<\/div>","protected":false},"excerpt":{"rendered":"<p>Jsme stabiln\u00ed rodinn\u00e1 spole\u010dnost, st\u00e1le se rozv\u00edj\u00edme a sledujeme nov\u00e9 trendy, abychom byli vedouc\u00edm dodavatelem modern\u00edch telekomunika\u010dn\u00edch slu\u017eeb. Na\u0161\u00edm c\u00edlem je b\u00fdt pro z\u00e1kazn\u00edka preferovan\u00fdm partnerem v komunikac\u00edch. Skrze kvalitu slu\u017eeb a hled\u00e1n\u00ed spole\u010dn\u00fdch \u0159e\u0161en\u00ed chceme budovat vedouc\u00ed pozici mezi evropsk\u00fdmi spole\u010dnostmi na komunika\u010dn\u00edm a IT trhu s glob\u00e1ln\u00edm z\u00e1sahem. Reagujeme pru\u017en\u011b na pot\u0159eby na\u0161ich [&hellip;]<\/p>","protected":false},"author":1,"featured_media":145,"parent":0,"menu_order":0,"comment_status":"closed","ping_status":"closed","template":"","meta":{"footnotes":""},"_links":{"self":[{"href":"https:\/\/www.comverga.com\/cze\/pl\/wp-json\/wp\/v2\/pages\/388"}],"collection":[{"href":"https:\/\/www.comverga.com\/cze\/pl\/wp-json\/wp\/v2\/pages"}],"about":[{"href":"https:\/\/www.comverga.com\/cze\/pl\/wp-json\/wp\/v2\/types\/page"}],"author":[{"embeddable":true,"href":"https:\/\/www.comverga.com\/cze\/pl\/wp-json\/wp\/v2\/users\/1"}],"replies":[{"embeddable":true,"href":"https:\/\/www.comverga.com\/cze\/pl\/wp-json\/wp\/v2\/comments?post=388"}],"version-history":[{"count":7,"href":"https:\/\/www.comverga.com\/cze\/pl\/wp-json\/wp\/v2\/pages\/388\/revisions"}],"predecessor-version":[{"id":3141,"href":"https:\/\/www.comverga.com\/cze\/pl\/wp-json\/wp\/v2\/pages\/388\/revisions\/3141"}],"wp:featuredmedia":[{"embeddable":true,"href":"https:\/\/www.comverga.com\/cze\/pl\/wp-json\/wp\/v2\/media\/145"}],"wp:attachment":[{"href":"https:\/\/www.comverga.com\/cze\/pl\/wp-json\/wp\/v2\/media?parent=388"}],"curies":[{"name":"wp","href":"https:\/\/api.w.org\/{rel}","templated":true}]}}