{"id":4019,"date":"2023-04-12T19:04:22","date_gmt":"2023-04-12T17:04:22","guid":{"rendered":"https:\/\/www.comverga.com\/cze\/?page_id=4019"},"modified":"2023-12-13T12:43:02","modified_gmt":"2023-12-13T11:43:02","slug":"detaily-reseni-rcs","status":"publish","type":"page","link":"https:\/\/www.comverga.com\/cze\/pl\/sluzby\/agregace-konektivity\/rich-communication-services-rcs\/detaily-reseni-rcs\/","title":{"rendered":"Szczeg\u00f3\u0142y rozwi\u0105zania RCS"},"content":{"rendered":"<div data-elementor-type=\"wp-page\" data-elementor-id=\"4019\" class=\"elementor elementor-4019\">\n\t\t\t\t\t\t\t\t\t<section class=\"elementor-section elementor-top-section elementor-element elementor-element-3d0b95c elementor-section-boxed elementor-section-height-default elementor-section-height-default\" data-id=\"3d0b95c\" data-element_type=\"section\">\n\t\t\t\t\t\t<div class=\"elementor-container elementor-column-gap-default\">\n\t\t\t\t\t<div class=\"elementor-column elementor-col-100 elementor-top-column elementor-element elementor-element-9755779\" data-id=\"9755779\" data-element_type=\"column\">\n\t\t\t<div class=\"elementor-widget-wrap elementor-element-populated\">\n\t\t\t\t\t\t\t\t<div class=\"elementor-element elementor-element-c09c7ee detail-heading elementor-widget elementor-widget-heading\" data-id=\"c09c7ee\" data-element_type=\"widget\" data-widget_type=\"heading.default\">\n\t\t\t\t<div class=\"elementor-widget-container\">\n\t\t\t<h1 class=\"elementor-heading-title elementor-size-default\">RCS &amp; Business Messaging<\/h1>\t\t<\/div>\n\t\t\t\t<\/div>\n\t\t\t\t<div class=\"elementor-element elementor-element-25b551f detail-heading elementor-widget elementor-widget-heading\" data-id=\"25b551f\" data-element_type=\"widget\" data-widget_type=\"heading.default\">\n\t\t\t\t<div class=\"elementor-widget-container\">\n\t\t\t<h3 class=\"elementor-heading-title elementor-size-default\">Szczeg\u00f3\u0142y us\u0142ugi<\/h3>\t\t<\/div>\n\t\t\t\t<\/div>\n\t\t\t\t\t<\/div>\n\t\t<\/div>\n\t\t\t\t\t\t\t<\/div>\n\t\t<\/section>\n\t\t\t\t<section class=\"elementor-section elementor-top-section elementor-element elementor-element-e3c88e6 elementor-section-boxed elementor-section-height-default elementor-section-height-default\" data-id=\"e3c88e6\" data-element_type=\"section\">\n\t\t\t\t\t\t<div class=\"elementor-container elementor-column-gap-default\">\n\t\t\t\t\t<div class=\"elementor-column elementor-col-50 elementor-top-column elementor-element elementor-element-756f838\" data-id=\"756f838\" data-element_type=\"column\">\n\t\t\t<div class=\"elementor-widget-wrap elementor-element-populated\">\n\t\t\t\t\t\t\t\t<div class=\"elementor-element elementor-element-934de93 elementor-widget elementor-widget-text-editor\" data-id=\"934de93\" data-element_type=\"widget\" data-widget_type=\"text-editor.default\">\n\t\t\t\t<div class=\"elementor-widget-container\">\n\t\t\t\t\t\t\t<h3 style=\"margin-top: 0;\"><strong>Og\u00f3lna charakterystyka<\/strong><\/h3><p class=\"s19\"><span class=\"s18\">RCS umo\u017e\u0148uje multimedi\u00e1ln\u00ed obousm\u011brnou komunikaci mezi za\u0159\u00edzen\u00edmi, kter\u00e9 maj\u00ed slu\u017ebu RCS aktivn\u00ed. Nen\u00ed t\u0159eba instalovat \u017e\u00e1dnou speci\u00e1ln\u00ed aplikaci, RCS je nativn\u00ed sou\u010d\u00e1st\u00ed Android OS. Z\u00e1kazn\u00edk tak vid\u00ed konverzaci p\u0159\u00edmo <\/span><span class=\"s18\">v\u00a0aplikaci zpr\u00e1vy spole\u010dn\u011b s\u00a0SMS. <\/span><span class=\"s18\">RCS podporuje funkce jako jsou skupinov\u00e9 konverzace, indikace psan\u00ed, p\u0159e\u010dten\u00ed zpr\u00e1vy a hlasov\u00e9 hovory, stejn\u011b jako p\u0159enos soubor\u016f a\u017e do velikosti 100 MB. RCS tak\u00e9 umo\u017e\u0148uje u\u017eivatel\u016fm vid\u011bt, kdy jsou jejich kontakty online, podobn\u011b jako u instant <\/span><span class=\"s18\">messaging<\/span><span class=\"s18\"> aplikac\u00ed.<\/span><\/p>\t\t\t\t\t\t<\/div>\n\t\t\t\t<\/div>\n\t\t\t\t\t<\/div>\n\t\t<\/div>\n\t\t\t\t<div class=\"elementor-column elementor-col-50 elementor-top-column elementor-element elementor-element-46a1540\" data-id=\"46a1540\" data-element_type=\"column\" data-settings=\"{&quot;background_background&quot;:&quot;classic&quot;}\">\n\t\t\t<div class=\"elementor-widget-wrap elementor-element-populated\">\n\t\t\t\t\t\t\t\t<div class=\"elementor-element elementor-element-b5b91cb elementor-widget elementor-widget-image\" data-id=\"b5b91cb\" data-element_type=\"widget\" data-widget_type=\"image.default\">\n\t\t\t\t<div class=\"elementor-widget-container\">\n\t\t\t\t\t\t\t\t\t\t\t\t\t\t\t<img fetchpriority=\"high\" decoding=\"async\" width=\"580\" height=\"387\" src=\"https:\/\/www.comverga.com\/cze\/wp-content\/uploads\/sites\/3\/2023\/04\/principles.jpg\" class=\"attachment-large size-large wp-image-4047\" alt=\"\" srcset=\"https:\/\/www.comverga.com\/cze\/wp-content\/uploads\/sites\/3\/2023\/04\/principles.jpg 1000w, https:\/\/www.comverga.com\/cze\/wp-content\/uploads\/sites\/3\/2023\/04\/principles-300x200.jpg 300w, https:\/\/www.comverga.com\/cze\/wp-content\/uploads\/sites\/3\/2023\/04\/principles-768x513.jpg 768w\" sizes=\"(max-width: 580px) 100vw, 580px\" \/>\t\t\t\t\t\t\t\t\t\t\t\t\t\t\t<\/div>\n\t\t\t\t<\/div>\n\t\t\t\t\t<\/div>\n\t\t<\/div>\n\t\t\t\t\t\t\t<\/div>\n\t\t<\/section>\n\t\t\t\t<section class=\"elementor-section elementor-top-section elementor-element elementor-element-be273fd elementor-section-boxed elementor-section-height-default elementor-section-height-default\" data-id=\"be273fd\" data-element_type=\"section\">\n\t\t\t\t\t\t<div class=\"elementor-container elementor-column-gap-default\">\n\t\t\t\t\t<div class=\"elementor-column elementor-col-100 elementor-top-column elementor-element elementor-element-c8430b7\" data-id=\"c8430b7\" data-element_type=\"column\">\n\t\t\t<div class=\"elementor-widget-wrap elementor-element-populated\">\n\t\t\t\t\t\t\t\t<div class=\"elementor-element elementor-element-11194bc elementor-widget-divider--view-line elementor-widget elementor-widget-divider\" data-id=\"11194bc\" data-element_type=\"widget\" data-widget_type=\"divider.default\">\n\t\t\t\t<div class=\"elementor-widget-container\">\n\t\t\t\t\t<div class=\"elementor-divider\">\n\t\t\t<span class=\"elementor-divider-separator\">\n\t\t\t\t\t\t<\/span>\n\t\t<\/div>\n\t\t\t\t<\/div>\n\t\t\t\t<\/div>\n\t\t\t\t\t<\/div>\n\t\t<\/div>\n\t\t\t\t\t\t\t<\/div>\n\t\t<\/section>\n\t\t\t\t<section class=\"elementor-section elementor-top-section elementor-element elementor-element-997f815 elementor-section-boxed elementor-section-height-default elementor-section-height-default\" data-id=\"997f815\" data-element_type=\"section\">\n\t\t\t\t\t\t<div class=\"elementor-container elementor-column-gap-default\">\n\t\t\t\t\t<div class=\"elementor-column elementor-col-50 elementor-top-column elementor-element elementor-element-4f79a7d\" data-id=\"4f79a7d\" data-element_type=\"column\">\n\t\t\t<div class=\"elementor-widget-wrap elementor-element-populated\">\n\t\t\t\t\t\t\t\t<div class=\"elementor-element elementor-element-9742478 elementor-widget elementor-widget-image\" data-id=\"9742478\" data-element_type=\"widget\" data-widget_type=\"image.default\">\n\t\t\t\t<div class=\"elementor-widget-container\">\n\t\t\t\t\t\t\t\t\t\t\t\t\t\t\t<img decoding=\"async\" width=\"500\" height=\"333\" src=\"https:\/\/www.comverga.com\/cze\/wp-content\/uploads\/sites\/3\/2023\/04\/communications.png\" class=\"attachment-large size-large wp-image-4046\" alt=\"\" srcset=\"https:\/\/www.comverga.com\/cze\/wp-content\/uploads\/sites\/3\/2023\/04\/communications.png 500w, https:\/\/www.comverga.com\/cze\/wp-content\/uploads\/sites\/3\/2023\/04\/communications-300x200.png 300w\" sizes=\"(max-width: 500px) 100vw, 500px\" \/>\t\t\t\t\t\t\t\t\t\t\t\t\t\t\t<\/div>\n\t\t\t\t<\/div>\n\t\t\t\t\t<\/div>\n\t\t<\/div>\n\t\t\t\t<div class=\"elementor-column elementor-col-50 elementor-top-column elementor-element elementor-element-3753b64\" data-id=\"3753b64\" data-element_type=\"column\">\n\t\t\t<div class=\"elementor-widget-wrap elementor-element-populated\">\n\t\t\t\t\t\t\t\t<div class=\"elementor-element elementor-element-fa81aa3 elementor-widget elementor-widget-text-editor\" data-id=\"fa81aa3\" data-element_type=\"widget\" data-widget_type=\"text-editor.default\">\n\t\t\t\t<div class=\"elementor-widget-container\">\n\t\t\t\t\t\t\t<h3 style=\"margin-top: 0px; text-align: left;\"><strong>Opcje komunikacji<\/strong><\/h3><ul><li>Wysy\u0142anie kod\u00f3w, g\u0142osowanie<\/li><li>Media (filmy, obrazy, nagrania, mapy, pliki)<\/li><li>Oferta produkt\u00f3w<\/li><li>Czat grupowy, katalogi, grupy<\/li><li>Wprowadzanie lokalizacji, numeru telefonu<\/li><li><span class=\"s18\">P\u0142atno\u015bci i nie tylko<\/span><\/li><\/ul>\t\t\t\t\t\t<\/div>\n\t\t\t\t<\/div>\n\t\t\t\t\t<\/div>\n\t\t<\/div>\n\t\t\t\t\t\t\t<\/div>\n\t\t<\/section>\n\t\t\t\t<section class=\"elementor-section elementor-top-section elementor-element elementor-element-e9a8ace elementor-section-boxed elementor-section-height-default elementor-section-height-default\" data-id=\"e9a8ace\" data-element_type=\"section\">\n\t\t\t\t\t\t<div class=\"elementor-container elementor-column-gap-default\">\n\t\t\t\t\t<div class=\"elementor-column elementor-col-50 elementor-top-column elementor-element elementor-element-81a25de\" data-id=\"81a25de\" data-element_type=\"column\">\n\t\t\t<div class=\"elementor-widget-wrap elementor-element-populated\">\n\t\t\t\t\t\t\t\t<div class=\"elementor-element elementor-element-92c38bf elementor-widget elementor-widget-text-editor\" data-id=\"92c38bf\" data-element_type=\"widget\" data-widget_type=\"text-editor.default\">\n\t\t\t\t<div class=\"elementor-widget-container\">\n\t\t\t\t\t\t\t<h3 style=\"margin-top: 0;\"><strong>Wiadomo\u015bci biznesowe RCS<\/strong><\/h3>\n<p>Rozwi\u0105zanie COMVERGA RBM zapewnia firmom bezpieczniejszy i ta\u0144szy spos\u00f3b komunikacji. Pomaga budowa\u0107 silniejsz\u0105 \u015bwiadomo\u015b\u0107 marki i lojalno\u015b\u0107 klient\u00f3w. Niekt\u00f3re zalety COMVERGA RBM obejmuj\u0105:<\/p>\n<ul>\n<li>Wykorzystanie standardu w komunikacji biznesowej<\/li>\n<li>Atrakcyjny spos\u00f3b komunikacji z klientem<\/li>\n<li>Po\u0142\u0105czenie z systemami wewn\u0119trznymi (CRM, ERP i inne)<\/li>\n<li>Budowanie bazy klient\u00f3w i targetowanie kampanii<\/li>\n<li>Narz\u0119dzie do promowania lojalno\u015bci klient\u00f3w<\/li>\n<li>Szybka i sprawna obs\u0142uga klienta<\/li>\n<\/ul>\t\t\t\t\t\t<\/div>\n\t\t\t\t<\/div>\n\t\t\t\t\t<\/div>\n\t\t<\/div>\n\t\t\t\t<div class=\"elementor-column elementor-col-50 elementor-top-column elementor-element elementor-element-9b6bfe3\" data-id=\"9b6bfe3\" data-element_type=\"column\">\n\t\t\t<div class=\"elementor-widget-wrap elementor-element-populated\">\n\t\t\t\t\t\t\t\t<div class=\"elementor-element elementor-element-42eb212 elementor-widget elementor-widget-image\" data-id=\"42eb212\" data-element_type=\"widget\" data-widget_type=\"image.default\">\n\t\t\t\t<div class=\"elementor-widget-container\">\n\t\t\t\t\t\t\t\t\t\t\t\t\t\t\t<img decoding=\"async\" width=\"580\" height=\"377\" src=\"https:\/\/www.comverga.com\/cze\/wp-content\/uploads\/sites\/3\/2023\/04\/rcs-message-1024x666.png\" class=\"attachment-large size-large wp-image-4170\" alt=\"\" srcset=\"https:\/\/www.comverga.com\/cze\/wp-content\/uploads\/sites\/3\/2023\/04\/rcs-message-1024x666.png 1024w, https:\/\/www.comverga.com\/cze\/wp-content\/uploads\/sites\/3\/2023\/04\/rcs-message-300x195.png 300w, https:\/\/www.comverga.com\/cze\/wp-content\/uploads\/sites\/3\/2023\/04\/rcs-message-768x499.png 768w, https:\/\/www.comverga.com\/cze\/wp-content\/uploads\/sites\/3\/2023\/04\/rcs-message-1200x780.png 1200w, https:\/\/www.comverga.com\/cze\/wp-content\/uploads\/sites\/3\/2023\/04\/rcs-message.png 1280w\" sizes=\"(max-width: 580px) 100vw, 580px\" \/>\t\t\t\t\t\t\t\t\t\t\t\t\t\t\t<\/div>\n\t\t\t\t<\/div>\n\t\t\t\t\t<\/div>\n\t\t<\/div>\n\t\t\t\t\t\t\t<\/div>\n\t\t<\/section>\n\t\t\t\t<section class=\"elementor-section elementor-top-section elementor-element elementor-element-a4f3256 elementor-section-boxed elementor-section-height-default elementor-section-height-default\" data-id=\"a4f3256\" data-element_type=\"section\">\n\t\t\t\t\t\t<div class=\"elementor-container elementor-column-gap-default\">\n\t\t\t\t\t<div class=\"elementor-column elementor-col-50 elementor-top-column elementor-element elementor-element-9fb2dbe\" data-id=\"9fb2dbe\" data-element_type=\"column\">\n\t\t\t<div class=\"elementor-widget-wrap elementor-element-populated\">\n\t\t\t\t\t\t\t\t<div class=\"elementor-element elementor-element-9dc5bc0 elementor-widget elementor-widget-image\" data-id=\"9dc5bc0\" data-element_type=\"widget\" data-widget_type=\"image.default\">\n\t\t\t\t<div class=\"elementor-widget-container\">\n\t\t\t\t\t\t\t\t\t\t\t\t\t\t\t<img loading=\"lazy\" decoding=\"async\" width=\"580\" height=\"326\" src=\"https:\/\/www.comverga.com\/cze\/wp-content\/uploads\/sites\/3\/2023\/04\/functionalities-1024x576.jpg\" class=\"attachment-large size-large wp-image-4044\" alt=\"\" srcset=\"https:\/\/www.comverga.com\/cze\/wp-content\/uploads\/sites\/3\/2023\/04\/functionalities-1024x576.jpg 1024w, https:\/\/www.comverga.com\/cze\/wp-content\/uploads\/sites\/3\/2023\/04\/functionalities-300x169.jpg 300w, https:\/\/www.comverga.com\/cze\/wp-content\/uploads\/sites\/3\/2023\/04\/functionalities-768x432.jpg 768w, https:\/\/www.comverga.com\/cze\/wp-content\/uploads\/sites\/3\/2023\/04\/functionalities-1200x675.jpg 1200w, https:\/\/www.comverga.com\/cze\/wp-content\/uploads\/sites\/3\/2023\/04\/functionalities.jpg 1400w\" sizes=\"(max-width: 580px) 100vw, 580px\" \/>\t\t\t\t\t\t\t\t\t\t\t\t\t\t\t<\/div>\n\t\t\t\t<\/div>\n\t\t\t\t\t<\/div>\n\t\t<\/div>\n\t\t\t\t<div class=\"elementor-column elementor-col-50 elementor-top-column elementor-element elementor-element-6f4011f\" data-id=\"6f4011f\" data-element_type=\"column\">\n\t\t\t<div class=\"elementor-widget-wrap elementor-element-populated\">\n\t\t\t\t\t\t\t\t<div class=\"elementor-element elementor-element-f1234f9 elementor-widget elementor-widget-text-editor\" data-id=\"f1234f9\" data-element_type=\"widget\" data-widget_type=\"text-editor.default\">\n\t\t\t\t<div class=\"elementor-widget-container\">\n\t\t\t\t\t\t\t<h3 style=\"margin-top: 0;\"><strong>Podstawowe funkcjonalno\u015bci<\/strong><\/h3><p>COMVERGA RCS jest w pe\u0142ni zintegrowana z platform\u0105 SDP i oferuje zar\u00f3wno przyjazny dla u\u017cytkownika dost\u0119p, jak i zaawansowane zarz\u0105dzanie z mo\u017cliwo\u015bci\u0105 dialog\u00f3w i po\u0142\u0105czenia z DialogFlow. Podstawowe funkcjonalno\u015bci obejmuj\u0105:<\/p><ul><li>\u00a0Zweryfikowany nadawca \u2013 wi\u0119ksze bezpiecze\u0144stwo<\/li><li>Opcja brandingu us\u0142ug<\/li><li>Przewaga tre\u015bci multimedialnych<\/li><li>Kod QR do zam\u00f3wie\u0144, wyp\u0142at, \u015bledzenia i nie tylko<\/li><li>Dostawa i przeczytanie informacji<\/li><li>Responsywne przyciski (kalendarz, mapa, adres URL i inne)<\/li><\/ul>\t\t\t\t\t\t<\/div>\n\t\t\t\t<\/div>\n\t\t\t\t\t<\/div>\n\t\t<\/div>\n\t\t\t\t\t\t\t<\/div>\n\t\t<\/section>\n\t\t\t\t<section class=\"elementor-section elementor-top-section elementor-element elementor-element-90c79ce elementor-section-boxed elementor-section-height-default elementor-section-height-default\" data-id=\"90c79ce\" data-element_type=\"section\">\n\t\t\t\t\t\t<div class=\"elementor-container elementor-column-gap-default\">\n\t\t\t\t\t<div class=\"elementor-column elementor-col-50 elementor-top-column elementor-element elementor-element-eec2774\" data-id=\"eec2774\" data-element_type=\"column\">\n\t\t\t<div class=\"elementor-widget-wrap elementor-element-populated\">\n\t\t\t\t\t\t\t\t<div class=\"elementor-element elementor-element-0fd6093 elementor-widget elementor-widget-text-editor\" data-id=\"0fd6093\" data-element_type=\"widget\" data-widget_type=\"text-editor.default\">\n\t\t\t\t<div class=\"elementor-widget-container\">\n\t\t\t\t\t\t\t<h3 style=\"margin-top: 0;\"><strong>Mo\u017cliwo\u015bci wykorzystania<\/strong><\/h3><p>Z COMVERGA RCS korzystaj\u0105 partnerzy Premium<br \/>za nast\u0119puj\u0105ce dzia\u0142ania:<\/p><ul><li>Kampanie marketingowe<\/li><li>Sprzeda\u017c<\/li><li>Zako\u0144cz proces sk\u0142adania zam\u00f3wienia<\/li><li>Nabytek<\/li><li>Upowa\u017cnienie<\/li><li>Obs\u0142uga klienta<\/li><li>Notatki i uwagi<\/li><li>Bilety<\/li><\/ul>\t\t\t\t\t\t<\/div>\n\t\t\t\t<\/div>\n\t\t\t\t\t<\/div>\n\t\t<\/div>\n\t\t\t\t<div class=\"elementor-column elementor-col-50 elementor-top-column elementor-element elementor-element-9495ffa\" data-id=\"9495ffa\" data-element_type=\"column\">\n\t\t\t<div class=\"elementor-widget-wrap elementor-element-populated\">\n\t\t\t\t\t\t\t\t<div class=\"elementor-element elementor-element-97efbc9 elementor-widget elementor-widget-image\" data-id=\"97efbc9\" data-element_type=\"widget\" data-widget_type=\"image.default\">\n\t\t\t\t<div class=\"elementor-widget-container\">\n\t\t\t\t\t\t\t\t\t\t\t\t\t\t\t<img loading=\"lazy\" decoding=\"async\" width=\"580\" height=\"422\" src=\"https:\/\/www.comverga.com\/cze\/wp-content\/uploads\/sites\/3\/2023\/04\/usage.png\" class=\"attachment-large size-large wp-image-4043\" alt=\"\" srcset=\"https:\/\/www.comverga.com\/cze\/wp-content\/uploads\/sites\/3\/2023\/04\/usage.png 681w, https:\/\/www.comverga.com\/cze\/wp-content\/uploads\/sites\/3\/2023\/04\/usage-300x218.png 300w\" sizes=\"(max-width: 580px) 100vw, 580px\" \/>\t\t\t\t\t\t\t\t\t\t\t\t\t\t\t<\/div>\n\t\t\t\t<\/div>\n\t\t\t\t\t<\/div>\n\t\t<\/div>\n\t\t\t\t\t\t\t<\/div>\n\t\t<\/section>\n\t\t\t\t\t\t\t<\/div>","protected":false},"excerpt":{"rendered":"<p>RCS &amp; Business Messaging Szczeg\u00f3\u0142y us\u0142ugi Podstawowe zasady RCS umo\u017cliwia dwukierunkow\u0105 komunikacj\u0119 multimedialn\u0105 pomi\u0119dzy urz\u0105dzeniami, kt\u00f3re maj\u0105 aktywn\u0105 us\u0142ug\u0119 RCS. Nie trzeba instalowa\u0107 \u017cadnej specjalnej aplikacji, RCS jest natywn\u0105 cz\u0119\u015bci\u0105 systemu operacyjnego Android. Klient widzi zatem rozmow\u0119 bezpo\u015brednio w aplikacji do wysy\u0142ania wiadomo\u015bci razem z SMS-em. RCS obs\u0142uguje takie funkcje, jak czaty grupowe, monity o wpisanie, czytanie wiadomo\u015bci i po\u0142\u0105czenia g\u0142osowe, [\u2026]<\/p>","protected":false},"author":1,"featured_media":4104,"parent":4009,"menu_order":4,"comment_status":"closed","ping_status":"closed","template":"","meta":{"footnotes":""},"_links":{"self":[{"href":"https:\/\/www.comverga.com\/cze\/pl\/wp-json\/wp\/v2\/pages\/4019"}],"collection":[{"href":"https:\/\/www.comverga.com\/cze\/pl\/wp-json\/wp\/v2\/pages"}],"about":[{"href":"https:\/\/www.comverga.com\/cze\/pl\/wp-json\/wp\/v2\/types\/page"}],"author":[{"embeddable":true,"href":"https:\/\/www.comverga.com\/cze\/pl\/wp-json\/wp\/v2\/users\/1"}],"replies":[{"embeddable":true,"href":"https:\/\/www.comverga.com\/cze\/pl\/wp-json\/wp\/v2\/comments?post=4019"}],"version-history":[{"count":67,"href":"https:\/\/www.comverga.com\/cze\/pl\/wp-json\/wp\/v2\/pages\/4019\/revisions"}],"predecessor-version":[{"id":5391,"href":"https:\/\/www.comverga.com\/cze\/pl\/wp-json\/wp\/v2\/pages\/4019\/revisions\/5391"}],"up":[{"embeddable":true,"href":"https:\/\/www.comverga.com\/cze\/pl\/wp-json\/wp\/v2\/pages\/4009"}],"wp:featuredmedia":[{"embeddable":true,"href":"https:\/\/www.comverga.com\/cze\/pl\/wp-json\/wp\/v2\/media\/4104"}],"wp:attachment":[{"href":"https:\/\/www.comverga.com\/cze\/pl\/wp-json\/wp\/v2\/media?parent=4019"}],"curies":[{"name":"wp","href":"https:\/\/api.w.org\/{rel}","templated":true}]}}