{"id":4027,"date":"2023-04-12T19:18:19","date_gmt":"2023-04-12T17:18:19","guid":{"rendered":"https:\/\/www.comverga.com\/cze\/?page_id=4027"},"modified":"2023-12-13T12:43:16","modified_gmt":"2023-12-13T11:43:16","slug":"zakaznicka-podpora-v-ramci-operatora-coop-mobil","status":"publish","type":"page","link":"https:\/\/www.comverga.com\/cze\/pl\/sluzby\/agregace-konektivity\/rich-communication-services-rcs\/zakaznicka-podpora-v-ramci-operatora-coop-mobil\/","title":{"rendered":"Obs\u0142uga klienta w ramach operatora COOP Mobil"},"content":{"rendered":"<div data-elementor-type=\"wp-page\" data-elementor-id=\"4027\" class=\"elementor elementor-4027\">\n\t\t\t\t\t\t\t\t\t<section class=\"elementor-section elementor-top-section elementor-element elementor-element-ef48c0d elementor-section-boxed elementor-section-height-default elementor-section-height-default\" data-id=\"ef48c0d\" data-element_type=\"section\">\n\t\t\t\t\t\t<div class=\"elementor-container elementor-column-gap-default\">\n\t\t\t\t\t<div class=\"elementor-column elementor-col-50 elementor-top-column elementor-element elementor-element-7901d5fd\" data-id=\"7901d5fd\" data-element_type=\"column\">\n\t\t\t<div class=\"elementor-widget-wrap elementor-element-populated\">\n\t\t\t\t\t\t\t\t<div class=\"elementor-element elementor-element-648b2714 elementor-widget elementor-widget-text-editor\" data-id=\"648b2714\" data-element_type=\"widget\" data-widget_type=\"text-editor.default\">\n\t\t\t\t<div class=\"elementor-widget-container\">\n\t\t\t\t\t\t\t<div class=\"usecase-text\">\n<h2 style=\"text-align: left;margin-top:0;\">Obs\u0142uga klienta w ramach operatora COOP Mobil<\/h2>\nOperator kom\u00f3rkowy COOP Mobil \u015bwiadczy standardowe us\u0142ugi telekomunikacyjne obejmuj\u0105ce codzienn\u0105 obs\u0142ug\u0119 klienta. Zamawianie nowej us\u0142ugi, pytania dotycz\u0105ce rozlicze\u0144, korzystania z kom\u00f3rkowej transmisji danych, zmiany taryfy i inne to cz\u0119ste tematy zapyta\u0144 klient\u00f3w.\n\n<\/div>\t\t\t\t\t\t<\/div>\n\t\t\t\t<\/div>\n\t\t\t\t\t<\/div>\n\t\t<\/div>\n\t\t\t\t<div class=\"elementor-column elementor-col-50 elementor-top-column elementor-element elementor-element-119748da\" data-id=\"119748da\" data-element_type=\"column\">\n\t\t\t<div class=\"elementor-widget-wrap elementor-element-populated\">\n\t\t\t\t\t\t\t\t<div class=\"elementor-element elementor-element-1c6f3589 elementor-widget elementor-widget-image\" data-id=\"1c6f3589\" data-element_type=\"widget\" data-widget_type=\"image.default\">\n\t\t\t\t<div class=\"elementor-widget-container\">\n\t\t\t\t\t\t\t\t\t\t\t\t\t\t\t<img fetchpriority=\"high\" decoding=\"async\" width=\"580\" height=\"352\" src=\"https:\/\/www.comverga.com\/cze\/wp-content\/uploads\/sites\/3\/2023\/04\/coopmobil-1024x622.jpg\" class=\"attachment-large size-large wp-image-4061\" alt=\"\" srcset=\"https:\/\/www.comverga.com\/cze\/wp-content\/uploads\/sites\/3\/2023\/04\/coopmobil-1024x622.jpg 1024w, https:\/\/www.comverga.com\/cze\/wp-content\/uploads\/sites\/3\/2023\/04\/coopmobil-300x182.jpg 300w, https:\/\/www.comverga.com\/cze\/wp-content\/uploads\/sites\/3\/2023\/04\/coopmobil-768x467.jpg 768w, https:\/\/www.comverga.com\/cze\/wp-content\/uploads\/sites\/3\/2023\/04\/coopmobil-1200x729.jpg 1200w, https:\/\/www.comverga.com\/cze\/wp-content\/uploads\/sites\/3\/2023\/04\/coopmobil.jpg 1318w\" sizes=\"(max-width: 580px) 100vw, 580px\" \/>\t\t\t\t\t\t\t\t\t\t\t\t\t\t\t<\/div>\n\t\t\t\t<\/div>\n\t\t\t\t\t<\/div>\n\t\t<\/div>\n\t\t\t\t\t\t\t<\/div>\n\t\t<\/section>\n\t\t\t\t<section class=\"elementor-section elementor-top-section elementor-element elementor-element-6d03bf5 elementor-section-boxed elementor-section-height-default elementor-section-height-default\" data-id=\"6d03bf5\" data-element_type=\"section\">\n\t\t\t\t\t\t<div class=\"elementor-container elementor-column-gap-default\">\n\t\t\t\t\t<div class=\"elementor-column elementor-col-50 elementor-top-column elementor-element elementor-element-79239ad\" data-id=\"79239ad\" data-element_type=\"column\">\n\t\t\t<div class=\"elementor-widget-wrap elementor-element-populated\">\n\t\t\t\t\t\t\t\t<div class=\"elementor-element elementor-element-ad9554f elementor-widget elementor-widget-sidebar\" data-id=\"ad9554f\" data-element_type=\"widget\" data-widget_type=\"sidebar.default\">\n\t\t\t\t<div class=\"elementor-widget-container\">\n\t\t\t<div id=\"widget-box\" class=\"smart-watch\">\n\t<img decoding=\"async\" src=\"https:\/\/www.coopmobil.cz\/wp-content\/uploads\/2021\/04\/coop-mobil-logo.svg\"><br>\n\t<span>Bran\u017ca<\/span>\n<p>\n\t\tOperator telekomunikacyjny - detaliczny\n\t<\/p>\n<span>Produkt<\/span>\n<p>\n\t\tPakiet inteligentny zegarek + \u0142\u0105czno\u015b\u0107 danych\n\t<\/p>\n<\/div>\n<div id=\"widget-box\" class=\"support\">\n\t<img decoding=\"async\" src=\"https:\/\/www.coopmobil.cz\/wp-content\/uploads\/2021\/04\/coop-mobil-logo.svg\"><br>\n\t<span>Bran\u017ca<\/span>\n<p>\n\t\tOperator telekomunikacyjny - detaliczny\n\t<\/p>\n<span>Produkt<\/span>\n<p>\n\t\tPrzewodnik obs\u0142ugi klienta\n\t<\/p>\n<\/div>\n<div id=\"widget-box\" class=\"operator\">\n\t<img decoding=\"async\" src=\"https:\/\/www.coopmobil.cz\/wp-content\/uploads\/2021\/04\/coop-mobil-logo.svg\"><br>\n\t<span>Bran\u017ca<\/span>\n<p>\n\t\tOperator telekomunikacyjny - detaliczny\n\t<\/p>\n<span>Produkt<\/span>\n<p>\n\t\tWdro\u017cenie programu lojalno\u015bciowego\n\t<\/p>\n<\/div>\n<div id=\"widget-box\" class=\"caravan\">\n<img decoding=\"async\" src=\"\/cze\/wp-content\/uploads\/sites\/3\/2023\/04\/caravan-logo.jpg\"><br>\n<span>Bran\u017ca<\/span>\n<p>\n\t\tSystemy \u015bledzenia GPS pojazd\u00f3w, \u0142\u0105czno\u015b\u0107 danych\n\t<\/p>\n<span>Produkt<\/span>\n<p>\n\t\tRozwi\u0105zanie umo\u017cliwiaj\u0105ce dost\u0119p do Internetu w drodze\n\t<\/p>\n<\/div>\n<div id=\"widget-box\" class=\"camera\">\n<img decoding=\"async\" src=\"\/cze\/wp-content\/uploads\/sites\/3\/2023\/04\/camera-logo.jpg\"><br>\n<span>Bran\u017ca<\/span>\n<p>\n\t\tSystemy bezpiecze\u0144stwa\n\t<\/p>\n<span>Produkt<\/span>\n<p>\n\t\tKamery z transmisj\u0105 online\n\t<\/p>\n<\/div>\n<div id=\"widget-box\" class=\"event\">\n\t<img decoding=\"async\" src=\"\/cze\/wp-content\/uploads\/sites\/3\/2023\/04\/event-logo.png\" style=\"width: 50px\"><br>\n\t<span>Bran\u017ca<\/span>\n<p>\n\t\tAgencja eventowa\n\t<\/p>\n<span>Produkt<\/span>\n<p>\n\t\tOrganizacja wydarzenia \u2013 komunikacja z uczestnikami\n\t<\/p>\n<\/div>\n<div id=\"widget-box\" class=\"competition\">\n\t<img decoding=\"async\" src=\"\/cze\/wp-content\/uploads\/sites\/3\/2023\/04\/competition-logo.png\" style=\"width: 50px\"><br>\n\t<span>Bran\u017ca<\/span>\n<p>\n\t\tTowary detaliczne i konsumpcyjne\n\t<\/p>\n<span>Produkt<\/span>\n<p>\n\t\tOrganizacja wydarzenia \u2013 komunikacja z uczestnikami\n\t<\/p>\n<\/div>\n<div id=\"widget-box\" class=\"marketing\">\n\t<img decoding=\"async\" src=\"\/cze\/wp-content\/uploads\/sites\/3\/2023\/06\/marketing-logo.png\" style=\"width: 50px\"><br>\n\t<span>Bran\u017ca<\/span>\n<p>\n\t\tKomunikacja marketingowa\n\t<\/p>\n<span>Produkt<\/span>\n<p>\n\t\tRealizacja mailing\u00f3w marketingowych\n\t<\/p>\n<\/div>\n\n<div id=\"widget-box\" class=\"fmcg\">\n\t<img decoding=\"async\" src=\"\/cze\/wp-content\/uploads\/sites\/3\/2023\/06\/fmcg-logo.png\" style=\"width: 50px\"><br>\n\t<span>Bran\u017ca<\/span>\n<p>\n\t\tFMCG<br>Szybko zbywalne towary konsumpcyjne\n\t<\/p>\n<span>Produkt<\/span>\n<p>\n\t\tJedzenie, napoje, drogeria\n\t<\/p>\n<\/div>\n\n<div id=\"widget-box\" class=\"iot\">\n\t<img decoding=\"async\" src=\"\/cze\/wp-content\/uploads\/sites\/3\/2025\/09\/iot_icon.png\" style=\"width: 50px\"><br>\n\t<span>Bran\u017ca<\/span>\n<p>\n\t\tIoT, zarz\u0105dzanie SIM\/eSIM\n\t<\/p>\n<span>Produkt<\/span>\n<p>\n\t\tCzujniki IoT dla przemys\u0142u i gospodarstw domowych\n\t<\/p>\n<\/div>\n\n<div id=\"widget-box\" class=\"truck\">\n\t<img decoding=\"async\" src=\"\/cze\/wp-content\/uploads\/sites\/3\/2025\/09\/truck_monitoring.png\" style=\"width: 50px\"><br>\n\t<span>Bran\u017ca<\/span>\n<p>\n\t\tIoT, zarz\u0105dzanie SIM\/eSIM\n\t<\/p>\n<span>Produkt<\/span>\n<p>\n\t\teSIM do monitorowania pojazd\u00f3w\n\t<\/p>\n<\/div>\n\n<div id=\"widget-box\" class=\"drone\">\n\t<img decoding=\"async\" src=\"\/cze\/wp-content\/uploads\/sites\/3\/2025\/09\/drone_icon.png\" style=\"width: 80px\"><br>\n\t<span>Bran\u017ca<\/span>\n<p>\n\t\tIoT, zarz\u0105dzanie SIM\/eSIM\n\t<\/p>\n<span>Produkt<\/span>\n<p>\n\t\teSIM dla floty dron\u00f3w\n\t<\/p>\n<\/div>\t\t<\/div>\n\t\t\t\t<\/div>\n\t\t\t\t\t<\/div>\n\t\t<\/div>\n\t\t\t\t<div class=\"elementor-column elementor-col-50 elementor-top-column elementor-element elementor-element-58cf973\" data-id=\"58cf973\" data-element_type=\"column\">\n\t\t\t<div class=\"elementor-widget-wrap elementor-element-populated\">\n\t\t\t\t\t\t\t\t<div class=\"elementor-element elementor-element-5809b185 elementor-widget elementor-widget-text-editor\" data-id=\"5809b185\" data-element_type=\"widget\" data-widget_type=\"text-editor.default\">\n\t\t\t\t<div class=\"elementor-widget-container\">\n\t\t\t\t\t\t\t<p>COOP Mobil chcia\u0142 udost\u0119pni\u0107 klientom nowe do\u015bwiadczenia u\u017cytkownika. Jednocze\u015bnie musia\u0142 efektywniej obs\u0142ugiwa\u0107 powtarzaj\u0105ce si\u0119 zapytania w centrum obs\u0142ugi klienta, takie jak pytania dotycz\u0105ce korzystania z mobilnej transmisji danych i ewentualnych zakup\u00f3w pakiet\u00f3w danych, pytania dotycz\u0105ce rozlicze\u0144 za us\u0142ugi mobilne i nie tylko. Jednocze\u015bnie chcia\u0142by rozszerzy\u0107 mo\u017cliwo\u015bci cross-sellingu w ramach oferowanych us\u0142ug.<\/p><p>Dzi\u0119ki rozwi\u0105zaniu COMVERGA RBM COOP Mobil zyskuje tym samym oszcz\u0119dno\u015bci w zakresie funkcjonowania centrum obs\u0142ugi klienta, szybsz\u0105 i sprawniejsz\u0105 obs\u0142ug\u0119 zg\u0142osze\u0144 klient\u00f3w oraz dodatkowe przychody ze zwi\u0119kszonej sprzeda\u017cy us\u0142ug w ramach cross-sellingu.<\/p>\t\t\t\t\t\t<\/div>\n\t\t\t\t<\/div>\n\t\t\t\t\t<\/div>\n\t\t<\/div>\n\t\t\t\t\t\t\t<\/div>\n\t\t<\/section>\n\t\t\t\t<section class=\"elementor-section elementor-top-section elementor-element elementor-element-c22df28 elementor-section-boxed elementor-section-height-default elementor-section-height-default\" data-id=\"c22df28\" data-element_type=\"section\">\n\t\t\t\t\t\t<div class=\"elementor-container elementor-column-gap-default\">\n\t\t\t\t\t<div class=\"elementor-column elementor-col-100 elementor-top-column elementor-element elementor-element-7eafc90\" data-id=\"7eafc90\" data-element_type=\"column\">\n\t\t\t<div class=\"elementor-widget-wrap elementor-element-populated\">\n\t\t\t\t\t\t\t\t<div class=\"elementor-element elementor-element-0c39093 elementor-widget elementor-widget-html\" data-id=\"0c39093\" data-element_type=\"widget\" data-widget_type=\"html.default\">\n\t\t\t\t<div class=\"elementor-widget-container\">\n\t\t\t<div class=\"mobile-animation\">\n    <div class=\"mobile left\">\n        <div class=\"message-bubble top\">\n            <p>Droga Jano, Twoja kom\u00f3rkowa transmisja danych w ramach taryfy jest ju\u017c prawie wyczerpana.<\/p>\n        <\/div>\n        <div class=\"message-bubble bottom\">\n            <p>Kup dane na ten miesi\u0105c i nadal korzystaj z pe\u0142nego potencja\u0142u us\u0142ug!<\/p>\n        <\/div>\n        <img decoding=\"async\" src=\"https:\/\/www.comverga.com\/cze\/wp-content\/uploads\/sites\/3\/2023\/04\/mobile-1.gif\">\n    <\/div>\n    <div class=\"mobile right\">\n        <div class=\"message-bubble top\">\n            <p>Dzi\u0119kuj\u0119! W\u0142a\u015bnie zosta\u0142 aktywowany pakiet danych 1,5 GB.<\/p>\n        <\/div>\n        <div class=\"message-bubble bottom\">\n            <p>Je\u015bli dane Ci nie wystarcz\u0105, wypr\u00f3buj jedn\u0105 z naszych wi\u0119kszych taryf.<\/p>\n        <\/div>\n        <img decoding=\"async\" src=\"https:\/\/www.comverga.com\/cze\/wp-content\/uploads\/sites\/3\/2023\/04\/mobile-2.gif\">\n    <\/div>\n<\/div>\t\t<\/div>\n\t\t\t\t<\/div>\n\t\t\t\t\t<\/div>\n\t\t<\/div>\n\t\t\t\t\t\t\t<\/div>\n\t\t<\/section>\n\t\t\t\t<section class=\"elementor-section elementor-top-section elementor-element elementor-element-e74e3b6 elementor-section-boxed elementor-section-height-default elementor-section-height-default\" data-id=\"e74e3b6\" data-element_type=\"section\">\n\t\t\t\t\t\t<div class=\"elementor-container elementor-column-gap-default\">\n\t\t\t\t\t<div class=\"elementor-column elementor-col-50 elementor-top-column elementor-element elementor-element-1508d08\" data-id=\"1508d08\" data-element_type=\"column\" data-settings=\"{&quot;background_background&quot;:&quot;classic&quot;}\">\n\t\t\t<div class=\"elementor-widget-wrap elementor-element-populated\">\n\t\t\t\t\t\t\t\t<div class=\"elementor-element elementor-element-08aeaa6 elementor-widget elementor-widget-text-editor\" data-id=\"08aeaa6\" data-element_type=\"widget\" data-widget_type=\"text-editor.default\">\n\t\t\t\t<div class=\"elementor-widget-container\">\n\t\t\t\t\t\t\t<h3><strong>Co zyska\u0142 Partner:<\/strong><\/h3><div class=\"page\" title=\"Strona 4\"><div class=\"layoutArea\"><div class=\"column\"><ul><li>Efektywne przetwarzanie \u017c\u0105da\u0144 klient\u00f3w<\/li><li>Oszcz\u0119dno\u015bci w kosztach obs\u0142ugi klienta<\/li><li>Wi\u0119ksze zadowolenie klient\u00f3w<\/li><li>Nowa interaktywna samoobs\u0142uga poprzez RCS<\/li><\/ul><\/div><\/div><\/div>\t\t\t\t\t\t<\/div>\n\t\t\t\t<\/div>\n\t\t\t\t\t<\/div>\n\t\t<\/div>\n\t\t\t\t<div class=\"elementor-column elementor-col-50 elementor-top-column elementor-element elementor-element-dfdc4b9\" data-id=\"dfdc4b9\" data-element_type=\"column\" data-settings=\"{&quot;background_background&quot;:&quot;classic&quot;}\">\n\t\t\t<div class=\"elementor-widget-wrap elementor-element-populated\">\n\t\t\t\t\t\t\t\t<div class=\"elementor-element elementor-element-6b21114 elementor-widget elementor-widget-text-editor\" data-id=\"6b21114\" data-element_type=\"widget\" data-widget_type=\"text-editor.default\">\n\t\t\t\t<div class=\"elementor-widget-container\">\n\t\t\t\t\t\t\t<h3><strong>COMVERGA zapewnia Partnerowi:<\/strong><\/h3>\n<ul>\n \t<li>Skuteczne narz\u0119dzie do sprzeda\u017cy krzy\u017cowej<\/li>\n \t<li>Konfiguracja, obs\u0142uga i ocena poszczeg\u00f3lnych kampanii<\/li>\n \t<li>Wsparcie klienta i techniczne<\/li>\n \t<li><span class=\"s30\">Kompletny biznes <\/span><span class=\"s30\">Proces<\/span><span class=\"s30\"> Outsourcing (BPO)<\/span><\/li>\n<\/ul>\t\t\t\t\t\t<\/div>\n\t\t\t\t<\/div>\n\t\t\t\t\t<\/div>\n\t\t<\/div>\n\t\t\t\t\t\t\t<\/div>\n\t\t<\/section>\n\t\t\t\t\t\t\t<\/div>","protected":false},"excerpt":{"rendered":"<p>Obs\u0142uga klienta w ramach operatora COOP Mobil Operator kom\u00f3rkowy COOP Mobil \u015bwiadczy standardowe us\u0142ugi telekomunikacyjne obejmuj\u0105ce codzienn\u0105 obs\u0142ug\u0119 klienta. Zamawianie nowej us\u0142ugi, pytania dotycz\u0105ce rozlicze\u0144, korzystania z kom\u00f3rkowej transmisji danych, zmiany taryfy i inne to cz\u0119ste tematy zapyta\u0144 klient\u00f3w. COOP Mobil chcia\u0142 udost\u0119pni\u0107 klientom nowe do\u015bwiadczenia u\u017cytkownika. Jednocze\u015bnie musia\u0142 obs\u0142ugiwa\u0107 powtarzaj\u0105ce si\u0119 zapytania klient\u00f3w [\u2026]<\/p>","protected":false},"author":1,"featured_media":4598,"parent":4009,"menu_order":4,"comment_status":"closed","ping_status":"closed","template":"","meta":{"footnotes":""},"_links":{"self":[{"href":"https:\/\/www.comverga.com\/cze\/pl\/wp-json\/wp\/v2\/pages\/4027"}],"collection":[{"href":"https:\/\/www.comverga.com\/cze\/pl\/wp-json\/wp\/v2\/pages"}],"about":[{"href":"https:\/\/www.comverga.com\/cze\/pl\/wp-json\/wp\/v2\/types\/page"}],"author":[{"embeddable":true,"href":"https:\/\/www.comverga.com\/cze\/pl\/wp-json\/wp\/v2\/users\/1"}],"replies":[{"embeddable":true,"href":"https:\/\/www.comverga.com\/cze\/pl\/wp-json\/wp\/v2\/comments?post=4027"}],"version-history":[{"count":148,"href":"https:\/\/www.comverga.com\/cze\/pl\/wp-json\/wp\/v2\/pages\/4027\/revisions"}],"predecessor-version":[{"id":5394,"href":"https:\/\/www.comverga.com\/cze\/pl\/wp-json\/wp\/v2\/pages\/4027\/revisions\/5394"}],"up":[{"embeddable":true,"href":"https:\/\/www.comverga.com\/cze\/pl\/wp-json\/wp\/v2\/pages\/4009"}],"wp:featuredmedia":[{"embeddable":true,"href":"https:\/\/www.comverga.com\/cze\/pl\/wp-json\/wp\/v2\/media\/4598"}],"wp:attachment":[{"href":"https:\/\/www.comverga.com\/cze\/pl\/wp-json\/wp\/v2\/media?parent=4027"}],"curies":[{"name":"wp","href":"https:\/\/api.w.org\/{rel}","templated":true}]}}