{"id":4071,"date":"2023-04-12T20:05:09","date_gmt":"2023-04-12T18:05:09","guid":{"rendered":"https:\/\/www.comverga.com\/cze\/?page_id=4071"},"modified":"2023-12-13T12:43:30","modified_gmt":"2023-12-13T11:43:30","slug":"organizace-fyzickych-i-virtualnich-eventu","status":"publish","type":"page","link":"https:\/\/www.comverga.com\/cze\/pl\/sluzby\/agregace-konektivity\/rich-communication-services-rcs\/organizace-fyzickych-i-virtualnich-eventu\/","title":{"rendered":"Organizacja wydarze\u0144 fizycznych i wirtualnych"},"content":{"rendered":"<div data-elementor-type=\"wp-page\" data-elementor-id=\"4071\" class=\"elementor elementor-4071\">\n\t\t\t\t\t\t\t\t\t<section class=\"elementor-section elementor-top-section elementor-element elementor-element-ef48c0d elementor-section-boxed elementor-section-height-default elementor-section-height-default\" data-id=\"ef48c0d\" data-element_type=\"section\">\n\t\t\t\t\t\t<div class=\"elementor-container elementor-column-gap-default\">\n\t\t\t\t\t<div class=\"elementor-column elementor-col-50 elementor-top-column elementor-element elementor-element-7901d5fd\" data-id=\"7901d5fd\" data-element_type=\"column\">\n\t\t\t<div class=\"elementor-widget-wrap elementor-element-populated\">\n\t\t\t\t\t\t\t\t<div class=\"elementor-element elementor-element-648b2714 elementor-widget elementor-widget-text-editor\" data-id=\"648b2714\" data-element_type=\"widget\" data-widget_type=\"text-editor.default\">\n\t\t\t\t<div class=\"elementor-widget-container\">\n\t\t\t\t\t\t\t<div class=\"usecase-text\">\n<h2 style=\"text-align: left; margin-top: 0;\">Organizacja wydarze\u0144 fizycznych i wirtualnych<\/h2>\nPartner jest wieloletnim organizatorem du\u017cych konferencyjnych wydarze\u0144 fizycznych, wirtualnych i hybrydowych. Obejmuje pe\u0142n\u0105 realizacj\u0119 od komunikacji o zbli\u017caj\u0105cej si\u0119 konferencji do potencjalnych uczestnik\u00f3w, kompozycji programu wydarzenia, komunikacji z wykonawcami, ale tak\u017ce procesu rejestracji, dystrybucji bilet\u00f3w.\n\n<\/div>\t\t\t\t\t\t<\/div>\n\t\t\t\t<\/div>\n\t\t\t\t\t<\/div>\n\t\t<\/div>\n\t\t\t\t<div class=\"elementor-column elementor-col-50 elementor-top-column elementor-element elementor-element-119748da\" data-id=\"119748da\" data-element_type=\"column\">\n\t\t\t<div class=\"elementor-widget-wrap elementor-element-populated\">\n\t\t\t\t\t\t\t\t<div class=\"elementor-element elementor-element-1c6f3589 elementor-widget elementor-widget-image\" data-id=\"1c6f3589\" data-element_type=\"widget\" data-widget_type=\"image.default\">\n\t\t\t\t<div class=\"elementor-widget-container\">\n\t\t\t\t\t\t\t\t\t\t\t\t\t\t\t<img fetchpriority=\"high\" decoding=\"async\" width=\"580\" height=\"393\" src=\"https:\/\/www.comverga.com\/cze\/wp-content\/uploads\/sites\/3\/2023\/04\/events.png\" class=\"attachment-large size-large wp-image-4072\" alt=\"\" srcset=\"https:\/\/www.comverga.com\/cze\/wp-content\/uploads\/sites\/3\/2023\/04\/events.png 697w, https:\/\/www.comverga.com\/cze\/wp-content\/uploads\/sites\/3\/2023\/04\/events-300x203.png 300w\" sizes=\"(max-width: 580px) 100vw, 580px\" \/>\t\t\t\t\t\t\t\t\t\t\t\t\t\t\t<\/div>\n\t\t\t\t<\/div>\n\t\t\t\t\t<\/div>\n\t\t<\/div>\n\t\t\t\t\t\t\t<\/div>\n\t\t<\/section>\n\t\t\t\t<section class=\"elementor-section elementor-top-section elementor-element elementor-element-6d03bf5 elementor-section-boxed elementor-section-height-default elementor-section-height-default\" data-id=\"6d03bf5\" data-element_type=\"section\">\n\t\t\t\t\t\t<div class=\"elementor-container elementor-column-gap-default\">\n\t\t\t\t\t<div class=\"elementor-column elementor-col-50 elementor-top-column elementor-element elementor-element-79239ad\" data-id=\"79239ad\" data-element_type=\"column\">\n\t\t\t<div class=\"elementor-widget-wrap elementor-element-populated\">\n\t\t\t\t\t\t\t\t<div class=\"elementor-element elementor-element-ad9554f elementor-widget elementor-widget-sidebar\" data-id=\"ad9554f\" data-element_type=\"widget\" data-widget_type=\"sidebar.default\">\n\t\t\t\t<div class=\"elementor-widget-container\">\n\t\t\t<div id=\"widget-box\" class=\"smart-watch\">\n\t<img decoding=\"async\" src=\"https:\/\/www.coopmobil.cz\/wp-content\/uploads\/2021\/04\/coop-mobil-logo.svg\"><br>\n\t<span>Bran\u017ca<\/span>\n<p>\n\t\tOperator telekomunikacyjny - detaliczny\n\t<\/p>\n<span>Produkt<\/span>\n<p>\n\t\tPakiet inteligentny zegarek + \u0142\u0105czno\u015b\u0107 danych\n\t<\/p>\n<\/div>\n<div id=\"widget-box\" class=\"support\">\n\t<img decoding=\"async\" src=\"https:\/\/www.coopmobil.cz\/wp-content\/uploads\/2021\/04\/coop-mobil-logo.svg\"><br>\n\t<span>Bran\u017ca<\/span>\n<p>\n\t\tOperator telekomunikacyjny - detaliczny\n\t<\/p>\n<span>Produkt<\/span>\n<p>\n\t\tPrzewodnik obs\u0142ugi klienta\n\t<\/p>\n<\/div>\n<div id=\"widget-box\" class=\"operator\">\n\t<img decoding=\"async\" src=\"https:\/\/www.coopmobil.cz\/wp-content\/uploads\/2021\/04\/coop-mobil-logo.svg\"><br>\n\t<span>Bran\u017ca<\/span>\n<p>\n\t\tOperator telekomunikacyjny - detaliczny\n\t<\/p>\n<span>Produkt<\/span>\n<p>\n\t\tWdro\u017cenie programu lojalno\u015bciowego\n\t<\/p>\n<\/div>\n<div id=\"widget-box\" class=\"caravan\">\n<img decoding=\"async\" src=\"\/cze\/wp-content\/uploads\/sites\/3\/2023\/04\/caravan-logo.jpg\"><br>\n<span>Bran\u017ca<\/span>\n<p>\n\t\tSystemy \u015bledzenia GPS pojazd\u00f3w, \u0142\u0105czno\u015b\u0107 danych\n\t<\/p>\n<span>Produkt<\/span>\n<p>\n\t\tRozwi\u0105zanie umo\u017cliwiaj\u0105ce dost\u0119p do Internetu w drodze\n\t<\/p>\n<\/div>\n<div id=\"widget-box\" class=\"camera\">\n<img decoding=\"async\" src=\"\/cze\/wp-content\/uploads\/sites\/3\/2023\/04\/camera-logo.jpg\"><br>\n<span>Bran\u017ca<\/span>\n<p>\n\t\tSystemy bezpiecze\u0144stwa\n\t<\/p>\n<span>Produkt<\/span>\n<p>\n\t\tKamery z transmisj\u0105 online\n\t<\/p>\n<\/div>\n<div id=\"widget-box\" class=\"event\">\n\t<img decoding=\"async\" src=\"\/cze\/wp-content\/uploads\/sites\/3\/2023\/04\/event-logo.png\" style=\"width: 50px\"><br>\n\t<span>Bran\u017ca<\/span>\n<p>\n\t\tAgencja eventowa\n\t<\/p>\n<span>Produkt<\/span>\n<p>\n\t\tOrganizacja wydarzenia \u2013 komunikacja z uczestnikami\n\t<\/p>\n<\/div>\n<div id=\"widget-box\" class=\"competition\">\n\t<img decoding=\"async\" src=\"\/cze\/wp-content\/uploads\/sites\/3\/2023\/04\/competition-logo.png\" style=\"width: 50px\"><br>\n\t<span>Bran\u017ca<\/span>\n<p>\n\t\tTowary detaliczne i konsumpcyjne\n\t<\/p>\n<span>Produkt<\/span>\n<p>\n\t\tOrganizacja wydarzenia \u2013 komunikacja z uczestnikami\n\t<\/p>\n<\/div>\n<div id=\"widget-box\" class=\"marketing\">\n\t<img decoding=\"async\" src=\"\/cze\/wp-content\/uploads\/sites\/3\/2023\/06\/marketing-logo.png\" style=\"width: 50px\"><br>\n\t<span>Bran\u017ca<\/span>\n<p>\n\t\tKomunikacja marketingowa\n\t<\/p>\n<span>Produkt<\/span>\n<p>\n\t\tRealizacja mailing\u00f3w marketingowych\n\t<\/p>\n<\/div>\n\n<div id=\"widget-box\" class=\"fmcg\">\n\t<img decoding=\"async\" src=\"\/cze\/wp-content\/uploads\/sites\/3\/2023\/06\/fmcg-logo.png\" style=\"width: 50px\"><br>\n\t<span>Bran\u017ca<\/span>\n<p>\n\t\tFMCG<br>Szybko zbywalne towary konsumpcyjne\n\t<\/p>\n<span>Produkt<\/span>\n<p>\n\t\tJedzenie, napoje, drogeria\n\t<\/p>\n<\/div>\n\n<div id=\"widget-box\" class=\"iot\">\n\t<img decoding=\"async\" src=\"\/cze\/wp-content\/uploads\/sites\/3\/2025\/09\/iot_icon.png\" style=\"width: 50px\"><br>\n\t<span>Bran\u017ca<\/span>\n<p>\n\t\tIoT, zarz\u0105dzanie SIM\/eSIM\n\t<\/p>\n<span>Produkt<\/span>\n<p>\n\t\tCzujniki IoT dla przemys\u0142u i gospodarstw domowych\n\t<\/p>\n<\/div>\n\n<div id=\"widget-box\" class=\"truck\">\n\t<img decoding=\"async\" src=\"\/cze\/wp-content\/uploads\/sites\/3\/2025\/09\/truck_monitoring.png\" style=\"width: 50px\"><br>\n\t<span>Bran\u017ca<\/span>\n<p>\n\t\tIoT, zarz\u0105dzanie SIM\/eSIM\n\t<\/p>\n<span>Produkt<\/span>\n<p>\n\t\teSIM do monitorowania pojazd\u00f3w\n\t<\/p>\n<\/div>\n\n<div id=\"widget-box\" class=\"drone\">\n\t<img decoding=\"async\" src=\"\/cze\/wp-content\/uploads\/sites\/3\/2025\/09\/drone_icon.png\" style=\"width: 80px\"><br>\n\t<span>Bran\u017ca<\/span>\n<p>\n\t\tIoT, zarz\u0105dzanie SIM\/eSIM\n\t<\/p>\n<span>Produkt<\/span>\n<p>\n\t\teSIM dla floty dron\u00f3w\n\t<\/p>\n<\/div>\t\t<\/div>\n\t\t\t\t<\/div>\n\t\t\t\t\t<\/div>\n\t\t<\/div>\n\t\t\t\t<div class=\"elementor-column elementor-col-50 elementor-top-column elementor-element elementor-element-58cf973\" data-id=\"58cf973\" data-element_type=\"column\">\n\t\t\t<div class=\"elementor-widget-wrap elementor-element-populated\">\n\t\t\t\t\t\t\t\t<div class=\"elementor-element elementor-element-5809b185 elementor-widget elementor-widget-text-editor\" data-id=\"5809b185\" data-element_type=\"widget\" data-widget_type=\"text-editor.default\">\n\t\t\t\t<div class=\"elementor-widget-container\">\n\t\t\t\t\t\t\t<p>Partner poszukiwa\u0142 takiego narz\u0119dzia komunikacji, kt\u00f3re pozwoli\u0142oby mu obj\u0105\u0107 ca\u0142y proces realizacji konferencji od strony komunikacji z uczestnikami. Wykorzystywane przez d\u0142ugi czas kana\u0142y takie jak e-mail, SMS itp. nie zawsze dzia\u0142aj\u0105 optymalnie, uczestnicy cz\u0119sto nie czytaj\u0105 e-maili lub czytaj\u0105 je z op\u00f3\u017anieniem. Problemem jest r\u00f3wnie\u017c to, \u017ce poczta elektroniczna jest cz\u0119sto oceniana jako spam.<\/p><p>Dzi\u0119ki COMVERGA RBM agencja zyska\u0142a nowy multimedialny kana\u0142 komunikacji, gdzie w jednym \u015brodowisku, w ramach jednej rozmowy, prowadzi uczestnika przez ca\u0142y proces, w ciekawej formie \u2013 filmu wprowadzaj\u0105cego z zaproszeniem na wydarzenie. Uczestnik mo\u017ce od razu wype\u0142ni\u0107 rejestracj\u0119, dokona\u0107 op\u0142aty i otrzyma\u0107 kod QR umo\u017cliwiaj\u0105cy dotarcie na konferencj\u0119 \u2013 wszystko dzi\u0119ki RBM w jednym miejscu. Jednocze\u015bnie wszystkie interesuj\u0105ce informacje, takie jak program wydarzenia, informacje o uczestnikach, mo\u017cna uzyska\u0107 bezpo\u015brednio od agenta RBM.<\/p>\t\t\t\t\t\t<\/div>\n\t\t\t\t<\/div>\n\t\t\t\t\t<\/div>\n\t\t<\/div>\n\t\t\t\t\t\t\t<\/div>\n\t\t<\/section>\n\t\t\t\t<section class=\"elementor-section elementor-top-section elementor-element elementor-element-9aa4a18 elementor-section-boxed elementor-section-height-default elementor-section-height-default\" data-id=\"9aa4a18\" data-element_type=\"section\">\n\t\t\t\t\t\t<div class=\"elementor-container elementor-column-gap-default\">\n\t\t\t\t\t<div class=\"elementor-column elementor-col-100 elementor-top-column elementor-element elementor-element-41f1386\" data-id=\"41f1386\" data-element_type=\"column\">\n\t\t\t<div class=\"elementor-widget-wrap elementor-element-populated\">\n\t\t\t\t\t\t\t\t<div class=\"elementor-element elementor-element-11b6c335 elementor-widget elementor-widget-html\" data-id=\"11b6c335\" data-element_type=\"widget\" data-widget_type=\"html.default\">\n\t\t\t\t<div class=\"elementor-widget-container\">\n\t\t\t<div class=\"mobile-animation event\">\n    <div class=\"mobile left\">\n        <div class=\"message-bubble top\">\n            <p>Szanowna Pani Doktor Nov\u00e1kov\u00e1, zapraszamy na profesjonaln\u0105 konferencj\u0119 \u201eOpieka nad ma\u0142ymi ptakami\u201d.<\/p>\n        <\/div>\n        <div class=\"message-bubble bottom\">\n            <p>Wys\u0142uchaj kr\u00f3tkiego zaproszenia od wiod\u0105cej ekspertki bran\u017cowej, pani Watson.<\/p>\n        <\/div>\n        <img decoding=\"async\" src=\"\/cze\/wp-content\/uploads\/sites\/3\/2023\/04\/event-1.gif\">\n    <\/div>\n    <div class=\"mobile right\">\n        <div class=\"message-bubble top\">\n            <p>Zarejestruj si\u0119 \u0142atwo w naszym formularzu online.<\/p>\n        <\/div>\n        <div class=\"message-bubble bottom\">\n            <p>Dzi\u0119kujemy za wp\u0142at\u0119 i czekamy z niecierpliwo\u015bci\u0105. Oto kod QR umo\u017cliwiaj\u0105cy wej\u015bcie na konferencj\u0119. Nic wi\u0119cej nie jest potrzebne.<\/p>\n        <\/div>\n        <img decoding=\"async\" src=\"\/cze\/wp-content\/uploads\/sites\/3\/2023\/04\/event-2.gif\">\n    <\/div>\n<\/div>\t\t<\/div>\n\t\t\t\t<\/div>\n\t\t\t\t\t<\/div>\n\t\t<\/div>\n\t\t\t\t\t\t\t<\/div>\n\t\t<\/section>\n\t\t\t\t<section class=\"elementor-section elementor-top-section elementor-element elementor-element-e74e3b6 elementor-section-boxed elementor-section-height-default elementor-section-height-default\" data-id=\"e74e3b6\" data-element_type=\"section\">\n\t\t\t\t\t\t<div class=\"elementor-container elementor-column-gap-default\">\n\t\t\t\t\t<div class=\"elementor-column elementor-col-50 elementor-top-column elementor-element elementor-element-1508d08\" data-id=\"1508d08\" data-element_type=\"column\" data-settings=\"{&quot;background_background&quot;:&quot;classic&quot;}\">\n\t\t\t<div class=\"elementor-widget-wrap elementor-element-populated\">\n\t\t\t\t\t\t\t\t<div class=\"elementor-element elementor-element-08aeaa6 elementor-widget elementor-widget-text-editor\" data-id=\"08aeaa6\" data-element_type=\"widget\" data-widget_type=\"text-editor.default\">\n\t\t\t\t<div class=\"elementor-widget-container\">\n\t\t\t\t\t\t\t<h3><strong>Co zyska\u0142 Partner:<\/strong><\/h3><div class=\"page\" title=\"Strona 4\"><div class=\"layoutArea\"><div class=\"column\"><ul><li>Wydajne narz\u0119dzie do ca\u0142ego procesu<\/li><li>Spersonalizowana rozmowa z klientami<\/li><li>Ciekawe narz\u0119dzie o wysokim wska\u017aniku czytelno\u015bci<\/li><li>Wysoka interakcja mi\u0119dzy uczestnikiem a m\u00f3wc\u0105<\/li><\/ul><\/div><\/div><\/div>\t\t\t\t\t\t<\/div>\n\t\t\t\t<\/div>\n\t\t\t\t\t<\/div>\n\t\t<\/div>\n\t\t\t\t<div class=\"elementor-column elementor-col-50 elementor-top-column elementor-element elementor-element-dfdc4b9\" data-id=\"dfdc4b9\" data-element_type=\"column\" data-settings=\"{&quot;background_background&quot;:&quot;classic&quot;}\">\n\t\t\t<div class=\"elementor-widget-wrap elementor-element-populated\">\n\t\t\t\t\t\t\t\t<div class=\"elementor-element elementor-element-6b21114 elementor-widget elementor-widget-text-editor\" data-id=\"6b21114\" data-element_type=\"widget\" data-widget_type=\"text-editor.default\">\n\t\t\t\t<div class=\"elementor-widget-container\">\n\t\t\t\t\t\t\t<h3><strong>COMVERGA zapewnia Partnerowi:<\/strong><\/h3>\n<ul>\n \t<li>Konsultacje i wsparcie przy definiowaniu mechaniki dialogu<\/li>\n \t<li>Konfiguracja, obs\u0142uga i ocena<\/li>\n \t<li>Ujednolicone \u015brodowisko definiowania tre\u015bci komunikacji<\/li>\n \t<li>Mo\u017cliwo\u015b\u0107 ustawienia alternatywnych kana\u0142\u00f3w, gdy RBM jest niedost\u0119pny<\/li>\n<\/ul>\t\t\t\t\t\t<\/div>\n\t\t\t\t<\/div>\n\t\t\t\t\t<\/div>\n\t\t<\/div>\n\t\t\t\t\t\t\t<\/div>\n\t\t<\/section>\n\t\t\t\t\t\t\t<\/div>","protected":false},"excerpt":{"rendered":"<p>Organizacja wydarze\u0144 fizycznych i wirtualnych Partner jest wieloletnim organizatorem du\u017cych konferencyjnych wydarze\u0144 fizycznych, wirtualnych i hybrydowych. Obejmuje pe\u0142n\u0105 realizacj\u0119 od komunikacji o zbli\u017caj\u0105cej si\u0119 konferencji do potencjalnych uczestnik\u00f3w, kompozycji programu wydarzenia, komunikacji z wykonawcami, ale tak\u017ce procesu rejestracji, dystrybucji bilet\u00f3w. Partner poszukiwa\u0142 narz\u0119dzia komunikacyjnego, kt\u00f3re pozwoli\u0142oby mu obj\u0105\u0107 ca\u0142y proces realizacji konferencji od strony komunikacji z uczestnikami. [\u2026]<\/p>","protected":false},"author":1,"featured_media":4598,"parent":4009,"menu_order":4,"comment_status":"closed","ping_status":"closed","template":"","meta":{"footnotes":""},"_links":{"self":[{"href":"https:\/\/www.comverga.com\/cze\/pl\/wp-json\/wp\/v2\/pages\/4071"}],"collection":[{"href":"https:\/\/www.comverga.com\/cze\/pl\/wp-json\/wp\/v2\/pages"}],"about":[{"href":"https:\/\/www.comverga.com\/cze\/pl\/wp-json\/wp\/v2\/types\/page"}],"author":[{"embeddable":true,"href":"https:\/\/www.comverga.com\/cze\/pl\/wp-json\/wp\/v2\/users\/1"}],"replies":[{"embeddable":true,"href":"https:\/\/www.comverga.com\/cze\/pl\/wp-json\/wp\/v2\/comments?post=4071"}],"version-history":[{"count":54,"href":"https:\/\/www.comverga.com\/cze\/pl\/wp-json\/wp\/v2\/pages\/4071\/revisions"}],"predecessor-version":[{"id":5397,"href":"https:\/\/www.comverga.com\/cze\/pl\/wp-json\/wp\/v2\/pages\/4071\/revisions\/5397"}],"up":[{"embeddable":true,"href":"https:\/\/www.comverga.com\/cze\/pl\/wp-json\/wp\/v2\/pages\/4009"}],"wp:featuredmedia":[{"embeddable":true,"href":"https:\/\/www.comverga.com\/cze\/pl\/wp-json\/wp\/v2\/media\/4598"}],"wp:attachment":[{"href":"https:\/\/www.comverga.com\/cze\/pl\/wp-json\/wp\/v2\/media?parent=4071"}],"curies":[{"name":"wp","href":"https:\/\/api.w.org\/{rel}","templated":true}]}}