{"id":4088,"date":"2023-04-13T08:16:34","date_gmt":"2023-04-13T06:16:34","guid":{"rendered":"https:\/\/www.comverga.com\/cze\/?page_id=4088"},"modified":"2023-12-13T12:43:53","modified_gmt":"2023-12-13T11:43:53","slug":"spotrebitelska-soutez","status":"publish","type":"page","link":"https:\/\/www.comverga.com\/cze\/pl\/sluzby\/agregace-konektivity\/rich-communication-services-rcs\/spotrebitelska-soutez\/","title":{"rendered":"Konkurencja konsumencka"},"content":{"rendered":"<div data-elementor-type=\"wp-page\" data-elementor-id=\"4088\" class=\"elementor elementor-4088\">\n\t\t\t\t\t\t\t\t\t<section class=\"elementor-section elementor-top-section elementor-element elementor-element-ef48c0d elementor-section-boxed elementor-section-height-default elementor-section-height-default\" data-id=\"ef48c0d\" data-element_type=\"section\">\n\t\t\t\t\t\t<div class=\"elementor-container elementor-column-gap-default\">\n\t\t\t\t\t<div class=\"elementor-column elementor-col-50 elementor-top-column elementor-element elementor-element-7901d5fd\" data-id=\"7901d5fd\" data-element_type=\"column\">\n\t\t\t<div class=\"elementor-widget-wrap elementor-element-populated\">\n\t\t\t\t\t\t\t\t<div class=\"elementor-element elementor-element-648b2714 elementor-widget elementor-widget-text-editor\" data-id=\"648b2714\" data-element_type=\"widget\" data-widget_type=\"text-editor.default\">\n\t\t\t\t<div class=\"elementor-widget-container\">\n\t\t\t\t\t\t\t<div class=\"usecase-text\">\n<h2 style=\"text-align: left;margin-top:0;\">Konkurencja konsumencka<\/h2>\nFirma dzia\u0142aj\u0105ca w obszarze d\u00f3br detalicznych i konsumenckich oferuje szerokie portfolio produkt\u00f3w, kt\u00f3re stale poszerza o innowacje, kt\u00f3re powstaj\u0105 na podstawie ankiet i wynik\u00f3w analiz zachowa\u0144 konsument\u00f3w.\n\n<\/div>\t\t\t\t\t\t<\/div>\n\t\t\t\t<\/div>\n\t\t\t\t\t<\/div>\n\t\t<\/div>\n\t\t\t\t<div class=\"elementor-column elementor-col-50 elementor-top-column elementor-element elementor-element-119748da\" data-id=\"119748da\" data-element_type=\"column\">\n\t\t\t<div class=\"elementor-widget-wrap elementor-element-populated\">\n\t\t\t\t\t\t\t\t<div class=\"elementor-element elementor-element-1c6f3589 elementor-widget elementor-widget-image\" data-id=\"1c6f3589\" data-element_type=\"widget\" data-widget_type=\"image.default\">\n\t\t\t\t<div class=\"elementor-widget-container\">\n\t\t\t\t\t\t\t\t\t\t\t\t\t\t\t<img fetchpriority=\"high\" decoding=\"async\" width=\"580\" height=\"387\" src=\"https:\/\/www.comverga.com\/cze\/wp-content\/uploads\/sites\/3\/2023\/04\/competition.jpg\" class=\"attachment-large size-large wp-image-4090\" alt=\"\" srcset=\"https:\/\/www.comverga.com\/cze\/wp-content\/uploads\/sites\/3\/2023\/04\/competition.jpg 750w, https:\/\/www.comverga.com\/cze\/wp-content\/uploads\/sites\/3\/2023\/04\/competition-300x200.jpg 300w\" sizes=\"(max-width: 580px) 100vw, 580px\" \/>\t\t\t\t\t\t\t\t\t\t\t\t\t\t\t<\/div>\n\t\t\t\t<\/div>\n\t\t\t\t\t<\/div>\n\t\t<\/div>\n\t\t\t\t\t\t\t<\/div>\n\t\t<\/section>\n\t\t\t\t<section class=\"elementor-section elementor-top-section elementor-element elementor-element-6d03bf5 elementor-section-boxed elementor-section-height-default elementor-section-height-default\" data-id=\"6d03bf5\" data-element_type=\"section\">\n\t\t\t\t\t\t<div class=\"elementor-container elementor-column-gap-default\">\n\t\t\t\t\t<div class=\"elementor-column elementor-col-50 elementor-top-column elementor-element elementor-element-79239ad\" data-id=\"79239ad\" data-element_type=\"column\">\n\t\t\t<div class=\"elementor-widget-wrap elementor-element-populated\">\n\t\t\t\t\t\t\t\t<div class=\"elementor-element elementor-element-ad9554f elementor-widget elementor-widget-sidebar\" data-id=\"ad9554f\" data-element_type=\"widget\" data-widget_type=\"sidebar.default\">\n\t\t\t\t<div class=\"elementor-widget-container\">\n\t\t\t<div id=\"widget-box\" class=\"smart-watch\">\n\t<img decoding=\"async\" src=\"https:\/\/www.coopmobil.cz\/wp-content\/uploads\/2021\/04\/coop-mobil-logo.svg\"><br>\n\t<span>Bran\u017ca<\/span>\n<p>\n\t\tOperator telekomunikacyjny - detaliczny\n\t<\/p>\n<span>Produkt<\/span>\n<p>\n\t\tPakiet inteligentny zegarek + \u0142\u0105czno\u015b\u0107 danych\n\t<\/p>\n<\/div>\n<div id=\"widget-box\" class=\"support\">\n\t<img decoding=\"async\" src=\"https:\/\/www.coopmobil.cz\/wp-content\/uploads\/2021\/04\/coop-mobil-logo.svg\"><br>\n\t<span>Bran\u017ca<\/span>\n<p>\n\t\tOperator telekomunikacyjny - detaliczny\n\t<\/p>\n<span>Produkt<\/span>\n<p>\n\t\tPrzewodnik obs\u0142ugi klienta\n\t<\/p>\n<\/div>\n<div id=\"widget-box\" class=\"operator\">\n\t<img decoding=\"async\" src=\"https:\/\/www.coopmobil.cz\/wp-content\/uploads\/2021\/04\/coop-mobil-logo.svg\"><br>\n\t<span>Bran\u017ca<\/span>\n<p>\n\t\tOperator telekomunikacyjny - detaliczny\n\t<\/p>\n<span>Produkt<\/span>\n<p>\n\t\tWdro\u017cenie programu lojalno\u015bciowego\n\t<\/p>\n<\/div>\n<div id=\"widget-box\" class=\"caravan\">\n<img decoding=\"async\" src=\"\/cze\/wp-content\/uploads\/sites\/3\/2023\/04\/caravan-logo.jpg\"><br>\n<span>Bran\u017ca<\/span>\n<p>\n\t\tSystemy \u015bledzenia GPS pojazd\u00f3w, \u0142\u0105czno\u015b\u0107 danych\n\t<\/p>\n<span>Produkt<\/span>\n<p>\n\t\tRozwi\u0105zanie umo\u017cliwiaj\u0105ce dost\u0119p do Internetu w drodze\n\t<\/p>\n<\/div>\n<div id=\"widget-box\" class=\"camera\">\n<img decoding=\"async\" src=\"\/cze\/wp-content\/uploads\/sites\/3\/2023\/04\/camera-logo.jpg\"><br>\n<span>Bran\u017ca<\/span>\n<p>\n\t\tSystemy bezpiecze\u0144stwa\n\t<\/p>\n<span>Produkt<\/span>\n<p>\n\t\tKamery z transmisj\u0105 online\n\t<\/p>\n<\/div>\n<div id=\"widget-box\" class=\"event\">\n\t<img decoding=\"async\" src=\"\/cze\/wp-content\/uploads\/sites\/3\/2023\/04\/event-logo.png\" style=\"width: 50px\"><br>\n\t<span>Bran\u017ca<\/span>\n<p>\n\t\tAgencja eventowa\n\t<\/p>\n<span>Produkt<\/span>\n<p>\n\t\tOrganizacja wydarzenia \u2013 komunikacja z uczestnikami\n\t<\/p>\n<\/div>\n<div id=\"widget-box\" class=\"competition\">\n\t<img decoding=\"async\" src=\"\/cze\/wp-content\/uploads\/sites\/3\/2023\/04\/competition-logo.png\" style=\"width: 50px\"><br>\n\t<span>Bran\u017ca<\/span>\n<p>\n\t\tTowary detaliczne i konsumpcyjne\n\t<\/p>\n<span>Produkt<\/span>\n<p>\n\t\tOrganizacja wydarzenia \u2013 komunikacja z uczestnikami\n\t<\/p>\n<\/div>\n<div id=\"widget-box\" class=\"marketing\">\n\t<img decoding=\"async\" src=\"\/cze\/wp-content\/uploads\/sites\/3\/2023\/06\/marketing-logo.png\" style=\"width: 50px\"><br>\n\t<span>Bran\u017ca<\/span>\n<p>\n\t\tKomunikacja marketingowa\n\t<\/p>\n<span>Produkt<\/span>\n<p>\n\t\tRealizacja mailing\u00f3w marketingowych\n\t<\/p>\n<\/div>\n\n<div id=\"widget-box\" class=\"fmcg\">\n\t<img decoding=\"async\" src=\"\/cze\/wp-content\/uploads\/sites\/3\/2023\/06\/fmcg-logo.png\" style=\"width: 50px\"><br>\n\t<span>Bran\u017ca<\/span>\n<p>\n\t\tFMCG<br>Szybko zbywalne towary konsumpcyjne\n\t<\/p>\n<span>Produkt<\/span>\n<p>\n\t\tJedzenie, napoje, drogeria\n\t<\/p>\n<\/div>\n\n<div id=\"widget-box\" class=\"iot\">\n\t<img decoding=\"async\" src=\"\/cze\/wp-content\/uploads\/sites\/3\/2025\/09\/iot_icon.png\" style=\"width: 50px\"><br>\n\t<span>Bran\u017ca<\/span>\n<p>\n\t\tIoT, zarz\u0105dzanie SIM\/eSIM\n\t<\/p>\n<span>Produkt<\/span>\n<p>\n\t\tCzujniki IoT dla przemys\u0142u i gospodarstw domowych\n\t<\/p>\n<\/div>\n\n<div id=\"widget-box\" class=\"truck\">\n\t<img decoding=\"async\" src=\"\/cze\/wp-content\/uploads\/sites\/3\/2025\/09\/truck_monitoring.png\" style=\"width: 50px\"><br>\n\t<span>Bran\u017ca<\/span>\n<p>\n\t\tIoT, zarz\u0105dzanie SIM\/eSIM\n\t<\/p>\n<span>Produkt<\/span>\n<p>\n\t\teSIM do monitorowania pojazd\u00f3w\n\t<\/p>\n<\/div>\n\n<div id=\"widget-box\" class=\"drone\">\n\t<img decoding=\"async\" src=\"\/cze\/wp-content\/uploads\/sites\/3\/2025\/09\/drone_icon.png\" style=\"width: 80px\"><br>\n\t<span>Bran\u017ca<\/span>\n<p>\n\t\tIoT, zarz\u0105dzanie SIM\/eSIM\n\t<\/p>\n<span>Produkt<\/span>\n<p>\n\t\teSIM dla floty dron\u00f3w\n\t<\/p>\n<\/div>\t\t<\/div>\n\t\t\t\t<\/div>\n\t\t\t\t\t<\/div>\n\t\t<\/div>\n\t\t\t\t<div class=\"elementor-column elementor-col-50 elementor-top-column elementor-element elementor-element-58cf973\" data-id=\"58cf973\" data-element_type=\"column\">\n\t\t\t<div class=\"elementor-widget-wrap elementor-element-populated\">\n\t\t\t\t\t\t\t\t<div class=\"elementor-element elementor-element-5809b185 elementor-widget elementor-widget-text-editor\" data-id=\"5809b185\" data-element_type=\"widget\" data-widget_type=\"text-editor.default\">\n\t\t\t\t<div class=\"elementor-widget-container\">\n\t\t\t\t\t\t\t<p>Firma by\u0142a zainteresowana przeprowadzeniem dla swoich klient\u00f3w ciekawego konkursu konsumenckiego w ramach swoich dzia\u0142a\u0144 marketingowych, zwracaj\u0105c w ten spos\u00f3b uwag\u0119 na sw\u00f3j nowy produkt na rynku i tym samym zwi\u0119kszaj\u0105c \u015bwiadomo\u015b\u0107 swojej firmy. Jednocze\u015bnie chcia\u0142a zaoferowa\u0107 inne ciekawe produkty i us\u0142ugi w ramach cross-sellingu.<\/p><p>Dzi\u0119ki rozwi\u0105zaniu COMVERGA RBM firma uzyska\u0142a w ten spos\u00f3b strategiczne narz\u0119dzie komunikacji i realizacji konkurs\u00f3w konsumenckich dla swoich klient\u00f3w we wszystkich kana\u0142ach komunikacji, a tak\u017ce dodatkowe przychody z tytu\u0142u zwi\u0119kszonej sprzeda\u017cy us\u0142ug w ramach cross-sellingu.<\/p>\t\t\t\t\t\t<\/div>\n\t\t\t\t<\/div>\n\t\t\t\t\t<\/div>\n\t\t<\/div>\n\t\t\t\t\t\t\t<\/div>\n\t\t<\/section>\n\t\t\t\t<section class=\"elementor-section elementor-top-section elementor-element elementor-element-f1057b5 elementor-section-boxed elementor-section-height-default elementor-section-height-default\" data-id=\"f1057b5\" data-element_type=\"section\">\n\t\t\t\t\t\t<div class=\"elementor-container elementor-column-gap-default\">\n\t\t\t\t\t<div class=\"elementor-column elementor-col-100 elementor-top-column elementor-element elementor-element-20239539\" data-id=\"20239539\" data-element_type=\"column\">\n\t\t\t<div class=\"elementor-widget-wrap elementor-element-populated\">\n\t\t\t\t\t\t\t\t<div class=\"elementor-element elementor-element-6e4d3e14 elementor-widget elementor-widget-html\" data-id=\"6e4d3e14\" data-element_type=\"widget\" data-widget_type=\"html.default\">\n\t\t\t\t<div class=\"elementor-widget-container\">\n\t\t\t<div class=\"mobile-animation competition\">\n    <div class=\"mobile left\">\n        <div class=\"message-bubble top\">\n            <p>KONKURS! Jakiego oleju nie znajdziesz w naszych produktach?<\/p>\n        <\/div>\n        <div class=\"message-bubble bottom\">\n            <p>PRAWID\u0141OWO! Tylko ma\u0142a rzecz. Jaka jest Twoja opinia na temat naszych produkt\u00f3w?<\/p>\n        <\/div>\n        <img decoding=\"async\" src=\"\/cze\/wp-content\/uploads\/sites\/3\/2023\/04\/competition-1.gif\">\n    <\/div>\n    <div class=\"mobile right\">\n        <div class=\"message-bubble top\">\n            <p>Dzi\u0119kuj\u0119 za udzia\u0142!<\/p>\n        <\/div>\n        <div class=\"message-bubble middle\">\n            <p>Je\u015bli wygrasz, natychmiast si\u0119 z Tob\u0105 skontaktujemy! Skrzy\u017cowane palce! P\u00f3ki co, przypominamy o naszych produktach przecenionych!<\/p>\n        <\/div>\n        <div class=\"message-bubble bottom\">\n            <p>Oto jest! Wygrywasz pakiet upominkowy! GRATULACJE!<\/p>\n        <\/div>\n        <img decoding=\"async\" src=\"\/cze\/wp-content\/uploads\/sites\/3\/2023\/04\/competition-2.gif\">\n    <\/div>\n<\/div>\t\t<\/div>\n\t\t\t\t<\/div>\n\t\t\t\t\t<\/div>\n\t\t<\/div>\n\t\t\t\t\t\t\t<\/div>\n\t\t<\/section>\n\t\t\t\t<section class=\"elementor-section elementor-top-section elementor-element elementor-element-e74e3b6 elementor-section-boxed elementor-section-height-default elementor-section-height-default\" data-id=\"e74e3b6\" data-element_type=\"section\">\n\t\t\t\t\t\t<div class=\"elementor-container elementor-column-gap-default\">\n\t\t\t\t\t<div class=\"elementor-column elementor-col-50 elementor-top-column elementor-element elementor-element-1508d08\" data-id=\"1508d08\" data-element_type=\"column\" data-settings=\"{&quot;background_background&quot;:&quot;classic&quot;}\">\n\t\t\t<div class=\"elementor-widget-wrap elementor-element-populated\">\n\t\t\t\t\t\t\t\t<div class=\"elementor-element elementor-element-08aeaa6 elementor-widget elementor-widget-text-editor\" data-id=\"08aeaa6\" data-element_type=\"widget\" data-widget_type=\"text-editor.default\">\n\t\t\t\t<div class=\"elementor-widget-container\">\n\t\t\t\t\t\t\t<h3><strong>Co zyska\u0142 Partner:<\/strong><\/h3><div class=\"page\" title=\"Strona 4\"><div class=\"layoutArea\"><div class=\"column\"><ul><li>Skuteczne narz\u0119dzie na Twoje zawody<\/li><li>Spersonalizowana rozmowa z klientami<\/li><li>Skuteczne narz\u0119dzie do sprzeda\u017cy krzy\u017cowej<\/li><li>Nowe interaktywne do\u015bwiadczenie dla Twoich klient\u00f3w<\/li><li>Kilkukrotnie wy\u017cszy procent zaanga\u017cowania<\/li><\/ul><\/div><\/div><\/div>\t\t\t\t\t\t<\/div>\n\t\t\t\t<\/div>\n\t\t\t\t\t<\/div>\n\t\t<\/div>\n\t\t\t\t<div class=\"elementor-column elementor-col-50 elementor-top-column elementor-element elementor-element-dfdc4b9\" data-id=\"dfdc4b9\" data-element_type=\"column\" data-settings=\"{&quot;background_background&quot;:&quot;classic&quot;}\">\n\t\t\t<div class=\"elementor-widget-wrap elementor-element-populated\">\n\t\t\t\t\t\t\t\t<div class=\"elementor-element elementor-element-6b21114 elementor-widget elementor-widget-text-editor\" data-id=\"6b21114\" data-element_type=\"widget\" data-widget_type=\"text-editor.default\">\n\t\t\t\t<div class=\"elementor-widget-container\">\n\t\t\t\t\t\t\t<h3><strong>COMVERGA zapewnia Partnerowi:<\/strong><\/h3>\n<ul>\n \t<li>Konsultacje i wsparcie przy definiowaniu mechaniki zawod\u00f3w<\/li>\n \t<li>Konfiguracja, obs\u0142uga i ocena poszczeg\u00f3lnych konkurs\u00f3w<\/li>\n \t<li>Ujednolicone \u015brodowisko do pracy z konkursami<\/li>\n \t<li>Mo\u017cliwo\u015b\u0107 ustawienia alternatywnych kana\u0142\u00f3w podczas komunikacji<\/li>\n \t<li>Wsparcie klienta i techniczne<\/li>\n<\/ul>\t\t\t\t\t\t<\/div>\n\t\t\t\t<\/div>\n\t\t\t\t\t<\/div>\n\t\t<\/div>\n\t\t\t\t\t\t\t<\/div>\n\t\t<\/section>\n\t\t\t\t\t\t\t<\/div>","protected":false},"excerpt":{"rendered":"<p>Konkurencja konsumencka Firma dzia\u0142aj\u0105ca w obszarze handlu detalicznego i d\u00f3br konsumpcyjnych oferuje szerokie portfolio produkt\u00f3w, kt\u00f3re stale poszerza o innowacje, kt\u00f3re powstaj\u0105 na podstawie bada\u0144 ankietowych i wynik\u00f3w analiz zachowa\u0144 konsument\u00f3w. Firma by\u0142a zainteresowana przeprowadzeniem dla swoich klient\u00f3w ciekawego konkursu konsumenckiego w ramach swoich dzia\u0142a\u0144 marketingowych, w celu zwr\u00f3cenia uwagi na sw\u00f3j nowy produkt na rynku i tym samym zwi\u0119kszenia \u015bwiadomo\u015bci [...]<\/p>","protected":false},"author":1,"featured_media":4598,"parent":4009,"menu_order":4,"comment_status":"closed","ping_status":"closed","template":"","meta":{"footnotes":""},"_links":{"self":[{"href":"https:\/\/www.comverga.com\/cze\/pl\/wp-json\/wp\/v2\/pages\/4088"}],"collection":[{"href":"https:\/\/www.comverga.com\/cze\/pl\/wp-json\/wp\/v2\/pages"}],"about":[{"href":"https:\/\/www.comverga.com\/cze\/pl\/wp-json\/wp\/v2\/types\/page"}],"author":[{"embeddable":true,"href":"https:\/\/www.comverga.com\/cze\/pl\/wp-json\/wp\/v2\/users\/1"}],"replies":[{"embeddable":true,"href":"https:\/\/www.comverga.com\/cze\/pl\/wp-json\/wp\/v2\/comments?post=4088"}],"version-history":[{"count":66,"href":"https:\/\/www.comverga.com\/cze\/pl\/wp-json\/wp\/v2\/pages\/4088\/revisions"}],"predecessor-version":[{"id":5400,"href":"https:\/\/www.comverga.com\/cze\/pl\/wp-json\/wp\/v2\/pages\/4088\/revisions\/5400"}],"up":[{"embeddable":true,"href":"https:\/\/www.comverga.com\/cze\/pl\/wp-json\/wp\/v2\/pages\/4009"}],"wp:featuredmedia":[{"embeddable":true,"href":"https:\/\/www.comverga.com\/cze\/pl\/wp-json\/wp\/v2\/media\/4598"}],"wp:attachment":[{"href":"https:\/\/www.comverga.com\/cze\/pl\/wp-json\/wp\/v2\/media?parent=4088"}],"curies":[{"name":"wp","href":"https:\/\/api.w.org\/{rel}","templated":true}]}}