{"id":5780,"date":"2025-03-19T14:50:49","date_gmt":"2025-03-19T13:50:49","guid":{"rendered":"https:\/\/www.comverga.com\/cze\/?page_id=5780"},"modified":"2025-03-19T14:54:00","modified_gmt":"2025-03-19T13:54:00","slug":"teamleader-operations-tymu","status":"publish","type":"page","link":"https:\/\/www.comverga.com\/cze\/pl\/teamleader-operations-tymu\/","title":{"rendered":"Teamleader zespo\u0142u operacyjnego"},"content":{"rendered":"<div data-elementor-type=\"wp-page\" data-elementor-id=\"5780\" class=\"elementor elementor-5780\">\n\t\t\t\t\t\t\t\t\t<section class=\"elementor-section elementor-top-section elementor-element elementor-element-0111e3c elementor-section-boxed elementor-section-height-default elementor-section-height-default\" data-id=\"0111e3c\" data-element_type=\"section\">\n\t\t\t\t\t\t<div class=\"elementor-container elementor-column-gap-default\">\n\t\t\t\t\t<div class=\"elementor-column elementor-col-50 elementor-top-column elementor-element elementor-element-74e3986\" data-id=\"74e3986\" data-element_type=\"column\">\n\t\t\t<div class=\"elementor-widget-wrap elementor-element-populated\">\n\t\t\t\t\t\t\t\t<div class=\"elementor-element elementor-element-53f1dcc elementor-widget elementor-widget-stratum-image-accordion\" data-id=\"53f1dcc\" data-element_type=\"widget\" data-widget_type=\"stratum-image-accordion.default\">\n\t\t\t\t<div class=\"elementor-widget-container\">\n\t\t\t<div class=\"stratum-image-accordion image-accordion-horizontal activate-on-click\">\n    <div class=\"stratum-image-accordion__container\">        <div class=\"stratum-image-accordion__item elementor-repeater-item-accc356\">\n            <div class=\"stratum-image-accordion__background\"><\/div>\n            <div class=\"stratum-image-accordion__overlay\">\n\t\t\t\t            <\/div>\n        <\/div>\n        <\/div>\n<\/div>\n\t\t<\/div>\n\t\t\t\t<\/div>\n\t\t\t\t\t<\/div>\n\t\t<\/div>\n\t\t\t\t<div class=\"elementor-column elementor-col-50 elementor-top-column elementor-element elementor-element-cc028e2\" data-id=\"cc028e2\" data-element_type=\"column\">\n\t\t\t<div class=\"elementor-widget-wrap elementor-element-populated\">\n\t\t\t\t\t\t\t\t<div class=\"elementor-element elementor-element-57c8844 elementor-widget elementor-widget-heading\" data-id=\"57c8844\" data-element_type=\"widget\" id=\"career-header\" data-widget_type=\"heading.default\">\n\t\t\t\t<div class=\"elementor-widget-container\">\n\t\t\t<h2 class=\"elementor-heading-title elementor-size-default\">Co z nami zrobisz?<\/h2>\t\t<\/div>\n\t\t\t\t<\/div>\n\t\t\t\t<div class=\"elementor-element elementor-element-84bdd29 elementor-widget elementor-widget-text-editor\" data-id=\"84bdd29\" data-element_type=\"widget\" data-widget_type=\"text-editor.default\">\n\t\t\t\t<div class=\"elementor-widget-container\">\n\t\t\t\t\t\t\t<p>Twoja rola b\u0119dzie polega\u0142a na kierowaniu i koordynowaniu zespo\u0142u operacyjnego, kt\u00f3ry jest odpowiedzialny za zarz\u0105dzanie infrastruktur\u0105, elementami sieci i wsparciem systemu.<\/p><p>B\u0119dziesz odpowiedzialny za planowanie i optymalizacj\u0119 proces\u00f3w operacyjnych. B\u0119dziesz odpowiedzialny za zapewnienie dost\u0119pno\u015bci i stabilno\u015bci us\u0142ug IT, w tym obs\u0142ug\u0119 incydent\u00f3w i zapewnianie wsparcia w sytuacjach kryzysowych.<\/p><p>B\u0119dziesz \u015bci\u015ble wsp\u00f3\u0142pracowa\u0107 z innymi zespo\u0142ami i partnerami zewn\u0119trznymi oraz aktywnie uczestniczy\u0107 w rozwoju zespo\u0142u (mentoring, szkolenia, ustalanie efektywnych metod pracy).<\/p>\t\t\t\t\t\t<\/div>\n\t\t\t\t<\/div>\n\t\t\t\t<div class=\"elementor-element elementor-element-7d08883 elementor-hidden-desktop elementor-hidden-tablet elementor-hidden-mobile elementor-widget elementor-widget-heading\" data-id=\"7d08883\" data-element_type=\"widget\" id=\"career-header\" data-widget_type=\"heading.default\">\n\t\t\t\t<div class=\"elementor-widget-container\">\n\t\t\t<h2 class=\"elementor-heading-title elementor-size-default\">Co powiniene\u015b wiedzie\u0107, mie\u0107, umie\u0107<\/h2>\t\t<\/div>\n\t\t\t\t<\/div>\n\t\t\t\t<div class=\"elementor-element elementor-element-ab2aadc elementor-hidden-desktop elementor-hidden-tablet elementor-hidden-mobile elementor-widget elementor-widget-text-editor\" data-id=\"ab2aadc\" data-element_type=\"widget\" data-widget_type=\"text-editor.default\">\n\t\t\t\t<div class=\"elementor-widget-container\">\n\t\t\t\t\t\t\t<p>Oczekujemy, \u017ce zawsze b\u0119dziesz my\u015ble\u0107 o tym, jak zoptymalizowa\u0107 swoj\u0105 prac\u0119 i j\u0105 zautomatyzowa\u0107. Nie lubisz by\u0107 prowadzony za r\u0119k\u0119 - czy w pracy cenisz sobie woln\u0105 r\u0119k\u0119? Czy lubisz uczy\u0107 si\u0119 czego\u015b nowego ka\u017cdego dnia? Zale\u017cy nam na osobie komunikatywnej i pozytywnej, kt\u00f3ra nie boi si\u0119 zadawa\u0107 pyta\u0144 i chce si\u0119 wiele nauczy\u0107 od do\u015bwiadczonych koleg\u00f3w.<\/p><p>Pokud jsi absolvent, kter\u00fd chce za\u010d\u00edt od za\u010d\u00e1tku &#8211; i tebe bereme.<\/p>\t\t\t\t\t\t<\/div>\n\t\t\t\t<\/div>\n\t\t\t\t\t<\/div>\n\t\t<\/div>\n\t\t\t\t\t\t\t<\/div>\n\t\t<\/section>\n\t\t\t\t<section class=\"elementor-section elementor-top-section elementor-element elementor-element-0ddb860 elementor-section-boxed elementor-section-height-default elementor-section-height-default\" data-id=\"0ddb860\" data-element_type=\"section\" id=\"career-about\">\n\t\t\t\t\t\t<div class=\"elementor-container elementor-column-gap-default\">\n\t\t\t\t\t<div class=\"elementor-column elementor-col-50 elementor-top-column elementor-element elementor-element-90dbe72\" data-id=\"90dbe72\" data-element_type=\"column\" data-settings=\"{&quot;background_background&quot;:&quot;classic&quot;}\">\n\t\t\t<div class=\"elementor-widget-wrap elementor-element-populated\">\n\t\t\t\t\t\t\t\t<div class=\"elementor-element elementor-element-8e66e28 elementor-widget elementor-widget-heading\" data-id=\"8e66e28\" data-element_type=\"widget\" data-widget_type=\"heading.default\">\n\t\t\t\t<div class=\"elementor-widget-container\">\n\t\t\t<h2 class=\"elementor-heading-title elementor-size-default\">Oferujemy<\/h2>\t\t<\/div>\n\t\t\t\t<\/div>\n\t\t\t\t<div class=\"elementor-element elementor-element-8ad75bd elementor-widget elementor-widget-text-editor\" data-id=\"8ad75bd\" data-element_type=\"widget\" data-widget_type=\"text-editor.default\">\n\t\t\t\t<div class=\"elementor-widget-container\">\n\t\t\t\t\t\t\t<ul><li>Mo\u017cliwo\u015b\u0107 pracy w biurze domowym<\/li><li>Przestrze\u0144 na w\u0142asne pomys\u0142y i innowacje<\/li><li>Wsparcie dla szkole\u0144 i certyfikacji w zakresie IT i przyw\u00f3dztwa<\/li><li>Elastyczne \u015bwiadczenia firmowe<\/li><li>By\u0107 cz\u0119\u015bci\u0105 zespo\u0142u, kt\u00f3ry dba o krytyczn\u0105 infrastruktur\u0119 IT<\/li><\/ul>\t\t\t\t\t\t<\/div>\n\t\t\t\t<\/div>\n\t\t\t\t\t<\/div>\n\t\t<\/div>\n\t\t\t\t<div class=\"elementor-column elementor-col-50 elementor-top-column elementor-element elementor-element-be4142a\" data-id=\"be4142a\" data-element_type=\"column\" data-settings=\"{&quot;background_background&quot;:&quot;classic&quot;}\">\n\t\t\t<div class=\"elementor-widget-wrap elementor-element-populated\">\n\t\t\t\t\t\t\t\t<div class=\"elementor-element elementor-element-43c351b elementor-widget elementor-widget-heading\" data-id=\"43c351b\" data-element_type=\"widget\" data-widget_type=\"heading.default\">\n\t\t\t\t<div class=\"elementor-widget-container\">\n\t\t\t<h2 class=\"elementor-heading-title elementor-size-default\">\u017b\u0105damy<\/h2>\t\t<\/div>\n\t\t\t\t<\/div>\n\t\t\t\t<div class=\"elementor-element elementor-element-b377af6 elementor-widget elementor-widget-text-editor\" data-id=\"b377af6\" data-element_type=\"widget\" data-widget_type=\"text-editor.default\">\n\t\t\t\t<div class=\"elementor-widget-container\">\n\t\t\t\t\t\t\t<ul><li>Do\u015bwiadczenie w obs\u0142udze aplikacji i system\u00f3w IT<\/li><li>Znajomo\u015b\u0107 systemu operacyjnego LINUX<\/li><li>Znajomo\u015b\u0107 baz danych (SQL, PostgreSQL, MySQL)<\/li><li>Do\u015bwiadczenie w tworzeniu skrypt\u00f3w i automatyzacji zada\u0144<\/li><li>Umiej\u0119tno\u015b\u0107 rozwi\u0105zywania problem\u00f3w i pracy samodzielnej oraz w zespole<\/li><li>Ch\u0119\u0107 uczenia si\u0119 nowych technologii i usprawniania proces\u00f3w<\/li><li>Odpowiedzialno\u015b\u0107<\/li><\/ul>\t\t\t\t\t\t<\/div>\n\t\t\t\t<\/div>\n\t\t\t\t\t<\/div>\n\t\t<\/div>\n\t\t\t\t\t\t\t<\/div>\n\t\t<\/section>\n\t\t\t\t<section class=\"elementor-section elementor-top-section elementor-element elementor-element-f1008f8 elementor-section-boxed elementor-section-height-default elementor-section-height-default\" data-id=\"f1008f8\" data-element_type=\"section\">\n\t\t\t\t\t\t<div class=\"elementor-container elementor-column-gap-default\">\n\t\t\t\t\t<div class=\"elementor-column elementor-col-100 elementor-top-column elementor-element elementor-element-0e70ed8\" data-id=\"0e70ed8\" data-element_type=\"column\">\n\t\t\t<div class=\"elementor-widget-wrap elementor-element-populated\">\n\t\t\t\t\t\t\t\t<div class=\"elementor-element elementor-element-73ec406 elementor-widget elementor-widget-text-editor\" data-id=\"73ec406\" data-element_type=\"widget\" data-widget_type=\"text-editor.default\">\n\t\t\t\t<div class=\"elementor-widget-container\">\n\t\t\t\t\t\t\t<p style=\"text-align: center;\">Jeste\u015b zainteresowany lub masz jakie\u015b pytania?<br \/>Napisz do nas na <a href=\"mailto:kariera@comverga.com\">kariera@comverga.com<\/a><\/p>\t\t\t\t\t\t<\/div>\n\t\t\t\t<\/div>\n\t\t\t\t\t<\/div>\n\t\t<\/div>\n\t\t\t\t\t\t\t<\/div>\n\t\t<\/section>\n\t\t\t\t\t\t\t<\/div>","protected":false},"excerpt":{"rendered":"<p>Co u n\u00e1s bude\u0161 d\u011blat Tv\u00fdm \u00fakolem bude veden\u00ed a koordinace t\u00fdmu Operations, kter\u00fd m\u00e1 na starost spr\u00e1vu infrastruktury, s\u00ed\u0165ov\u00fdch prvk\u016f a syst\u00e9mov\u00e9 podpory. Tv\u00e1 starost bude pl\u00e1nov\u00e1n\u00ed a optimalizace provozn\u00edch proces\u016f. Bude\u0161 zodpov\u011bdn\u00fd za zaji\u0161t\u011bn\u00ed dostupnosti a stability IT slu\u017eeb, v\u010detn\u011b \u0159e\u0161en\u00ed incident\u016f a poskytov\u00e1n\u00ed podpory p\u0159i krizov\u00fdch situac\u00edch. \u00dazce bude\u0161 spolupracovat s dal\u0161\u00edmi [&hellip;]<\/p>","protected":false},"author":1,"featured_media":5781,"parent":0,"menu_order":0,"comment_status":"closed","ping_status":"closed","template":"","meta":{"footnotes":""},"_links":{"self":[{"href":"https:\/\/www.comverga.com\/cze\/pl\/wp-json\/wp\/v2\/pages\/5780"}],"collection":[{"href":"https:\/\/www.comverga.com\/cze\/pl\/wp-json\/wp\/v2\/pages"}],"about":[{"href":"https:\/\/www.comverga.com\/cze\/pl\/wp-json\/wp\/v2\/types\/page"}],"author":[{"embeddable":true,"href":"https:\/\/www.comverga.com\/cze\/pl\/wp-json\/wp\/v2\/users\/1"}],"replies":[{"embeddable":true,"href":"https:\/\/www.comverga.com\/cze\/pl\/wp-json\/wp\/v2\/comments?post=5780"}],"version-history":[{"count":3,"href":"https:\/\/www.comverga.com\/cze\/pl\/wp-json\/wp\/v2\/pages\/5780\/revisions"}],"predecessor-version":[{"id":5784,"href":"https:\/\/www.comverga.com\/cze\/pl\/wp-json\/wp\/v2\/pages\/5780\/revisions\/5784"}],"wp:featuredmedia":[{"embeddable":true,"href":"https:\/\/www.comverga.com\/cze\/pl\/wp-json\/wp\/v2\/media\/5781"}],"wp:attachment":[{"href":"https:\/\/www.comverga.com\/cze\/pl\/wp-json\/wp\/v2\/media?parent=5780"}],"curies":[{"name":"wp","href":"https:\/\/api.w.org\/{rel}","templated":true}]}}