{"id":5836,"date":"2025-09-24T11:40:08","date_gmt":"2025-09-24T09:40:08","guid":{"rendered":"https:\/\/www.comverga.com\/cze\/?page_id=5836"},"modified":"2025-09-24T11:56:35","modified_gmt":"2025-09-24T09:56:35","slug":"vyrobce-iot-zarizeni-pro-globalni-trh","status":"publish","type":"page","link":"https:\/\/www.comverga.com\/cze\/pl\/sluzby\/software-as-a-service-platform-as-a-service\/sdp-pro-esim-management\/vyrobce-iot-zarizeni-pro-globalni-trh\/","title":{"rendered":"Producent urz\u0105dze\u0144 IoT na rynek globalny"},"content":{"rendered":"<div data-elementor-type=\"wp-page\" data-elementor-id=\"5836\" class=\"elementor elementor-5836\">\n\t\t\t\t\t\t\t\t\t<section class=\"elementor-section elementor-top-section elementor-element elementor-element-ef48c0d elementor-section-boxed elementor-section-height-default elementor-section-height-default\" data-id=\"ef48c0d\" data-element_type=\"section\">\n\t\t\t\t\t\t<div class=\"elementor-container elementor-column-gap-default\">\n\t\t\t\t\t<div class=\"elementor-column elementor-col-50 elementor-top-column elementor-element elementor-element-7901d5fd\" data-id=\"7901d5fd\" data-element_type=\"column\">\n\t\t\t<div class=\"elementor-widget-wrap elementor-element-populated\">\n\t\t\t\t\t\t\t\t<div class=\"elementor-element elementor-element-648b2714 elementor-widget elementor-widget-text-editor\" data-id=\"648b2714\" data-element_type=\"widget\" data-widget_type=\"text-editor.default\">\n\t\t\t\t<div class=\"elementor-widget-container\">\n\t\t\t\t\t\t\t<div class=\"usecase-text\"><h2 style=\"text-align: left; margin-top: 0;\">Producent urz\u0105dze\u0144 IoT na rynek globalny<\/h2><p>Firma jest wiod\u0105cym producentem czujnik\u00f3w i urz\u0105dze\u0144 IoT dla przemys\u0142u, inteligentnych dom\u00f3w i infrastruktury miejskiej. Jej produkty s\u0105 dystrybuowane na ca\u0142ym \u015bwiecie za po\u015brednictwem partner\u00f3w i dystrybutor\u00f3w. Podstawow\u0105 dzia\u0142alno\u015bci\u0105 firmy jest rozw\u00f3j sprz\u0119tu i oprogramowania, kt\u00f3re zapewniaj\u0105 klientom inteligentne i niezawodne rozwi\u0105zania bez konieczno\u015bci skomplikowanej lokalnej konfiguracji.<\/p><\/div>\t\t\t\t\t\t<\/div>\n\t\t\t\t<\/div>\n\t\t\t\t\t<\/div>\n\t\t<\/div>\n\t\t\t\t<div class=\"elementor-column elementor-col-50 elementor-top-column elementor-element elementor-element-119748da\" data-id=\"119748da\" data-element_type=\"column\">\n\t\t\t<div class=\"elementor-widget-wrap elementor-element-populated\">\n\t\t\t\t\t\t\t\t<div class=\"elementor-element elementor-element-1c6f3589 elementor-widget elementor-widget-image\" data-id=\"1c6f3589\" data-element_type=\"widget\" data-widget_type=\"image.default\">\n\t\t\t\t<div class=\"elementor-widget-container\">\n\t\t\t\t\t\t\t\t\t\t\t\t\t\t\t<img fetchpriority=\"high\" decoding=\"async\" width=\"580\" height=\"387\" src=\"https:\/\/www.comverga.com\/cze\/wp-content\/uploads\/sites\/3\/2025\/09\/Case1.png\" class=\"attachment-large size-large wp-image-5812\" alt=\"\" srcset=\"https:\/\/www.comverga.com\/cze\/wp-content\/uploads\/sites\/3\/2025\/09\/Case1.png 1000w, https:\/\/www.comverga.com\/cze\/wp-content\/uploads\/sites\/3\/2025\/09\/Case1-300x200.png 300w, https:\/\/www.comverga.com\/cze\/wp-content\/uploads\/sites\/3\/2025\/09\/Case1-768x512.png 768w, https:\/\/www.comverga.com\/cze\/wp-content\/uploads\/sites\/3\/2025\/09\/Case1-18x12.png 18w\" sizes=\"(max-width: 580px) 100vw, 580px\" \/>\t\t\t\t\t\t\t\t\t\t\t\t\t\t\t<\/div>\n\t\t\t\t<\/div>\n\t\t\t\t\t<\/div>\n\t\t<\/div>\n\t\t\t\t\t\t\t<\/div>\n\t\t<\/section>\n\t\t\t\t<section class=\"elementor-section elementor-top-section elementor-element elementor-element-6d03bf5 elementor-section-boxed elementor-section-height-default elementor-section-height-default\" data-id=\"6d03bf5\" data-element_type=\"section\">\n\t\t\t\t\t\t<div class=\"elementor-container elementor-column-gap-default\">\n\t\t\t\t\t<div class=\"elementor-column elementor-col-50 elementor-top-column elementor-element elementor-element-79239ad\" data-id=\"79239ad\" data-element_type=\"column\">\n\t\t\t<div class=\"elementor-widget-wrap elementor-element-populated\">\n\t\t\t\t\t\t\t\t<div class=\"elementor-element elementor-element-ad9554f elementor-widget elementor-widget-sidebar\" data-id=\"ad9554f\" data-element_type=\"widget\" data-widget_type=\"sidebar.default\">\n\t\t\t\t<div class=\"elementor-widget-container\">\n\t\t\t<div id=\"widget-box\" class=\"smart-watch\">\n\t<img decoding=\"async\" src=\"https:\/\/www.coopmobil.cz\/wp-content\/uploads\/2021\/04\/coop-mobil-logo.svg\"><br>\n\t<span>Bran\u017ca<\/span>\n<p>\n\t\tOperator telekomunikacyjny - detaliczny\n\t<\/p>\n<span>Produkt<\/span>\n<p>\n\t\tPakiet inteligentny zegarek + \u0142\u0105czno\u015b\u0107 danych\n\t<\/p>\n<\/div>\n<div id=\"widget-box\" class=\"support\">\n\t<img decoding=\"async\" src=\"https:\/\/www.coopmobil.cz\/wp-content\/uploads\/2021\/04\/coop-mobil-logo.svg\"><br>\n\t<span>Bran\u017ca<\/span>\n<p>\n\t\tOperator telekomunikacyjny - detaliczny\n\t<\/p>\n<span>Produkt<\/span>\n<p>\n\t\tPrzewodnik obs\u0142ugi klienta\n\t<\/p>\n<\/div>\n<div id=\"widget-box\" class=\"operator\">\n\t<img decoding=\"async\" src=\"https:\/\/www.coopmobil.cz\/wp-content\/uploads\/2021\/04\/coop-mobil-logo.svg\"><br>\n\t<span>Bran\u017ca<\/span>\n<p>\n\t\tOperator telekomunikacyjny - detaliczny\n\t<\/p>\n<span>Produkt<\/span>\n<p>\n\t\tWdro\u017cenie programu lojalno\u015bciowego\n\t<\/p>\n<\/div>\n<div id=\"widget-box\" class=\"caravan\">\n<img decoding=\"async\" src=\"\/cze\/wp-content\/uploads\/sites\/3\/2023\/04\/caravan-logo.jpg\"><br>\n<span>Bran\u017ca<\/span>\n<p>\n\t\tSystemy \u015bledzenia GPS pojazd\u00f3w, \u0142\u0105czno\u015b\u0107 danych\n\t<\/p>\n<span>Produkt<\/span>\n<p>\n\t\tRozwi\u0105zanie umo\u017cliwiaj\u0105ce dost\u0119p do Internetu w drodze\n\t<\/p>\n<\/div>\n<div id=\"widget-box\" class=\"camera\">\n<img decoding=\"async\" src=\"\/cze\/wp-content\/uploads\/sites\/3\/2023\/04\/camera-logo.jpg\"><br>\n<span>Bran\u017ca<\/span>\n<p>\n\t\tSystemy bezpiecze\u0144stwa\n\t<\/p>\n<span>Produkt<\/span>\n<p>\n\t\tKamery z transmisj\u0105 online\n\t<\/p>\n<\/div>\n<div id=\"widget-box\" class=\"event\">\n\t<img decoding=\"async\" src=\"\/cze\/wp-content\/uploads\/sites\/3\/2023\/04\/event-logo.png\" style=\"width: 50px\"><br>\n\t<span>Bran\u017ca<\/span>\n<p>\n\t\tAgencja eventowa\n\t<\/p>\n<span>Produkt<\/span>\n<p>\n\t\tOrganizacja wydarzenia \u2013 komunikacja z uczestnikami\n\t<\/p>\n<\/div>\n<div id=\"widget-box\" class=\"competition\">\n\t<img decoding=\"async\" src=\"\/cze\/wp-content\/uploads\/sites\/3\/2023\/04\/competition-logo.png\" style=\"width: 50px\"><br>\n\t<span>Bran\u017ca<\/span>\n<p>\n\t\tTowary detaliczne i konsumpcyjne\n\t<\/p>\n<span>Produkt<\/span>\n<p>\n\t\tOrganizacja wydarzenia \u2013 komunikacja z uczestnikami\n\t<\/p>\n<\/div>\n<div id=\"widget-box\" class=\"marketing\">\n\t<img decoding=\"async\" src=\"\/cze\/wp-content\/uploads\/sites\/3\/2023\/06\/marketing-logo.png\" style=\"width: 50px\"><br>\n\t<span>Bran\u017ca<\/span>\n<p>\n\t\tKomunikacja marketingowa\n\t<\/p>\n<span>Produkt<\/span>\n<p>\n\t\tRealizacja mailing\u00f3w marketingowych\n\t<\/p>\n<\/div>\n\n<div id=\"widget-box\" class=\"fmcg\">\n\t<img decoding=\"async\" src=\"\/cze\/wp-content\/uploads\/sites\/3\/2023\/06\/fmcg-logo.png\" style=\"width: 50px\"><br>\n\t<span>Bran\u017ca<\/span>\n<p>\n\t\tFMCG<br>Szybko zbywalne towary konsumpcyjne\n\t<\/p>\n<span>Produkt<\/span>\n<p>\n\t\tJedzenie, napoje, drogeria\n\t<\/p>\n<\/div>\n\n<div id=\"widget-box\" class=\"iot\">\n\t<img decoding=\"async\" src=\"\/cze\/wp-content\/uploads\/sites\/3\/2025\/09\/iot_icon.png\" style=\"width: 50px\"><br>\n\t<span>Bran\u017ca<\/span>\n<p>\n\t\tIoT, zarz\u0105dzanie SIM\/eSIM\n\t<\/p>\n<span>Produkt<\/span>\n<p>\n\t\tCzujniki IoT dla przemys\u0142u i gospodarstw domowych\n\t<\/p>\n<\/div>\n\n<div id=\"widget-box\" class=\"truck\">\n\t<img decoding=\"async\" src=\"\/cze\/wp-content\/uploads\/sites\/3\/2025\/09\/truck_monitoring.png\" style=\"width: 50px\"><br>\n\t<span>Bran\u017ca<\/span>\n<p>\n\t\tIoT, zarz\u0105dzanie SIM\/eSIM\n\t<\/p>\n<span>Produkt<\/span>\n<p>\n\t\teSIM do monitorowania pojazd\u00f3w\n\t<\/p>\n<\/div>\n\n<div id=\"widget-box\" class=\"drone\">\n\t<img decoding=\"async\" src=\"\/cze\/wp-content\/uploads\/sites\/3\/2025\/09\/drone_icon.png\" style=\"width: 80px\"><br>\n\t<span>Bran\u017ca<\/span>\n<p>\n\t\tIoT, zarz\u0105dzanie SIM\/eSIM\n\t<\/p>\n<span>Produkt<\/span>\n<p>\n\t\teSIM dla floty dron\u00f3w\n\t<\/p>\n<\/div>\t\t<\/div>\n\t\t\t\t<\/div>\n\t\t\t\t\t<\/div>\n\t\t<\/div>\n\t\t\t\t<div class=\"elementor-column elementor-col-50 elementor-top-column elementor-element elementor-element-58cf973\" data-id=\"58cf973\" data-element_type=\"column\">\n\t\t\t<div class=\"elementor-widget-wrap elementor-element-populated\">\n\t\t\t\t\t\t\t\t<div class=\"elementor-element elementor-element-5809b185 elementor-widget elementor-widget-text-editor\" data-id=\"5809b185\" data-element_type=\"widget\" data-widget_type=\"text-editor.default\">\n\t\t\t\t<div class=\"elementor-widget-container\">\n\t\t\t\t\t\t\t<p>Firma stoi przed trudnym problemem logistycznym \u2013 nie wie, gdzie dok\u0142adnie urz\u0105dzenia zostan\u0105 aktywowane i jakie profile b\u0119d\u0105 musia\u0142y zosta\u0107 zapisane w chipach. Posiadanie zapas\u00f3w z tysi\u0105cami r\u00f3\u017cnych profili SIM dla poszczeg\u00f3lnych kraj\u00f3w jest nieop\u0142acalne zar\u00f3wno pod wzgl\u0119dem finansowym, jak i procesowym. Ponadto urz\u0105dzenia s\u0105 cz\u0119sto tzw. sealed (nieotwieralne) i nie ma mo\u017cliwo\u015bci fizycznej wymiany karty SIM. Firma potrzebuje zatem narz\u0119dzia, kt\u00f3re umo\u017cliwi zdalne zarz\u0105dzanie profilami i ich dynamiczn\u0105 aktywacj\u0119 w zale\u017cno\u015bci od lokalizacji i zg\u0142osze\u0144 urz\u0105dze\u0144.<\/p><p>Dzi\u0119ki rozwi\u0105zaniu COMVERGA eSIM partner zyskuje intuicyjne \u015brodowisko, w kt\u00f3rym mo\u017ce zdalnie zarz\u0105dza\u0107 wieloma profilami i zmienia\u0107 je w zale\u017cno\u015bci od aktualnej lokalizacji i aktywno\u015bci urz\u0105dzenia.<\/p>\t\t\t\t\t\t<\/div>\n\t\t\t\t<\/div>\n\t\t\t\t\t<\/div>\n\t\t<\/div>\n\t\t\t\t\t\t\t<\/div>\n\t\t<\/section>\n\t\t\t\t<section class=\"elementor-section elementor-top-section elementor-element elementor-element-e74e3b6 elementor-section-boxed elementor-section-height-default elementor-section-height-default\" data-id=\"e74e3b6\" data-element_type=\"section\">\n\t\t\t\t\t\t<div class=\"elementor-container elementor-column-gap-default\">\n\t\t\t\t\t<div class=\"elementor-column elementor-col-50 elementor-top-column elementor-element elementor-element-1508d08\" data-id=\"1508d08\" data-element_type=\"column\" data-settings=\"{&quot;background_background&quot;:&quot;classic&quot;}\">\n\t\t\t<div class=\"elementor-widget-wrap elementor-element-populated\">\n\t\t\t\t\t\t\t\t<div class=\"elementor-element elementor-element-08aeaa6 elementor-widget elementor-widget-text-editor\" data-id=\"08aeaa6\" data-element_type=\"widget\" data-widget_type=\"text-editor.default\">\n\t\t\t\t<div class=\"elementor-widget-container\">\n\t\t\t\t\t\t\t<h3>Co zyska\u0142 Partner:<\/h3><div class=\"page\" title=\"Strona 4\"><div class=\"layoutArea\"><div class=\"column\"><ul><li>Redukcja koszt\u00f3w logistyki i przechowywania kart SIM<\/li><li>Wdro\u017cenie jednego neutralnego profilu podczas produkcji urz\u0105dze\u0144<\/li><li>Elastyczne prze\u0142\u0105czanie mi\u0119dzy operatorami w zale\u017cno\u015bci od aktualnej lokalizacji<\/li><li>Niezawodno\u015b\u0107 urz\u0105dze\u0144 dzi\u0119ki redundancji dost\u0119pnych sieci<\/li><li>Szybsze wprowadzanie produkt\u00f3w na nowe rynki bez barier<\/li><\/ul><\/div><\/div><\/div>\t\t\t\t\t\t<\/div>\n\t\t\t\t<\/div>\n\t\t\t\t\t<\/div>\n\t\t<\/div>\n\t\t\t\t<div class=\"elementor-column elementor-col-50 elementor-top-column elementor-element elementor-element-dfdc4b9\" data-id=\"dfdc4b9\" data-element_type=\"column\" data-settings=\"{&quot;background_background&quot;:&quot;classic&quot;}\">\n\t\t\t<div class=\"elementor-widget-wrap elementor-element-populated\">\n\t\t\t\t\t\t\t\t<div class=\"elementor-element elementor-element-6b21114 elementor-widget elementor-widget-text-editor\" data-id=\"6b21114\" data-element_type=\"widget\" data-widget_type=\"text-editor.default\">\n\t\t\t\t<div class=\"elementor-widget-container\">\n\t\t\t\t\t\t\t<h3>COMVERGA zapewnia:<\/h3><ul><li>Centralne zdalne zarz\u0105dzanie wszystkimi profilami eSIM<\/li><li>Automatyczne wykrywanie i zmian\u0119 profilu w zale\u017cno\u015bci od kraju i sieci<\/li><li>Bezpieczne przesy\u0142anie nowych profili OTA (Over-The-Air)<\/li><li>Szczeg\u00f3\u0142owe monitorowanie ruchu i wydajno\u015bci ka\u017cdego urz\u0105dzenia<\/li><li>Zintegrowane narz\u0119dzia do optymalizacji i raportowania<\/li><\/ul>\t\t\t\t\t\t<\/div>\n\t\t\t\t<\/div>\n\t\t\t\t\t<\/div>\n\t\t<\/div>\n\t\t\t\t\t\t\t<\/div>\n\t\t<\/section>\n\t\t\t\t\t\t\t<\/div>","protected":false},"excerpt":{"rendered":"<p>V\u00fdrobce IoT za\u0159\u00edzen\u00ed pro glob\u00e1ln\u00ed trh Spole\u010dnost je p\u0159edn\u00edm v\u00fdrobcem IoT senzor\u016f a za\u0159\u00edzen\u00ed pro pr\u016fmysl, chytr\u00e9 dom\u00e1cnosti i m\u011bstskou infrastrukturu. Jejich produkty se distribuuj\u00ed po cel\u00e9m sv\u011bt\u011b prost\u0159ednictv\u00edm partner\u016f a distributor\u016f. Core business firmy spo\u010d\u00edv\u00e1 ve v\u00fdvoji hardwaru a softwaru, kter\u00e9 z\u00e1kazn\u00edk\u016fm p\u0159in\u00e1\u0161ej\u00ed chytr\u00e1 a spolehliv\u00e1 \u0159e\u0161en\u00ed bez nutnosti slo\u017eit\u00e9 lok\u00e1ln\u00ed konfigurace. Firma \u010del\u00ed [&hellip;]<\/p>","protected":false},"author":1,"featured_media":5812,"parent":5809,"menu_order":4,"comment_status":"closed","ping_status":"closed","template":"","meta":{"footnotes":""},"_links":{"self":[{"href":"https:\/\/www.comverga.com\/cze\/pl\/wp-json\/wp\/v2\/pages\/5836"}],"collection":[{"href":"https:\/\/www.comverga.com\/cze\/pl\/wp-json\/wp\/v2\/pages"}],"about":[{"href":"https:\/\/www.comverga.com\/cze\/pl\/wp-json\/wp\/v2\/types\/page"}],"author":[{"embeddable":true,"href":"https:\/\/www.comverga.com\/cze\/pl\/wp-json\/wp\/v2\/users\/1"}],"replies":[{"embeddable":true,"href":"https:\/\/www.comverga.com\/cze\/pl\/wp-json\/wp\/v2\/comments?post=5836"}],"version-history":[{"count":3,"href":"https:\/\/www.comverga.com\/cze\/pl\/wp-json\/wp\/v2\/pages\/5836\/revisions"}],"predecessor-version":[{"id":5839,"href":"https:\/\/www.comverga.com\/cze\/pl\/wp-json\/wp\/v2\/pages\/5836\/revisions\/5839"}],"up":[{"embeddable":true,"href":"https:\/\/www.comverga.com\/cze\/pl\/wp-json\/wp\/v2\/pages\/5809"}],"wp:featuredmedia":[{"embeddable":true,"href":"https:\/\/www.comverga.com\/cze\/pl\/wp-json\/wp\/v2\/media\/5812"}],"wp:attachment":[{"href":"https:\/\/www.comverga.com\/cze\/pl\/wp-json\/wp\/v2\/media?parent=5836"}],"curies":[{"name":"wp","href":"https:\/\/api.w.org\/{rel}","templated":true}]}}