{"id":650,"date":"2020-12-15T12:46:05","date_gmt":"2020-12-15T11:46:05","guid":{"rendered":"https:\/\/www.comverga.com\/?page_id=650"},"modified":"2023-08-24T12:50:07","modified_gmt":"2023-08-24T10:50:07","slug":"sitovi-operatori","status":"publish","type":"page","link":"https:\/\/www.comverga.com\/cze\/pl\/odvetvi\/sitovi-operatori\/","title":{"rendered":"Operatorzy sieci"},"content":{"rendered":"<div data-elementor-type=\"wp-page\" data-elementor-id=\"650\" class=\"elementor elementor-650\">\n\t\t\t\t\t\t\t\t\t<section class=\"elementor-section elementor-top-section elementor-element elementor-element-248fad78 elementor-section-boxed elementor-section-height-default elementor-section-height-default\" data-id=\"248fad78\" data-element_type=\"section\">\n\t\t\t\t\t\t<div class=\"elementor-container elementor-column-gap-default\">\n\t\t\t\t\t<div class=\"elementor-column elementor-col-100 elementor-top-column elementor-element elementor-element-76b207a7\" data-id=\"76b207a7\" data-element_type=\"column\">\n\t\t\t<div class=\"elementor-widget-wrap elementor-element-populated\">\n\t\t\t\t\t\t\t\t<div class=\"elementor-element elementor-element-334e35bc elementor-widget elementor-widget-text-editor\" data-id=\"334e35bc\" data-element_type=\"widget\" data-widget_type=\"text-editor.default\">\n\t\t\t\t<div class=\"elementor-widget-container\">\n\t\t\t\t\t\t\t<!-- wp:paragraph -->\n<p>Operatorzy sieci s\u0105 naszymi kluczowymi partnerami biznesowymi. Wsp\u00f3lnie budujemy rozwi\u0105zania dostosowane do potrzeb ich kluczowych klient\u00f3w korporacyjnych, a tak\u017ce us\u0142ugi detaliczne dla ich detalicznych u\u017cytkownik\u00f3w ko\u0144cowych. Nasza dostawa obejmuje ca\u0142y cykl \u017cycia us\u0142ugi od doradztwa, poprzez wdro\u017cenie, a\u017c po obs\u0142ug\u0119 serwisow\u0105.<\/p>\n<!-- \/wp:paragraph -->\n\n<!-- wp:paragraph -->\n<p>Koncentrujemy si\u0119 na nast\u0119puj\u0105cych obszarach:<\/p>\n<!-- \/wp:paragraph -->\n\n<!-- wp:list -->\n<ul><li>Infrastruktura przesy\u0142ania wiadomo\u015bci (SMS, RCS)<\/li><li>Platforma \u015bwiadczenia us\u0142ug (SDP)<\/li><li>Rozwi\u0105zania klienckie dla klient\u00f3w korporacyjnych<\/li><li>Zarz\u0105dzanie kartami SIM dla M2M \/ IoT \/ Cloud<\/li><li>Platforma i us\u0142ugi MVNO\/MVNE<\/li><li>Hurtowa agregacja dla FTTx\/Kabel\/5G<\/li><li>Us\u0142ugi doradcze<\/li><\/ul>\n<!-- \/wp:list -->\n\n<!-- wp:paragraph -->\n<p><strong>WYBRANI PARTNERZY<\/strong> \u2013 O2, Vodafone, T-Mobile, Nordic Telecom<\/p>\n<!-- \/wp:paragraph -->\n\n<!-- wp:paragraph -->\n<p><\/p>\n<!-- \/wp:paragraph -->\n\n<!-- wp:spacer {\"height\":29} -->\n<div style=\"height:29px\" aria-hidden=\"true\" class=\"wp-block-spacer\"><\/div>\n<!-- \/wp:spacer -->\n\n<!-- wp:paragraph -->\n<p>Nasze rozwi\u0105zania oferujemy r\u00f3wnie\u017c dla operator\u00f3w sieci prywatnych, takich jak operatorzy GSM-R dla kolei oraz operatorzy sieci technologicznych. Tutaj skupiamy si\u0119 na nast\u0119puj\u0105cych rozwi\u0105zaniach:<\/p>\n<!-- \/wp:paragraph -->\n\n<!-- wp:list -->\n<ul><li>Infrastruktura przesy\u0142ania wiadomo\u015bci (SMSC, USSD, SS7)<\/li><li>Platforma zarz\u0105dzania kartami SIM<\/li><li>Platforma \u015bwiadczenia us\u0142ug (SDP)<\/li><\/ul>\n<!-- \/wp:list -->\n\n<!-- wp:paragraph -->\n<p><strong>WYBRANI PARTNERZY<\/strong> \u2013 Administracja kolejowa<\/p>\n<!-- \/wp:paragraph -->\t\t\t\t\t\t<\/div>\n\t\t\t\t<\/div>\n\t\t\t\t\t<\/div>\n\t\t<\/div>\n\t\t\t\t\t\t\t<\/div>\n\t\t<\/section>\n\t\t\t\t\t\t\t<\/div>","protected":false},"excerpt":{"rendered":"<p>Operatorzy sieci s\u0105 naszymi kluczowymi partnerami biznesowymi. Wsp\u00f3lnie budujemy rozwi\u0105zania szyte na miar\u0119 dla ich kluczowych klient\u00f3w korporacyjnych, a tak\u017ce us\u0142ug detalicznych...<\/p>","protected":false},"author":1,"featured_media":4965,"parent":344,"menu_order":0,"comment_status":"closed","ping_status":"closed","template":"","meta":{"footnotes":""},"_links":{"self":[{"href":"https:\/\/www.comverga.com\/cze\/pl\/wp-json\/wp\/v2\/pages\/650"}],"collection":[{"href":"https:\/\/www.comverga.com\/cze\/pl\/wp-json\/wp\/v2\/pages"}],"about":[{"href":"https:\/\/www.comverga.com\/cze\/pl\/wp-json\/wp\/v2\/types\/page"}],"author":[{"embeddable":true,"href":"https:\/\/www.comverga.com\/cze\/pl\/wp-json\/wp\/v2\/users\/1"}],"replies":[{"embeddable":true,"href":"https:\/\/www.comverga.com\/cze\/pl\/wp-json\/wp\/v2\/comments?post=650"}],"version-history":[{"count":28,"href":"https:\/\/www.comverga.com\/cze\/pl\/wp-json\/wp\/v2\/pages\/650\/revisions"}],"predecessor-version":[{"id":5026,"href":"https:\/\/www.comverga.com\/cze\/pl\/wp-json\/wp\/v2\/pages\/650\/revisions\/5026"}],"up":[{"embeddable":true,"href":"https:\/\/www.comverga.com\/cze\/pl\/wp-json\/wp\/v2\/pages\/344"}],"wp:featuredmedia":[{"embeddable":true,"href":"https:\/\/www.comverga.com\/cze\/pl\/wp-json\/wp\/v2\/media\/4965"}],"wp:attachment":[{"href":"https:\/\/www.comverga.com\/cze\/pl\/wp-json\/wp\/v2\/media?parent=650"}],"curies":[{"name":"wp","href":"https:\/\/api.w.org\/{rel}","templated":true}]}}