{"id":674,"date":"2020-12-15T12:56:55","date_gmt":"2020-12-15T11:56:55","guid":{"rendered":"https:\/\/www.comverga.com\/?page_id=674"},"modified":"2023-08-24T12:54:57","modified_gmt":"2023-08-24T10:54:57","slug":"utility","status":"publish","type":"page","link":"https:\/\/www.comverga.com\/cze\/pl\/odvetvi\/utility\/","title":{"rendered":"Narz\u0119dzia"},"content":{"rendered":"<div data-elementor-type=\"wp-page\" data-elementor-id=\"674\" class=\"elementor elementor-674\">\n\t\t\t\t\t\t\t\t\t<section class=\"elementor-section elementor-top-section elementor-element elementor-element-28938e39 elementor-section-boxed elementor-section-height-default elementor-section-height-default\" data-id=\"28938e39\" data-element_type=\"section\">\n\t\t\t\t\t\t<div class=\"elementor-container elementor-column-gap-default\">\n\t\t\t\t\t<div class=\"elementor-column elementor-col-100 elementor-top-column elementor-element elementor-element-33b46f95\" data-id=\"33b46f95\" data-element_type=\"column\">\n\t\t\t<div class=\"elementor-widget-wrap elementor-element-populated\">\n\t\t\t\t\t\t\t\t<div class=\"elementor-element elementor-element-d627762 elementor-widget elementor-widget-text-editor\" data-id=\"d627762\" data-element_type=\"widget\" data-widget_type=\"text-editor.default\">\n\t\t\t\t<div class=\"elementor-widget-container\">\n\t\t\t\t\t\t\t<!-- wp:paragraph -->\n<p>Messagingov\u00e9 dialogy a konverzace s klienty jsou dnes kl\u00ed\u010dov\u00fdmi prvky \u00fasp\u011b\u0161n\u00e9ho \u0159\u00edzen\u00ed vztah\u016f. Jsou rychl\u00e9, c\u00edlen\u00e9 a neru\u0161iv\u00e9. V\u00edce kan\u00e1l\u016f pro zas\u00edl\u00e1n\u00ed zpr\u00e1v (e-maily, SMS, hlasov\u00e9 zpr\u00e1vy, RCS, instant messenger) je kombinov\u00e1no na z\u00e1klad\u011b preferenc\u00ed klienta.<\/p>\n<!-- \/wp:paragraph --><!-- wp:paragraph -->\n<p>V t\u00e9to oblasti nab\u00edz\u00edme n\u00e1sleduj\u00edc\u00ed slu\u017eby:<\/p>\n<!-- \/wp:paragraph --><!-- wp:list -->\n<ul>\n<li>Slu\u017eby pro messagingovou konverzaci z\u00e1kazn\u00edk\u016f pro CRM<\/li>\n<li>Mobilny marketing<\/li>\n<li>Notifika\u010dn\u00ed slu\u017eby<\/li>\n<li>Badania satysfakcji klient\u00f3w<\/li>\n<li>Mobilna aplikacja<\/li>\n<li>Jednor\u00e1zov\u00e1 hesla<\/li>\n<li>Profesjonalne us\u0142ugi<\/li>\n<li>Rozw\u00f3j aplikacji<\/li>\n<\/ul>\n<!-- \/wp:list --><!-- wp:paragraph -->\n<p>Telekomunikace se st\u00e1le v\u00edce sbli\u017euj\u00ed s klasick\u00fdmi utilitami. Poskytuj\u00ed nejen obousm\u011brn\u00fd p\u0159\u00edstup k inteligentn\u00edm za\u0159\u00edzen\u00edm v r\u00e1mci jejich infrastruktury, ale tak\u00e9 hraj\u00ed d\u016fle\u017eitou roli ve spot\u0159ebitelsk\u00fdch konvergovan\u00fdch nab\u00eddk\u00e1ch. Telekomunika\u010dn\u00ed tarify jsou sou\u010d\u00e1st\u00ed bal\u00ed\u010dk\u016f s elekt\u0159inou, plynem a vodou a st\u00e1vaj\u00ed se kl\u00ed\u010dov\u00fdm faktorem pro zvy\u0161ov\u00e1n\u00ed loajality a akvizice z\u00e1kazn\u00edk\u016f.<\/p>\n<!-- \/wp:paragraph --><!-- wp:paragraph -->\n<p>Jsme p\u0159ipraveni pln\u011b provozovat pot\u0159ebnou infrastrukturu i souvisej\u00edc\u00ed obchodn\u00ed procesy:<\/p>\n<!-- \/wp:paragraph --><!-- wp:list -->\n<ul>\n<li>Outsourcing proces\u00f3w biznesowych (BPO - Outsourcing proces\u00f3w biznesowych)<\/li>\n<li>Platforma pro poskytov\u00e1n\u00ed slu\u017eeb jako slu\u017eba<\/li>\n<li>Eksploatacja infrastruktury telekomunikacyjnej<\/li>\n<li>Profesjonalne us\u0142ugi<\/li>\n<li>Rozw\u00f3j aplikacji<\/li>\n<li>Smart Home infrastruktura a aplikace<\/li>\n<li>Programy lojalno\u015bciowe i konwergentne us\u0142ugi telekomunikacyjne<\/li>\n<\/ul>\n<!-- \/wp:list -->\t\t\t\t\t\t<\/div>\n\t\t\t\t<\/div>\n\t\t\t\t\t<\/div>\n\t\t<\/div>\n\t\t\t\t\t\t\t<\/div>\n\t\t<\/section>\n\t\t\t\t\t\t\t<\/div>","protected":false},"excerpt":{"rendered":"<p>Dialogowe wiadomo\u015bci i rozmowy z klientami s\u0105 dzi\u015b kluczowymi elementami skutecznego zarz\u0105dzania relacjami. S\u0105 szybkie, ukierunkowane i dyskretne. Wiele kana\u0142\u00f3w komunikacji...<\/p>","protected":false},"author":1,"featured_media":4981,"parent":344,"menu_order":4,"comment_status":"closed","ping_status":"closed","template":"","meta":{"footnotes":""},"_links":{"self":[{"href":"https:\/\/www.comverga.com\/cze\/pl\/wp-json\/wp\/v2\/pages\/674"}],"collection":[{"href":"https:\/\/www.comverga.com\/cze\/pl\/wp-json\/wp\/v2\/pages"}],"about":[{"href":"https:\/\/www.comverga.com\/cze\/pl\/wp-json\/wp\/v2\/types\/page"}],"author":[{"embeddable":true,"href":"https:\/\/www.comverga.com\/cze\/pl\/wp-json\/wp\/v2\/users\/1"}],"replies":[{"embeddable":true,"href":"https:\/\/www.comverga.com\/cze\/pl\/wp-json\/wp\/v2\/comments?post=674"}],"version-history":[{"count":13,"href":"https:\/\/www.comverga.com\/cze\/pl\/wp-json\/wp\/v2\/pages\/674\/revisions"}],"predecessor-version":[{"id":5035,"href":"https:\/\/www.comverga.com\/cze\/pl\/wp-json\/wp\/v2\/pages\/674\/revisions\/5035"}],"up":[{"embeddable":true,"href":"https:\/\/www.comverga.com\/cze\/pl\/wp-json\/wp\/v2\/pages\/344"}],"wp:featuredmedia":[{"embeddable":true,"href":"https:\/\/www.comverga.com\/cze\/pl\/wp-json\/wp\/v2\/media\/4981"}],"wp:attachment":[{"href":"https:\/\/www.comverga.com\/cze\/pl\/wp-json\/wp\/v2\/media?parent=674"}],"curies":[{"name":"wp","href":"https:\/\/api.w.org\/{rel}","templated":true}]}}