{"id":682,"date":"2020-12-15T12:58:56","date_gmt":"2020-12-15T11:58:56","guid":{"rendered":"https:\/\/www.comverga.com\/?page_id=682"},"modified":"2023-08-24T12:55:38","modified_gmt":"2023-08-24T10:55:38","slug":"maloobchod","status":"publish","type":"page","link":"https:\/\/www.comverga.com\/cze\/pl\/odvetvi\/maloobchod\/","title":{"rendered":"Sprzeda\u017c detaliczna"},"content":{"rendered":"<div data-elementor-type=\"wp-page\" data-elementor-id=\"682\" class=\"elementor elementor-682\">\n\t\t\t\t\t\t\t\t\t<section class=\"elementor-section elementor-top-section elementor-element elementor-element-b1580fd elementor-section-boxed elementor-section-height-default elementor-section-height-default\" data-id=\"b1580fd\" data-element_type=\"section\">\n\t\t\t\t\t\t<div class=\"elementor-container elementor-column-gap-default\">\n\t\t\t\t\t<div class=\"elementor-column elementor-col-100 elementor-top-column elementor-element elementor-element-5077e33f\" data-id=\"5077e33f\" data-element_type=\"column\">\n\t\t\t<div class=\"elementor-widget-wrap elementor-element-populated\">\n\t\t\t\t\t\t\t\t<div class=\"elementor-element elementor-element-2218c4e8 elementor-widget elementor-widget-text-editor\" data-id=\"2218c4e8\" data-element_type=\"widget\" data-widget_type=\"text-editor.default\">\n\t\t\t\t<div class=\"elementor-widget-container\">\n\t\t\t\t\t\t\t<!-- wp:paragraph -->\n<p>\u0141\u0105czenie i identyfikacja konsument\u00f3w w sprzeda\u017cy detalicznej, zwi\u0119kszanie ich lojalno\u015bci i po\u015bredniczenie w transakcjach online to dzi\u015b kluczowe czynniki sukcesu w handlu detalicznym. Wdro\u017cenie technologii telekomunikacyjnych umo\u017cliwia wdra\u017canie nowych modeli biznesowych oraz dostarcza narz\u0119dzi do indywidualnego i bezpo\u015bredniego traktowania ka\u017cdego konsumenta.<\/p>\n<!-- \/wp:paragraph --><!-- wp:paragraph -->\n<p>Wa\u017cn\u0105 cz\u0119\u015bci\u0105 strategii s\u0105 dialogi i rozmowy z konsumentami. S\u0105 szybkie, ukierunkowane i dyskretne. Wiele kana\u0142\u00f3w komunikacji (e-maile, SMS, wiadomo\u015bci g\u0142osowe, RCS, komunikator internetowy) \u0142\u0105czonych jest w oparciu o preferencje klienta.<\/p>\n<!-- \/wp:paragraph --><!-- wp:paragraph -->\n<p>Programy lojalno\u015bciowe i marketing mobilny s\u0105 cz\u0119sto kojarzone z taryfami mobilnymi pod w\u0142asn\u0105 mark\u0105, kt\u00f3re zapewniaj\u0105 r\u00f3wnie\u017c regularn\u0105 relacj\u0119 rozliczeniow\u0105 z konsumentem.<\/p>\n<!-- \/wp:paragraph --><!-- wp:paragraph -->\n<p>Naszym partnerom detalicznym oferujemy nast\u0119puj\u0105ce us\u0142ugi:<\/p>\n<!-- \/wp:paragraph --><!-- wp:list -->\n<ul>\n<li>Us\u0142ugi komunikacji za pomoc\u0105 wiadomo\u015bci tekstowych z konsumentami<\/li>\n<li>Mobilny marketing<\/li>\n<li>Konkursy konsumenckie<\/li>\n<li>Badania satysfakcji klient\u00f3w<\/li>\n<li>Mobilna aplikacja<\/li>\n<li>Zarz\u0105dzanie dialogiem podczas procesu sk\u0142adania zam\u00f3wienia<\/li>\n<li>Zam\u00f3wienia SMS<\/li>\n<li>Outsourcing proces\u00f3w biznesowych (BPO - Outsourcing proces\u00f3w biznesowych)<\/li>\n<li>Profesjonalne us\u0142ugi<\/li>\n<li>Rozw\u00f3j aplikacji<\/li>\n<li>Programy lojalno\u015bciowe i konwergentne us\u0142ugi telekomunikacyjne<\/li>\n<\/ul>\n<!-- \/wp:list --><!-- wp:paragraph -->\n<p><strong>WYBRANI PARTNERZY<\/strong> \u2013 COOP, Nestle<\/p>\n<!-- \/wp:paragraph -->\t\t\t\t\t\t<\/div>\n\t\t\t\t<\/div>\n\t\t\t\t\t<\/div>\n\t\t<\/div>\n\t\t\t\t\t\t\t<\/div>\n\t\t<\/section>\n\t\t\t\t\t\t\t<\/div>","protected":false},"excerpt":{"rendered":"<p>\u0141\u0105czenie i identyfikacja konsument\u00f3w w sprzeda\u017cy detalicznej, zwi\u0119kszanie ich lojalno\u015bci i po\u015bredniczenie w transakcjach online to dzi\u015b kluczowe czynniki sukcesu w handlu detalicznym...<\/p>","protected":false},"author":1,"featured_media":4985,"parent":344,"menu_order":5,"comment_status":"closed","ping_status":"closed","template":"","meta":{"footnotes":""},"_links":{"self":[{"href":"https:\/\/www.comverga.com\/cze\/pl\/wp-json\/wp\/v2\/pages\/682"}],"collection":[{"href":"https:\/\/www.comverga.com\/cze\/pl\/wp-json\/wp\/v2\/pages"}],"about":[{"href":"https:\/\/www.comverga.com\/cze\/pl\/wp-json\/wp\/v2\/types\/page"}],"author":[{"embeddable":true,"href":"https:\/\/www.comverga.com\/cze\/pl\/wp-json\/wp\/v2\/users\/1"}],"replies":[{"embeddable":true,"href":"https:\/\/www.comverga.com\/cze\/pl\/wp-json\/wp\/v2\/comments?post=682"}],"version-history":[{"count":15,"href":"https:\/\/www.comverga.com\/cze\/pl\/wp-json\/wp\/v2\/pages\/682\/revisions"}],"predecessor-version":[{"id":5038,"href":"https:\/\/www.comverga.com\/cze\/pl\/wp-json\/wp\/v2\/pages\/682\/revisions\/5038"}],"up":[{"embeddable":true,"href":"https:\/\/www.comverga.com\/cze\/pl\/wp-json\/wp\/v2\/pages\/344"}],"wp:featuredmedia":[{"embeddable":true,"href":"https:\/\/www.comverga.com\/cze\/pl\/wp-json\/wp\/v2\/media\/4985"}],"wp:attachment":[{"href":"https:\/\/www.comverga.com\/cze\/pl\/wp-json\/wp\/v2\/media?parent=682"}],"curies":[{"name":"wp","href":"https:\/\/api.w.org\/{rel}","templated":true}]}}