{"id":1091,"date":"2021-01-20T13:45:12","date_gmt":"2021-01-20T12:45:12","guid":{"rendered":"https:\/\/www.comverga.com\/cze\/?page_id=1091"},"modified":"2022-04-01T15:16:18","modified_gmt":"2022-04-01T13:16:18","slug":"junior-javascript-developer-2","status":"publish","type":"page","link":"https:\/\/www.comverga.com\/cze\/junior-javascript-developer-2\/","title":{"rendered":"Android Developer \/ Java Developer"},"content":{"rendered":"\n<p><\/p>\n\n\n\n<h3 class=\"wp-block-heading\">CO U N\u00c1S BUDETE D\u011aLAT?<\/h3>\n\n\n\n<ul><li>Pracovat na unik\u00e1tn\u00edm projektu v r\u00e1mci \u010cR vyu\u017e\u00edvan\u00e9m pracovn\u00edky v ter\u00e9nu<\/li><li>Speci\u00e1ln\u00ed oblast pou\u017eit\u00ed<\/li><li>\u0158e\u0161it po\u017eadavky z\u00e1kazn\u00edka na \u00fapravu syst\u00e9mu<\/li><\/ul>\n\n\n\n<h3 class=\"wp-block-heading\">CO MUS\u00cdTE ZN\u00c1T, M\u00cdT A UM\u011aT?<\/h3>\n\n\n\n<ul><li>znalost pr\u00e1ce s datab\u00e1z\u00ed (MySQL \u010di jin\u00e9 SQL)<\/li><li>pracovat na velk\u00e9m dlouhodob\u00e9m projektu<\/li><li>vytv\u00e1\u0159et tiskov\u00e9 sestavy v PDF ( Latex)&nbsp;<\/li><li>Pracovat na frontendu i backandu syst\u00e9mu<\/li><\/ul>\n\n\n","protected":false},"excerpt":{"rendered":"<p>CO U N\u00c1S BUDETE D\u011aLAT? Pracovat na unik\u00e1tn\u00edm projektu v r\u00e1mci \u010cR vyu\u017e\u00edvan\u00e9m pracovn\u00edky v ter\u00e9nu Speci\u00e1ln\u00ed oblast pou\u017eit\u00ed \u0158e\u0161it po\u017eadavky z\u00e1kazn\u00edka na \u00fapravu syst\u00e9mu CO MUS\u00cdTE ZN\u00c1T, M\u00cdT A UM\u011aT? znalost pr\u00e1ce s datab\u00e1z\u00ed (MySQL \u010di jin\u00e9 SQL) pracovat na velk\u00e9m dlouhodob\u00e9m projektu vytv\u00e1\u0159et tiskov\u00e9 sestavy v PDF ( Latex)&nbsp; Pracovat na frontendu i [&hellip;]<\/p>\n","protected":false},"author":1,"featured_media":1166,"parent":0,"menu_order":6,"comment_status":"closed","ping_status":"closed","template":"","meta":{"footnotes":""},"_links":{"self":[{"href":"https:\/\/www.comverga.com\/cze\/wp-json\/wp\/v2\/pages\/1091"}],"collection":[{"href":"https:\/\/www.comverga.com\/cze\/wp-json\/wp\/v2\/pages"}],"about":[{"href":"https:\/\/www.comverga.com\/cze\/wp-json\/wp\/v2\/types\/page"}],"author":[{"embeddable":true,"href":"https:\/\/www.comverga.com\/cze\/wp-json\/wp\/v2\/users\/1"}],"replies":[{"embeddable":true,"href":"https:\/\/www.comverga.com\/cze\/wp-json\/wp\/v2\/comments?post=1091"}],"version-history":[{"count":9,"href":"https:\/\/www.comverga.com\/cze\/wp-json\/wp\/v2\/pages\/1091\/revisions"}],"predecessor-version":[{"id":1421,"href":"https:\/\/www.comverga.com\/cze\/wp-json\/wp\/v2\/pages\/1091\/revisions\/1421"}],"wp:featuredmedia":[{"embeddable":true,"href":"https:\/\/www.comverga.com\/cze\/wp-json\/wp\/v2\/media\/1166"}],"wp:attachment":[{"href":"https:\/\/www.comverga.com\/cze\/wp-json\/wp\/v2\/media?parent=1091"}],"curies":[{"name":"wp","href":"https:\/\/api.w.org\/{rel}","templated":true}]}}