{"id":2797,"date":"2023-02-28T16:36:24","date_gmt":"2023-02-28T15:36:24","guid":{"rendered":"https:\/\/www.comverga.com\/cze\/?page_id=2797"},"modified":"2023-12-13T12:48:52","modified_gmt":"2023-12-13T11:48:52","slug":"service-manager-it-telco-sluzeb","status":"publish","type":"page","link":"https:\/\/www.comverga.com\/cze\/service-manager-it-telco-sluzeb\/","title":{"rendered":"Service manager IT\/Telco slu\u017eeb"},"content":{"rendered":"\t\t<div data-elementor-type=\"wp-page\" data-elementor-id=\"2797\" class=\"elementor elementor-2797\">\n\t\t\t\t\t\t\t\t\t<section class=\"elementor-section elementor-top-section elementor-element elementor-element-0111e3c elementor-section-boxed elementor-section-height-default elementor-section-height-default\" data-id=\"0111e3c\" data-element_type=\"section\">\n\t\t\t\t\t\t<div class=\"elementor-container elementor-column-gap-default\">\n\t\t\t\t\t<div class=\"elementor-column elementor-col-50 elementor-top-column elementor-element elementor-element-74e3986\" data-id=\"74e3986\" data-element_type=\"column\">\n\t\t\t<div class=\"elementor-widget-wrap elementor-element-populated\">\n\t\t\t\t\t\t\t\t<div class=\"elementor-element elementor-element-53f1dcc elementor-widget elementor-widget-stratum-image-accordion\" data-id=\"53f1dcc\" data-element_type=\"widget\" data-widget_type=\"stratum-image-accordion.default\">\n\t\t\t\t<div class=\"elementor-widget-container\">\n\t\t\t<div class=\"stratum-image-accordion image-accordion-horizontal activate-on-click\">\n    <div class=\"stratum-image-accordion__container\">        <div class=\"stratum-image-accordion__item elementor-repeater-item-accc356\">\n            <div class=\"stratum-image-accordion__background\"><\/div>\n            <div class=\"stratum-image-accordion__overlay\">\n\t\t\t\t            <\/div>\n        <\/div>\n        <\/div>\n<\/div>\n\t\t<\/div>\n\t\t\t\t<\/div>\n\t\t\t\t\t<\/div>\n\t\t<\/div>\n\t\t\t\t<div class=\"elementor-column elementor-col-50 elementor-top-column elementor-element elementor-element-cc028e2\" data-id=\"cc028e2\" data-element_type=\"column\">\n\t\t\t<div class=\"elementor-widget-wrap elementor-element-populated\">\n\t\t\t\t\t\t\t\t<div class=\"elementor-element elementor-element-57c8844 elementor-widget elementor-widget-heading\" data-id=\"57c8844\" data-element_type=\"widget\" id=\"career-header\" data-widget_type=\"heading.default\">\n\t\t\t\t<div class=\"elementor-widget-container\">\n\t\t\t<h2 class=\"elementor-heading-title elementor-size-default\">Co u n\u00e1s bude\u0161 d\u011blat<\/h2>\t\t<\/div>\n\t\t\t\t<\/div>\n\t\t\t\t<div class=\"elementor-element elementor-element-84bdd29 elementor-widget elementor-widget-text-editor\" data-id=\"84bdd29\" data-element_type=\"widget\" data-widget_type=\"text-editor.default\">\n\t\t\t\t<div class=\"elementor-widget-container\">\n\t\t\t\t\t\t\t<p>Na starost bude\u0161 m\u00edt b\u011b\u017e\u00edc\u00ed slu\u017ebu, kter\u00e1 jako v\u0161echny vy\u017eaduje TLC (tender loving care). Mana\u017eer slu\u017eby mus\u00ed nejen zajistit, \u017ee dan\u00e1 slu\u017eba je poskytov\u00e1na, ale tak\u00e9 monitorovat, jak\u00fdm zp\u016fsobem je zaji\u0161t\u011bno, aby byla poskytov\u00e1na a pracovat na jej\u00ed efektivit\u011b a kvalit\u011b. Ur\u010dit\u011b to nebude one man show, ale k zaji\u0161t\u011bn\u00ed b\u011bhu slu\u017eby je k dispozici cel\u00e1 firma (OPS, DEV, Customer Care,&#8230;). Ob\u010das je v\u0161ak pot\u0159eba vyhrnout ruk\u00e1vy a pot\u00e1hnout pr\u00e1ci samostatn\u011b. Z\u00e1rove\u0148 z\u00e1kazn\u00edci p\u0159ich\u00e1zej\u00ed s n\u00e1pady, kter\u00e9 jsou ji\u017e mimo r\u00e1mec \u00fadr\u017eby slu\u017eby, to pak je t\u0159eba komunikovat s produk\u0165\u00e1ky, aby nez\u016fstala n\u00e1hodou dobr\u00e1 business p\u0159\u00edle\u017eitost bez pov\u0161imnut\u00ed.<\/p>\t\t\t\t\t\t<\/div>\n\t\t\t\t<\/div>\n\t\t\t\t<div class=\"elementor-element elementor-element-7d08883 elementor-widget elementor-widget-heading\" data-id=\"7d08883\" data-element_type=\"widget\" id=\"career-header\" data-widget_type=\"heading.default\">\n\t\t\t\t<div class=\"elementor-widget-container\">\n\t\t\t<h2 class=\"elementor-heading-title elementor-size-default\">Co bys m\u011bl zn\u00e1t, m\u00edt, um\u011bt<\/h2>\t\t<\/div>\n\t\t\t\t<\/div>\n\t\t\t\t<div class=\"elementor-element elementor-element-ab2aadc elementor-widget elementor-widget-text-editor\" data-id=\"ab2aadc\" data-element_type=\"widget\" data-widget_type=\"text-editor.default\">\n\t\t\t\t<div class=\"elementor-widget-container\">\n\t\t\t\t\t\t\t<p>Uv\u00edt\u00e1me orientaci v telco prost\u0159ed\u00ed a technologi\u00edch. Samostatnost p\u0159i pr\u00e1ci, schopnost nas\u00e1t procesy a n\u00e1sledn\u011b je vylep\u0161ovat, jsou ty spr\u00e1vn\u00e9 p\u0159edpoklady pro tuto pozici. M\u011bl bys b\u00fdt schopen uklidnit lidi p\u0159i \u0159e\u0161en\u00ed probl\u00e9m\u016f a konstruktivn\u011b se soust\u0159edit na jejich \u0159e\u0161en\u00ed. \u010casto se ti bude hodit ps\u00e1t selecty do datab\u00e1ze a vizualizovat je v n\u00e1stroj\u00edch jako nap\u0159. Grafana.<\/p>\t\t\t\t\t\t<\/div>\n\t\t\t\t<\/div>\n\t\t\t\t\t<\/div>\n\t\t<\/div>\n\t\t\t\t\t\t\t<\/div>\n\t\t<\/section>\n\t\t\t\t<section class=\"elementor-section elementor-top-section elementor-element elementor-element-4ad92f8 elementor-section-boxed elementor-section-height-default elementor-section-height-default\" data-id=\"4ad92f8\" data-element_type=\"section\" id=\"career-about\">\n\t\t\t\t\t\t<div class=\"elementor-container elementor-column-gap-default\">\n\t\t\t\t\t<div class=\"elementor-column elementor-col-50 elementor-top-column elementor-element elementor-element-379478a\" data-id=\"379478a\" data-element_type=\"column\" data-settings=\"{&quot;background_background&quot;:&quot;classic&quot;}\">\n\t\t\t<div class=\"elementor-widget-wrap elementor-element-populated\">\n\t\t\t\t\t\t\t\t<div class=\"elementor-element elementor-element-5ce3558 elementor-widget elementor-widget-heading\" data-id=\"5ce3558\" data-element_type=\"widget\" data-widget_type=\"heading.default\">\n\t\t\t\t<div class=\"elementor-widget-container\">\n\t\t\t<h2 class=\"elementor-heading-title elementor-size-default\">Nab\u00edz\u00edme<\/h2>\t\t<\/div>\n\t\t\t\t<\/div>\n\t\t\t\t<div class=\"elementor-element elementor-element-6ab9447 elementor-widget elementor-widget-text-editor\" data-id=\"6ab9447\" data-element_type=\"widget\" data-widget_type=\"text-editor.default\">\n\t\t\t\t<div class=\"elementor-widget-container\">\n\t\t\t\t\t\t\t<p><span style=\"color: #8a8a8a;\"><strong>\u00davazek: <\/strong><\/span>Full-time<\/p><p><strong><span style=\"color: #8a8a8a;\">Forma spolupr\u00e1ce: <\/span><\/strong>Pracovn\u00ed smlouva<\/p><p><strong><span style=\"color: #8a8a8a;\">Pracovi\u0161t\u011b:<\/span> <\/strong>Kombinace Remote\/Kancel\u00e1\u0159<\/p>\t\t\t\t\t\t<\/div>\n\t\t\t\t<\/div>\n\t\t\t\t\t<\/div>\n\t\t<\/div>\n\t\t\t\t<div class=\"elementor-column elementor-col-50 elementor-top-column elementor-element elementor-element-81aa378\" data-id=\"81aa378\" data-element_type=\"column\" data-settings=\"{&quot;background_background&quot;:&quot;classic&quot;}\">\n\t\t\t<div class=\"elementor-widget-wrap elementor-element-populated\">\n\t\t\t\t\t\t\t\t<div class=\"elementor-element elementor-element-b7156f1 elementor-widget elementor-widget-heading\" data-id=\"b7156f1\" data-element_type=\"widget\" data-widget_type=\"heading.default\">\n\t\t\t\t<div class=\"elementor-widget-container\">\n\t\t\t<h2 class=\"elementor-heading-title elementor-size-default\">Po\u017eadujeme<\/h2>\t\t<\/div>\n\t\t\t\t<\/div>\n\t\t\t\t<div class=\"elementor-element elementor-element-3307498 elementor-widget elementor-widget-text-editor\" data-id=\"3307498\" data-element_type=\"widget\" data-widget_type=\"text-editor.default\">\n\t\t\t\t<div class=\"elementor-widget-container\">\n\t\t\t\t\t\t\t<p><strong><span style=\"color: #8a8a8a;\">Kl\u00ed\u010dov\u00e9 dovednosti:\u00a0<\/span><\/strong>Project Management, SQL, Product Management, Testing, Analytick\u00e9 dovednosti<\/p><p><span style=\"color: #8a8a8a;\"><strong>Ostatn\u00ed dovednosti:\u00a0<\/strong><\/span>Leadership, Komunika\u010dn\u00ed schopnosti<\/p><p><strong><span style=\"color: #8a8a8a;\">Technologie pou\u017e\u00edvan\u00e9 na pozici:\u00a0<\/span><\/strong>Grafana, Office 365, SQL<\/p><p><strong><span style=\"color: #8a8a8a;\">Jazyky:<\/span><\/strong> \u010de\u0161tina, angli\u010dtina<\/p>\t\t\t\t\t\t<\/div>\n\t\t\t\t<\/div>\n\t\t\t\t\t<\/div>\n\t\t<\/div>\n\t\t\t\t\t\t\t<\/div>\n\t\t<\/section>\n\t\t\t\t<section class=\"elementor-section elementor-top-section elementor-element elementor-element-f2b5c10 elementor-section-boxed elementor-section-height-default elementor-section-height-default\" data-id=\"f2b5c10\" data-element_type=\"section\">\n\t\t\t\t\t\t<div class=\"elementor-container elementor-column-gap-default\">\n\t\t\t\t\t<div class=\"elementor-column elementor-col-100 elementor-top-column elementor-element elementor-element-2b816ca\" data-id=\"2b816ca\" data-element_type=\"column\">\n\t\t\t<div class=\"elementor-widget-wrap elementor-element-populated\">\n\t\t\t\t\t\t\t\t<div class=\"elementor-element elementor-element-bd9d8b6 elementor-widget elementor-widget-text-editor\" data-id=\"bd9d8b6\" data-element_type=\"widget\" data-widget_type=\"text-editor.default\">\n\t\t\t\t<div class=\"elementor-widget-container\">\n\t\t\t\t\t\t\t<p style=\"text-align: center;\">M\u00e1te z\u00e1jem nebo jak\u00fdkoliv dotaz.<br \/>Napi\u0161te n\u00e1m na <a href=\"mailto:kariera@comverga.com\">kariera@comverga.com<\/a><\/p>\t\t\t\t\t\t<\/div>\n\t\t\t\t<\/div>\n\t\t\t\t\t<\/div>\n\t\t<\/div>\n\t\t\t\t\t\t\t<\/div>\n\t\t<\/section>\n\t\t\t\t\t\t\t<\/div>\n\t\t","protected":false},"excerpt":{"rendered":"<p>Co u n\u00e1s bude\u0161 d\u011blat Na starost bude\u0161 m\u00edt b\u011b\u017e\u00edc\u00ed slu\u017ebu, kter\u00e1 jako v\u0161echny vy\u017eaduje TLC (tender loving care). Mana\u017eer slu\u017eby mus\u00ed nejen zajistit, \u017ee dan\u00e1 slu\u017eba je poskytov\u00e1na, ale tak\u00e9 monitorovat, jak\u00fdm zp\u016fsobem je zaji\u0161t\u011bno, aby byla poskytov\u00e1na a pracovat na jej\u00ed efektivit\u011b a kvalit\u011b. Ur\u010dit\u011b to nebude one man show, ale k zaji\u0161t\u011bn\u00ed [&hellip;]<\/p>\n","protected":false},"author":1,"featured_media":2798,"parent":0,"menu_order":0,"comment_status":"closed","ping_status":"closed","template":"","meta":{"footnotes":""},"_links":{"self":[{"href":"https:\/\/www.comverga.com\/cze\/wp-json\/wp\/v2\/pages\/2797"}],"collection":[{"href":"https:\/\/www.comverga.com\/cze\/wp-json\/wp\/v2\/pages"}],"about":[{"href":"https:\/\/www.comverga.com\/cze\/wp-json\/wp\/v2\/types\/page"}],"author":[{"embeddable":true,"href":"https:\/\/www.comverga.com\/cze\/wp-json\/wp\/v2\/users\/1"}],"replies":[{"embeddable":true,"href":"https:\/\/www.comverga.com\/cze\/wp-json\/wp\/v2\/comments?post=2797"}],"version-history":[{"count":78,"href":"https:\/\/www.comverga.com\/cze\/wp-json\/wp\/v2\/pages\/2797\/revisions"}],"predecessor-version":[{"id":5427,"href":"https:\/\/www.comverga.com\/cze\/wp-json\/wp\/v2\/pages\/2797\/revisions\/5427"}],"wp:featuredmedia":[{"embeddable":true,"href":"https:\/\/www.comverga.com\/cze\/wp-json\/wp\/v2\/media\/2798"}],"wp:attachment":[{"href":"https:\/\/www.comverga.com\/cze\/wp-json\/wp\/v2\/media?parent=2797"}],"curies":[{"name":"wp","href":"https:\/\/api.w.org\/{rel}","templated":true}]}}