{"id":3464,"date":"2023-03-07T13:49:31","date_gmt":"2023-03-07T12:49:31","guid":{"rendered":"https:\/\/www.comverga.com\/cze\/?page_id=3464"},"modified":"2023-04-21T15:15:12","modified_gmt":"2023-04-21T13:15:12","slug":"o-nas-3","status":"publish","type":"page","link":"https:\/\/www.comverga.com\/cze\/o-nas-3\/","title":{"rendered":"O n\u00e1s"},"content":{"rendered":"\t\t<div data-elementor-type=\"wp-page\" data-elementor-id=\"3464\" class=\"elementor elementor-3464\">\n\t\t\t\t\t\t\t\t\t<section class=\"elementor-section elementor-top-section elementor-element elementor-element-e2f3cef elementor-section-boxed elementor-section-height-default elementor-section-height-default\" data-id=\"e2f3cef\" data-element_type=\"section\">\n\t\t\t\t\t\t<div class=\"elementor-container elementor-column-gap-default\">\n\t\t\t\t\t<div class=\"elementor-column elementor-col-100 elementor-top-column elementor-element elementor-element-71a9acd\" data-id=\"71a9acd\" data-element_type=\"column\">\n\t\t\t<div class=\"elementor-widget-wrap elementor-element-populated\">\n\t\t\t\t\t\t\t\t<div class=\"elementor-element elementor-element-f8658f6 elementor-widget elementor-widget-text-editor\" data-id=\"f8658f6\" data-element_type=\"widget\" data-widget_type=\"text-editor.default\">\n\t\t\t\t<div class=\"elementor-widget-container\">\n\t\t\t\t\t\t\t<p>Jsme rodinn\u00fd podnik s v\u00edce ne\u017e dvacetiletou \u00fasp\u011b\u0161nou histori\u00ed. Ve spole\u010dnosti je aktivn\u00ed ji\u017e druh\u00e1 generace. N\u00e1\u0161 \u00fasp\u011bch je zalo\u017een na dlouhodob\u00e9m partnerstv\u00ed s na\u0161imi obchodn\u00edmi partnery a z\u00e1kazn\u00edky. Spole\u010dn\u011b se tak t\u011b\u0161\u00edme st\u00e1l\u00e9mu a ziskov\u00e9mu obchodn\u00edmu r\u016fstu. Za\u010dali jsme slu\u017ebami zas\u00edl\u00e1n\u00ed zpr\u00e1v mezi mobiln\u00edmi a pevn\u00fdmi s\u00edt\u011bmi. Pot\u00e9 jsme do portfolia p\u0159idali hlasov\u00e9 a datov\u00e9 slu\u017eby a vybudovali \u0161irokou \u0161k\u00e1lu konvergovan\u00fdch slu\u017eeb a aplikac\u00ed s p\u0159idanou hodnotou.<\/p><p>P\u0159irozen\u00fdm dal\u0161\u00edm krokem v roz\u0161i\u0159ov\u00e1n\u00ed portfolia byly platebn\u00ed slu\u017eby a jejich kombinace s telekomunika\u010dn\u00edmi slu\u017ebami. Vyv\u00edj\u00edme vlastn\u00ed syst\u00e9my a platformy a provozujeme vlastn\u00ed infrastrukturu, abychom mohli poskytovat slu\u017eby nez\u00e1visl\u00e9 na technologi\u00edch, dodavatel\u00edch a s\u00edt\u00edch. Propojujeme r\u016fzn\u00e9 s\u00edt\u011b a poskytovatele hostitelsk\u00fdch slu\u017eeb s na\u0161\u00ed infrastrukturou, abychom na\u0161im partner\u016fm a z\u00e1kazn\u00edk\u016fm mohli nab\u00eddnout celou \u0159adu konvergovan\u00fdch slu\u017eeb. M\u00e1me licence pro telekomunika\u010dn\u00ed a platebn\u00ed slu\u017eby. N\u00e1\u0161 syst\u00e9m pro spr\u00e1vu bezpe\u010dnosti dat je certifikov\u00e1n podle ISO 27001.<\/p><p>Spolu se strategick\u00fdmi partnery tak\u00e9 investujeme do spole\u010dn\u00fdch podnik\u016f, abychom zajistili dlouhodob\u00fd rozvoj kl\u00ed\u010dov\u00fdch projekt\u016f. Mezi takov\u00e9 projekty pat\u0159\u00ed nap\u0159\u00edklad velkoobchodn\u00ed agregace konvergovan\u00fdch slu\u017eeb ve spole\u010dnosti Quadruple a.s. a unik\u00e1tn\u00ed projekt virtu\u00e1ln\u00edho oper\u00e1tora COOP Mobil s.r.o. s v\u011brnostn\u00edm programem pro sv\u00e9 z\u00e1kazn\u00edky a zam\u011bstnance.<\/p>\t\t\t\t\t\t<\/div>\n\t\t\t\t<\/div>\n\t\t\t\t<div class=\"elementor-element elementor-element-6d43a15 elementor-widget elementor-widget-html\" data-id=\"6d43a15\" data-element_type=\"widget\" data-widget_type=\"html.default\">\n\t\t\t\t<div class=\"elementor-widget-container\">\n\t\t\t<div class=\"image-links\">\n    \n    <a href=\"https:\/\/www.coopmobil.cz\/\" class=\"image\">\n        <img decoding=\"async\" src=\"https:\/\/www.comverga.com\/cze\/wp-content\/uploads\/sites\/3\/2022\/08\/coop-mobil-logo.svg\" width=\"100\">\n    <\/a>\n    \n    <a href=\"https:\/\/www.quadruple.cz\/\" class=\"image\">\n        <img decoding=\"async\" src=\"https:\/\/www.comverga.com\/cze\/wp-content\/uploads\/sites\/3\/2023\/03\/logo.png\" width=\"150\">\n    <\/a>\n    \n<\/div>\t\t<\/div>\n\t\t\t\t<\/div>\n\t\t\t\t\t<\/div>\n\t\t<\/div>\n\t\t\t\t\t\t\t<\/div>\n\t\t<\/section>\n\t\t\t\t<section class=\"elementor-section elementor-top-section elementor-element elementor-element-6392469 elementor-section-boxed elementor-section-height-default elementor-section-height-default\" data-id=\"6392469\" data-element_type=\"section\" id=\"reference\">\n\t\t\t\t\t\t<div class=\"elementor-container elementor-column-gap-default\">\n\t\t\t\t\t<div class=\"elementor-column elementor-col-100 elementor-top-column elementor-element elementor-element-fe90ae7\" data-id=\"fe90ae7\" data-element_type=\"column\">\n\t\t\t<div class=\"elementor-widget-wrap elementor-element-populated\">\n\t\t\t\t\t\t\t\t<div class=\"elementor-element elementor-element-4fe991c elementor-widget elementor-widget-heading\" data-id=\"4fe991c\" data-element_type=\"widget\" data-widget_type=\"heading.default\">\n\t\t\t\t<div class=\"elementor-widget-container\">\n\t\t\t<h2 class=\"elementor-heading-title elementor-size-default\">Reference<\/h2>\t\t<\/div>\n\t\t\t\t<\/div>\n\t\t\t\t<div class=\"elementor-element elementor-element-d431e51 about-carousel elementor-widget elementor-widget-advanced-carousel\" data-id=\"d431e51\" data-element_type=\"widget\" data-widget_type=\"advanced-carousel.default\">\n\t\t\t\t<div class=\"elementor-widget-container\">\n\t\t\t\r\n\t\t<!--====== HTML CODING START ========-->\r\n\r\n\t\t<section class=\"tm-slider slider  content-over-slider\" id=\"tdt-slider-356\" data-mobiles=\"1\" data-tabs=\"2\" data-slick='{\"arrows\": true, \"autoplaySpeed\": 500, \"dots\": false, \"autoplay\": true, \"infinite\": true, \"adaptiveHeight\": true, \"pauseOnHover\": true, \"slidesToShow\": 4, \"slidesToScroll\": 1, \"fade\": false, \"touchThreshold\": 1}'>\r\n\t\t\t\t\t\t\t  <div>\r\n\t\t\t\t  \t\t\t\t\t  \t\t<a href=\"https:\/\/www.t-mobile.cz\/\"  class=\"\">\r\n\t\t\t\t\t\t\t\t\t\t\t\t\t\t\t\t\t\t\t\t\t<span class=\"ultimate-slide-img\" style=\"max-width: 100%; border-radius: ; margin-bottom: 15px;\">\r\n\t\t\t\t\t  \t\t<img decoding=\"async\" width=\"300\" height=\"130\" src=\"https:\/\/www.comverga.com\/cze\/wp-content\/uploads\/sites\/3\/2023\/04\/tmobile-comverga-1.png\" class=\"attachment-full size-full wp-image-3907\" alt=\"\" \/>\t\t\t\t\t\t<\/span>\r\n\t\t\t\t\t\t\r\n\t\t\t\t\t\t<\/a>\r\n\t\t\t\t  \t<span class=\"content-section\">\r\n\t\t\t\t\t  \t<br>\r\n\r\n\t\t\t\t\t  \t\t\t\t\t\t  \t<p>&nbsp;<\/p>\r\n\t\t\t\t  \t<\/span>\r\n\t\t\t\t  <\/div>\r\n\t\t\t\t\t\t\t  <div>\r\n\t\t\t\t  \t\t\t\t\t  \t\t<a href=\"https:\/\/www.vodafone.cz\/\"  class=\"\">\r\n\t\t\t\t\t\t\t\t\t\t\t\t\t\t\t\t\t\t\t\t\t<span class=\"ultimate-slide-img\" style=\"max-width: 100%; border-radius: ; margin-bottom: 15px;\">\r\n\t\t\t\t\t  \t\t<img decoding=\"async\" width=\"300\" height=\"130\" src=\"https:\/\/www.comverga.com\/cze\/wp-content\/uploads\/sites\/3\/2023\/04\/vodafone-comverga-1.png\" class=\"attachment-full size-full wp-image-3908\" alt=\"\" \/>\t\t\t\t\t\t<\/span>\r\n\t\t\t\t\t\t\r\n\t\t\t\t\t\t<\/a>\r\n\t\t\t\t  \t<span class=\"content-section\">\r\n\t\t\t\t\t  \t<br>\r\n\r\n\t\t\t\t\t  \t\t\t\t\t\t  \t<p>&nbsp;<\/p>\r\n\t\t\t\t  \t<\/span>\r\n\t\t\t\t  <\/div>\r\n\t\t\t\t\t\t\t  <div>\r\n\t\t\t\t  \t\t\t\t\t  \t\t<a href=\"https:\/\/www.o2.cz\/\"  class=\"\">\r\n\t\t\t\t\t\t\t\t\t\t\t\t\t\t\t\t\t\t\t\t\t<span class=\"ultimate-slide-img\" style=\"max-width: 100%; border-radius: ; margin-bottom: 15px;\">\r\n\t\t\t\t\t  \t\t<img decoding=\"async\" width=\"300\" height=\"130\" src=\"https:\/\/www.comverga.com\/cze\/wp-content\/uploads\/sites\/3\/2023\/04\/o2-comverga.png\" class=\"attachment-full size-full wp-image-3822\" alt=\"\" \/>\t\t\t\t\t\t<\/span>\r\n\t\t\t\t\t\t\r\n\t\t\t\t\t\t<\/a>\r\n\t\t\t\t  \t<span class=\"content-section\">\r\n\t\t\t\t\t  \t<br>\r\n\r\n\t\t\t\t\t  \t\t\t\t\t\t  \t<p>&nbsp;<\/p>\r\n\t\t\t\t  \t<\/span>\r\n\t\t\t\t  <\/div>\r\n\t\t\t\t\t\t\t  <div>\r\n\t\t\t\t  \t\t\t\t\t  \t\t<a href=\"https:\/\/www.csob.cz\/\"  class=\"\">\r\n\t\t\t\t\t\t\t\t\t\t\t\t\t\t\t\t\t\t\t\t\t<span class=\"ultimate-slide-img\" style=\"max-width: 100%; border-radius: ; margin-bottom: 15px;\">\r\n\t\t\t\t\t  \t\t<img loading=\"lazy\" decoding=\"async\" width=\"300\" height=\"130\" src=\"https:\/\/www.comverga.com\/cze\/wp-content\/uploads\/sites\/3\/2023\/04\/csob-comverga.png\" class=\"attachment-full size-full wp-image-3825\" alt=\"\" \/>\t\t\t\t\t\t<\/span>\r\n\t\t\t\t\t\t\r\n\t\t\t\t\t\t<\/a>\r\n\t\t\t\t  \t<span class=\"content-section\">\r\n\t\t\t\t\t  \t<br>\r\n\r\n\t\t\t\t\t  \t\t\t\t\t\t  \t<p>&nbsp;<\/p>\r\n\t\t\t\t  \t<\/span>\r\n\t\t\t\t  <\/div>\r\n\t\t\t\t\t\t\t  <div>\r\n\t\t\t\t  \t\t\t\t\t  \t\t<a href=\"https:\/\/www.skupina.coop\/\"  class=\"\">\r\n\t\t\t\t\t\t\t\t\t\t\t\t\t\t\t\t\t\t\t\t\t<span class=\"ultimate-slide-img\" style=\"max-width: 100%; border-radius: ; margin-bottom: 15px;\">\r\n\t\t\t\t\t  \t\t<img loading=\"lazy\" decoding=\"async\" width=\"300\" height=\"130\" src=\"https:\/\/www.comverga.com\/cze\/wp-content\/uploads\/sites\/3\/2023\/04\/coop-comverga.png\" class=\"attachment-full size-full wp-image-3826\" alt=\"\" \/>\t\t\t\t\t\t<\/span>\r\n\t\t\t\t\t\t\r\n\t\t\t\t\t\t<\/a>\r\n\t\t\t\t  \t<span class=\"content-section\">\r\n\t\t\t\t\t  \t<br>\r\n\r\n\t\t\t\t\t  \t\t\t\t\t\t  \t<p>&nbsp;<\/p>\r\n\t\t\t\t  \t<\/span>\r\n\t\t\t\t  <\/div>\r\n\t\t\t\t\t\t\t  <div>\r\n\t\t\t\t  \t\t\t\t\t  \t\t<a href=\"https:\/\/www.airbank.cz\/\"  class=\"\">\r\n\t\t\t\t\t\t\t\t\t\t\t\t\t\t\t\t\t\t\t\t\t<span class=\"ultimate-slide-img\" style=\"max-width: 100%; border-radius: ; margin-bottom: 15px;\">\r\n\t\t\t\t\t  \t\t<img loading=\"lazy\" decoding=\"async\" width=\"300\" height=\"130\" src=\"https:\/\/www.comverga.com\/cze\/wp-content\/uploads\/sites\/3\/2023\/04\/airbank-comverga-1.png\" class=\"attachment-full size-full wp-image-4208\" alt=\"\" \/>\t\t\t\t\t\t<\/span>\r\n\t\t\t\t\t\t\r\n\t\t\t\t\t\t<\/a>\r\n\t\t\t\t  \t<span class=\"content-section\">\r\n\t\t\t\t\t  \t<br>\r\n\r\n\t\t\t\t\t  \t\t\t\t\t\t  \t<p>&nbsp;<\/p>\r\n\t\t\t\t  \t<\/span>\r\n\t\t\t\t  <\/div>\r\n\t\t\t\t\t\t\t  <div>\r\n\t\t\t\t  \t\t\t\t\t  \t\t<a href=\"https:\/\/www.dhl.com\/\"  class=\"\">\r\n\t\t\t\t\t\t\t\t\t\t\t\t\t\t\t\t\t\t\t\t\t<span class=\"ultimate-slide-img\" style=\"max-width: 100%; border-radius: ; margin-bottom: 15px;\">\r\n\t\t\t\t\t  \t\t<img loading=\"lazy\" decoding=\"async\" width=\"300\" height=\"130\" src=\"https:\/\/www.comverga.com\/cze\/wp-content\/uploads\/sites\/3\/2023\/04\/dhl-comverga.png\" class=\"attachment-full size-full wp-image-3856\" alt=\"\" \/>\t\t\t\t\t\t<\/span>\r\n\t\t\t\t\t\t\r\n\t\t\t\t\t\t<\/a>\r\n\t\t\t\t  \t<span class=\"content-section\">\r\n\t\t\t\t\t  \t<br>\r\n\r\n\t\t\t\t\t  \t\t\t\t\t\t  \t<p>&nbsp;<\/p>\r\n\t\t\t\t  \t<\/span>\r\n\t\t\t\t  <\/div>\r\n\t\t\t\t\t\t\t  <div>\r\n\t\t\t\t  \t\t\t\t\t  \t\t<a href=\"https:\/\/www.dpmhk.cz\/\"  class=\"\">\r\n\t\t\t\t\t\t\t\t\t\t\t\t\t\t\t\t\t\t\t\t\t<span class=\"ultimate-slide-img\" style=\"max-width: 100%; border-radius: ; margin-bottom: 15px;\">\r\n\t\t\t\t\t  \t\t<img loading=\"lazy\" decoding=\"async\" width=\"300\" height=\"130\" src=\"https:\/\/www.comverga.com\/cze\/wp-content\/uploads\/sites\/3\/2023\/04\/dphk-comverga.png\" class=\"attachment-full size-full wp-image-3855\" alt=\"\" \/>\t\t\t\t\t\t<\/span>\r\n\t\t\t\t\t\t\r\n\t\t\t\t\t\t<\/a>\r\n\t\t\t\t  \t<span class=\"content-section\">\r\n\t\t\t\t\t  \t<br>\r\n\r\n\t\t\t\t\t  \t\t\t\t\t\t  \t<p>&nbsp;<\/p>\r\n\t\t\t\t  \t<\/span>\r\n\t\t\t\t  <\/div>\r\n\t\t\t\t\t\t\t  <div>\r\n\t\t\t\t  \t\t\t\t\t  \t\t<a href=\"https:\/\/www.dpo.cz\/\"  class=\"\">\r\n\t\t\t\t\t\t\t\t\t\t\t\t\t\t\t\t\t\t\t\t\t<span class=\"ultimate-slide-img\" style=\"max-width: 100%; border-radius: ; margin-bottom: 15px;\">\r\n\t\t\t\t\t  \t\t<img loading=\"lazy\" decoding=\"async\" width=\"300\" height=\"130\" src=\"https:\/\/www.comverga.com\/cze\/wp-content\/uploads\/sites\/3\/2023\/04\/dpo-comverga.png\" class=\"attachment-full size-full wp-image-3854\" alt=\"\" \/>\t\t\t\t\t\t<\/span>\r\n\t\t\t\t\t\t\r\n\t\t\t\t\t\t<\/a>\r\n\t\t\t\t  \t<span class=\"content-section\">\r\n\t\t\t\t\t  \t<br>\r\n\r\n\t\t\t\t\t  \t\t\t\t\t\t  \t<p>&nbsp;<\/p>\r\n\t\t\t\t  \t<\/span>\r\n\t\t\t\t  <\/div>\r\n\t\t\t\t\t\t\t  <div>\r\n\t\t\t\t  \t\t\t\t\t  \t\t<a href=\"https:\/\/www.dpkv.cz\/\"  class=\"\">\r\n\t\t\t\t\t\t\t\t\t\t\t\t\t\t\t\t\t\t\t\t\t<span class=\"ultimate-slide-img\" style=\"max-width: 100%; border-radius: ; margin-bottom: 15px;\">\r\n\t\t\t\t\t  \t\t<img loading=\"lazy\" decoding=\"async\" width=\"300\" height=\"130\" src=\"https:\/\/www.comverga.com\/cze\/wp-content\/uploads\/sites\/3\/2023\/04\/dpk-comverga.png\" class=\"attachment-full size-full wp-image-3853\" alt=\"\" \/>\t\t\t\t\t\t<\/span>\r\n\t\t\t\t\t\t\r\n\t\t\t\t\t\t<\/a>\r\n\t\t\t\t  \t<span class=\"content-section\">\r\n\t\t\t\t\t  \t<br>\r\n\r\n\t\t\t\t\t  \t\t\t\t\t\t  \t<p>&nbsp;<\/p>\r\n\t\t\t\t  \t<\/span>\r\n\t\t\t\t  <\/div>\r\n\t\t\t\t\t\t\t  <div>\r\n\t\t\t\t  \t\t\t\t\t  \t\t<a href=\"https:\/\/nordictelecom.cz\/\"  class=\"\">\r\n\t\t\t\t\t\t\t\t\t\t\t\t\t\t\t\t\t\t\t\t\t<span class=\"ultimate-slide-img\" style=\"max-width: 100%; border-radius: ; margin-bottom: 15px;\">\r\n\t\t\t\t\t  \t\t<img loading=\"lazy\" decoding=\"async\" width=\"300\" height=\"130\" src=\"https:\/\/www.comverga.com\/cze\/wp-content\/uploads\/sites\/3\/2023\/04\/nordic-comverga.png\" class=\"attachment-full size-full wp-image-3852\" alt=\"\" \/>\t\t\t\t\t\t<\/span>\r\n\t\t\t\t\t\t\r\n\t\t\t\t\t\t<\/a>\r\n\t\t\t\t  \t<span class=\"content-section\">\r\n\t\t\t\t\t  \t<br>\r\n\r\n\t\t\t\t\t  \t\t\t\t\t\t  \t<p>&nbsp;<\/p>\r\n\t\t\t\t  \t<\/span>\r\n\t\t\t\t  <\/div>\r\n\t\t\t\t\t\t\t  <div>\r\n\t\t\t\t  \t\t\t\t\t  \t\t<a href=\"https:\/\/www.equabank.cz\/\"  class=\"\">\r\n\t\t\t\t\t\t\t\t\t\t\t\t\t\t\t\t\t\t\t\t\t<span class=\"ultimate-slide-img\" style=\"max-width: 100%; border-radius: ; margin-bottom: 15px;\">\r\n\t\t\t\t\t  \t\t<img loading=\"lazy\" decoding=\"async\" width=\"300\" height=\"130\" src=\"https:\/\/www.comverga.com\/cze\/wp-content\/uploads\/sites\/3\/2023\/04\/equabank-comverga.png\" class=\"attachment-full size-full wp-image-3851\" alt=\"\" \/>\t\t\t\t\t\t<\/span>\r\n\t\t\t\t\t\t\r\n\t\t\t\t\t\t<\/a>\r\n\t\t\t\t  \t<span class=\"content-section\">\r\n\t\t\t\t\t  \t<br>\r\n\r\n\t\t\t\t\t  \t\t\t\t\t\t  \t<p>&nbsp;<\/p>\r\n\t\t\t\t  \t<\/span>\r\n\t\t\t\t  <\/div>\r\n\t\t\t\t\t\t\t  <div>\r\n\t\t\t\t  \t\t\t\t\t  \t\t<a href=\"https:\/\/www.mbank.cz\/\"  class=\"\">\r\n\t\t\t\t\t\t\t\t\t\t\t\t\t\t\t\t\t\t\t\t\t<span class=\"ultimate-slide-img\" style=\"max-width: 100%; border-radius: ; margin-bottom: 15px;\">\r\n\t\t\t\t\t  \t\t<img loading=\"lazy\" decoding=\"async\" width=\"300\" height=\"130\" src=\"https:\/\/www.comverga.com\/cze\/wp-content\/uploads\/sites\/3\/2023\/04\/mbank-comverga.png\" class=\"attachment-full size-full wp-image-3850\" alt=\"\" \/>\t\t\t\t\t\t<\/span>\r\n\t\t\t\t\t\t\r\n\t\t\t\t\t\t<\/a>\r\n\t\t\t\t  \t<span class=\"content-section\">\r\n\t\t\t\t\t  \t<br>\r\n\r\n\t\t\t\t\t  \t\t\t\t\t\t  \t<p>&nbsp;<\/p>\r\n\t\t\t\t  \t<\/span>\r\n\t\t\t\t  <\/div>\r\n\t\t\t\t\t\t\t  <div>\r\n\t\t\t\t  \t\t\t\t\t  \t\t<a href=\"https:\/\/www.erstegroup.com\/\"  class=\"\">\r\n\t\t\t\t\t\t\t\t\t\t\t\t\t\t\t\t\t\t\t\t\t<span class=\"ultimate-slide-img\" style=\"max-width: 100%; border-radius: ; margin-bottom: 15px;\">\r\n\t\t\t\t\t  \t\t<img loading=\"lazy\" decoding=\"async\" width=\"300\" height=\"130\" src=\"https:\/\/www.comverga.com\/cze\/wp-content\/uploads\/sites\/3\/2023\/04\/erste-comverga.png\" class=\"attachment-full size-full wp-image-3849\" alt=\"\" \/>\t\t\t\t\t\t<\/span>\r\n\t\t\t\t\t\t\r\n\t\t\t\t\t\t<\/a>\r\n\t\t\t\t  \t<span class=\"content-section\">\r\n\t\t\t\t\t  \t<br>\r\n\r\n\t\t\t\t\t  \t\t\t\t\t\t  \t<p>&nbsp;<\/p>\r\n\t\t\t\t  \t<\/span>\r\n\t\t\t\t  <\/div>\r\n\t\t\t\t\t\t\t  <div>\r\n\t\t\t\t  \t\t\t\t\t  \t\t<a href=\"https:\/\/www.ppl.cz\/\"  class=\"\">\r\n\t\t\t\t\t\t\t\t\t\t\t\t\t\t\t\t\t\t\t\t\t<span class=\"ultimate-slide-img\" style=\"max-width: 100%; border-radius: ; margin-bottom: 15px;\">\r\n\t\t\t\t\t  \t\t<img loading=\"lazy\" decoding=\"async\" width=\"300\" height=\"130\" src=\"https:\/\/www.comverga.com\/cze\/wp-content\/uploads\/sites\/3\/2023\/04\/ppl-comverga.png\" class=\"attachment-full size-full wp-image-3848\" alt=\"\" \/>\t\t\t\t\t\t<\/span>\r\n\t\t\t\t\t\t\r\n\t\t\t\t\t\t<\/a>\r\n\t\t\t\t  \t<span class=\"content-section\">\r\n\t\t\t\t\t  \t<br>\r\n\r\n\t\t\t\t\t  \t\t\t\t\t\t  \t<p>&nbsp;<\/p>\r\n\t\t\t\t  \t<\/span>\r\n\t\t\t\t  <\/div>\r\n\t\t\t\t\t\t\t  <div>\r\n\t\t\t\t  \t\t\t\t\t  \t\t<a href=\"https:\/\/www.citibank.com\/\"  class=\"\">\r\n\t\t\t\t\t\t\t\t\t\t\t\t\t\t\t\t\t\t\t\t\t<span class=\"ultimate-slide-img\" style=\"max-width: 100%; border-radius: ; margin-bottom: 15px;\">\r\n\t\t\t\t\t  \t\t<img loading=\"lazy\" decoding=\"async\" width=\"300\" height=\"130\" src=\"https:\/\/www.comverga.com\/cze\/wp-content\/uploads\/sites\/3\/2023\/04\/citibank-comverga.png\" class=\"attachment-full size-full wp-image-3847\" alt=\"\" \/>\t\t\t\t\t\t<\/span>\r\n\t\t\t\t\t\t\r\n\t\t\t\t\t\t<\/a>\r\n\t\t\t\t  \t<span class=\"content-section\">\r\n\t\t\t\t\t  \t<br>\r\n\r\n\t\t\t\t\t  \t\t\t\t\t\t  \t<p>&nbsp;<\/p>\r\n\t\t\t\t  \t<\/span>\r\n\t\t\t\t  <\/div>\r\n\t\t\t\t\t\t\t  <div>\r\n\t\t\t\t  \t\t\t\t\t  \t\t<a href=\"https:\/\/www.generaliceska.cz\/\"  class=\"\">\r\n\t\t\t\t\t\t\t\t\t\t\t\t\t\t\t\t\t\t\t\t\t<span class=\"ultimate-slide-img\" style=\"max-width: 100%; border-radius: ; margin-bottom: 15px;\">\r\n\t\t\t\t\t  \t\t<img loading=\"lazy\" decoding=\"async\" width=\"300\" height=\"130\" src=\"https:\/\/www.comverga.com\/cze\/wp-content\/uploads\/sites\/3\/2023\/04\/generali-comverga.png\" class=\"attachment-full size-full wp-image-3846\" alt=\"\" \/>\t\t\t\t\t\t<\/span>\r\n\t\t\t\t\t\t\r\n\t\t\t\t\t\t<\/a>\r\n\t\t\t\t  \t<span class=\"content-section\">\r\n\t\t\t\t\t  \t<br>\r\n\r\n\t\t\t\t\t  \t\t\t\t\t\t  \t<p>&nbsp;<\/p>\r\n\t\t\t\t  \t<\/span>\r\n\t\t\t\t  <\/div>\r\n\t\t\t\t\t\t\t  <div>\r\n\t\t\t\t  \t\t\t\t\t  \t\t<a href=\"https:\/\/www.ozp.cz\/\"  class=\"\">\r\n\t\t\t\t\t\t\t\t\t\t\t\t\t\t\t\t\t\t\t\t\t<span class=\"ultimate-slide-img\" style=\"max-width: 100%; border-radius: ; margin-bottom: 15px;\">\r\n\t\t\t\t\t  \t\t<img loading=\"lazy\" decoding=\"async\" width=\"300\" height=\"130\" src=\"https:\/\/www.comverga.com\/cze\/wp-content\/uploads\/sites\/3\/2023\/04\/ozp-comverga.png\" class=\"attachment-full size-full wp-image-3845\" alt=\"\" \/>\t\t\t\t\t\t<\/span>\r\n\t\t\t\t\t\t\r\n\t\t\t\t\t\t<\/a>\r\n\t\t\t\t  \t<span class=\"content-section\">\r\n\t\t\t\t\t  \t<br>\r\n\r\n\t\t\t\t\t  \t\t\t\t\t\t  \t<p>&nbsp;<\/p>\r\n\t\t\t\t  \t<\/span>\r\n\t\t\t\t  <\/div>\r\n\t\t\t\t\t\t\t  <div>\r\n\t\t\t\t  \t\t\t\t\t  \t\t<a href=\"https:\/\/www.cpzp.cz\/\"  class=\"\">\r\n\t\t\t\t\t\t\t\t\t\t\t\t\t\t\t\t\t\t\t\t\t<span class=\"ultimate-slide-img\" style=\"max-width: 100%; border-radius: ; margin-bottom: 15px;\">\r\n\t\t\t\t\t  \t\t<img loading=\"lazy\" decoding=\"async\" width=\"300\" height=\"130\" src=\"https:\/\/www.comverga.com\/cze\/wp-content\/uploads\/sites\/3\/2023\/04\/cpzp-comverga.png\" class=\"attachment-full size-full wp-image-3844\" alt=\"\" \/>\t\t\t\t\t\t<\/span>\r\n\t\t\t\t\t\t\r\n\t\t\t\t\t\t<\/a>\r\n\t\t\t\t  \t<span class=\"content-section\">\r\n\t\t\t\t\t  \t<br>\r\n\r\n\t\t\t\t\t  \t\t\t\t\t\t  \t<p>&nbsp;<\/p>\r\n\t\t\t\t  \t<\/span>\r\n\t\t\t\t  <\/div>\r\n\t\t\t\t\t\t\t  <div>\r\n\t\t\t\t  \t\t\t\t\t  \t\t<a href=\"https:\/\/www.nestle.cz\/\"  class=\"\">\r\n\t\t\t\t\t\t\t\t\t\t\t\t\t\t\t\t\t\t\t\t\t<span class=\"ultimate-slide-img\" style=\"max-width: 100%; border-radius: ; margin-bottom: 15px;\">\r\n\t\t\t\t\t  \t\t<img loading=\"lazy\" decoding=\"async\" width=\"300\" height=\"130\" src=\"https:\/\/www.comverga.com\/cze\/wp-content\/uploads\/sites\/3\/2023\/04\/nestle-comverga.png\" class=\"attachment-full size-full wp-image-3843\" alt=\"\" \/>\t\t\t\t\t\t<\/span>\r\n\t\t\t\t\t\t\r\n\t\t\t\t\t\t<\/a>\r\n\t\t\t\t  \t<span class=\"content-section\">\r\n\t\t\t\t\t  \t<br>\r\n\r\n\t\t\t\t\t  \t\t\t\t\t\t  \t<p>&nbsp;<\/p>\r\n\t\t\t\t  \t<\/span>\r\n\t\t\t\t  <\/div>\r\n\t\t\t\t\t\t\t  <div>\r\n\t\t\t\t  \t\t\t\t\t  \t\t<a href=\"https:\/\/www.seznam.cz\/\"  class=\"\">\r\n\t\t\t\t\t\t\t\t\t\t\t\t\t\t\t\t\t\t\t\t\t<span class=\"ultimate-slide-img\" style=\"max-width: 100%; border-radius: ; margin-bottom: 15px;\">\r\n\t\t\t\t\t  \t\t<img loading=\"lazy\" decoding=\"async\" width=\"300\" height=\"130\" src=\"https:\/\/www.comverga.com\/cze\/wp-content\/uploads\/sites\/3\/2023\/04\/seznam-comverga.png\" class=\"attachment-full size-full wp-image-3842\" alt=\"\" \/>\t\t\t\t\t\t<\/span>\r\n\t\t\t\t\t\t\r\n\t\t\t\t\t\t<\/a>\r\n\t\t\t\t  \t<span class=\"content-section\">\r\n\t\t\t\t\t  \t<br>\r\n\r\n\t\t\t\t\t  \t\t\t\t\t\t  \t<p>&nbsp;<\/p>\r\n\t\t\t\t  \t<\/span>\r\n\t\t\t\t  <\/div>\r\n\t\t\t\t\t\t\t  <div>\r\n\t\t\t\t  \t\t\t\t\t  \t\t<a href=\"https:\/\/www.cmi.cz\/\"  class=\"\">\r\n\t\t\t\t\t\t\t\t\t\t\t\t\t\t\t\t\t\t\t\t\t<span class=\"ultimate-slide-img\" style=\"max-width: 100%; border-radius: ; margin-bottom: 15px;\">\r\n\t\t\t\t\t  \t\t<img loading=\"lazy\" decoding=\"async\" width=\"300\" height=\"130\" src=\"https:\/\/www.comverga.com\/cze\/wp-content\/uploads\/sites\/3\/2023\/04\/cmi-comverga.png\" class=\"attachment-full size-full wp-image-3841\" alt=\"\" \/>\t\t\t\t\t\t<\/span>\r\n\t\t\t\t\t\t\r\n\t\t\t\t\t\t<\/a>\r\n\t\t\t\t  \t<span class=\"content-section\">\r\n\t\t\t\t\t  \t<br>\r\n\r\n\t\t\t\t\t  \t\t\t\t\t\t  \t<p>&nbsp;<\/p>\r\n\t\t\t\t  \t<\/span>\r\n\t\t\t\t  <\/div>\r\n\t\t\t\t\t\t\t  <div>\r\n\t\t\t\t  \t\t\t\t\t  \t\t<a href=\"https:\/\/www.kontron.com\/\"  class=\"\">\r\n\t\t\t\t\t\t\t\t\t\t\t\t\t\t\t\t\t\t\t\t\t<span class=\"ultimate-slide-img\" style=\"max-width: 100%; border-radius: ; margin-bottom: 15px;\">\r\n\t\t\t\t\t  \t\t<img loading=\"lazy\" decoding=\"async\" width=\"300\" height=\"130\" src=\"https:\/\/www.comverga.com\/cze\/wp-content\/uploads\/sites\/3\/2023\/04\/kontron-comverga.png\" class=\"attachment-full size-full wp-image-3840\" alt=\"\" \/>\t\t\t\t\t\t<\/span>\r\n\t\t\t\t\t\t\r\n\t\t\t\t\t\t<\/a>\r\n\t\t\t\t  \t<span class=\"content-section\">\r\n\t\t\t\t\t  \t<br>\r\n\r\n\t\t\t\t\t  \t\t\t\t\t\t  \t<p>&nbsp;<\/p>\r\n\t\t\t\t  \t<\/span>\r\n\t\t\t\t  <\/div>\r\n\t\t\t\t\t\t\t  <div>\r\n\t\t\t\t  \t\t\t\t\t  \t\t<a href=\"https:\/\/www.hypotecnibanka.cz\/\"  class=\"\">\r\n\t\t\t\t\t\t\t\t\t\t\t\t\t\t\t\t\t\t\t\t\t<span class=\"ultimate-slide-img\" style=\"max-width: 100%; border-radius: ; margin-bottom: 15px;\">\r\n\t\t\t\t\t  \t\t<img loading=\"lazy\" decoding=\"async\" width=\"300\" height=\"130\" src=\"https:\/\/www.comverga.com\/cze\/wp-content\/uploads\/sites\/3\/2023\/04\/hypotecnibanka-comverga.png\" class=\"attachment-full size-full wp-image-3839\" alt=\"\" \/>\t\t\t\t\t\t<\/span>\r\n\t\t\t\t\t\t\r\n\t\t\t\t\t\t<\/a>\r\n\t\t\t\t  \t<span class=\"content-section\">\r\n\t\t\t\t\t  \t<br>\r\n\r\n\t\t\t\t\t  \t\t\t\t\t\t  \t<p>&nbsp;<\/p>\r\n\t\t\t\t  \t<\/span>\r\n\t\t\t\t  <\/div>\r\n\t\t\t\t\t\t\t  <div>\r\n\t\t\t\t  \t\t\t\t\t  \t\t<a href=\"https:\/\/www.ppfbanka.cz\/\"  class=\"\">\r\n\t\t\t\t\t\t\t\t\t\t\t\t\t\t\t\t\t\t\t\t\t<span class=\"ultimate-slide-img\" style=\"max-width: 100%; border-radius: ; margin-bottom: 15px;\">\r\n\t\t\t\t\t  \t\t<img loading=\"lazy\" decoding=\"async\" width=\"300\" height=\"130\" src=\"https:\/\/www.comverga.com\/cze\/wp-content\/uploads\/sites\/3\/2023\/04\/ppfbanka-comverga.png\" class=\"attachment-full size-full wp-image-3838\" alt=\"\" \/>\t\t\t\t\t\t<\/span>\r\n\t\t\t\t\t\t\r\n\t\t\t\t\t\t<\/a>\r\n\t\t\t\t  \t<span class=\"content-section\">\r\n\t\t\t\t\t  \t<br>\r\n\r\n\t\t\t\t\t  \t\t\t\t\t\t  \t<p>&nbsp;<\/p>\r\n\t\t\t\t  \t<\/span>\r\n\t\t\t\t  <\/div>\r\n\t\t\t\t\t<\/section>\r\n\r\n\t\t<style>\r\n\t\t\t#tdt-slider-356 .slick-prev {\r\n\t\t\t\tleft: -40px !important;\r\n\t\t\t}\r\n\t\t\t#tdt-slider-356 .slick-next {\r\n\t\t\t\tright: -40px !important;\r\n\t\t\t}\r\n\t\t\t#tdt-slider-356.content-over-slider .slick-slide .content-section {\r\n\t\t\t\ttop: %;\r\n\t\t\t}\r\n\t\t\t@media only screen and (max-width: 480px) {\r\n\t\t\t\t#tdt-slider-356.content-over-slider .slick-slide .content-section {\r\n\t\t\t\t\ttop: 35px !important;\r\n\t\t\t\t}\r\n\t\t\t\t#tdt-slider-356.content-over-slider .ultimate-slide-img img{\r\n\t\t\t\t\theight: px !important;\r\n\t\t\t\t\tobject-fit: cover;\r\n\t\t\t\t}\r\n\t\t\t\t#tdt-slider-356 .slick-prev, #tdt-slider-356 .slick-next {\r\n\t\t\t\t\tdisplay: block !important;\r\n\t\t\t\t}\r\n\t\t\t}\r\n\t\t<\/style>\r\n\r\n\t\t\t\t<\/div>\n\t\t\t\t<\/div>\n\t\t\t\t\t<\/div>\n\t\t<\/div>\n\t\t\t\t\t\t\t<\/div>\n\t\t<\/section>\n\t\t\t\t\t\t\t<\/div>\n\t\t","protected":false},"excerpt":{"rendered":"<p>Jsme rodinn\u00fd podnik s v\u00edce ne\u017e dvacetiletou \u00fasp\u011b\u0161nou histori\u00ed. Ve spole\u010dnosti je aktivn\u00ed ji\u017e druh\u00e1 generace. N\u00e1\u0161 \u00fasp\u011bch je zalo\u017een na dlouhodob\u00e9m partnerstv\u00ed s na\u0161imi obchodn\u00edmi partnery a z\u00e1kazn\u00edky. Spole\u010dn\u011b se tak t\u011b\u0161\u00edme st\u00e1l\u00e9mu a ziskov\u00e9mu obchodn\u00edmu r\u016fstu. Za\u010dali jsme slu\u017ebami zas\u00edl\u00e1n\u00ed zpr\u00e1v mezi mobiln\u00edmi a pevn\u00fdmi s\u00edt\u011bmi. Pot\u00e9 jsme do portfolia p\u0159idali hlasov\u00e9 a [&hellip;]<\/p>\n","protected":false},"author":1,"featured_media":3237,"parent":0,"menu_order":0,"comment_status":"closed","ping_status":"closed","template":"","meta":{"footnotes":""},"_links":{"self":[{"href":"https:\/\/www.comverga.com\/cze\/wp-json\/wp\/v2\/pages\/3464"}],"collection":[{"href":"https:\/\/www.comverga.com\/cze\/wp-json\/wp\/v2\/pages"}],"about":[{"href":"https:\/\/www.comverga.com\/cze\/wp-json\/wp\/v2\/types\/page"}],"author":[{"embeddable":true,"href":"https:\/\/www.comverga.com\/cze\/wp-json\/wp\/v2\/users\/1"}],"replies":[{"embeddable":true,"href":"https:\/\/www.comverga.com\/cze\/wp-json\/wp\/v2\/comments?post=3464"}],"version-history":[{"count":77,"href":"https:\/\/www.comverga.com\/cze\/wp-json\/wp\/v2\/pages\/3464\/revisions"}],"predecessor-version":[{"id":4563,"href":"https:\/\/www.comverga.com\/cze\/wp-json\/wp\/v2\/pages\/3464\/revisions\/4563"}],"wp:featuredmedia":[{"embeddable":true,"href":"https:\/\/www.comverga.com\/cze\/wp-json\/wp\/v2\/media\/3237"}],"wp:attachment":[{"href":"https:\/\/www.comverga.com\/cze\/wp-json\/wp\/v2\/media?parent=3464"}],"curies":[{"name":"wp","href":"https:\/\/api.w.org\/{rel}","templated":true}]}}