{"id":364,"date":"2020-11-25T15:20:15","date_gmt":"2020-11-25T14:20:15","guid":{"rendered":"https:\/\/www.comverga.com\/?page_id=364"},"modified":"2025-03-19T09:55:04","modified_gmt":"2025-03-19T08:55:04","slug":"kontakt","status":"publish","type":"page","link":"https:\/\/www.comverga.com\/cze\/kontakt\/","title":{"rendered":"Kontakt"},"content":{"rendered":"\t\t<div data-elementor-type=\"wp-page\" data-elementor-id=\"364\" class=\"elementor elementor-364\">\n\t\t\t\t\t\t\t\t\t<section class=\"elementor-section elementor-top-section elementor-element elementor-element-19436f95 elementor-section-boxed elementor-section-height-default elementor-section-height-default\" data-id=\"19436f95\" data-element_type=\"section\">\n\t\t\t\t\t\t<div class=\"elementor-container elementor-column-gap-default\">\n\t\t\t\t\t<div class=\"elementor-column elementor-col-100 elementor-top-column elementor-element elementor-element-18f770a3\" data-id=\"18f770a3\" data-element_type=\"column\">\n\t\t\t<div class=\"elementor-widget-wrap elementor-element-populated\">\n\t\t\t\t\t\t\t\t<div class=\"elementor-element elementor-element-2991c6d6 elementor-widget elementor-widget-text-editor\" data-id=\"2991c6d6\" data-element_type=\"widget\" data-widget_type=\"text-editor.default\">\n\t\t\t\t<div class=\"elementor-widget-container\">\n\t\t\t\t\t\t\t<!-- wp:columns -->\n<div class=\"wp-block-columns\"><!-- wp:column -->\n<div class=\"wp-block-column\" style=\"margin-right: 6px;\"><!-- wp:image {\"id\":520,\"sizeSlug\":\"full\"} -->\n<figure class=\"wp-block-image size-full\"><img fetchpriority=\"high\" decoding=\"async\" width=\"640\" height=\"380\" class=\"wp-image-520\" style=\"width: 305px;\" src=\"https:\/\/www.comverga.com\/cze\/wp-content\/uploads\/sites\/3\/2020\/11\/prag.jpg\" alt=\"\" srcset=\"https:\/\/www.comverga.com\/cze\/wp-content\/uploads\/sites\/3\/2020\/11\/prag.jpg 640w, https:\/\/www.comverga.com\/cze\/wp-content\/uploads\/sites\/3\/2020\/11\/prag-300x178.jpg 300w\" sizes=\"(max-width: 640px) 100vw, 640px\" \/><\/figure>\n<!-- \/wp:image --><!-- wp:paragraph -->\n<p><strong>\u010cESK\u00c1 REPUBLIKA<br \/><\/strong><\/p>\n<div class=\"country-seperate-line\">\u00a0<\/div>\n<p><strong><br \/>COMVERGA a.s.<\/strong><br \/>+420 234 493 141<br \/>info@comverga.com<\/p>\n<!-- \/wp:paragraph --><!-- wp:paragraph -->\n<p><strong>PRAHA<\/strong><br \/>Starokol\u00ednsk\u00e1 306<br \/>190 16 Praha 9 &#8211; \u00dajezd nad Lesy<\/p>\n<!-- \/wp:paragraph --><!-- wp:paragraph --><!-- \/wp:paragraph --><!-- wp:paragraph -->\n<p><strong>HRADEC KR\u00c1LOV\u00c9<\/strong><br \/>T\u0159. Karla IV. 468<br \/>500 02 Hradec Kr\u00e1lov\u00e9<\/p>\n<!-- \/wp:paragraph --><!-- wp:paragraph -->\n<p><strong>TRUTNOV<\/strong><br \/>Hradebn\u00ed 12<br \/>541 01 Trutnov<\/p>\n<!-- \/wp:paragraph --><!-- wp:paragraph -->\n<p>I\u010c: 25949098<br \/>Datov\u00e1 schr\u00e1nka: jpgevyr<br \/>D-U-N-S: 495006301<\/p>\n<!-- \/wp:paragraph --><\/div>\n<!-- \/wp:column --><!-- wp:column -->\n<div class=\"wp-block-column\" style=\"margin-right: 6px;\"><!-- wp:image {\"id\":522,\"sizeSlug\":\"full\"} -->\n<figure class=\"wp-block-image size-full\"><img decoding=\"async\" width=\"305\" height=\"181\" class=\"wp-image-522\" src=\"https:\/\/www.comverga.com\/cze\/wp-content\/uploads\/sites\/3\/2020\/11\/warszawa-e1606722911282.jpg\" alt=\"\" srcset=\"https:\/\/www.comverga.com\/cze\/wp-content\/uploads\/sites\/3\/2020\/11\/warszawa-e1606722911282.jpg 305w, https:\/\/www.comverga.com\/cze\/wp-content\/uploads\/sites\/3\/2020\/11\/warszawa-e1606722911282-300x178.jpg 300w\" sizes=\"(max-width: 305px) 100vw, 305px\" \/><\/figure>\n<!-- \/wp:image --><!-- wp:paragraph -->\n<p><strong>POLSKO<br \/><\/strong><\/p>\n<div class=\"country-seperate-line\">\u00a0<\/div>\n<p><strong><br \/>COMVERGA Sp. z\u00a0o. o.<\/strong><br \/>+48 22 843 49 19<br \/>biuro@comverga.com<\/p>\n<!-- \/wp:paragraph --><!-- wp:paragraph -->\n<p><strong>VAR\u0160AVA<\/strong><br \/>ul. Wita Stwosza 28 A<br \/>02-661 Var\u0161ava<\/p>\n<!-- \/wp:paragraph --><\/div>\n<!-- \/wp:column --><!-- wp:column -->\n<div class=\"wp-block-column\"><!-- wp:image {\"id\":1020,\"sizeSlug\":\"large\",\"linkDestination\":\"none\"} -->\n<figure class=\"wp-block-image size-large\"><img decoding=\"async\" width=\"305\" height=\"181\" class=\"wp-image-1020\" src=\"https:\/\/www.comverga.com\/cze\/wp-content\/uploads\/sites\/3\/2021\/01\/berlin-1.jpg\" alt=\"\" srcset=\"https:\/\/www.comverga.com\/cze\/wp-content\/uploads\/sites\/3\/2021\/01\/berlin-1.jpg 305w, https:\/\/www.comverga.com\/cze\/wp-content\/uploads\/sites\/3\/2021\/01\/berlin-1-300x178.jpg 300w\" sizes=\"(max-width: 305px) 100vw, 305px\" \/><\/figure>\n<!-- \/wp:image --><!-- wp:paragraph -->\n<p><strong>N\u011aMECKO<br \/><\/strong><\/p>\n<div class=\"country-seperate-line\">\u00a0<\/div>\n<p><strong><br \/>COMVERGA GmbH<\/strong><br \/>+49 30 568373713<br \/>info@comverga.com<\/p>\n<!-- \/wp:paragraph --><!-- wp:paragraph -->\n<p><strong>BERL\u00cdN<\/strong><br \/>Potsdamer Platz 10<br \/>10785 Berl\u00edn<\/p>\n<!-- \/wp:paragraph --><\/div>\n<!-- \/wp:column --><\/div>\n<!-- \/wp:columns --><!-- wp:paragraph -->\n<p>\u00a0<\/p>\n<!-- \/wp:paragraph -->\t\t\t\t\t\t<\/div>\n\t\t\t\t<\/div>\n\t\t\t\t\t<\/div>\n\t\t<\/div>\n\t\t\t\t\t\t\t<\/div>\n\t\t<\/section>\n\t\t\t\t\t\t\t<\/div>\n\t\t","protected":false},"excerpt":{"rendered":"<p>\u010cESK\u00c1 REPUBLIKA \u00a0 COMVERGA a.s.+420 234 493 141info@comverga.com PRAHAStarokol\u00ednsk\u00e1 306190 16 Praha 9 &#8211; \u00dajezd nad Lesy HRADEC KR\u00c1LOV\u00c9T\u0159. Karla IV. 468500 02 Hradec Kr\u00e1lov\u00e9 TRUTNOVHradebn\u00ed 12541 01 Trutnov I\u010c: 25949098Datov\u00e1 schr\u00e1nka: jpgevyrD-U-N-S: 495006301 POLSKO \u00a0 COMVERGA Sp. z\u00a0o. o.+48 22 843 49 19biuro@comverga.com VAR\u0160AVAul. Wita Stwosza 28 A02-661 Var\u0161ava N\u011aMECKO \u00a0 COMVERGA GmbH+49 30 [&hellip;]<\/p>\n","protected":false},"author":1,"featured_media":139,"parent":0,"menu_order":0,"comment_status":"closed","ping_status":"closed","template":"","meta":{"footnotes":""},"_links":{"self":[{"href":"https:\/\/www.comverga.com\/cze\/wp-json\/wp\/v2\/pages\/364"}],"collection":[{"href":"https:\/\/www.comverga.com\/cze\/wp-json\/wp\/v2\/pages"}],"about":[{"href":"https:\/\/www.comverga.com\/cze\/wp-json\/wp\/v2\/types\/page"}],"author":[{"embeddable":true,"href":"https:\/\/www.comverga.com\/cze\/wp-json\/wp\/v2\/users\/1"}],"replies":[{"embeddable":true,"href":"https:\/\/www.comverga.com\/cze\/wp-json\/wp\/v2\/comments?post=364"}],"version-history":[{"count":36,"href":"https:\/\/www.comverga.com\/cze\/wp-json\/wp\/v2\/pages\/364\/revisions"}],"predecessor-version":[{"id":5764,"href":"https:\/\/www.comverga.com\/cze\/wp-json\/wp\/v2\/pages\/364\/revisions\/5764"}],"wp:featuredmedia":[{"embeddable":true,"href":"https:\/\/www.comverga.com\/cze\/wp-json\/wp\/v2\/media\/139"}],"wp:attachment":[{"href":"https:\/\/www.comverga.com\/cze\/wp-json\/wp\/v2\/media?parent=364"}],"curies":[{"name":"wp","href":"https:\/\/api.w.org\/{rel}","templated":true}]}}