{"id":416,"date":"2020-11-25T15:33:41","date_gmt":"2020-11-25T14:33:41","guid":{"rendered":"https:\/\/www.comverga.com\/?page_id=416"},"modified":"2023-03-02T11:50:31","modified_gmt":"2023-03-02T10:50:31","slug":"tym","status":"publish","type":"page","link":"https:\/\/www.comverga.com\/cze\/tym\/","title":{"rendered":"Management"},"content":{"rendered":"\t\t<div data-elementor-type=\"wp-page\" data-elementor-id=\"416\" class=\"elementor elementor-416\">\n\t\t\t\t\t\t\t\t\t<section class=\"elementor-section elementor-top-section elementor-element elementor-element-c4cc32a elementor-section-boxed elementor-section-height-default elementor-section-height-default\" data-id=\"c4cc32a\" data-element_type=\"section\">\n\t\t\t\t\t\t<div class=\"elementor-container elementor-column-gap-default\">\n\t\t\t\t\t<div class=\"elementor-column elementor-col-100 elementor-top-column elementor-element elementor-element-3ce9556a\" data-id=\"3ce9556a\" data-element_type=\"column\">\n\t\t\t<div class=\"elementor-widget-wrap elementor-element-populated\">\n\t\t\t\t\t\t\t\t<div class=\"elementor-element elementor-element-5816f410 elementor-widget elementor-widget-text-editor\" data-id=\"5816f410\" data-element_type=\"widget\" data-widget_type=\"text-editor.default\">\n\t\t\t\t<div class=\"elementor-widget-container\">\n\t\t\t\t\t\t\t<!-- wp:heading -->\n<h2><strong>P\u0159edstavenstvo<\/strong><\/h2>\n<!-- \/wp:heading -->\n\n<!-- wp:heading {\"level\":3,\"className\":\"margin-bottom-1rem\"} -->\n<h3 class=\"margin-bottom-1rem\">Martin Ko\u0161ut &#8211; zakladatel, p\u0159edseda p\u0159edstavenstva a gener\u00e1ln\u00ed \u0159editel<\/h3>\n<!-- \/wp:heading -->\n\n<!-- wp:columns {\"verticalAlignment\":\"center\",\"className\":\"nomargin\"} -->\n<div class=\"wp-block-columns are-vertically-aligned-center nomargin\"><!-- wp:column {\"verticalAlignment\":\"center\",\"width\":\"33.34%\"} -->\n<div class=\"wp-block-column is-vertically-aligned-center\" style=\"flex-basis: 33.34%;\"><!-- wp:image {\"align\":\"left\",\"id\":880,\"width\":200,\"height\":200,\"sizeSlug\":\"medium\",\"linkDestination\":\"none\",\"className\":\"nomargin\"} -->\n<div class=\"wp-block-image nomargin\">\n<figure class=\"alignleft size-medium is-resized\"><img decoding=\"async\" class=\"wp-image-880\" src=\"https:\/\/www.comverga.com\/wp-content\/uploads\/2020\/12\/Martin-298x300.png\" alt=\"\" width=\"200\" height=\"200\" \/><\/figure>\n<\/div>\n<!-- \/wp:image --><\/div>\n<!-- \/wp:column -->\n\n<!-- wp:column {\"verticalAlignment\":\"center\",\"width\":\"66.66%\",\"className\":\"has-padding-right-20\"} -->\n<div class=\"wp-block-column is-vertically-aligned-center has-padding-right-20\" style=\"flex-basis: 66.66%;\"><!-- wp:paragraph -->\n<p>Martin Ko\u0161ut spoluzakl\u00e1dal spole\u010dnost a p\u016fsob\u00ed jako jej\u00ed p\u0159edseda p\u0159edstavenstva a gener\u00e1ln\u00ed \u0159editel od roku 2000. P\u0159edt\u00edm byl odpov\u011bdn\u00fd za eCommerce ve spole\u010dnosti Compaq Computer v Evrop\u011b, na St\u0159edn\u00edm v\u00fdchod\u011b a v Africe a rozv\u00edjel podnik\u00e1n\u00ed pro Tulip Computer ve st\u0159edn\u00ed a v\u00fdchodn\u00ed Evrop\u011b. Vystudoval informatiku na Matematicko-fyzik\u00e1ln\u00ed fakult\u011b a teologii na Katolick\u00e9 teologick\u00e9 fakult\u011b Univerzity Karlovy v Praze.<\/p>\n<!-- \/wp:paragraph --><\/div>\n<!-- \/wp:column --><\/div>\n<!-- \/wp:columns -->\n\n<!-- wp:heading {\"level\":3,\"className\":\"margin-bottom-1rem\"} -->\n<h3 class=\"margin-bottom-1rem\">Piotr Herman &#8211; zakladatel, \u010dlen p\u0159edstavenstva a v\u00fdkonn\u00fd \u0159editel pro Polsko<\/h3>\n<!-- \/wp:heading -->\n\n<!-- wp:columns {\"verticalAlignment\":\"center\",\"className\":\"nomargin\"} -->\n<div class=\"wp-block-columns are-vertically-aligned-center nomargin\"><!-- wp:column {\"verticalAlignment\":\"center\",\"width\":\"33.33%\"} -->\n<div class=\"wp-block-column is-vertically-aligned-center\" style=\"flex-basis: 33.33%;\"><!-- wp:image {\"align\":\"left\",\"id\":882,\"width\":200,\"height\":200,\"sizeSlug\":\"full\",\"linkDestination\":\"none\",\"className\":\"nomargin\"} -->\n<div class=\"wp-block-image nomargin\">\n<figure class=\"alignleft size-full is-resized\"><img decoding=\"async\" class=\"wp-image-882\" src=\"https:\/\/www.comverga.com\/wp-content\/uploads\/2020\/12\/Piotr.png\" alt=\"\" width=\"200\" height=\"200\" \/><\/figure>\n<\/div>\n<!-- \/wp:image --><\/div>\n<!-- \/wp:column -->\n\n<!-- wp:column {\"verticalAlignment\":\"center\",\"width\":\"66.66%\",\"className\":\"has-padding-right-20\"} -->\n<div class=\"wp-block-column is-vertically-aligned-center has-padding-right-20\" style=\"flex-basis: 66.66%;\"><!-- wp:paragraph -->\n<p>Piotr Herman se k na\u0161emu t\u00fdmu p\u0159ipojil v roce 2001 a spoluzalo\u017eil na\u0161i polskou dce\u0159inou spole\u010dnost. Ve spole\u010dnosti p\u016fsob\u00ed jako \u010dlen p\u0159edstavenstva od roku 2004. P\u0159ed touto mis\u00ed pracoval pro T-Mobile, Airtel a CT Creative Team. Piotr z\u00edskal in\u017een\u00fdrsk\u00fd titul v oboru telekomunikac\u00ed na Var\u0161avsk\u00e9 technick\u00e9 univerzit\u011b a MBA na Var\u0161avsk\u00e9 univerzit\u011b managementu.<\/p>\n<!-- \/wp:paragraph --><\/div>\n<!-- \/wp:column --><\/div>\n<!-- \/wp:columns -->\n\n<!-- wp:heading {\"level\":3,\"className\":\"margin-bottom-1rem\"} -->\n<h3 class=\"margin-bottom-1rem\">Petr Mike\u0161 &#8211; \u010dlen p\u0159edstavenstva a technick\u00fd \u0159editel<\/h3>\n<!-- \/wp:heading -->\n\n<!-- wp:columns {\"verticalAlignment\":\"center\",\"className\":\"nomargin\"} -->\n<div class=\"wp-block-columns are-vertically-aligned-center nomargin\"><!-- wp:column {\"verticalAlignment\":\"center\",\"width\":\"33.33%\"} -->\n<div class=\"wp-block-column is-vertically-aligned-center\" style=\"flex-basis: 33.33%;\"><!-- wp:image {\"align\":\"left\",\"id\":881,\"width\":200,\"height\":200,\"sizeSlug\":\"medium\",\"linkDestination\":\"none\",\"className\":\"nomargin\"} -->\n<div class=\"wp-block-image nomargin\">\n<figure class=\"alignleft size-medium is-resized\"><img decoding=\"async\" class=\"wp-image-881\" src=\"https:\/\/www.comverga.com\/wp-content\/uploads\/2020\/12\/Petr-300x300.png\" alt=\"\" width=\"200\" height=\"200\" \/><\/figure>\n<\/div>\n<!-- \/wp:image --><\/div>\n<!-- \/wp:column -->\n\n<!-- wp:column {\"verticalAlignment\":\"center\",\"width\":\"66.66%\",\"className\":\"has-padding-right-20\"} -->\n<div class=\"wp-block-column is-vertically-aligned-center has-padding-right-20\" style=\"flex-basis: 66.66%;\"><!-- wp:paragraph -->\n<p>Petr Mike\u0161 p\u016fsobil na n\u011bkolika mana\u017eersk\u00fdch pozic\u00edch v r\u00e1mci na\u0161eho technick\u00e9ho t\u00fdmu od roku 2012. Celkovou odpov\u011bdnost za na\u0161e dod\u00e1vky a provoz p\u0159evzal v roce 2017 a do p\u0159edstavenstva nastoupil v roce 2019. Petr vystudoval elektrotechniku na Vysok\u00e9m u\u010den\u00ed technick\u00e9m v Brn\u011b.<\/p>\n<!-- \/wp:paragraph --><\/div>\n<!-- \/wp:column --><\/div>\n<!-- \/wp:columns -->\n\n<!-- wp:heading {\"level\":3,\"className\":\"margin-bottom-1rem\"} -->\n<h3 class=\"margin-bottom-1rem\">David Ko\u0161ut &#8211; \u010dlen p\u0159edstavenstva<\/h3>\n<!-- \/wp:heading -->\n\n<!-- wp:columns {\"verticalAlignment\":\"center\",\"className\":\"nomargin\"} -->\n<div class=\"wp-block-columns are-vertically-aligned-center nomargin\"><!-- wp:column {\"verticalAlignment\":\"center\",\"width\":\"33.33%\"} -->\n<div class=\"wp-block-column is-vertically-aligned-center\" style=\"flex-basis: 33.33%;\"><!-- wp:image {\"align\":\"left\",\"id\":878,\"width\":200,\"height\":200,\"sizeSlug\":\"medium\",\"linkDestination\":\"none\",\"className\":\"nomargin\"} -->\n<div class=\"wp-block-image nomargin\">\n<figure class=\"alignleft size-medium is-resized\"><img loading=\"lazy\" decoding=\"async\" class=\"wp-image-878\" src=\"https:\/\/www.comverga.com\/wp-content\/uploads\/2020\/12\/David-300x300.png\" alt=\"\" width=\"200\" height=\"200\" \/><\/figure>\n<\/div>\n<!-- \/wp:image --><\/div>\n<!-- \/wp:column -->\n\n<!-- wp:column {\"verticalAlignment\":\"center\",\"width\":\"66.66%\",\"className\":\"has-padding-right-20\"} -->\n<div class=\"wp-block-column is-vertically-aligned-center has-padding-right-20\" style=\"flex-basis: 66.66%;\"><!-- wp:paragraph -->\n<p>David Ko\u0161ut se p\u0159ipojil k na\u0161emu t\u00fdmu v\u00fdvoje produkt\u016f v roce 2017 a do p\u0159edstavenstva nastoupil v roce 2019. Vystudoval energetiku a management na \u010cVUT v Praze.<\/p>\n<!-- \/wp:paragraph --><\/div>\n<!-- \/wp:column --><\/div>\n<!-- \/wp:columns -->\n\n<!-- wp:heading -->\n<h2><strong>Dozor\u010d\u00ed rada<\/strong><\/h2>\n<!-- \/wp:heading -->\n\n<!-- wp:heading {\"level\":3,\"className\":\"margin-bottom-1rem\"} -->\n<h3 class=\"margin-bottom-1rem\">Martin Ko\u0161ut ml. &#8211; \u010dlen dozor\u010d\u00ed rady<\/h3>\n<!-- \/wp:heading -->\n\n<!-- wp:columns {\"verticalAlignment\":\"center\",\"className\":\"nomargin\"} -->\n<div class=\"wp-block-columns are-vertically-aligned-center nomargin\"><!-- wp:column {\"verticalAlignment\":\"center\",\"width\":\"33.33%\"} -->\n<div class=\"wp-block-column is-vertically-aligned-center\" style=\"flex-basis: 33.33%;\"><!-- wp:image {\"align\":\"left\",\"id\":818,\"width\":200,\"height\":200,\"sizeSlug\":\"medium\",\"linkDestination\":\"none\",\"className\":\"nomargin\"} -->\n<div class=\"wp-block-image nomargin\">\n<figure class=\"alignleft size-medium is-resized\"><img loading=\"lazy\" decoding=\"async\" class=\"wp-image-818\" src=\"https:\/\/www.comverga.com\/wp-content\/uploads\/2020\/12\/Marta-300x300.png\" alt=\"\" width=\"200\" height=\"200\" srcset=\"https:\/\/www.comverga.com\/cze\/wp-content\/uploads\/sites\/3\/2020\/12\/Marta-300x300.png 300w, https:\/\/www.comverga.com\/cze\/wp-content\/uploads\/sites\/3\/2020\/12\/Marta-150x150.png 150w, https:\/\/www.comverga.com\/cze\/wp-content\/uploads\/sites\/3\/2020\/12\/Marta-768x770.png 768w, https:\/\/www.comverga.com\/cze\/wp-content\/uploads\/sites\/3\/2020\/12\/Marta.png 787w\" sizes=\"(max-width: 200px) 100vw, 200px\" \/><\/figure>\n<\/div>\n<!-- \/wp:image --><\/div>\n<!-- \/wp:column -->\n\n<!-- wp:column {\"verticalAlignment\":\"center\",\"width\":\"66.66%\",\"className\":\"has-padding-right-20\"} -->\n<div class=\"wp-block-column is-vertically-aligned-center has-padding-right-20\" style=\"flex-basis: 66.66%;\"><!-- wp:paragraph -->\n<p>Martin Ko\u0161ut ml. p\u016fsob\u00ed v dozor\u010d\u00ed rad\u011b rodinn\u00e9ho holdingu od roku 2011. Je absolventem ekonomie na Vysok\u00e9 \u0161kole ekonomick\u00e9 v Praze a na \u010cesk\u00e9 zem\u011bd\u011blsk\u00e9 univerzit\u011b.<\/p>\n<!-- \/wp:paragraph --><\/div>\n<!-- \/wp:column --><\/div>\n<!-- \/wp:columns -->\t\t\t\t\t\t<\/div>\n\t\t\t\t<\/div>\n\t\t\t\t\t<\/div>\n\t\t<\/div>\n\t\t\t\t\t\t\t<\/div>\n\t\t<\/section>\n\t\t\t\t\t\t\t<\/div>\n\t\t","protected":false},"excerpt":{"rendered":"<p>P\u0159edstavenstvo Martin Ko\u0161ut &#8211; zakladatel, p\u0159edseda p\u0159edstavenstva a gener\u00e1ln\u00ed \u0159editel Martin Ko\u0161ut spoluzakl\u00e1dal spole\u010dnost a p\u016fsob\u00ed jako jej\u00ed p\u0159edseda p\u0159edstavenstva a gener\u00e1ln\u00ed \u0159editel od roku 2000. P\u0159edt\u00edm byl odpov\u011bdn\u00fd za eCommerce ve spole\u010dnosti Compaq Computer v Evrop\u011b, na St\u0159edn\u00edm v\u00fdchod\u011b a v Africe a rozv\u00edjel podnik\u00e1n\u00ed pro Tulip Computer ve st\u0159edn\u00ed a v\u00fdchodn\u00ed Evrop\u011b. Vystudoval [&hellip;]<\/p>\n","protected":false},"author":1,"featured_media":52,"parent":0,"menu_order":0,"comment_status":"closed","ping_status":"closed","template":"","meta":{"footnotes":""},"_links":{"self":[{"href":"https:\/\/www.comverga.com\/cze\/wp-json\/wp\/v2\/pages\/416"}],"collection":[{"href":"https:\/\/www.comverga.com\/cze\/wp-json\/wp\/v2\/pages"}],"about":[{"href":"https:\/\/www.comverga.com\/cze\/wp-json\/wp\/v2\/types\/page"}],"author":[{"embeddable":true,"href":"https:\/\/www.comverga.com\/cze\/wp-json\/wp\/v2\/users\/1"}],"replies":[{"embeddable":true,"href":"https:\/\/www.comverga.com\/cze\/wp-json\/wp\/v2\/comments?post=416"}],"version-history":[{"count":9,"href":"https:\/\/www.comverga.com\/cze\/wp-json\/wp\/v2\/pages\/416\/revisions"}],"predecessor-version":[{"id":3145,"href":"https:\/\/www.comverga.com\/cze\/wp-json\/wp\/v2\/pages\/416\/revisions\/3145"}],"wp:featuredmedia":[{"embeddable":true,"href":"https:\/\/www.comverga.com\/cze\/wp-json\/wp\/v2\/media\/52"}],"wp:attachment":[{"href":"https:\/\/www.comverga.com\/cze\/wp-json\/wp\/v2\/media?parent=416"}],"curies":[{"name":"wp","href":"https:\/\/api.w.org\/{rel}","templated":true}]}}