{"id":4758,"date":"2023-06-13T10:50:52","date_gmt":"2023-06-13T08:50:52","guid":{"rendered":"https:\/\/www.comverga.com\/cze\/?page_id=4758"},"modified":"2023-12-13T12:45:19","modified_gmt":"2023-12-13T11:45:19","slug":"omnichannel-marketingova-agentura","status":"publish","type":"page","link":"https:\/\/www.comverga.com\/cze\/sluzby\/agregace-konektivity\/omnichannel\/omnichannel-marketingova-agentura\/","title":{"rendered":"Marketingov\u00e1 agentura"},"content":{"rendered":"\t\t<div data-elementor-type=\"wp-page\" data-elementor-id=\"4758\" class=\"elementor elementor-4758\">\n\t\t\t\t\t\t\t\t\t<section class=\"elementor-section elementor-top-section elementor-element elementor-element-ef48c0d elementor-section-boxed elementor-section-height-default elementor-section-height-default\" data-id=\"ef48c0d\" data-element_type=\"section\">\n\t\t\t\t\t\t<div class=\"elementor-container elementor-column-gap-default\">\n\t\t\t\t\t<div class=\"elementor-column elementor-col-50 elementor-top-column elementor-element elementor-element-7901d5fd\" data-id=\"7901d5fd\" data-element_type=\"column\">\n\t\t\t<div class=\"elementor-widget-wrap elementor-element-populated\">\n\t\t\t\t\t\t\t\t<div class=\"elementor-element elementor-element-648b2714 elementor-widget elementor-widget-text-editor\" data-id=\"648b2714\" data-element_type=\"widget\" data-widget_type=\"text-editor.default\">\n\t\t\t\t<div class=\"elementor-widget-container\">\n\t\t\t\t\t\t\t<div class=\"usecase-text\"><h2 style=\"text-align: left; margin-top: 0;\">Marketingov\u00e1 agentura<\/h2><p>Marketingov\u00e1 agentura nab\u00edz\u00ed sv\u00fdm z\u00e1kazn\u00edk\u016fm mo\u017enost vytv\u00e1\u0159en\u00ed a realizaci marketingov\u00fdch kampan\u00ed sestaven\u00fdch na m\u00edru jejich pot\u0159eb\u00e1m a na r\u016fzn\u00e9 c\u00edlov\u00e9 skupiny dle definovan\u00fdch krit\u00e9ri\u00ed. Partner si p\u0159i definici kampan\u011b m\u016f\u017ee vybrat z\u00a0r\u016fzn\u00fdch specifick\u00fdch mechanik a definovat si komunika\u010dn\u00ed kan\u00e1ly a jejich priority.<\/p><\/div>\t\t\t\t\t\t<\/div>\n\t\t\t\t<\/div>\n\t\t\t\t\t<\/div>\n\t\t<\/div>\n\t\t\t\t<div class=\"elementor-column elementor-col-50 elementor-top-column elementor-element elementor-element-119748da\" data-id=\"119748da\" data-element_type=\"column\">\n\t\t\t<div class=\"elementor-widget-wrap elementor-element-populated\">\n\t\t\t\t\t\t\t\t<div class=\"elementor-element elementor-element-1c6f3589 elementor-widget elementor-widget-image\" data-id=\"1c6f3589\" data-element_type=\"widget\" data-widget_type=\"image.default\">\n\t\t\t\t<div class=\"elementor-widget-container\">\n\t\t\t\t\t\t\t\t\t\t\t\t\t\t\t<img fetchpriority=\"high\" decoding=\"async\" width=\"404\" height=\"300\" src=\"https:\/\/www.comverga.com\/cze\/wp-content\/uploads\/sites\/3\/2023\/06\/marketingova-agentura.png\" class=\"attachment-large size-large wp-image-4722\" alt=\"\" srcset=\"https:\/\/www.comverga.com\/cze\/wp-content\/uploads\/sites\/3\/2023\/06\/marketingova-agentura.png 404w, https:\/\/www.comverga.com\/cze\/wp-content\/uploads\/sites\/3\/2023\/06\/marketingova-agentura-300x223.png 300w\" sizes=\"(max-width: 404px) 100vw, 404px\" \/>\t\t\t\t\t\t\t\t\t\t\t\t\t\t\t<\/div>\n\t\t\t\t<\/div>\n\t\t\t\t\t<\/div>\n\t\t<\/div>\n\t\t\t\t\t\t\t<\/div>\n\t\t<\/section>\n\t\t\t\t<section class=\"elementor-section elementor-top-section elementor-element elementor-element-6d03bf5 elementor-section-boxed elementor-section-height-default elementor-section-height-default\" data-id=\"6d03bf5\" data-element_type=\"section\">\n\t\t\t\t\t\t<div class=\"elementor-container elementor-column-gap-default\">\n\t\t\t\t\t<div class=\"elementor-column elementor-col-50 elementor-top-column elementor-element elementor-element-79239ad\" data-id=\"79239ad\" data-element_type=\"column\">\n\t\t\t<div class=\"elementor-widget-wrap elementor-element-populated\">\n\t\t\t\t\t\t\t\t<div class=\"elementor-element elementor-element-ad9554f elementor-widget elementor-widget-sidebar\" data-id=\"ad9554f\" data-element_type=\"widget\" data-widget_type=\"sidebar.default\">\n\t\t\t\t<div class=\"elementor-widget-container\">\n\t\t\t<div id=\"widget-box\" class=\"smart-watch\">\n\t<img decoding=\"async\" src=\"https:\/\/www.coopmobil.cz\/wp-content\/uploads\/2021\/04\/coop-mobil-logo.svg\"><br>\n\t<span>Odv\u011btv\u00ed<\/span>\n<p>\n\t\tTelekomunika\u010dn\u00ed oper\u00e1tor \u2013 retail\n\t<\/p>\n<span>Produkt<\/span>\n<p>\n\t\tBundle chytr\u00e9 hodinky + datov\u00e1 konektivita\n\t<\/p>\n<\/div>\n<div id=\"widget-box\" class=\"support\">\n\t<img decoding=\"async\" src=\"https:\/\/www.coopmobil.cz\/wp-content\/uploads\/2021\/04\/coop-mobil-logo.svg\"><br>\n\t<span>Odv\u011btv\u00ed<\/span>\n<p>\n\t\tTelekomunika\u010dn\u00ed oper\u00e1tor \u2013 retail\n\t<\/p>\n<span>Produkt<\/span>\n<p>\n\t\tPr\u016fvodce z\u00e1kaznickou podporou\n\t<\/p>\n<\/div>\n<div id=\"widget-box\" class=\"operator\">\n\t<img decoding=\"async\" src=\"https:\/\/www.coopmobil.cz\/wp-content\/uploads\/2021\/04\/coop-mobil-logo.svg\"><br>\n\t<span>Odv\u011btv\u00ed<\/span>\n<p>\n\t\tTelekomunika\u010dn\u00ed oper\u00e1tor \u2013 retail\n\t<\/p>\n<span>Produkt<\/span>\n<p>\n\t\tRealizace v\u011brnostn\u00edho programu\n\t<\/p>\n<\/div>\n<div id=\"widget-box\" class=\"caravan\">\n<img decoding=\"async\" src=\"\/cze\/wp-content\/uploads\/sites\/3\/2023\/04\/caravan-logo.jpg\"><br>\n<span>Odv\u011btv\u00ed<\/span>\n<p>\n\t\tGPS sledovac\u00ed syst\u00e9my pro vozidla, datov\u00e1 konektivita\n\t<\/p>\n<span>Produkt<\/span>\n<p>\n\t\t\u0158e\u0161en\u00ed pro p\u0159\u00edstup k internetu na cest\u00e1ch\n\t<\/p>\n<\/div>\n<div id=\"widget-box\" class=\"camera\">\n<img decoding=\"async\" src=\"\/cze\/wp-content\/uploads\/sites\/3\/2023\/04\/camera-logo.jpg\"><br>\n<span>Odv\u011btv\u00ed<\/span>\n<p>\n\t\tZabezpe\u010dovac\u00ed syst\u00e9my\n\t<\/p>\n<span>Produkt<\/span>\n<p>\n\t\tKamery s&nbsp;on-line streamov\u00e1n\u00edm\n\t<\/p>\n<\/div>\n<div id=\"widget-box\" class=\"event\">\n\t<img decoding=\"async\" src=\"\/cze\/wp-content\/uploads\/sites\/3\/2023\/04\/event-logo.png\" style=\"width: 50px\"><br>\n\t<span>Odv\u011btv\u00ed<\/span>\n<p>\n\t\tEvent agentura\n\t<\/p>\n<span>Produkt<\/span>\n<p>\n\t\tOrganizace eventu - komunikace s \u00fa\u010dastn\u00edky\n\t<\/p>\n<\/div>\n<div id=\"widget-box\" class=\"competition\">\n\t<img decoding=\"async\" src=\"\/cze\/wp-content\/uploads\/sites\/3\/2023\/04\/competition-logo.png\" style=\"width: 50px\"><br>\n\t<span>Odv\u011btv\u00ed<\/span>\n<p>\n\t\tMaloobchod a spot\u0159ebn\u00ed zbo\u017e\u00ed\n\t<\/p>\n<span>Produkt<\/span>\n<p>\n\t\tOrganizace eventu - komunikace s \u00fa\u010dastn\u00edky\n\t<\/p>\n<\/div>\n<div id=\"widget-box\" class=\"marketing\">\n\t<img decoding=\"async\" src=\"\/cze\/wp-content\/uploads\/sites\/3\/2023\/06\/marketing-logo.png\" style=\"width: 50px\"><br>\n\t<span>Odv\u011btv\u00ed<\/span>\n<p>\n\t\tMarketingov\u00e1 komunikace\n\t<\/p>\n<span>Produkt<\/span>\n<p>\n\t\tRealizace marketingov\u00fdch rozes\u00edlek\n\t<\/p>\n<\/div>\n\n<div id=\"widget-box\" class=\"fmcg\">\n\t<img decoding=\"async\" src=\"\/cze\/wp-content\/uploads\/sites\/3\/2023\/06\/fmcg-logo.png\" style=\"width: 50px\"><br>\n\t<span>Odv\u011btv\u00ed<\/span>\n<p>\n\t\tFMCG<br>Fast Moving Consumer Goods\n\t<\/p>\n<span>Produkt<\/span>\n<p>\n\t\tPotraviny, n\u00e1poje, drogerie\n\t<\/p>\n<\/div>\n\n<div id=\"widget-box\" class=\"iot\">\n\t<img decoding=\"async\" src=\"\/cze\/wp-content\/uploads\/sites\/3\/2025\/09\/iot_icon.png\" style=\"width: 50px\"><br>\n\t<span>Odv\u011btv\u00ed<\/span>\n<p>\n\t\tIoT, SIM\/eSIM management\n\t<\/p>\n<span>Produkt<\/span>\n<p>\n\t\tIoT senzory pro pr\u016fmysl, dom\u00e1cnosti\n\t<\/p>\n<\/div>\n\n<div id=\"widget-box\" class=\"truck\">\n\t<img decoding=\"async\" src=\"\/cze\/wp-content\/uploads\/sites\/3\/2025\/09\/truck_monitoring.png\" style=\"width: 50px\"><br>\n\t<span>Odv\u011btv\u00ed<\/span>\n<p>\n\t\tIoT, SIM\/eSIM management\n\t<\/p>\n<span>Produkt<\/span>\n<p>\n\t\teSIM pro monitoring vozidel\n\t<\/p>\n<\/div>\n\n<div id=\"widget-box\" class=\"drone\">\n\t<img decoding=\"async\" src=\"\/cze\/wp-content\/uploads\/sites\/3\/2025\/09\/drone_icon.png\" style=\"width: 80px\"><br>\n\t<span>Odv\u011btv\u00ed<\/span>\n<p>\n\t\tIoT, SIM\/eSIM management\n\t<\/p>\n<span>Produkt<\/span>\n<p>\n\t\teSIM pro flotilu dron\u016f\n\t<\/p>\n<\/div>\t\t<\/div>\n\t\t\t\t<\/div>\n\t\t\t\t\t<\/div>\n\t\t<\/div>\n\t\t\t\t<div class=\"elementor-column elementor-col-50 elementor-top-column elementor-element elementor-element-58cf973\" data-id=\"58cf973\" data-element_type=\"column\">\n\t\t\t<div class=\"elementor-widget-wrap elementor-element-populated\">\n\t\t\t\t\t\t\t\t<div class=\"elementor-element elementor-element-5809b185 elementor-widget elementor-widget-text-editor\" data-id=\"5809b185\" data-element_type=\"widget\" data-widget_type=\"text-editor.default\">\n\t\t\t\t<div class=\"elementor-widget-container\">\n\t\t\t\t\t\t\t<p>Partner \u0159e\u0161\u00ed mo\u017enost nab\u00eddnout sv\u00fdm z\u00e1kazn\u00edk\u016fm modern\u00ed marketingov\u00fd n\u00e1stroj provozovan\u00fd na jedn\u00e9 platform\u011b, kde si budou moci sami definovat a realizovat marketingov\u00e9 kampan\u011b.<\/p><p>D\u00edky COMVERGA Omnichannel mohou z\u00e1kazn\u00edci v\u00a0intuitivn\u00edm prost\u0159ed\u00ed snadno nadefinovat, zrealizovat a vyhodnotit sv\u00e9 marketingov\u00e9 kampan\u011b. \u0158e\u0161en\u00ed z\u00e1rove\u0148 nab\u00edz\u00ed efektivn\u00ed obousm\u011brnou komunikaci p\u0159es r\u016fzn\u00e9 kan\u00e1ly.<\/p>\t\t\t\t\t\t<\/div>\n\t\t\t\t<\/div>\n\t\t\t\t\t<\/div>\n\t\t<\/div>\n\t\t\t\t\t\t\t<\/div>\n\t\t<\/section>\n\t\t\t\t<section class=\"elementor-section elementor-top-section elementor-element elementor-element-9aa4a18 elementor-section-boxed elementor-section-height-default elementor-section-height-default\" data-id=\"9aa4a18\" data-element_type=\"section\">\n\t\t\t\t\t\t<div class=\"elementor-container elementor-column-gap-default\">\n\t\t\t\t\t<div class=\"elementor-column elementor-col-100 elementor-top-column elementor-element elementor-element-41f1386\" data-id=\"41f1386\" data-element_type=\"column\">\n\t\t\t<div class=\"elementor-widget-wrap elementor-element-populated\">\n\t\t\t\t\t\t\t\t<div class=\"elementor-element elementor-element-11b6c335 elementor-widget elementor-widget-html\" data-id=\"11b6c335\" data-element_type=\"widget\" data-widget_type=\"html.default\">\n\t\t\t\t<div class=\"elementor-widget-container\">\n\t\t\t<div class=\"mobile-animation marketing\">\n    <div class=\"mobile left\">\n        <div class=\"message-bubble top\">\n            <p>SOUT\u011a\u017d! Po\u0161li n\u00e1m foto s na\u0161\u00edm kaf\u00ed\u010dkem a vyhraj SUPER ceny!<\/p>\n        <\/div>\n        <div class=\"message-bubble bottom\">\n            <p>D\u011bkujeme! Tvoje fotka je za\u0159azena do sout\u011b\u017ee.<\/p>\n        <\/div>\n        <img decoding=\"async\" src=\"\/cze\/wp-content\/uploads\/sites\/3\/2023\/06\/marketing-gif1.gif\">\n    <\/div>\n    <div class=\"mobile right\">\n        <div class=\"message-bubble top\">\n            <p>D\u011bkujeme za \u00fa\u010dast v sout\u011b\u017ei a nezapome\u0148 vyu\u017e\u00edt na\u0161\u00ed akce!<\/p>\n        <\/div>\n        <img decoding=\"async\" src=\"\/cze\/wp-content\/uploads\/sites\/3\/2023\/06\/marketing-gif2.gif\">\n    <\/div>\n<\/div>\t\t<\/div>\n\t\t\t\t<\/div>\n\t\t\t\t\t<\/div>\n\t\t<\/div>\n\t\t\t\t\t\t\t<\/div>\n\t\t<\/section>\n\t\t\t\t<section class=\"elementor-section elementor-top-section elementor-element elementor-element-e74e3b6 elementor-section-boxed elementor-section-height-default elementor-section-height-default\" data-id=\"e74e3b6\" data-element_type=\"section\">\n\t\t\t\t\t\t<div class=\"elementor-container elementor-column-gap-default\">\n\t\t\t\t\t<div class=\"elementor-column elementor-col-50 elementor-top-column elementor-element elementor-element-1508d08\" data-id=\"1508d08\" data-element_type=\"column\" data-settings=\"{&quot;background_background&quot;:&quot;classic&quot;}\">\n\t\t\t<div class=\"elementor-widget-wrap elementor-element-populated\">\n\t\t\t\t\t\t\t\t<div class=\"elementor-element elementor-element-08aeaa6 elementor-widget elementor-widget-text-editor\" data-id=\"08aeaa6\" data-element_type=\"widget\" data-widget_type=\"text-editor.default\">\n\t\t\t\t<div class=\"elementor-widget-container\">\n\t\t\t\t\t\t\t<h3><strong>Co Partner z\u00edskal:<\/strong><\/h3><div class=\"page\" title=\"Page 4\"><div class=\"layoutArea\"><div class=\"column\"><ul><li>Jednoduch\u00e9 a p\u0159ehledn\u00e9 webov\u00e9 prost\u0159ed\u00ed<\/li><li>Nastaven\u00ed, realizace a vyhodnocen\u00ed kampan\u00ed<\/li><li>Prost\u0159ed\u00ed pro integraci dal\u0161\u00edch komunika\u010dn\u00edch kan\u00e1l\u016f<\/li><li>Pokro\u010dil\u00fd management kampan\u00ed<\/li><\/ul><\/div><\/div><\/div>\t\t\t\t\t\t<\/div>\n\t\t\t\t<\/div>\n\t\t\t\t\t<\/div>\n\t\t<\/div>\n\t\t\t\t<div class=\"elementor-column elementor-col-50 elementor-top-column elementor-element elementor-element-dfdc4b9\" data-id=\"dfdc4b9\" data-element_type=\"column\" data-settings=\"{&quot;background_background&quot;:&quot;classic&quot;}\">\n\t\t\t<div class=\"elementor-widget-wrap elementor-element-populated\">\n\t\t\t\t\t\t\t\t<div class=\"elementor-element elementor-element-6b21114 elementor-widget elementor-widget-text-editor\" data-id=\"6b21114\" data-element_type=\"widget\" data-widget_type=\"text-editor.default\">\n\t\t\t\t<div class=\"elementor-widget-container\">\n\t\t\t\t\t\t\t<h3><strong>COMVERGA zaji\u0161\u0165uje:<\/strong><\/h3>\n<ul>\n \t<li>Prost\u0159ed\u00ed pro pr\u00e1ci s kampan\u011bmi<\/li>\n \t<li>Definice kampan\u011b, c\u00edlov\u00e9 skupiny, kan\u00e1lu<\/li>\n \t<li>Schvalov\u00e1n\u00ed kampan\u00ed<\/li>\n \t<li>P\u0159ehled a statistiky realizovan\u00fdch kampan\u00ed<\/li>\n<\/ul>\t\t\t\t\t\t<\/div>\n\t\t\t\t<\/div>\n\t\t\t\t\t<\/div>\n\t\t<\/div>\n\t\t\t\t\t\t\t<\/div>\n\t\t<\/section>\n\t\t\t\t\t\t\t<\/div>\n\t\t","protected":false},"excerpt":{"rendered":"<p>Marketingov\u00e1 agentura Marketingov\u00e1 agentura nab\u00edz\u00ed sv\u00fdm z\u00e1kazn\u00edk\u016fm mo\u017enost vytv\u00e1\u0159en\u00ed a realizaci marketingov\u00fdch kampan\u00ed sestaven\u00fdch na m\u00edru jejich pot\u0159eb\u00e1m a na r\u016fzn\u00e9 c\u00edlov\u00e9 skupiny dle definovan\u00fdch krit\u00e9ri\u00ed. Partner si p\u0159i definici kampan\u011b m\u016f\u017ee vybrat z\u00a0r\u016fzn\u00fdch specifick\u00fdch mechanik a definovat si komunika\u010dn\u00ed kan\u00e1ly a jejich priority. Partner \u0159e\u0161\u00ed mo\u017enost nab\u00eddnout sv\u00fdm z\u00e1kazn\u00edk\u016fm modern\u00ed marketingov\u00fd n\u00e1stroj provozovan\u00fd na [&hellip;]<\/p>\n","protected":false},"author":1,"featured_media":4776,"parent":4718,"menu_order":4,"comment_status":"closed","ping_status":"closed","template":"","meta":{"footnotes":""},"_links":{"self":[{"href":"https:\/\/www.comverga.com\/cze\/wp-json\/wp\/v2\/pages\/4758"}],"collection":[{"href":"https:\/\/www.comverga.com\/cze\/wp-json\/wp\/v2\/pages"}],"about":[{"href":"https:\/\/www.comverga.com\/cze\/wp-json\/wp\/v2\/types\/page"}],"author":[{"embeddable":true,"href":"https:\/\/www.comverga.com\/cze\/wp-json\/wp\/v2\/users\/1"}],"replies":[{"embeddable":true,"href":"https:\/\/www.comverga.com\/cze\/wp-json\/wp\/v2\/comments?post=4758"}],"version-history":[{"count":28,"href":"https:\/\/www.comverga.com\/cze\/wp-json\/wp\/v2\/pages\/4758\/revisions"}],"predecessor-version":[{"id":5412,"href":"https:\/\/www.comverga.com\/cze\/wp-json\/wp\/v2\/pages\/4758\/revisions\/5412"}],"up":[{"embeddable":true,"href":"https:\/\/www.comverga.com\/cze\/wp-json\/wp\/v2\/pages\/4718"}],"wp:featuredmedia":[{"embeddable":true,"href":"https:\/\/www.comverga.com\/cze\/wp-json\/wp\/v2\/media\/4776"}],"wp:attachment":[{"href":"https:\/\/www.comverga.com\/cze\/wp-json\/wp\/v2\/media?parent=4758"}],"curies":[{"name":"wp","href":"https:\/\/api.w.org\/{rel}","templated":true}]}}