{"id":5780,"date":"2025-03-19T14:50:49","date_gmt":"2025-03-19T13:50:49","guid":{"rendered":"https:\/\/www.comverga.com\/cze\/?page_id=5780"},"modified":"2025-03-19T14:54:00","modified_gmt":"2025-03-19T13:54:00","slug":"teamleader-operations-tymu","status":"publish","type":"page","link":"https:\/\/www.comverga.com\/cze\/teamleader-operations-tymu\/","title":{"rendered":"Teamleader Operations t\u00fdmu"},"content":{"rendered":"\t\t<div data-elementor-type=\"wp-page\" data-elementor-id=\"5780\" class=\"elementor elementor-5780\">\n\t\t\t\t\t\t\t\t\t<section class=\"elementor-section elementor-top-section elementor-element elementor-element-0111e3c elementor-section-boxed elementor-section-height-default elementor-section-height-default\" data-id=\"0111e3c\" data-element_type=\"section\">\n\t\t\t\t\t\t<div class=\"elementor-container elementor-column-gap-default\">\n\t\t\t\t\t<div class=\"elementor-column elementor-col-50 elementor-top-column elementor-element elementor-element-74e3986\" data-id=\"74e3986\" data-element_type=\"column\">\n\t\t\t<div class=\"elementor-widget-wrap elementor-element-populated\">\n\t\t\t\t\t\t\t\t<div class=\"elementor-element elementor-element-53f1dcc elementor-widget elementor-widget-stratum-image-accordion\" data-id=\"53f1dcc\" data-element_type=\"widget\" data-widget_type=\"stratum-image-accordion.default\">\n\t\t\t\t<div class=\"elementor-widget-container\">\n\t\t\t<div class=\"stratum-image-accordion image-accordion-horizontal activate-on-click\">\n    <div class=\"stratum-image-accordion__container\">        <div class=\"stratum-image-accordion__item elementor-repeater-item-accc356\">\n            <div class=\"stratum-image-accordion__background\"><\/div>\n            <div class=\"stratum-image-accordion__overlay\">\n\t\t\t\t            <\/div>\n        <\/div>\n        <\/div>\n<\/div>\n\t\t<\/div>\n\t\t\t\t<\/div>\n\t\t\t\t\t<\/div>\n\t\t<\/div>\n\t\t\t\t<div class=\"elementor-column elementor-col-50 elementor-top-column elementor-element elementor-element-cc028e2\" data-id=\"cc028e2\" data-element_type=\"column\">\n\t\t\t<div class=\"elementor-widget-wrap elementor-element-populated\">\n\t\t\t\t\t\t\t\t<div class=\"elementor-element elementor-element-57c8844 elementor-widget elementor-widget-heading\" data-id=\"57c8844\" data-element_type=\"widget\" id=\"career-header\" data-widget_type=\"heading.default\">\n\t\t\t\t<div class=\"elementor-widget-container\">\n\t\t\t<h2 class=\"elementor-heading-title elementor-size-default\">Co u n\u00e1s bude\u0161 d\u011blat<\/h2>\t\t<\/div>\n\t\t\t\t<\/div>\n\t\t\t\t<div class=\"elementor-element elementor-element-84bdd29 elementor-widget elementor-widget-text-editor\" data-id=\"84bdd29\" data-element_type=\"widget\" data-widget_type=\"text-editor.default\">\n\t\t\t\t<div class=\"elementor-widget-container\">\n\t\t\t\t\t\t\t<p>Tv\u00fdm \u00fakolem bude veden\u00ed a koordinace t\u00fdmu Operations, kter\u00fd m\u00e1 na starost spr\u00e1vu infrastruktury, s\u00ed\u0165ov\u00fdch prvk\u016f a syst\u00e9mov\u00e9 podpory.<\/p><p>Tv\u00e1 starost bude pl\u00e1nov\u00e1n\u00ed a optimalizace provozn\u00edch proces\u016f. Bude\u0161 zodpov\u011bdn\u00fd za zaji\u0161t\u011bn\u00ed dostupnosti a stability IT slu\u017eeb, v\u010detn\u011b \u0159e\u0161en\u00ed incident\u016f a poskytov\u00e1n\u00ed podpory p\u0159i krizov\u00fdch situac\u00edch.<\/p><p>\u00dazce bude\u0161 spolupracovat s dal\u0161\u00edmi t\u00fdmy a extern\u00edmi partnery a aktivn\u011b se pod\u00edlet na rozvoji t\u00fdmu (mentoring, \u0161kolen\u00ed, nastavov\u00e1n\u00ed efektivn\u00edch pracovn\u00edch metod).<\/p>\t\t\t\t\t\t<\/div>\n\t\t\t\t<\/div>\n\t\t\t\t<div class=\"elementor-element elementor-element-7d08883 elementor-hidden-desktop elementor-hidden-tablet elementor-hidden-mobile elementor-widget elementor-widget-heading\" data-id=\"7d08883\" data-element_type=\"widget\" id=\"career-header\" data-widget_type=\"heading.default\">\n\t\t\t\t<div class=\"elementor-widget-container\">\n\t\t\t<h2 class=\"elementor-heading-title elementor-size-default\">Co bys m\u011bl zn\u00e1t, m\u00edt, um\u011bt<\/h2>\t\t<\/div>\n\t\t\t\t<\/div>\n\t\t\t\t<div class=\"elementor-element elementor-element-ab2aadc elementor-hidden-desktop elementor-hidden-tablet elementor-hidden-mobile elementor-widget elementor-widget-text-editor\" data-id=\"ab2aadc\" data-element_type=\"widget\" data-widget_type=\"text-editor.default\">\n\t\t\t\t<div class=\"elementor-widget-container\">\n\t\t\t\t\t\t\t<p>O\u010dek\u00e1v\u00e1me, \u017ee bude\u0161 v\u017edy myslet na to, jak zoptimalizovat svou pr\u00e1ci a zautomatizovat ji. Nerad se nech\u00e1v\u00e1\u0161 vodit za ru\u010di\u010dku \u2013 uv\u00edt\u00e1\u0161 v pr\u00e1ci volnou ruku? R\u00e1d se ka\u017ed\u00fd den nau\u010d\u00ed\u0161 n\u011bco nov\u00e9ho? Pot\u0159ebujeme komunikativn\u00ed a pozitivn\u00ed osobnost, kter\u00e1 se neboj\u00ed zeptat a chce se hodn\u011b nau\u010dit od zku\u0161en\u00fdch koleg\u016f.<\/p><p>Pokud jsi absolvent, kter\u00fd chce za\u010d\u00edt od za\u010d\u00e1tku &#8211; i tebe bereme.<\/p>\t\t\t\t\t\t<\/div>\n\t\t\t\t<\/div>\n\t\t\t\t\t<\/div>\n\t\t<\/div>\n\t\t\t\t\t\t\t<\/div>\n\t\t<\/section>\n\t\t\t\t<section class=\"elementor-section elementor-top-section elementor-element elementor-element-0ddb860 elementor-section-boxed elementor-section-height-default elementor-section-height-default\" data-id=\"0ddb860\" data-element_type=\"section\" id=\"career-about\">\n\t\t\t\t\t\t<div class=\"elementor-container elementor-column-gap-default\">\n\t\t\t\t\t<div class=\"elementor-column elementor-col-50 elementor-top-column elementor-element elementor-element-90dbe72\" data-id=\"90dbe72\" data-element_type=\"column\" data-settings=\"{&quot;background_background&quot;:&quot;classic&quot;}\">\n\t\t\t<div class=\"elementor-widget-wrap elementor-element-populated\">\n\t\t\t\t\t\t\t\t<div class=\"elementor-element elementor-element-8e66e28 elementor-widget elementor-widget-heading\" data-id=\"8e66e28\" data-element_type=\"widget\" data-widget_type=\"heading.default\">\n\t\t\t\t<div class=\"elementor-widget-container\">\n\t\t\t<h2 class=\"elementor-heading-title elementor-size-default\">Nab\u00edz\u00edme<\/h2>\t\t<\/div>\n\t\t\t\t<\/div>\n\t\t\t\t<div class=\"elementor-element elementor-element-8ad75bd elementor-widget elementor-widget-text-editor\" data-id=\"8ad75bd\" data-element_type=\"widget\" data-widget_type=\"text-editor.default\">\n\t\t\t\t<div class=\"elementor-widget-container\">\n\t\t\t\t\t\t\t<ul><li>Mo\u017enost pr\u00e1ce na Home office<\/li><li>Prostor pro vlastn\u00ed n\u00e1pady a inovace<\/li><li>Podpora vzd\u011bl\u00e1v\u00e1n\u00ed a certifikac\u00ed v oblasti IT a leadershipu<\/li><li>Flexibiln\u00ed firemn\u00ed benefity<\/li><li>B\u00fdt sou\u010d\u00e1st\u00ed t\u00fdmu, kter\u00fd pe\u010duje o kritickou IT infrastrukturu<\/li><\/ul>\t\t\t\t\t\t<\/div>\n\t\t\t\t<\/div>\n\t\t\t\t\t<\/div>\n\t\t<\/div>\n\t\t\t\t<div class=\"elementor-column elementor-col-50 elementor-top-column elementor-element elementor-element-be4142a\" data-id=\"be4142a\" data-element_type=\"column\" data-settings=\"{&quot;background_background&quot;:&quot;classic&quot;}\">\n\t\t\t<div class=\"elementor-widget-wrap elementor-element-populated\">\n\t\t\t\t\t\t\t\t<div class=\"elementor-element elementor-element-43c351b elementor-widget elementor-widget-heading\" data-id=\"43c351b\" data-element_type=\"widget\" data-widget_type=\"heading.default\">\n\t\t\t\t<div class=\"elementor-widget-container\">\n\t\t\t<h2 class=\"elementor-heading-title elementor-size-default\">Po\u017eadujeme<\/h2>\t\t<\/div>\n\t\t\t\t<\/div>\n\t\t\t\t<div class=\"elementor-element elementor-element-b377af6 elementor-widget elementor-widget-text-editor\" data-id=\"b377af6\" data-element_type=\"widget\" data-widget_type=\"text-editor.default\">\n\t\t\t\t<div class=\"elementor-widget-container\">\n\t\t\t\t\t\t\t<ul><li>Zku\u0161enosti s podporou aplikac\u00ed a provozem IT syst\u00e9m\u016f<\/li><li>Znalost opera\u010dn\u00edho syst\u00e9mu LINUX<\/li><li>Znalosti datab\u00e1z\u00ed (SQL, PostgreSQL, MySQL)<\/li><li>Zku\u0161enost se scriptingem a automatizac\u00ed \u00faloh<\/li><li>Schopnost \u0159e\u0161it probl\u00e9my a pracovat samostatn\u011b i v t\u00fdmu<\/li><li>Ochotu u\u010dit se nov\u00e9 technologie a zlep\u0161ovat procesy<\/li><li>Zodpov\u011bdnost<\/li><\/ul>\t\t\t\t\t\t<\/div>\n\t\t\t\t<\/div>\n\t\t\t\t\t<\/div>\n\t\t<\/div>\n\t\t\t\t\t\t\t<\/div>\n\t\t<\/section>\n\t\t\t\t<section class=\"elementor-section elementor-top-section elementor-element elementor-element-f1008f8 elementor-section-boxed elementor-section-height-default elementor-section-height-default\" data-id=\"f1008f8\" data-element_type=\"section\">\n\t\t\t\t\t\t<div class=\"elementor-container elementor-column-gap-default\">\n\t\t\t\t\t<div class=\"elementor-column elementor-col-100 elementor-top-column elementor-element elementor-element-0e70ed8\" data-id=\"0e70ed8\" data-element_type=\"column\">\n\t\t\t<div class=\"elementor-widget-wrap elementor-element-populated\">\n\t\t\t\t\t\t\t\t<div class=\"elementor-element elementor-element-73ec406 elementor-widget elementor-widget-text-editor\" data-id=\"73ec406\" data-element_type=\"widget\" data-widget_type=\"text-editor.default\">\n\t\t\t\t<div class=\"elementor-widget-container\">\n\t\t\t\t\t\t\t<p style=\"text-align: center;\">M\u00e1te z\u00e1jem nebo jak\u00fdkoliv dotaz.<br \/>Napi\u0161te n\u00e1m na <a href=\"mailto:kariera@comverga.com\">kariera@comverga.com<\/a><\/p>\t\t\t\t\t\t<\/div>\n\t\t\t\t<\/div>\n\t\t\t\t\t<\/div>\n\t\t<\/div>\n\t\t\t\t\t\t\t<\/div>\n\t\t<\/section>\n\t\t\t\t\t\t\t<\/div>\n\t\t","protected":false},"excerpt":{"rendered":"<p>Co u n\u00e1s bude\u0161 d\u011blat Tv\u00fdm \u00fakolem bude veden\u00ed a koordinace t\u00fdmu Operations, kter\u00fd m\u00e1 na starost spr\u00e1vu infrastruktury, s\u00ed\u0165ov\u00fdch prvk\u016f a syst\u00e9mov\u00e9 podpory. Tv\u00e1 starost bude pl\u00e1nov\u00e1n\u00ed a optimalizace provozn\u00edch proces\u016f. Bude\u0161 zodpov\u011bdn\u00fd za zaji\u0161t\u011bn\u00ed dostupnosti a stability IT slu\u017eeb, v\u010detn\u011b \u0159e\u0161en\u00ed incident\u016f a poskytov\u00e1n\u00ed podpory p\u0159i krizov\u00fdch situac\u00edch. \u00dazce bude\u0161 spolupracovat s dal\u0161\u00edmi [&hellip;]<\/p>\n","protected":false},"author":1,"featured_media":5781,"parent":0,"menu_order":0,"comment_status":"closed","ping_status":"closed","template":"","meta":{"footnotes":""},"_links":{"self":[{"href":"https:\/\/www.comverga.com\/cze\/wp-json\/wp\/v2\/pages\/5780"}],"collection":[{"href":"https:\/\/www.comverga.com\/cze\/wp-json\/wp\/v2\/pages"}],"about":[{"href":"https:\/\/www.comverga.com\/cze\/wp-json\/wp\/v2\/types\/page"}],"author":[{"embeddable":true,"href":"https:\/\/www.comverga.com\/cze\/wp-json\/wp\/v2\/users\/1"}],"replies":[{"embeddable":true,"href":"https:\/\/www.comverga.com\/cze\/wp-json\/wp\/v2\/comments?post=5780"}],"version-history":[{"count":3,"href":"https:\/\/www.comverga.com\/cze\/wp-json\/wp\/v2\/pages\/5780\/revisions"}],"predecessor-version":[{"id":5784,"href":"https:\/\/www.comverga.com\/cze\/wp-json\/wp\/v2\/pages\/5780\/revisions\/5784"}],"wp:featuredmedia":[{"embeddable":true,"href":"https:\/\/www.comverga.com\/cze\/wp-json\/wp\/v2\/media\/5781"}],"wp:attachment":[{"href":"https:\/\/www.comverga.com\/cze\/wp-json\/wp\/v2\/media?parent=5780"}],"curies":[{"name":"wp","href":"https:\/\/api.w.org\/{rel}","templated":true}]}}