{"id":2552,"date":"2023-04-05T09:54:22","date_gmt":"2023-04-05T07:54:22","guid":{"rendered":"https:\/\/www.comverga.com\/deu\/?page_id=2552"},"modified":"2024-01-05T10:06:36","modified_gmt":"2024-01-05T09:06:36","slug":"neues","status":"publish","type":"page","link":"https:\/\/www.comverga.com\/deu\/cs\/neues\/","title":{"rendered":"Aktuality"},"content":{"rendered":"<div data-elementor-type=\"wp-page\" data-elementor-id=\"2552\" class=\"elementor elementor-2552\">\n\t\t\t\t\t\t\t\t\t<section class=\"elementor-section elementor-top-section elementor-element elementor-element-43806f1 elementor-section-boxed elementor-section-height-default elementor-section-height-default\" data-id=\"43806f1\" data-element_type=\"section\">\n\t\t\t\t\t\t<div class=\"elementor-container elementor-column-gap-default\">\n\t\t\t\t\t<div class=\"elementor-column elementor-col-100 elementor-top-column elementor-element elementor-element-624395f8\" data-id=\"624395f8\" data-element_type=\"column\">\n\t\t\t<div class=\"elementor-widget-wrap elementor-element-populated\">\n\t\t\t\t\t\t\t\t<div class=\"elementor-element elementor-element-4eb25262 premium-blog-cta-full-yes premium-blog-align-justify elementor-widget elementor-widget-premium-addon-blog\" data-id=\"4eb25262\" data-element_type=\"widget\" data-settings=\"{&quot;scroll_to_offset&quot;:&quot;yes&quot;}\" data-widget_type=\"premium-addon-blog.default\">\n\t\t\t\t<div class=\"elementor-widget-container\">\n\t\t\t\r\n\t\t\t\t<div class=\"premium-blog-wrap  premium-blog-list\" data-page=\"2552\" data-pagination=\"true\">\r\n\t\t\t\t\t<article class=\"premium-blog-post-outer-container\" data-total=\"3\">\r\n\t\t\t<div class=\"premium-blog-post-container premium-blog-skin-classic\">\r\n\t\t\t\t\t\t\t\t\t\t\t\t<div class=\"premium-blog-content-wrapper empty-thumb\">\r\n\r\n\t\t\t\t\t<div class=\"premium-blog-inner-container\">\r\n\r\n\t\t\t\t\t\t\t\t\t\t\t\t\t\t<h2 class=\"premium-blog-entry-title\">\r\n\t\t\t<a href=\"https:\/\/www.comverga.com\/deu\/cs\/news\/comverga-25-jahre\/\" target=\"_blank\">\r\n\t\t\t\tCOMVERGA 25 let\t\t\t<\/a>\r\n\t\t<\/h2>\r\n\t\t\t\t<div class=\"premium-blog-entry-meta\">\r\n\t\t\t\r\n\t\t\t\t\t\t\t<span class=\"premium-blog-meta-separator\">\u2022<\/span>\r\n\t\t\t\t<div class=\"premium-blog-post-time premium-blog-meta-data\">\r\n\t\t\t\t\t<i class=\"fa fa-calendar-alt\" aria-hidden=\"true\"><\/i>\r\n\t\t\t\t\t<span>8 \u00fanora 2026<\/span>\r\n\t\t\t\t<\/div>\r\n\t\t\t\r\n\t\t\t\r\n\t\t\t\t\t<\/div>\r\n\t\t\r\n\t\t\t\t\t<\/div>\r\n\r\n\t\t\t\t\t\t\t<div class=\"premium-blog-content-inner-wrapper\">\r\n\t\t<p class=\"premium-blog-post-content\">Letos spole\u010dnost COMVERGA slav\u00ed 25 let na trhu. Pro n\u00e1s to nen\u00ed jen oslava v\u00fdro\u010d\u00ed \u2013 je to pocta \u010dtvrtstolet\u00ed inovac\u00ed, r\u016fstu a spole\u010dn\u00fdch \u00fasp\u011bch\u016f.<\/p><div class=\"premium-blog-excerpt-link-wrap\"><a href=\"https:\/\/www.comverga.com\/deu\/cs\/news\/comverga-25-jahre\/\" target=\"_blank\" class=\"premium-blog-excerpt-link elementor-button\">V\u00edce \u00bb<\/a><\/div>\t\t<\/div>\r\n\t\t\t\t\t\t\t\t\t\t\t\t\t<div class=\"premium-blog-post-tags-container\">\r\n\t\t\t\t\t\t\t\t<i class=\"fa fa-tags fa-fw\" aria-hidden=\"true\"><\/i>\r\n\t\t\t\t\t\t\t\t <a href=\"https:\/\/www.comverga.com\/deu\/cs\/news\/tag\/prag\/\" rel=\"tag\">Prag<\/a>\t\t\t\t\t\t<\/div>\r\n\t\t\t\t\t\r\n\t\t\t\t<\/div>\r\n\t\t\t<\/div>\r\n\t\t<\/article>\r\n\r\n\t\t\t\t<article class=\"premium-blog-post-outer-container\" data-total=\"3\">\r\n\t\t\t<div class=\"premium-blog-post-container premium-blog-skin-classic\">\r\n\t\t\t\t\t\t\t\t\t\t\t\t<div class=\"premium-blog-content-wrapper empty-thumb\">\r\n\r\n\t\t\t\t\t<div class=\"premium-blog-inner-container\">\r\n\r\n\t\t\t\t\t\t\t\t\t\t\t\t\t\t<h2 class=\"premium-blog-entry-title\">\r\n\t\t\t<a href=\"https:\/\/www.comverga.com\/deu\/cs\/news\/gammaverse-2026\/\" target=\"_blank\">\r\n\t\t\t\tGammaverse 2026\t\t\t<\/a>\r\n\t\t<\/h2>\r\n\t\t\t\t<div class=\"premium-blog-entry-meta\">\r\n\t\t\t\r\n\t\t\t\t\t\t\t<span class=\"premium-blog-meta-separator\">\u2022<\/span>\r\n\t\t\t\t<div class=\"premium-blog-post-time premium-blog-meta-data\">\r\n\t\t\t\t\t<i class=\"fa fa-calendar-alt\" aria-hidden=\"true\"><\/i>\r\n\t\t\t\t\t<span>26 ledna 2026<\/span>\r\n\t\t\t\t<\/div>\r\n\t\t\t\r\n\t\t\t\r\n\t\t\t\t\t<\/div>\r\n\t\t\r\n\t\t\t\t\t<\/div>\r\n\r\n\t\t\t\t\t\t\t<div class=\"premium-blog-content-inner-wrapper\">\r\n\t\t<p class=\"premium-blog-post-content\">M\u011bli jsme tu \u010dest z\u00fa\u010dastnit se konference Gammaverse 2026 v n\u011bmeck\u00e9m Hofu, kter\u00e1 byla opravdu inspirativn\u00ed.<\/p><div class=\"premium-blog-excerpt-link-wrap\"><a href=\"https:\/\/www.comverga.com\/deu\/cs\/news\/gammaverse-2026\/\" target=\"_blank\" class=\"premium-blog-excerpt-link elementor-button\">V\u00edce \u00bb<\/a><\/div>\t\t<\/div>\r\n\t\t\t\t\t\t\t\t\t\t\t\t\t<div class=\"premium-blog-post-tags-container\">\r\n\t\t\t\t\t\t\t\t<i class=\"fa fa-tags fa-fw\" aria-hidden=\"true\"><\/i>\r\n\t\t\t\t\t\t\t\t <a href=\"https:\/\/www.comverga.com\/deu\/cs\/news\/tag\/hof-deutschland\/\" rel=\"tag\">Hof, N\u011bmecko<\/a>\t\t\t\t\t\t<\/div>\r\n\t\t\t\t\t\r\n\t\t\t\t<\/div>\r\n\t\t\t<\/div>\r\n\t\t<\/article>\r\n\r\n\t\t\t\t<article class=\"premium-blog-post-outer-container\" data-total=\"3\">\r\n\t\t\t<div class=\"premium-blog-post-container premium-blog-skin-classic\">\r\n\t\t\t\t\t\t\t\t\t\t\t\t<div class=\"premium-blog-content-wrapper empty-thumb\">\r\n\r\n\t\t\t\t\t<div class=\"premium-blog-inner-container\">\r\n\r\n\t\t\t\t\t\t\t\t\t\t\t\t\t\t<h2 class=\"premium-blog-entry-title\">\r\n\t\t\t<a href=\"https:\/\/www.comverga.com\/deu\/cs\/news\/comverga-und-esim-management\/\" target=\"_blank\">\r\n\t\t\t\tCOMVERGA a eSIM Management\t\t\t<\/a>\r\n\t\t<\/h2>\r\n\t\t\t\t<div class=\"premium-blog-entry-meta\">\r\n\t\t\t\r\n\t\t\t\t\t\t\t<span class=\"premium-blog-meta-separator\">\u2022<\/span>\r\n\t\t\t\t<div class=\"premium-blog-post-time premium-blog-meta-data\">\r\n\t\t\t\t\t<i class=\"fa fa-calendar-alt\" aria-hidden=\"true\"><\/i>\r\n\t\t\t\t\t<span>1 \u0159\u00edjna 2025<\/span>\r\n\t\t\t\t<\/div>\r\n\t\t\t\r\n\t\t\t\r\n\t\t\t\t\t<\/div>\r\n\t\t\r\n\t\t\t\t\t<\/div>\r\n\r\n\t\t\t\t\t\t\t<div class=\"premium-blog-content-inner-wrapper\">\r\n\t\t<p class=\"premium-blog-post-content\">COMVERGA nab\u00edz\u00ed centr\u00e1ln\u00ed eSIM platformu, kter\u00e1 umo\u017e\u0148uje komplexn\u00ed a flexibiln\u00ed spr\u00e1vu p\u0159ipojen\u00ed v\u0161ech za\u0159\u00edzen\u00ed odkudkoli na sv\u011bt\u011b. Poskytuje kompletn\u00ed \u0159e\u0161en\u00ed v\u010detn\u011b white-label platformy, kter\u00e1 usnad\u0148uje \u0159\u00edzen\u00ed businessu a integraci do firemn\u00edch proces\u016f.<\/p><div class=\"premium-blog-excerpt-link-wrap\"><a href=\"https:\/\/www.comverga.com\/deu\/cs\/news\/comverga-und-esim-management\/\" target=\"_blank\" class=\"premium-blog-excerpt-link elementor-button\">V\u00edce \u00bb<\/a><\/div>\t\t<\/div>\r\n\t\t\t\t\t\t\t\t\t\t\t\t\t<div class=\"premium-blog-post-tags-container\">\r\n\t\t\t\t\t\t\t\t<i class=\"fa fa-tags fa-fw\" aria-hidden=\"true\"><\/i>\r\n\t\t\t\t\t\t\t\t <a href=\"https:\/\/www.comverga.com\/deu\/cs\/news\/tag\/tschechische-republik\/\" rel=\"tag\">\u010cesk\u00e1 republika<\/a>\t\t\t\t\t\t<\/div>\r\n\t\t\t\t\t\r\n\t\t\t\t<\/div>\r\n\t\t\t<\/div>\r\n\t\t<\/article>\r\n\r\n\t\t\t\t<article class=\"premium-blog-post-outer-container\" data-total=\"3\">\r\n\t\t\t<div class=\"premium-blog-post-container premium-blog-skin-classic\">\r\n\t\t\t\t\t\t\t\t\t\t\t\t<div class=\"premium-blog-content-wrapper empty-thumb\">\r\n\r\n\t\t\t\t\t<div class=\"premium-blog-inner-container\">\r\n\r\n\t\t\t\t\t\t\t\t\t\t\t\t\t\t<h2 class=\"premium-blog-entry-title\">\r\n\t\t\t<a href=\"https:\/\/www.comverga.com\/deu\/cs\/news\/comverga-auf-dem-mwc-2025-in-barcelona\/\" target=\"_blank\">\r\n\t\t\t\tCOMVERGA na MWC 2025 v Barcelon\u011b\t\t\t<\/a>\r\n\t\t<\/h2>\r\n\t\t\t\t<div class=\"premium-blog-entry-meta\">\r\n\t\t\t\r\n\t\t\t\t\t\t\t<span class=\"premium-blog-meta-separator\">\u2022<\/span>\r\n\t\t\t\t<div class=\"premium-blog-post-time premium-blog-meta-data\">\r\n\t\t\t\t\t<i class=\"fa fa-calendar-alt\" aria-hidden=\"true\"><\/i>\r\n\t\t\t\t\t<span>3 b\u0159ezna 2025<\/span>\r\n\t\t\t\t<\/div>\r\n\t\t\t\r\n\t\t\t\r\n\t\t\t\t\t<\/div>\r\n\t\t\r\n\t\t\t\t\t<\/div>\r\n\r\n\t\t\t\t\t\t\t<div class=\"premium-blog-content-inner-wrapper\">\r\n\t\t<p class=\"premium-blog-post-content\">COMVERGA se i letos op\u011bt z\u00fa\u010dastnila presti\u017en\u00edho veletrhu Mobile World Congress 2025 v Barcelon\u011b. Na\u0161\u00edm c\u00edlem bylo nejen nav\u00e1zat nov\u00e1 partnerstv\u00ed a roz\u0161\u00ed\u0159it s\u00edt kontakt\u016f, ale tak\u00e9 diskutovat s p\u0159edn\u00edmi glob\u00e1ln\u00edmi l\u00eddry v oblasti technologick\u00fdch inovac\u00ed v telekomunikac\u00edch.<\/p><div class=\"premium-blog-excerpt-link-wrap\"><a href=\"https:\/\/www.comverga.com\/deu\/cs\/news\/comverga-auf-dem-mwc-2025-in-barcelona\/\" target=\"_blank\" class=\"premium-blog-excerpt-link elementor-button\">V\u00edce \u00bb<\/a><\/div>\t\t<\/div>\r\n\t\t\t\t\t\t\t\t\t\t\t\t\t<div class=\"premium-blog-post-tags-container\">\r\n\t\t\t\t\t\t\t\t<i class=\"fa fa-tags fa-fw\" aria-hidden=\"true\"><\/i>\r\n\t\t\t\t\t\t\t\t <a href=\"https:\/\/www.comverga.com\/deu\/cs\/news\/tag\/barcelona-spanien\/\" rel=\"tag\">Barcelona, \u0160pan\u011blsko<\/a>\t\t\t\t\t\t<\/div>\r\n\t\t\t\t\t\r\n\t\t\t\t<\/div>\r\n\t\t\t<\/div>\r\n\t\t<\/article>\r\n\r\n\t\t\t\t<article class=\"premium-blog-post-outer-container\" data-total=\"3\">\r\n\t\t\t<div class=\"premium-blog-post-container premium-blog-skin-classic\">\r\n\t\t\t\t\t\t\t\t\t\t\t\t<div class=\"premium-blog-content-wrapper empty-thumb\">\r\n\r\n\t\t\t\t\t<div class=\"premium-blog-inner-container\">\r\n\r\n\t\t\t\t\t\t\t\t\t\t\t\t\t\t<h2 class=\"premium-blog-entry-title\">\r\n\t\t\t<a href=\"https:\/\/www.comverga.com\/deu\/cs\/news\/teilnahme-an-der-ces-2025\/\" target=\"_blank\">\r\n\t\t\t\t\u00da\u010dast na technologick\u00e9m veletrhu CES 2025\t\t\t<\/a>\r\n\t\t<\/h2>\r\n\t\t\t\t<div class=\"premium-blog-entry-meta\">\r\n\t\t\t\r\n\t\t\t\t\t\t\t<span class=\"premium-blog-meta-separator\">\u2022<\/span>\r\n\t\t\t\t<div class=\"premium-blog-post-time premium-blog-meta-data\">\r\n\t\t\t\t\t<i class=\"fa fa-calendar-alt\" aria-hidden=\"true\"><\/i>\r\n\t\t\t\t\t<span>7 ledna 2025<\/span>\r\n\t\t\t\t<\/div>\r\n\t\t\t\r\n\t\t\t\r\n\t\t\t\t\t<\/div>\r\n\t\t\r\n\t\t\t\t\t<\/div>\r\n\r\n\t\t\t\t\t\t\t<div class=\"premium-blog-content-inner-wrapper\">\r\n\t\t<p class=\"premium-blog-post-content\">Wir sind gerade von der weltgr\u00f6\u00dften Technologiemesse, der CES 2025, zur\u00fcckgekehrt, die vom 7. bis 11. Januar in Las Vegas stattfand - und es war eine unglaubliche Erfahrung! Auf dieser prestigetr\u00e4chtigen Veranstaltung hatten wir die Gelegenheit, unsere Arbeit vorzustellen, uns von den neuesten Trends inspirieren zu lassen und wertvolle Kontakte zu kn\u00fcpfen.<\/p><div class=\"premium-blog-excerpt-link-wrap\"><a href=\"https:\/\/www.comverga.com\/deu\/cs\/news\/teilnahme-an-der-ces-2025\/\" target=\"_blank\" class=\"premium-blog-excerpt-link elementor-button\">V\u00edce \u00bb<\/a><\/div>\t\t<\/div>\r\n\t\t\t\t\t\t\t\t\t\t\t\t\t<div class=\"premium-blog-post-tags-container\">\r\n\t\t\t\t\t\t\t\t<i class=\"fa fa-tags fa-fw\" aria-hidden=\"true\"><\/i>\r\n\t\t\t\t\t\t\t\t <a href=\"https:\/\/www.comverga.com\/deu\/cs\/news\/tag\/las-vegas\/\" rel=\"tag\">Las Vegas<\/a>\t\t\t\t\t\t<\/div>\r\n\t\t\t\t\t\r\n\t\t\t\t<\/div>\r\n\t\t\t<\/div>\r\n\t\t<\/article>\r\n\r\n\t\t\t\t<article class=\"premium-blog-post-outer-container\" data-total=\"3\">\r\n\t\t\t<div class=\"premium-blog-post-container premium-blog-skin-classic\">\r\n\t\t\t\t\t\t\t\t\t\t\t\t<div class=\"premium-blog-content-wrapper empty-thumb\">\r\n\r\n\t\t\t\t\t<div class=\"premium-blog-inner-container\">\r\n\r\n\t\t\t\t\t\t\t\t\t\t\t\t\t\t<h2 class=\"premium-blog-entry-title\">\r\n\t\t\t<a href=\"https:\/\/www.comverga.com\/deu\/cs\/news\/mit-partner-epsilon-ueber-die-zukunft-von-fusion-iot\/\" target=\"_blank\">\r\n\t\t\t\tS partnerem Epsilon o budoucnosti FUSION IoT\t\t\t<\/a>\r\n\t\t<\/h2>\r\n\t\t\t\t<div class=\"premium-blog-entry-meta\">\r\n\t\t\t\r\n\t\t\t\t\t\t\t<span class=\"premium-blog-meta-separator\">\u2022<\/span>\r\n\t\t\t\t<div class=\"premium-blog-post-time premium-blog-meta-data\">\r\n\t\t\t\t\t<i class=\"fa fa-calendar-alt\" aria-hidden=\"true\"><\/i>\r\n\t\t\t\t\t<span>17 z\u00e1\u0159\u00ed 2024<\/span>\r\n\t\t\t\t<\/div>\r\n\t\t\t\r\n\t\t\t\r\n\t\t\t\t\t<\/div>\r\n\t\t\r\n\t\t\t\t\t<\/div>\r\n\r\n\t\t\t\t\t\t\t<div class=\"premium-blog-content-inner-wrapper\">\r\n\t\t<p class=\"premium-blog-post-content\">V malebn\u00e9m prost\u0159ed\u00ed Mari\u00e1nsk\u00fdch L\u00e1zn\u00ed se uskute\u010dnilo setk\u00e1n\u00ed t\u00fdmu COMVERGA a koleg\u016f z partnersk\u00e9 spole\u010dnosti Epsilon. Na programu byly kl\u00ed\u010dov\u00e9 diskuse o dal\u0161\u00edm rozvoji na\u0161eho spole\u010dn\u00e9ho projektu FUSION IoT.<\/p><div class=\"premium-blog-excerpt-link-wrap\"><a href=\"https:\/\/www.comverga.com\/deu\/cs\/news\/mit-partner-epsilon-ueber-die-zukunft-von-fusion-iot\/\" target=\"_blank\" class=\"premium-blog-excerpt-link elementor-button\">V\u00edce \u00bb<\/a><\/div>\t\t<\/div>\r\n\t\t\t\t\t\t\t\t\t\t\t\t\t<div class=\"premium-blog-post-tags-container\">\r\n\t\t\t\t\t\t\t\t<i class=\"fa fa-tags fa-fw\" aria-hidden=\"true\"><\/i>\r\n\t\t\t\t\t\t\t\t <a href=\"https:\/\/www.comverga.com\/deu\/cs\/news\/tag\/marianske-lazne\/\" rel=\"tag\">Mari\u00e1nsk\u00e9 l\u00e1zn\u011b<\/a>\t\t\t\t\t\t<\/div>\r\n\t\t\t\t\t\r\n\t\t\t\t<\/div>\r\n\t\t\t<\/div>\r\n\t\t<\/article>\r\n\r\n\t\t\t\t<\/div>\r\n\r\n\t\t\t\t<div class=\"premium-blog-footer\">\r\n\t\t\t\t\t\t<nav class=\"premium-blog-pagination-container\" role=\"navigation\" aria-label=\"Pagination\">\r\n\t\t\t\t<span aria-current=\"page\" class=\"page-numbers current\">1<\/span>\n<a class=\"page-numbers\" href=\"https:\/\/www.comverga.com\/deu\/cs\/wp-json\/wp\/v2\/pages\/2552\/page\/2\/\">2<\/a>\n<a class=\"page-numbers\" href=\"https:\/\/www.comverga.com\/deu\/cs\/wp-json\/wp\/v2\/pages\/2552\/page\/3\/\">3<\/a>\n<a class=\"next page-numbers\" href=\"https:\/\/www.comverga.com\/deu\/cs\/wp-json\/wp\/v2\/pages\/2552\/page\/2\/\">Dal\u0161\u00ed \u00bb<\/a>\t\t\t<\/nav>\r\n\t\t\t\t\t<\/div>\r\n\t\t\t\t\t<\/div>\n\t\t\t\t<\/div>\n\t\t\t\t\t<\/div>\n\t\t<\/div>\n\t\t\t\t\t\t\t<\/div>\n\t\t<\/section>\n\t\t\t\t\t\t\t<\/div>","protected":false},"excerpt":{"rendered":"<p>CAMPERSIM er\u00f6ffnet unbegrenzte Internetm\u00f6glichkeiten f\u00fcr unterwegs(auch dank der COMVERGA-L\u00f6sung) \u2022 1 September 2023 CAMPERSIM von ProVerDa GmbH ist ein weiteres Projekt, das auf der COMVERGA-Plattform l\u00e4uft. Mehr \u00bb Deutschland COMVERGA startete die erste Pilot-RBM-Kampagne \u2022 29 August 2023 Im Juni 2023 konnten wir einen Erfolg verbuchen, als unsere Firma COMVERGA ein angesehenes Zertifikat des Sachverst\u00e4ndigenb\u00fcros [&hellip;]<\/p>","protected":false},"author":1,"featured_media":230,"parent":0,"menu_order":0,"comment_status":"closed","ping_status":"closed","template":"","meta":{"footnotes":""},"_links":{"self":[{"href":"https:\/\/www.comverga.com\/deu\/cs\/wp-json\/wp\/v2\/pages\/2552"}],"collection":[{"href":"https:\/\/www.comverga.com\/deu\/cs\/wp-json\/wp\/v2\/pages"}],"about":[{"href":"https:\/\/www.comverga.com\/deu\/cs\/wp-json\/wp\/v2\/types\/page"}],"author":[{"embeddable":true,"href":"https:\/\/www.comverga.com\/deu\/cs\/wp-json\/wp\/v2\/users\/1"}],"replies":[{"embeddable":true,"href":"https:\/\/www.comverga.com\/deu\/cs\/wp-json\/wp\/v2\/comments?post=2552"}],"version-history":[{"count":36,"href":"https:\/\/www.comverga.com\/deu\/cs\/wp-json\/wp\/v2\/pages\/2552\/revisions"}],"predecessor-version":[{"id":3671,"href":"https:\/\/www.comverga.com\/deu\/cs\/wp-json\/wp\/v2\/pages\/2552\/revisions\/3671"}],"wp:featuredmedia":[{"embeddable":true,"href":"https:\/\/www.comverga.com\/deu\/cs\/wp-json\/wp\/v2\/media\/230"}],"wp:attachment":[{"href":"https:\/\/www.comverga.com\/deu\/cs\/wp-json\/wp\/v2\/media?parent=2552"}],"curies":[{"name":"wp","href":"https:\/\/api.w.org\/{rel}","templated":true}]}}