{"id":2942,"date":"2023-04-21T13:20:59","date_gmt":"2023-04-21T11:20:59","guid":{"rendered":"https:\/\/www.comverga.com\/deu\/?page_id=2942"},"modified":"2023-05-10T08:58:37","modified_gmt":"2023-05-10T06:58:37","slug":"details-der-rcs","status":"publish","type":"page","link":"https:\/\/www.comverga.com\/deu\/cs\/dienstleistungen\/aggregation-der-konnektivitaet\/rcs-business-messaging\/details-der-rcs\/","title":{"rendered":"Podrobnosti o RCS"},"content":{"rendered":"<div data-elementor-type=\"wp-page\" data-elementor-id=\"2942\" class=\"elementor elementor-2942\">\n\t\t\t\t\t\t\t\t\t<section class=\"elementor-section elementor-top-section elementor-element elementor-element-4c09abe0 elementor-section-boxed elementor-section-height-default elementor-section-height-default\" data-id=\"4c09abe0\" data-element_type=\"section\">\n\t\t\t\t\t\t<div class=\"elementor-container elementor-column-gap-default\">\n\t\t\t\t\t<div class=\"elementor-column elementor-col-100 elementor-top-column elementor-element elementor-element-1ed7154\" data-id=\"1ed7154\" data-element_type=\"column\">\n\t\t\t<div class=\"elementor-widget-wrap elementor-element-populated\">\n\t\t\t\t\t\t\t\t<div class=\"elementor-element elementor-element-5dfa896f detail-heading elementor-widget elementor-widget-heading\" data-id=\"5dfa896f\" data-element_type=\"widget\" data-widget_type=\"heading.default\">\n\t\t\t\t<div class=\"elementor-widget-container\">\n\t\t\t<h1 class=\"elementor-heading-title elementor-size-default\">RCS &amp; Business Messaging<\/h1>\t\t<\/div>\n\t\t\t\t<\/div>\n\t\t\t\t<div class=\"elementor-element elementor-element-26eb174c detail-heading elementor-widget elementor-widget-heading\" data-id=\"26eb174c\" data-element_type=\"widget\" data-widget_type=\"heading.default\">\n\t\t\t\t<div class=\"elementor-widget-container\">\n\t\t\t<h3 class=\"elementor-heading-title elementor-size-default\">Detail slu\u017eby<\/h3>\t\t<\/div>\n\t\t\t\t<\/div>\n\t\t\t\t\t<\/div>\n\t\t<\/div>\n\t\t\t\t\t\t\t<\/div>\n\t\t<\/section>\n\t\t\t\t<section class=\"elementor-section elementor-top-section elementor-element elementor-element-b946c35 elementor-section-boxed elementor-section-height-default elementor-section-height-default\" data-id=\"b946c35\" data-element_type=\"section\">\n\t\t\t\t\t\t<div class=\"elementor-container elementor-column-gap-default\">\n\t\t\t\t\t<div class=\"elementor-column elementor-col-50 elementor-top-column elementor-element elementor-element-3c980de\" data-id=\"3c980de\" data-element_type=\"column\">\n\t\t\t<div class=\"elementor-widget-wrap elementor-element-populated\">\n\t\t\t\t\t\t\t\t<div class=\"elementor-element elementor-element-27c21d0 elementor-widget elementor-widget-text-editor\" data-id=\"27c21d0\" data-element_type=\"widget\" data-widget_type=\"text-editor.default\">\n\t\t\t\t<div class=\"elementor-widget-container\">\n\t\t\t\t\t\t\t<h3 style=\"margin-top: 0;\"><strong>Z\u00e1kladn\u00ed principy<\/strong><\/h3><p class=\"s19 translation-block\">RCS umo\u017e\u0148uje multimedi\u00e1ln\u00ed obousm\u011brnou komunikaci mezi za\u0159\u00edzen\u00edmi, kter\u00e9 maj\u00ed slu\u017ebu RCS aktivn\u00ed. Nen\u00ed t\u0159eba instalovat \u017e\u00e1dnou speci\u00e1ln\u00ed aplikaci, RCS je nativn\u00ed sou\u010d\u00e1st\u00ed Android OS. Z\u00e1kazn\u00edk tak vid\u00ed konverzaci p\u0159\u00edmo v\u00a0aplikaci zpr\u00e1vy spole\u010dn\u011b s\u00a0SMS. RCS podporuje funkce jako jsou skupinov\u00e9 konverzace, indikace psan\u00ed, p\u0159e\u010dten\u00ed zpr\u00e1vy a hlasov\u00e9 hovory, stejn\u011b jako p\u0159enos soubor\u016f a\u017e do velikosti 100 MB. RCS tak\u00e9 umo\u017e\u0148uje u\u017eivatel\u016fm vid\u011bt, kdy jsou jejich kontakty online, podobn\u011b jako u instant messaging aplikac\u00ed.<\/p>\t\t\t\t\t\t<\/div>\n\t\t\t\t<\/div>\n\t\t\t\t\t<\/div>\n\t\t<\/div>\n\t\t\t\t<div class=\"elementor-column elementor-col-50 elementor-top-column elementor-element elementor-element-1bd02106\" data-id=\"1bd02106\" data-element_type=\"column\" data-settings=\"{&quot;background_background&quot;:&quot;classic&quot;}\">\n\t\t\t<div class=\"elementor-widget-wrap elementor-element-populated\">\n\t\t\t\t\t\t\t\t<div class=\"elementor-element elementor-element-1f911c4b elementor-widget elementor-widget-image\" data-id=\"1f911c4b\" data-element_type=\"widget\" data-widget_type=\"image.default\">\n\t\t\t\t<div class=\"elementor-widget-container\">\n\t\t\t\t\t\t\t\t\t\t\t\t\t\t\t<img fetchpriority=\"high\" decoding=\"async\" width=\"580\" height=\"387\" src=\"https:\/\/www.comverga.com\/deu\/wp-content\/uploads\/sites\/4\/2023\/04\/principles-768x513.jpg\" class=\"attachment-medium_large size-medium_large wp-image-2943\" alt=\"\" srcset=\"https:\/\/www.comverga.com\/deu\/wp-content\/uploads\/sites\/4\/2023\/04\/principles-768x513.jpg 768w, https:\/\/www.comverga.com\/deu\/wp-content\/uploads\/sites\/4\/2023\/04\/principles-300x200.jpg 300w, https:\/\/www.comverga.com\/deu\/wp-content\/uploads\/sites\/4\/2023\/04\/principles.jpg 1000w\" sizes=\"(max-width: 580px) 100vw, 580px\" \/>\t\t\t\t\t\t\t\t\t\t\t\t\t\t\t<\/div>\n\t\t\t\t<\/div>\n\t\t\t\t\t<\/div>\n\t\t<\/div>\n\t\t\t\t\t\t\t<\/div>\n\t\t<\/section>\n\t\t\t\t<section class=\"elementor-section elementor-top-section elementor-element elementor-element-1b6c58fd elementor-section-boxed elementor-section-height-default elementor-section-height-default\" data-id=\"1b6c58fd\" data-element_type=\"section\">\n\t\t\t\t\t\t<div class=\"elementor-container elementor-column-gap-default\">\n\t\t\t\t\t<div class=\"elementor-column elementor-col-100 elementor-top-column elementor-element elementor-element-78cd5902\" data-id=\"78cd5902\" data-element_type=\"column\">\n\t\t\t<div class=\"elementor-widget-wrap elementor-element-populated\">\n\t\t\t\t\t\t\t\t<div class=\"elementor-element elementor-element-3fce7b99 elementor-widget-divider--view-line elementor-widget elementor-widget-divider\" data-id=\"3fce7b99\" data-element_type=\"widget\" data-widget_type=\"divider.default\">\n\t\t\t\t<div class=\"elementor-widget-container\">\n\t\t\t\t\t<div class=\"elementor-divider\">\n\t\t\t<span class=\"elementor-divider-separator\">\n\t\t\t\t\t\t<\/span>\n\t\t<\/div>\n\t\t\t\t<\/div>\n\t\t\t\t<\/div>\n\t\t\t\t\t<\/div>\n\t\t<\/div>\n\t\t\t\t\t\t\t<\/div>\n\t\t<\/section>\n\t\t\t\t<section class=\"elementor-section elementor-top-section elementor-element elementor-element-374d318c elementor-section-boxed elementor-section-height-default elementor-section-height-default\" data-id=\"374d318c\" data-element_type=\"section\">\n\t\t\t\t\t\t<div class=\"elementor-container elementor-column-gap-default\">\n\t\t\t\t\t<div class=\"elementor-column elementor-col-50 elementor-top-column elementor-element elementor-element-315ddf7c\" data-id=\"315ddf7c\" data-element_type=\"column\">\n\t\t\t<div class=\"elementor-widget-wrap elementor-element-populated\">\n\t\t\t\t\t\t\t\t<div class=\"elementor-element elementor-element-c613334 elementor-widget elementor-widget-image\" data-id=\"c613334\" data-element_type=\"widget\" data-widget_type=\"image.default\">\n\t\t\t\t<div class=\"elementor-widget-container\">\n\t\t\t\t\t\t\t\t\t\t\t\t\t\t\t<img decoding=\"async\" width=\"500\" height=\"333\" src=\"https:\/\/www.comverga.com\/deu\/wp-content\/uploads\/sites\/4\/2023\/04\/communications.png\" class=\"attachment-medium_large size-medium_large wp-image-2944\" alt=\"\" srcset=\"https:\/\/www.comverga.com\/deu\/wp-content\/uploads\/sites\/4\/2023\/04\/communications.png 500w, https:\/\/www.comverga.com\/deu\/wp-content\/uploads\/sites\/4\/2023\/04\/communications-300x200.png 300w\" sizes=\"(max-width: 500px) 100vw, 500px\" \/>\t\t\t\t\t\t\t\t\t\t\t\t\t\t\t<\/div>\n\t\t\t\t<\/div>\n\t\t\t\t\t<\/div>\n\t\t<\/div>\n\t\t\t\t<div class=\"elementor-column elementor-col-50 elementor-top-column elementor-element elementor-element-3ecc4984\" data-id=\"3ecc4984\" data-element_type=\"column\">\n\t\t\t<div class=\"elementor-widget-wrap elementor-element-populated\">\n\t\t\t\t\t\t\t\t<div class=\"elementor-element elementor-element-66deaf66 elementor-widget elementor-widget-text-editor\" data-id=\"66deaf66\" data-element_type=\"widget\" data-widget_type=\"text-editor.default\">\n\t\t\t\t<div class=\"elementor-widget-container\">\n\t\t\t\t\t\t\t<h3 style=\"margin-top: 0px; text-align: left;\"><strong>Mo\u017enosti komunikace<\/strong><\/h3><ul><li>Zas\u00edl\u00e1n\u00ed k\u00f3d\u016f, hlasov\u00e1n\u00ed<\/li><li>Media (videa, obr\u00e1zky, nahr\u00e1vky, mapy, soubory)<\/li><li>Nab\u00eddka produkt\u016f<\/li><li>Skupinov\u00fd chat, adres\u00e1\u0159e, skupiny<\/li><li>Zad\u00e1n\u00ed polohy, telefonn\u00edho \u010d\u00edsla<\/li><li>Platby a dal\u0161\u00ed<\/li><\/ul>\t\t\t\t\t\t<\/div>\n\t\t\t\t<\/div>\n\t\t\t\t\t<\/div>\n\t\t<\/div>\n\t\t\t\t\t\t\t<\/div>\n\t\t<\/section>\n\t\t\t\t<section class=\"elementor-section elementor-top-section elementor-element elementor-element-7ff91f82 elementor-section-boxed elementor-section-height-default elementor-section-height-default\" data-id=\"7ff91f82\" data-element_type=\"section\">\n\t\t\t\t\t\t<div class=\"elementor-container elementor-column-gap-default\">\n\t\t\t\t\t<div class=\"elementor-column elementor-col-50 elementor-top-column elementor-element elementor-element-499c2453\" data-id=\"499c2453\" data-element_type=\"column\">\n\t\t\t<div class=\"elementor-widget-wrap elementor-element-populated\">\n\t\t\t\t\t\t\t\t<div class=\"elementor-element elementor-element-32bc031f elementor-widget elementor-widget-text-editor\" data-id=\"32bc031f\" data-element_type=\"widget\" data-widget_type=\"text-editor.default\">\n\t\t\t\t<div class=\"elementor-widget-container\">\n\t\t\t\t\t\t\t<h3 style=\"margin-top: 0;\"><strong>RCS Business Messaging<\/strong><\/h3>\n<p class=\"translation-block\">COMVERGA RBM \u0159e\u0161en\u00ed poskytuje firm\u00e1m bezpe\u010dn\u011bj\u0161\u00ed a cenov\u011b efektivn\u011bj\u0161\u00ed zp\u016fsob komunikace. Pom\u00e1h\u00e1 budovat siln\u011bj\u0161\u00ed pov\u011bdom\u00ed o zna\u010dce a z\u00e1kaznickou loajalitu. N\u011bkter\u00e9 z v\u00fdhod COMVERGA RBM zahrnuj\u00ed:<\/p>\n<ul>\n<li>Vyu\u017eit\u00ed standardu pro business komunikaci<\/li>\n<li>Atraktivn\u00ed zp\u016fsob komunikace se z\u00e1kazn\u00edkem<\/li>\n<li>Propojen\u00ed s intern\u00edmi syst\u00e9my (CRM, ERP a dal\u0161\u00ed)<\/li>\n<li>Budov\u00e1n\u00ed z\u00e1kaznick\u00e9 b\u00e1ze a targeting kampan\u00ed&nbsp;<\/li><li>N\u00e1stroj pro podporu v\u011brnosti z\u00e1kazn\u00edka<\/li>\n<li>Rychl\u00e1 a efektivn\u00ed z\u00e1kaznick\u00e1 p\u00e9\u010de<\/li>\n<\/ul>\t\t\t\t\t\t<\/div>\n\t\t\t\t<\/div>\n\t\t\t\t\t<\/div>\n\t\t<\/div>\n\t\t\t\t<div class=\"elementor-column elementor-col-50 elementor-top-column elementor-element elementor-element-4fd0fd17\" data-id=\"4fd0fd17\" data-element_type=\"column\">\n\t\t\t<div class=\"elementor-widget-wrap elementor-element-populated\">\n\t\t\t\t\t\t\t\t<div class=\"elementor-element elementor-element-4bbeb40c elementor-widget elementor-widget-image\" data-id=\"4bbeb40c\" data-element_type=\"widget\" data-widget_type=\"image.default\">\n\t\t\t\t<div class=\"elementor-widget-container\">\n\t\t\t\t\t\t\t\t\t\t\t\t\t\t\t<img decoding=\"async\" width=\"580\" height=\"377\" src=\"https:\/\/www.comverga.com\/deu\/wp-content\/uploads\/sites\/4\/2023\/04\/rcs-message-768x499.png\" class=\"attachment-medium_large size-medium_large wp-image-2945\" alt=\"\" srcset=\"https:\/\/www.comverga.com\/deu\/wp-content\/uploads\/sites\/4\/2023\/04\/rcs-message-768x499.png 768w, https:\/\/www.comverga.com\/deu\/wp-content\/uploads\/sites\/4\/2023\/04\/rcs-message-300x195.png 300w, https:\/\/www.comverga.com\/deu\/wp-content\/uploads\/sites\/4\/2023\/04\/rcs-message-1024x666.png 1024w, https:\/\/www.comverga.com\/deu\/wp-content\/uploads\/sites\/4\/2023\/04\/rcs-message-1200x780.png 1200w, https:\/\/www.comverga.com\/deu\/wp-content\/uploads\/sites\/4\/2023\/04\/rcs-message.png 1280w\" sizes=\"(max-width: 580px) 100vw, 580px\" \/>\t\t\t\t\t\t\t\t\t\t\t\t\t\t\t<\/div>\n\t\t\t\t<\/div>\n\t\t\t\t\t<\/div>\n\t\t<\/div>\n\t\t\t\t\t\t\t<\/div>\n\t\t<\/section>\n\t\t\t\t<section class=\"elementor-section elementor-top-section elementor-element elementor-element-5eda60e4 elementor-section-boxed elementor-section-height-default elementor-section-height-default\" data-id=\"5eda60e4\" data-element_type=\"section\">\n\t\t\t\t\t\t<div class=\"elementor-container elementor-column-gap-default\">\n\t\t\t\t\t<div class=\"elementor-column elementor-col-50 elementor-top-column elementor-element elementor-element-1bc33ded\" data-id=\"1bc33ded\" data-element_type=\"column\">\n\t\t\t<div class=\"elementor-widget-wrap elementor-element-populated\">\n\t\t\t\t\t\t\t\t<div class=\"elementor-element elementor-element-1e463b70 elementor-widget elementor-widget-image\" data-id=\"1e463b70\" data-element_type=\"widget\" data-widget_type=\"image.default\">\n\t\t\t\t<div class=\"elementor-widget-container\">\n\t\t\t\t\t\t\t\t\t\t\t\t\t\t\t<img loading=\"lazy\" decoding=\"async\" width=\"580\" height=\"326\" src=\"https:\/\/www.comverga.com\/deu\/wp-content\/uploads\/sites\/4\/2023\/04\/functionalities-768x432.jpg\" class=\"attachment-medium_large size-medium_large wp-image-2946\" alt=\"\" srcset=\"https:\/\/www.comverga.com\/deu\/wp-content\/uploads\/sites\/4\/2023\/04\/functionalities-768x432.jpg 768w, https:\/\/www.comverga.com\/deu\/wp-content\/uploads\/sites\/4\/2023\/04\/functionalities-300x169.jpg 300w, https:\/\/www.comverga.com\/deu\/wp-content\/uploads\/sites\/4\/2023\/04\/functionalities-1024x576.jpg 1024w, https:\/\/www.comverga.com\/deu\/wp-content\/uploads\/sites\/4\/2023\/04\/functionalities-1200x675.jpg 1200w, https:\/\/www.comverga.com\/deu\/wp-content\/uploads\/sites\/4\/2023\/04\/functionalities.jpg 1400w\" sizes=\"(max-width: 580px) 100vw, 580px\" \/>\t\t\t\t\t\t\t\t\t\t\t\t\t\t\t<\/div>\n\t\t\t\t<\/div>\n\t\t\t\t\t<\/div>\n\t\t<\/div>\n\t\t\t\t<div class=\"elementor-column elementor-col-50 elementor-top-column elementor-element elementor-element-2740d6c2\" data-id=\"2740d6c2\" data-element_type=\"column\">\n\t\t\t<div class=\"elementor-widget-wrap elementor-element-populated\">\n\t\t\t\t\t\t\t\t<div class=\"elementor-element elementor-element-5e45b3a5 elementor-widget elementor-widget-text-editor\" data-id=\"5e45b3a5\" data-element_type=\"widget\" data-widget_type=\"text-editor.default\">\n\t\t\t\t<div class=\"elementor-widget-container\">\n\t\t\t\t\t\t\t<h3 style=\"margin-top: 0;\"><strong>Z\u00e1kladn\u00ed funkcionality<\/strong><\/h3><p class=\"translation-block\">COMVERGA RCS je pln\u011b integrov\u00e1no do SDP platformy a nab\u00edz\u00ed jak u\u017eivatelsky jednoduch\u00fd p\u0159\u00edstup, tak tak\u00e9 pokro\u010dilou spr\u00e1vu s mo\u017enost\u00ed dialog\u016f a napojen\u00ed na DialogFlow. Mezi z\u00e1kladn\u00ed funkcionality pat\u0159\u00ed:<\/p><ul><li>Ov\u011b\u0159en\u00fd odes\u00edlatel \u2013 zv\u00fd\u0161en\u00e1 bezpe\u010dnost<\/li><li>Mo\u017enost brandingu slu\u017eby<\/li><li>V\u00fdhoda multimedi\u00e1ln\u00edho obsahu<\/li><li>QR k\u00f3d pro objedn\u00e1vky, \u010derp\u00e1n\u00ed, trackov\u00e1n\u00ed a dal\u0161\u00ed<\/li><li>Informace o doru\u010den\u00ed a p\u0159e\u010dten\u00ed<\/li><li>Reak\u010dn\u00ed tla\u010d\u00edtka (kalend\u00e1\u0159, mapa, URL a dal\u0161\u00ed)<\/li><\/ul>\t\t\t\t\t\t<\/div>\n\t\t\t\t<\/div>\n\t\t\t\t\t<\/div>\n\t\t<\/div>\n\t\t\t\t\t\t\t<\/div>\n\t\t<\/section>\n\t\t\t\t<section class=\"elementor-section elementor-top-section elementor-element elementor-element-78fa17cb elementor-section-boxed elementor-section-height-default elementor-section-height-default\" data-id=\"78fa17cb\" data-element_type=\"section\">\n\t\t\t\t\t\t<div class=\"elementor-container elementor-column-gap-default\">\n\t\t\t\t\t<div class=\"elementor-column elementor-col-50 elementor-top-column elementor-element elementor-element-68db54c4\" data-id=\"68db54c4\" data-element_type=\"column\">\n\t\t\t<div class=\"elementor-widget-wrap elementor-element-populated\">\n\t\t\t\t\t\t\t\t<div class=\"elementor-element elementor-element-56624d6d elementor-widget elementor-widget-text-editor\" data-id=\"56624d6d\" data-element_type=\"widget\" data-widget_type=\"text-editor.default\">\n\t\t\t\t<div class=\"elementor-widget-container\">\n\t\t\t\t\t\t\t<h3 style=\"margin-top: 0;\"><strong>Mo\u017enosti vyu\u017eit\u00ed<\/strong><\/h3><p class=\"translation-block\">COMVERGA RCS je vyu\u017e\u00edv\u00e1no Premium partnery\nk n\u00e1sleduj\u00edc\u00edm akc\u00edm:<\/p><ul><li>Marketingov\u00e9 kampan\u011b<\/li><li>Prodej<\/li><li>Kompletn\u00ed objedn\u00e1vkov\u00fd proces<\/li><li>Akvizice<\/li><li>Autorizace<\/li><li>Z\u00e1kaznick\u00e1 p\u00e9\u010de<\/li><li>P\u0159ipom\u00ednky a upozorn\u011bn\u00ed<\/li><li>Ticketing<\/li><\/ul>\t\t\t\t\t\t<\/div>\n\t\t\t\t<\/div>\n\t\t\t\t\t<\/div>\n\t\t<\/div>\n\t\t\t\t<div class=\"elementor-column elementor-col-50 elementor-top-column elementor-element elementor-element-2b07fa62\" data-id=\"2b07fa62\" data-element_type=\"column\">\n\t\t\t<div class=\"elementor-widget-wrap elementor-element-populated\">\n\t\t\t\t\t\t\t\t<div class=\"elementor-element elementor-element-192978e8 elementor-widget elementor-widget-image\" data-id=\"192978e8\" data-element_type=\"widget\" data-widget_type=\"image.default\">\n\t\t\t\t<div class=\"elementor-widget-container\">\n\t\t\t\t\t\t\t\t\t\t\t\t\t\t\t<img loading=\"lazy\" decoding=\"async\" width=\"580\" height=\"422\" src=\"https:\/\/www.comverga.com\/deu\/wp-content\/uploads\/sites\/4\/2023\/04\/usage.png\" class=\"attachment-medium_large size-medium_large wp-image-2947\" alt=\"\" srcset=\"https:\/\/www.comverga.com\/deu\/wp-content\/uploads\/sites\/4\/2023\/04\/usage.png 681w, https:\/\/www.comverga.com\/deu\/wp-content\/uploads\/sites\/4\/2023\/04\/usage-300x218.png 300w\" sizes=\"(max-width: 580px) 100vw, 580px\" \/>\t\t\t\t\t\t\t\t\t\t\t\t\t\t\t<\/div>\n\t\t\t\t<\/div>\n\t\t\t\t\t<\/div>\n\t\t<\/div>\n\t\t\t\t\t\t\t<\/div>\n\t\t<\/section>\n\t\t\t\t\t\t\t<\/div>","protected":false},"excerpt":{"rendered":"<p>Podrobnosti o \u0159e\u0161en\u00ed RCS &amp; Business Messaging Z\u00e1kladn\u00ed principy RCS umo\u017e\u0148uje obousm\u011brnou multimedi\u00e1ln\u00ed komunikaci mezi za\u0159\u00edzen\u00edmi, kter\u00e1 maj\u00ed povolen RCS. Nen\u00ed t\u0159eba instalovat \u017e\u00e1dnou speci\u00e1ln\u00ed aplikaci, RCS je nativn\u00ed sou\u010d\u00e1st\u00ed OS Android. To znamen\u00e1, \u017ee z\u00e1kazn\u00edk vid\u00ed konverzaci p\u0159\u00edmo v aplikaci pro zas\u00edl\u00e1n\u00ed zpr\u00e1v spolu se SMS. RCS podporuje funkce, jako jsou skupinov\u00e9 konverzace, prohl\u00ed\u017een\u00ed, psan\u00ed, [\u2026]<\/p>","protected":false},"author":1,"featured_media":3056,"parent":2936,"menu_order":5,"comment_status":"closed","ping_status":"closed","template":"","meta":{"footnotes":""},"_links":{"self":[{"href":"https:\/\/www.comverga.com\/deu\/cs\/wp-json\/wp\/v2\/pages\/2942"}],"collection":[{"href":"https:\/\/www.comverga.com\/deu\/cs\/wp-json\/wp\/v2\/pages"}],"about":[{"href":"https:\/\/www.comverga.com\/deu\/cs\/wp-json\/wp\/v2\/types\/page"}],"author":[{"embeddable":true,"href":"https:\/\/www.comverga.com\/deu\/cs\/wp-json\/wp\/v2\/users\/1"}],"replies":[{"embeddable":true,"href":"https:\/\/www.comverga.com\/deu\/cs\/wp-json\/wp\/v2\/comments?post=2942"}],"version-history":[{"count":9,"href":"https:\/\/www.comverga.com\/deu\/cs\/wp-json\/wp\/v2\/pages\/2942\/revisions"}],"predecessor-version":[{"id":3131,"href":"https:\/\/www.comverga.com\/deu\/cs\/wp-json\/wp\/v2\/pages\/2942\/revisions\/3131"}],"up":[{"embeddable":true,"href":"https:\/\/www.comverga.com\/deu\/cs\/wp-json\/wp\/v2\/pages\/2936"}],"wp:featuredmedia":[{"embeddable":true,"href":"https:\/\/www.comverga.com\/deu\/cs\/wp-json\/wp\/v2\/media\/3056"}],"wp:attachment":[{"href":"https:\/\/www.comverga.com\/deu\/cs\/wp-json\/wp\/v2\/media?parent=2942"}],"curies":[{"name":"wp","href":"https:\/\/api.w.org\/{rel}","templated":true}]}}