{"id":3151,"date":"2023-06-14T14:11:01","date_gmt":"2023-06-14T12:11:01","guid":{"rendered":"https:\/\/www.comverga.com\/deu\/?page_id=3151"},"modified":"2023-09-18T16:13:01","modified_gmt":"2023-09-18T14:13:01","slug":"details-der-omnichannel","status":"publish","type":"page","link":"https:\/\/www.comverga.com\/deu\/cs\/dienstleistungen\/aggregation-der-konnektivitaet\/omnichannel\/details-der-omnichannel\/","title":{"rendered":"Podrobnosti o Omnichannel"},"content":{"rendered":"<div data-elementor-type=\"wp-page\" data-elementor-id=\"3151\" class=\"elementor elementor-3151\">\n\t\t\t\t\t\t\t\t\t<section class=\"elementor-section elementor-top-section elementor-element elementor-element-4c09abe0 elementor-section-boxed elementor-section-height-default elementor-section-height-default\" data-id=\"4c09abe0\" data-element_type=\"section\">\n\t\t\t\t\t\t<div class=\"elementor-container elementor-column-gap-default\">\n\t\t\t\t\t<div class=\"elementor-column elementor-col-100 elementor-top-column elementor-element elementor-element-1ed7154\" data-id=\"1ed7154\" data-element_type=\"column\">\n\t\t\t<div class=\"elementor-widget-wrap elementor-element-populated\">\n\t\t\t\t\t\t\t\t<div class=\"elementor-element elementor-element-5dfa896f detail-heading elementor-widget elementor-widget-heading\" data-id=\"5dfa896f\" data-element_type=\"widget\" data-widget_type=\"heading.default\">\n\t\t\t\t<div class=\"elementor-widget-container\">\n\t\t\t<h1 class=\"elementor-heading-title elementor-size-default\">Omnichannel<\/h1>\t\t<\/div>\n\t\t\t\t<\/div>\n\t\t\t\t<div class=\"elementor-element elementor-element-26eb174c detail-heading elementor-widget elementor-widget-heading\" data-id=\"26eb174c\" data-element_type=\"widget\" data-widget_type=\"heading.default\">\n\t\t\t\t<div class=\"elementor-widget-container\">\n\t\t\t<h3 class=\"elementor-heading-title elementor-size-default\">Detail slu\u017eby<\/h3>\t\t<\/div>\n\t\t\t\t<\/div>\n\t\t\t\t\t<\/div>\n\t\t<\/div>\n\t\t\t\t\t\t\t<\/div>\n\t\t<\/section>\n\t\t\t\t<section class=\"elementor-section elementor-top-section elementor-element elementor-element-b946c35 elementor-section-boxed elementor-section-height-default elementor-section-height-default\" data-id=\"b946c35\" data-element_type=\"section\">\n\t\t\t\t\t\t<div class=\"elementor-container elementor-column-gap-default\">\n\t\t\t\t\t<div class=\"elementor-column elementor-col-50 elementor-top-column elementor-element elementor-element-3c980de\" data-id=\"3c980de\" data-element_type=\"column\">\n\t\t\t<div class=\"elementor-widget-wrap elementor-element-populated\">\n\t\t\t\t\t\t\t\t<div class=\"elementor-element elementor-element-27c21d0 elementor-widget elementor-widget-text-editor\" data-id=\"27c21d0\" data-element_type=\"widget\" data-widget_type=\"text-editor.default\">\n\t\t\t\t<div class=\"elementor-widget-container\">\n\t\t\t\t\t\t\t<h3 style=\"margin-top: 0;\"><strong>Integrace kan\u00e1l\u016f<\/strong><\/h3><p class=\"s19\">COMVERGA Omnichannel nab\u00edz\u00ed integraci r\u016fzn\u00fdch komunika\u010dn\u00edch kan\u00e1l\u016f v jedn\u00e9 platform\u011b a nastaven\u00ed pravidel pro jejich vyu\u017e\u00edv\u00e1n\u00ed. Preference lze nastavit dle koncov\u00e9ho u\u017eivatele, dle po\u017eadavk\u016f partnera nebo na z\u00e1klad\u011b dostupnosti dan\u00e9ho komunika\u010dn\u00edho kan\u00e1lu.<br \/>Platforma nab\u00edz\u00ed mo\u017enost vytvo\u0159en\u00ed vlastn\u00ed brandovan\u00e9 messaging aplikace pro unik\u00e1tn\u00ed komunikaci se sv\u00fdmi z\u00e1kazn\u00edky. V r\u00e1mci tvorby kampan\u00ed m\u016f\u017eete vyu\u017e\u00edt p\u0159eddefinovan\u00e9 \u0161ablony, kter\u00e9 V\u00e1m maxim\u00e1ln\u011b usnadn\u00ed tvorbu dan\u00e9ho mediapl\u00e1nu.<\/p>\t\t\t\t\t\t<\/div>\n\t\t\t\t<\/div>\n\t\t\t\t\t<\/div>\n\t\t<\/div>\n\t\t\t\t<div class=\"elementor-column elementor-col-50 elementor-top-column elementor-element elementor-element-1bd02106\" data-id=\"1bd02106\" data-element_type=\"column\" data-settings=\"{&quot;background_background&quot;:&quot;classic&quot;}\">\n\t\t\t<div class=\"elementor-widget-wrap elementor-element-populated\">\n\t\t\t\t\t\t\t\t<div class=\"elementor-element elementor-element-1f911c4b elementor-widget elementor-widget-image\" data-id=\"1f911c4b\" data-element_type=\"widget\" data-widget_type=\"image.default\">\n\t\t\t\t<div class=\"elementor-widget-container\">\n\t\t\t\t\t\t\t\t\t\t\t\t\t\t\t<img fetchpriority=\"high\" decoding=\"async\" width=\"500\" height=\"343\" src=\"https:\/\/www.comverga.com\/deu\/wp-content\/uploads\/sites\/4\/2023\/06\/Detail_integrace.jpg\" class=\"attachment-medium_large size-medium_large wp-image-3153\" alt=\"\" srcset=\"https:\/\/www.comverga.com\/deu\/wp-content\/uploads\/sites\/4\/2023\/06\/Detail_integrace.jpg 500w, https:\/\/www.comverga.com\/deu\/wp-content\/uploads\/sites\/4\/2023\/06\/Detail_integrace-300x206.jpg 300w\" sizes=\"(max-width: 500px) 100vw, 500px\" \/>\t\t\t\t\t\t\t\t\t\t\t\t\t\t\t<\/div>\n\t\t\t\t<\/div>\n\t\t\t\t\t<\/div>\n\t\t<\/div>\n\t\t\t\t\t\t\t<\/div>\n\t\t<\/section>\n\t\t\t\t<section class=\"elementor-section elementor-top-section elementor-element elementor-element-1b6c58fd elementor-section-boxed elementor-section-height-default elementor-section-height-default\" data-id=\"1b6c58fd\" data-element_type=\"section\">\n\t\t\t\t\t\t<div class=\"elementor-container elementor-column-gap-default\">\n\t\t\t\t\t<div class=\"elementor-column elementor-col-100 elementor-top-column elementor-element elementor-element-78cd5902\" data-id=\"78cd5902\" data-element_type=\"column\">\n\t\t\t<div class=\"elementor-widget-wrap elementor-element-populated\">\n\t\t\t\t\t\t\t\t<div class=\"elementor-element elementor-element-3fce7b99 elementor-widget-divider--view-line elementor-widget elementor-widget-divider\" data-id=\"3fce7b99\" data-element_type=\"widget\" data-widget_type=\"divider.default\">\n\t\t\t\t<div class=\"elementor-widget-container\">\n\t\t\t\t\t<div class=\"elementor-divider\">\n\t\t\t<span class=\"elementor-divider-separator\">\n\t\t\t\t\t\t<\/span>\n\t\t<\/div>\n\t\t\t\t<\/div>\n\t\t\t\t<\/div>\n\t\t\t\t\t<\/div>\n\t\t<\/div>\n\t\t\t\t\t\t\t<\/div>\n\t\t<\/section>\n\t\t\t\t<section class=\"elementor-section elementor-top-section elementor-element elementor-element-374d318c elementor-section-boxed elementor-section-height-default elementor-section-height-default\" data-id=\"374d318c\" data-element_type=\"section\">\n\t\t\t\t\t\t<div class=\"elementor-container elementor-column-gap-default\">\n\t\t\t\t\t<div class=\"elementor-column elementor-col-50 elementor-top-column elementor-element elementor-element-315ddf7c\" data-id=\"315ddf7c\" data-element_type=\"column\">\n\t\t\t<div class=\"elementor-widget-wrap elementor-element-populated\">\n\t\t\t\t\t\t\t\t<div class=\"elementor-element elementor-element-c613334 elementor-widget elementor-widget-image\" data-id=\"c613334\" data-element_type=\"widget\" data-widget_type=\"image.default\">\n\t\t\t\t<div class=\"elementor-widget-container\">\n\t\t\t\t\t\t\t\t\t\t\t\t\t\t\t<img decoding=\"async\" width=\"580\" height=\"326\" src=\"https:\/\/www.comverga.com\/deu\/wp-content\/uploads\/sites\/4\/2023\/06\/Detail_funkcionality-768x432.jpg\" class=\"attachment-medium_large size-medium_large wp-image-3154\" alt=\"\" srcset=\"https:\/\/www.comverga.com\/deu\/wp-content\/uploads\/sites\/4\/2023\/06\/Detail_funkcionality-768x432.jpg 768w, https:\/\/www.comverga.com\/deu\/wp-content\/uploads\/sites\/4\/2023\/06\/Detail_funkcionality-300x169.jpg 300w, https:\/\/www.comverga.com\/deu\/wp-content\/uploads\/sites\/4\/2023\/06\/Detail_funkcionality.jpg 1000w\" sizes=\"(max-width: 580px) 100vw, 580px\" \/>\t\t\t\t\t\t\t\t\t\t\t\t\t\t\t<\/div>\n\t\t\t\t<\/div>\n\t\t\t\t\t<\/div>\n\t\t<\/div>\n\t\t\t\t<div class=\"elementor-column elementor-col-50 elementor-top-column elementor-element elementor-element-3ecc4984\" data-id=\"3ecc4984\" data-element_type=\"column\">\n\t\t\t<div class=\"elementor-widget-wrap elementor-element-populated\">\n\t\t\t\t\t\t\t\t<div class=\"elementor-element elementor-element-66deaf66 elementor-widget elementor-widget-text-editor\" data-id=\"66deaf66\" data-element_type=\"widget\" data-widget_type=\"text-editor.default\">\n\t\t\t\t<div class=\"elementor-widget-container\">\n\t\t\t\t\t\t\t<h3 style=\"margin-top: 0px; text-align: left;\"><strong>Z\u00e1kladn\u00ed funkcionality<\/strong><\/h3><ul><li>Jednotn\u00e9 Open API rozhran\u00ed<\/li><li>Obousm\u011brn\u00e1 komunikace<\/li><li>Management brand\u016f pro komunikaci<\/li><li>Integrace zdroj\u016f pro jednotliv\u00e9 kampan\u011b<\/li><li>Jednotn\u00fd a univerz\u00e1ln\u00ed p\u0159\u00edstup ke zdroj\u016fm a kan\u00e1l\u016fm<\/li><li>Nastaven\u00ed a spr\u00e1va priorit kan\u00e1l\u016f<\/li><li>Ov\u011b\u0159ov\u00e1n\u00ed dostupnosti kan\u00e1l\u016f<\/li><li>Fallback p\u0159i nedostupnosti kan\u00e1lu<\/li><li>Definice, \u0159\u00edzen\u00ed a komplexn\u00ed management dialog\u016f<\/li><\/ul>\t\t\t\t\t\t<\/div>\n\t\t\t\t<\/div>\n\t\t\t\t\t<\/div>\n\t\t<\/div>\n\t\t\t\t\t\t\t<\/div>\n\t\t<\/section>\n\t\t\t\t<section class=\"elementor-section elementor-top-section elementor-element elementor-element-7ff91f82 elementor-section-boxed elementor-section-height-default elementor-section-height-default\" data-id=\"7ff91f82\" data-element_type=\"section\">\n\t\t\t\t\t\t<div class=\"elementor-container elementor-column-gap-default\">\n\t\t\t\t\t<div class=\"elementor-column elementor-col-50 elementor-top-column elementor-element elementor-element-499c2453\" data-id=\"499c2453\" data-element_type=\"column\">\n\t\t\t<div class=\"elementor-widget-wrap elementor-element-populated\">\n\t\t\t\t\t\t\t\t<div class=\"elementor-element elementor-element-32bc031f elementor-widget elementor-widget-text-editor\" data-id=\"32bc031f\" data-element_type=\"widget\" data-widget_type=\"text-editor.default\">\n\t\t\t\t<div class=\"elementor-widget-container\">\n\t\t\t\t\t\t\t<h3 style=\"margin-top: 0;\"><strong>Z\u00e1kladn\u00ed principy<\/strong><\/h3><p>V\u00a0r\u00e1mci COMVERGA Omnichannel lze nadefinovat r\u016fzn\u00e9 kampan\u011b s rozd\u00edln\u00fdm typem a pr\u016fb\u011bhem komunikace (pro ka\u017edou kampa\u0148 pr\u00e1v\u011b jeden zvolen\u00fd typ). <br \/>Ka\u017ed\u00e1 kampa\u0148 je pak tvo\u0159ena jednotliv\u00fdmi dialogy, kter\u00e9 jsou na sob\u011b nez\u00e1visl\u00e9. Pro ka\u017ed\u00fd dialog jsou v\u017edy definov\u00e1ny zdroje, p\u0159\u00edjemce, odes\u00edlatel a \u010dasov\u00e9 omezen\u00ed.<br \/>Dialog m\u016f\u017ee b\u00fdt zah\u00e1jen z\u00a0obou stran a t\u00edm spu\u0161t\u011bna definovan\u00e1 kampa\u0148.<\/p>\t\t\t\t\t\t<\/div>\n\t\t\t\t<\/div>\n\t\t\t\t\t<\/div>\n\t\t<\/div>\n\t\t\t\t<div class=\"elementor-column elementor-col-50 elementor-top-column elementor-element elementor-element-4fd0fd17\" data-id=\"4fd0fd17\" data-element_type=\"column\">\n\t\t\t<div class=\"elementor-widget-wrap elementor-element-populated\">\n\t\t\t\t\t\t\t\t<div class=\"elementor-element elementor-element-4bbeb40c elementor-widget elementor-widget-image\" data-id=\"4bbeb40c\" data-element_type=\"widget\" data-widget_type=\"image.default\">\n\t\t\t\t<div class=\"elementor-widget-container\">\n\t\t\t\t\t\t\t\t\t\t\t\t\t\t\t<img decoding=\"async\" width=\"580\" height=\"387\" src=\"https:\/\/www.comverga.com\/deu\/wp-content\/uploads\/sites\/4\/2023\/04\/principles-768x513.jpg\" class=\"attachment-medium_large size-medium_large wp-image-2943\" alt=\"\" srcset=\"https:\/\/www.comverga.com\/deu\/wp-content\/uploads\/sites\/4\/2023\/04\/principles-768x513.jpg 768w, https:\/\/www.comverga.com\/deu\/wp-content\/uploads\/sites\/4\/2023\/04\/principles-300x200.jpg 300w, https:\/\/www.comverga.com\/deu\/wp-content\/uploads\/sites\/4\/2023\/04\/principles.jpg 1000w\" sizes=\"(max-width: 580px) 100vw, 580px\" \/>\t\t\t\t\t\t\t\t\t\t\t\t\t\t\t<\/div>\n\t\t\t\t<\/div>\n\t\t\t\t\t<\/div>\n\t\t<\/div>\n\t\t\t\t\t\t\t<\/div>\n\t\t<\/section>\n\t\t\t\t<section class=\"elementor-section elementor-top-section elementor-element elementor-element-5eda60e4 elementor-section-boxed elementor-section-height-default elementor-section-height-default\" data-id=\"5eda60e4\" data-element_type=\"section\">\n\t\t\t\t\t\t<div class=\"elementor-container elementor-column-gap-default\">\n\t\t\t\t\t<div class=\"elementor-column elementor-col-50 elementor-top-column elementor-element elementor-element-1bc33ded\" data-id=\"1bc33ded\" data-element_type=\"column\">\n\t\t\t<div class=\"elementor-widget-wrap elementor-element-populated\">\n\t\t\t\t\t\t\t\t<div class=\"elementor-element elementor-element-1e463b70 elementor-widget elementor-widget-image\" data-id=\"1e463b70\" data-element_type=\"widget\" data-widget_type=\"image.default\">\n\t\t\t\t<div class=\"elementor-widget-container\">\n\t\t\t\t\t\t\t\t\t\t\t\t\t\t\t<img loading=\"lazy\" decoding=\"async\" width=\"580\" height=\"329\" src=\"https:\/\/www.comverga.com\/deu\/wp-content\/uploads\/sites\/4\/2023\/06\/Detail_mechaniky-768x435.webp\" class=\"attachment-medium_large size-medium_large wp-image-3155\" alt=\"\" srcset=\"https:\/\/www.comverga.com\/deu\/wp-content\/uploads\/sites\/4\/2023\/06\/Detail_mechaniky-768x435.webp 768w, https:\/\/www.comverga.com\/deu\/wp-content\/uploads\/sites\/4\/2023\/06\/Detail_mechaniky-300x170.webp 300w, https:\/\/www.comverga.com\/deu\/wp-content\/uploads\/sites\/4\/2023\/06\/Detail_mechaniky.webp 985w\" sizes=\"(max-width: 580px) 100vw, 580px\" \/>\t\t\t\t\t\t\t\t\t\t\t\t\t\t\t<\/div>\n\t\t\t\t<\/div>\n\t\t\t\t\t<\/div>\n\t\t<\/div>\n\t\t\t\t<div class=\"elementor-column elementor-col-50 elementor-top-column elementor-element elementor-element-2740d6c2\" data-id=\"2740d6c2\" data-element_type=\"column\">\n\t\t\t<div class=\"elementor-widget-wrap elementor-element-populated\">\n\t\t\t\t\t\t\t\t<div class=\"elementor-element elementor-element-5e45b3a5 elementor-widget elementor-widget-text-editor\" data-id=\"5e45b3a5\" data-element_type=\"widget\" data-widget_type=\"text-editor.default\">\n\t\t\t\t<div class=\"elementor-widget-container\">\n\t\t\t\t\t\t\t<h3 style=\"margin-top: 0;\"><strong>\u00a0Mechanika<\/strong><\/h3><p>COMVERGA Omnichannel obsahuje p\u0159eddefinovan\u00e9 typy jednotliv\u00fdch kampan\u00ed, tzv. mechaniky, s mo\u017enost\u00ed vytvo\u0159it novou mechaniku pro konkr\u00e9tn\u00ed projekt.<br \/>St\u00e1vaj\u00edc\u00ed mechaniky nab\u00edzej\u00ed Outbound i Inbound kampan\u011b s\u00a0mo\u017enost\u00ed v\u00fdb\u011bru, p\u0159\u00edmou objedn\u00e1vkou, platbou apod.<\/p>\t\t\t\t\t\t<\/div>\n\t\t\t\t<\/div>\n\t\t\t\t\t<\/div>\n\t\t<\/div>\n\t\t\t\t\t\t\t<\/div>\n\t\t<\/section>\n\t\t\t\t<section class=\"elementor-section elementor-top-section elementor-element elementor-element-78fa17cb elementor-section-boxed elementor-section-height-default elementor-section-height-default\" data-id=\"78fa17cb\" data-element_type=\"section\">\n\t\t\t\t\t\t<div class=\"elementor-container elementor-column-gap-default\">\n\t\t\t\t\t<div class=\"elementor-column elementor-col-50 elementor-top-column elementor-element elementor-element-68db54c4\" data-id=\"68db54c4\" data-element_type=\"column\">\n\t\t\t<div class=\"elementor-widget-wrap elementor-element-populated\">\n\t\t\t\t\t\t\t\t<div class=\"elementor-element elementor-element-56624d6d elementor-widget elementor-widget-text-editor\" data-id=\"56624d6d\" data-element_type=\"widget\" data-widget_type=\"text-editor.default\">\n\t\t\t\t<div class=\"elementor-widget-container\">\n\t\t\t\t\t\t\t<h3 style=\"margin-top: 0;\"><strong>Definice kan\u00e1l\u016f a jejich priorit<\/strong><\/h3><ul><li>Priority se nastavuj\u00ed individu\u00e1ln\u011b<\/li><li>Snaha zvolit nejvhodn\u011bj\u0161\u00ed kan\u00e1l<\/li><li>Vhodnost kan\u00e1lu per kampa\u0148 nebo per partnera<\/li><li>Vyu\u017eit\u00ed preferovan\u00e9ho a cenov\u011b optim\u00e1ln\u00edho kan\u00e1lu<\/li><li>Volba kan\u00e1lu dle dostupn\u00fdch dat o z\u00e1kazn\u00edkovi<\/li><li>Volba dle prezence u\u017eivatele v jin\u00fdch messengerech<\/li><\/ul>\t\t\t\t\t\t<\/div>\n\t\t\t\t<\/div>\n\t\t\t\t\t<\/div>\n\t\t<\/div>\n\t\t\t\t<div class=\"elementor-column elementor-col-50 elementor-top-column elementor-element elementor-element-2b07fa62\" data-id=\"2b07fa62\" data-element_type=\"column\">\n\t\t\t<div class=\"elementor-widget-wrap elementor-element-populated\">\n\t\t\t\t\t\t\t\t<div class=\"elementor-element elementor-element-192978e8 elementor-widget elementor-widget-image\" data-id=\"192978e8\" data-element_type=\"widget\" data-widget_type=\"image.default\">\n\t\t\t\t<div class=\"elementor-widget-container\">\n\t\t\t\t\t\t\t\t\t\t\t\t\t\t\t<img loading=\"lazy\" decoding=\"async\" width=\"580\" height=\"379\" src=\"https:\/\/www.comverga.com\/deu\/wp-content\/uploads\/sites\/4\/2023\/06\/Detail_priority-768x502.jpg\" class=\"attachment-medium_large size-medium_large wp-image-3156\" alt=\"\" srcset=\"https:\/\/www.comverga.com\/deu\/wp-content\/uploads\/sites\/4\/2023\/06\/Detail_priority-768x502.jpg 768w, https:\/\/www.comverga.com\/deu\/wp-content\/uploads\/sites\/4\/2023\/06\/Detail_priority-300x196.jpg 300w, https:\/\/www.comverga.com\/deu\/wp-content\/uploads\/sites\/4\/2023\/06\/Detail_priority.jpg 1000w\" sizes=\"(max-width: 580px) 100vw, 580px\" \/>\t\t\t\t\t\t\t\t\t\t\t\t\t\t\t<\/div>\n\t\t\t\t<\/div>\n\t\t\t\t\t<\/div>\n\t\t<\/div>\n\t\t\t\t\t\t\t<\/div>\n\t\t<\/section>\n\t\t\t\t<section class=\"elementor-section elementor-top-section elementor-element elementor-element-449e01d elementor-section-boxed elementor-section-height-default elementor-section-height-default\" data-id=\"449e01d\" data-element_type=\"section\">\n\t\t\t\t\t\t<div class=\"elementor-container elementor-column-gap-default\">\n\t\t\t\t\t<div class=\"elementor-column elementor-col-50 elementor-top-column elementor-element elementor-element-47e9d7ec\" data-id=\"47e9d7ec\" data-element_type=\"column\">\n\t\t\t<div class=\"elementor-widget-wrap elementor-element-populated\">\n\t\t\t\t\t\t\t\t<div class=\"elementor-element elementor-element-79cf83fb elementor-widget elementor-widget-image\" data-id=\"79cf83fb\" data-element_type=\"widget\" data-widget_type=\"image.default\">\n\t\t\t\t<div class=\"elementor-widget-container\">\n\t\t\t\t\t\t\t\t\t\t\t\t\t\t\t<img loading=\"lazy\" decoding=\"async\" width=\"580\" height=\"435\" src=\"https:\/\/www.comverga.com\/deu\/wp-content\/uploads\/sites\/4\/2023\/06\/SDP_campaign.jpg\" class=\"attachment-large size-large wp-image-3157\" alt=\"\" srcset=\"https:\/\/www.comverga.com\/deu\/wp-content\/uploads\/sites\/4\/2023\/06\/SDP_campaign.jpg 813w, https:\/\/www.comverga.com\/deu\/wp-content\/uploads\/sites\/4\/2023\/06\/SDP_campaign-300x225.jpg 300w, https:\/\/www.comverga.com\/deu\/wp-content\/uploads\/sites\/4\/2023\/06\/SDP_campaign-768x576.jpg 768w\" sizes=\"(max-width: 580px) 100vw, 580px\" \/>\t\t\t\t\t\t\t\t\t\t\t\t\t\t\t<\/div>\n\t\t\t\t<\/div>\n\t\t\t\t\t<\/div>\n\t\t<\/div>\n\t\t\t\t<div class=\"elementor-column elementor-col-50 elementor-top-column elementor-element elementor-element-dec2fba\" data-id=\"dec2fba\" data-element_type=\"column\">\n\t\t\t<div class=\"elementor-widget-wrap elementor-element-populated\">\n\t\t\t\t\t\t\t\t<div class=\"elementor-element elementor-element-19e7f2e9 elementor-widget elementor-widget-text-editor\" data-id=\"19e7f2e9\" data-element_type=\"widget\" data-widget_type=\"text-editor.default\">\n\t\t\t\t<div class=\"elementor-widget-container\">\n\t\t\t\t\t\t\t<h4 style=\"margin-top: 0; margin-bottom: 5px;\"><strong>GUI<\/strong><\/h4><ul><li>Vyu\u017eit\u00ed prost\u0159ed\u00ed COMVERGA Service Delivery Platform<\/li><li>Spr\u00e1va kontakt\u016f, skupin, zdroj\u016f, u\u017eivatel\u016f, inboxu<\/li><li>Snadn\u00e1 definice kampan\u011b, mechanik<\/li><\/ul><h4 style=\"margin: 5px 0;\"><strong>API<\/strong><\/h4><ul><li>Maxim\u00e1ln\u011b mo\u017en\u00e1 funkcionalita jako v\u00a0GUI<\/li><li>Jednotn\u00e9 API nap\u0159\u00ed\u010d kan\u00e1ly<\/li><li>Zabezpe\u010den\u00e1 komunikace<\/li><li>Zjednodu\u0161en\u00e1 integrace<\/li><li>Mo\u017enost automaticky vygenerovat k\u00f3d do v\u00edce ne\u017e 50 programovac\u00edch jazyk\u016f<\/li><\/ul>\t\t\t\t\t\t<\/div>\n\t\t\t\t<\/div>\n\t\t\t\t\t<\/div>\n\t\t<\/div>\n\t\t\t\t\t\t\t<\/div>\n\t\t<\/section>\n\t\t\t\t<section class=\"elementor-section elementor-top-section elementor-element elementor-element-29db4ea elementor-section-boxed elementor-section-height-default elementor-section-height-default\" data-id=\"29db4ea\" data-element_type=\"section\">\n\t\t\t\t\t\t<div class=\"elementor-container elementor-column-gap-default\">\n\t\t\t\t\t<div class=\"elementor-column elementor-col-50 elementor-top-column elementor-element elementor-element-6b13c182\" data-id=\"6b13c182\" data-element_type=\"column\">\n\t\t\t<div class=\"elementor-widget-wrap elementor-element-populated\">\n\t\t\t\t\t\t\t\t<div class=\"elementor-element elementor-element-1963b208 elementor-widget elementor-widget-text-editor\" data-id=\"1963b208\" data-element_type=\"widget\" data-widget_type=\"text-editor.default\">\n\t\t\t\t<div class=\"elementor-widget-container\">\n\t\t\t\t\t\t\t<h3 style=\"margin-top: 0;\"><strong>Dostupn\u00e9 a podporovan\u00e9 kan\u00e1ly<\/strong><\/h3><ul><li>SMS<\/li><li>E-mailem<\/li><li>MMS<\/li><li>RCS<\/li><li>telegram<\/li><li>Hlasov\u00e9 zpr\u00e1vy<\/li><li>Webov\u00e9 microsity<\/li><li>Dal\u0161\u00ed messenger aplikace<\/li><\/ul>\t\t\t\t\t\t<\/div>\n\t\t\t\t<\/div>\n\t\t\t\t\t<\/div>\n\t\t<\/div>\n\t\t\t\t<div class=\"elementor-column elementor-col-50 elementor-top-column elementor-element elementor-element-3db9fad2\" data-id=\"3db9fad2\" data-element_type=\"column\">\n\t\t\t<div class=\"elementor-widget-wrap elementor-element-populated\">\n\t\t\t\t\t\t\t\t<div class=\"elementor-element elementor-element-7628ccc1 elementor-widget elementor-widget-image\" data-id=\"7628ccc1\" data-element_type=\"widget\" data-widget_type=\"image.default\">\n\t\t\t\t<div class=\"elementor-widget-container\">\n\t\t\t\t\t\t\t\t\t\t\t\t\t\t\t<img loading=\"lazy\" decoding=\"async\" width=\"500\" height=\"474\" src=\"https:\/\/www.comverga.com\/deu\/wp-content\/uploads\/sites\/4\/2023\/06\/Detail_kanaly.jpg\" class=\"attachment-large size-large wp-image-3158\" alt=\"\" srcset=\"https:\/\/www.comverga.com\/deu\/wp-content\/uploads\/sites\/4\/2023\/06\/Detail_kanaly.jpg 500w, https:\/\/www.comverga.com\/deu\/wp-content\/uploads\/sites\/4\/2023\/06\/Detail_kanaly-300x284.jpg 300w\" sizes=\"(max-width: 500px) 100vw, 500px\" \/>\t\t\t\t\t\t\t\t\t\t\t\t\t\t\t<\/div>\n\t\t\t\t<\/div>\n\t\t\t\t\t<\/div>\n\t\t<\/div>\n\t\t\t\t\t\t\t<\/div>\n\t\t<\/section>\n\t\t\t\t<section class=\"elementor-section elementor-top-section elementor-element elementor-element-3ee1782 elementor-section-boxed elementor-section-height-default elementor-section-height-default\" data-id=\"3ee1782\" data-element_type=\"section\">\n\t\t\t\t\t\t<div class=\"elementor-container elementor-column-gap-default\">\n\t\t\t\t\t<div class=\"elementor-column elementor-col-50 elementor-top-column elementor-element elementor-element-c0d9ecd\" data-id=\"c0d9ecd\" data-element_type=\"column\">\n\t\t\t<div class=\"elementor-widget-wrap elementor-element-populated\">\n\t\t\t\t\t\t\t\t<div class=\"elementor-element elementor-element-cb64603 elementor-widget elementor-widget-image\" data-id=\"cb64603\" data-element_type=\"widget\" data-widget_type=\"image.default\">\n\t\t\t\t<div class=\"elementor-widget-container\">\n\t\t\t\t\t\t\t\t\t\t\t\t\t\t\t<img decoding=\"async\" src=\"https:\/\/www.comverga.com\/cze\/wp-content\/uploads\/sites\/3\/2023\/06\/Detail_vyuziti.webp\" title=\"\" alt=\"\" loading=\"lazy\" \/>\t\t\t\t\t\t\t\t\t\t\t\t\t\t\t<\/div>\n\t\t\t\t<\/div>\n\t\t\t\t\t<\/div>\n\t\t<\/div>\n\t\t\t\t<div class=\"elementor-column elementor-col-50 elementor-top-column elementor-element elementor-element-91a0b74\" data-id=\"91a0b74\" data-element_type=\"column\">\n\t\t\t<div class=\"elementor-widget-wrap elementor-element-populated\">\n\t\t\t\t\t\t\t\t<div class=\"elementor-element elementor-element-6cb6bdb elementor-widget elementor-widget-text-editor\" data-id=\"6cb6bdb\" data-element_type=\"widget\" data-widget_type=\"text-editor.default\">\n\t\t\t\t<div class=\"elementor-widget-container\">\n\t\t\t\t\t\t\t<h3 style=\"margin-top: 0;\"><strong>Mo\u017enosti vyu\u017eit\u00ed<\/strong><\/h3><ul><li>Marketingov\u00e9 kampan\u011b<\/li><li>Prodej<\/li><li>Dokon\u010dete proces objedn\u00e1vky<\/li><li>Akvizice<\/li><li>Autorizace<\/li><li>Z\u00e1kaznick\u00e1 p\u00e9\u010de<\/li><li>P\u0159ipom\u00ednky a upozorn\u011bn\u00ed<\/li><li>Infokan\u00e1l<\/li><\/ul>\t\t\t\t\t\t<\/div>\n\t\t\t\t<\/div>\n\t\t\t\t\t<\/div>\n\t\t<\/div>\n\t\t\t\t\t\t\t<\/div>\n\t\t<\/section>\n\t\t\t\t\t\t\t<\/div>","protected":false},"excerpt":{"rendered":"<p>Omnichannel Detaily \u0159e\u0161en\u00ed Integrace kan\u00e1l\u016f COMVERGA Omnichannel nab\u00edz\u00ed integraci r\u016fzn\u00fdch komunika\u010dn\u00edch kan\u00e1l\u016f do jedn\u00e9 platformy a definici pravidel pro jejich pou\u017eit\u00ed. P\u0159edvolby lze nastavit v z\u00e1vislosti na koncov\u00e9m u\u017eivateli, v z\u00e1vislosti na po\u017eadavc\u00edch partnera nebo v z\u00e1vislosti na dostupnosti komunika\u010dn\u00edho kan\u00e1lu. Platforma v\u00e1m nab\u00edz\u00ed mo\u017enost vytvo\u0159it si vlastn\u00ed zna\u010dkovou aplikaci pro zas\u00edl\u00e1n\u00ed zpr\u00e1v pro [\u2026]<\/p>","protected":false},"author":1,"featured_media":3147,"parent":3145,"menu_order":5,"comment_status":"closed","ping_status":"closed","template":"","meta":{"footnotes":""},"_links":{"self":[{"href":"https:\/\/www.comverga.com\/deu\/cs\/wp-json\/wp\/v2\/pages\/3151"}],"collection":[{"href":"https:\/\/www.comverga.com\/deu\/cs\/wp-json\/wp\/v2\/pages"}],"about":[{"href":"https:\/\/www.comverga.com\/deu\/cs\/wp-json\/wp\/v2\/types\/page"}],"author":[{"embeddable":true,"href":"https:\/\/www.comverga.com\/deu\/cs\/wp-json\/wp\/v2\/users\/1"}],"replies":[{"embeddable":true,"href":"https:\/\/www.comverga.com\/deu\/cs\/wp-json\/wp\/v2\/comments?post=3151"}],"version-history":[{"count":7,"href":"https:\/\/www.comverga.com\/deu\/cs\/wp-json\/wp\/v2\/pages\/3151\/revisions"}],"predecessor-version":[{"id":3380,"href":"https:\/\/www.comverga.com\/deu\/cs\/wp-json\/wp\/v2\/pages\/3151\/revisions\/3380"}],"up":[{"embeddable":true,"href":"https:\/\/www.comverga.com\/deu\/cs\/wp-json\/wp\/v2\/pages\/3145"}],"wp:featuredmedia":[{"embeddable":true,"href":"https:\/\/www.comverga.com\/deu\/cs\/wp-json\/wp\/v2\/media\/3147"}],"wp:attachment":[{"href":"https:\/\/www.comverga.com\/deu\/cs\/wp-json\/wp\/v2\/media?parent=3151"}],"curies":[{"name":"wp","href":"https:\/\/api.w.org\/{rel}","templated":true}]}}