{"id":3165,"date":"2023-06-14T14:37:35","date_gmt":"2023-06-14T12:37:35","guid":{"rendered":"https:\/\/www.comverga.com\/deu\/?page_id=3165"},"modified":"2023-12-13T13:07:40","modified_gmt":"2023-12-13T12:07:40","slug":"coop-mobil-virtueller-mobilfunkbetreiber","status":"publish","type":"page","link":"https:\/\/www.comverga.com\/deu\/cs\/dienstleistungen\/aggregation-der-konnektivitaet\/omnichannel\/coop-mobil-virtueller-mobilfunkbetreiber\/","title":{"rendered":"Virtu\u00e1ln\u00ed mobiln\u00ed oper\u00e1tor COOP Mobil"},"content":{"rendered":"<div data-elementor-type=\"wp-page\" data-elementor-id=\"3165\" class=\"elementor elementor-3165\">\n\t\t\t\t\t\t\t\t\t<section class=\"elementor-section elementor-top-section elementor-element elementor-element-61aae5ea elementor-section-boxed elementor-section-height-default elementor-section-height-default\" data-id=\"61aae5ea\" data-element_type=\"section\">\n\t\t\t\t\t\t<div class=\"elementor-container elementor-column-gap-default\">\n\t\t\t\t\t<div class=\"elementor-column elementor-col-50 elementor-top-column elementor-element elementor-element-7af723c3\" data-id=\"7af723c3\" data-element_type=\"column\">\n\t\t\t<div class=\"elementor-widget-wrap elementor-element-populated\">\n\t\t\t\t\t\t\t\t<div class=\"elementor-element elementor-element-3d83f671 elementor-widget elementor-widget-text-editor\" data-id=\"3d83f671\" data-element_type=\"widget\" data-widget_type=\"text-editor.default\">\n\t\t\t\t<div class=\"elementor-widget-container\">\n\t\t\t\t\t\t\t<div class=\"usecase-text\"><h2 style=\"text-align: left; margin-top: 0;\">COOP Mobil<\/h2><p class=\"translation-block\">Mobiln\u00ed oper\u00e1tor COOP Mobil odm\u011b\u0148uje z\u00e1kazn\u00edky za n\u00e1kupy v\u00a0prodejn\u00e1ch COOP. Pokud si z\u00e1kazn\u00edk p\u0159i n\u00e1kupu na pokladn\u011b na\u010dte z\u00e1kaznickou kartu a spln\u00ed podm\u00ednky programu, z\u00edsk\u00e1v\u00e1 voln\u00e9 jednotky na vol\u00e1n\u00ed nebo slevu na COOP Mobil slu\u017eby.<\/p><\/div>\t\t\t\t\t\t<\/div>\n\t\t\t\t<\/div>\n\t\t\t\t\t<\/div>\n\t\t<\/div>\n\t\t\t\t<div class=\"elementor-column elementor-col-50 elementor-top-column elementor-element elementor-element-79ec98d5\" data-id=\"79ec98d5\" data-element_type=\"column\">\n\t\t\t<div class=\"elementor-widget-wrap elementor-element-populated\">\n\t\t\t\t\t\t\t\t<div class=\"elementor-element elementor-element-4e111777 elementor-widget elementor-widget-image\" data-id=\"4e111777\" data-element_type=\"widget\" data-widget_type=\"image.default\">\n\t\t\t\t<div class=\"elementor-widget-container\">\n\t\t\t\t\t\t\t\t\t\t\t\t\t\t\t<img fetchpriority=\"high\" decoding=\"async\" width=\"580\" height=\"352\" src=\"https:\/\/www.comverga.com\/deu\/wp-content\/uploads\/sites\/4\/2023\/04\/coopmobil-1024x622.jpg\" class=\"attachment-large size-large wp-image-2958\" alt=\"\" srcset=\"https:\/\/www.comverga.com\/deu\/wp-content\/uploads\/sites\/4\/2023\/04\/coopmobil-1024x622.jpg 1024w, https:\/\/www.comverga.com\/deu\/wp-content\/uploads\/sites\/4\/2023\/04\/coopmobil-300x182.jpg 300w, https:\/\/www.comverga.com\/deu\/wp-content\/uploads\/sites\/4\/2023\/04\/coopmobil-768x467.jpg 768w, https:\/\/www.comverga.com\/deu\/wp-content\/uploads\/sites\/4\/2023\/04\/coopmobil-1200x729.jpg 1200w, https:\/\/www.comverga.com\/deu\/wp-content\/uploads\/sites\/4\/2023\/04\/coopmobil.jpg 1318w\" sizes=\"(max-width: 580px) 100vw, 580px\" \/>\t\t\t\t\t\t\t\t\t\t\t\t\t\t\t<\/div>\n\t\t\t\t<\/div>\n\t\t\t\t\t<\/div>\n\t\t<\/div>\n\t\t\t\t\t\t\t<\/div>\n\t\t<\/section>\n\t\t\t\t<section class=\"elementor-section elementor-top-section elementor-element elementor-element-7799992e elementor-section-boxed elementor-section-height-default elementor-section-height-default\" data-id=\"7799992e\" data-element_type=\"section\">\n\t\t\t\t\t\t<div class=\"elementor-container elementor-column-gap-default\">\n\t\t\t\t\t<div class=\"elementor-column elementor-col-50 elementor-top-column elementor-element elementor-element-7807423c\" data-id=\"7807423c\" data-element_type=\"column\">\n\t\t\t<div class=\"elementor-widget-wrap elementor-element-populated\">\n\t\t\t\t\t\t\t\t<div class=\"elementor-element elementor-element-108119ec elementor-widget elementor-widget-sidebar\" data-id=\"108119ec\" data-element_type=\"widget\" data-widget_type=\"sidebar.default\">\n\t\t\t\t<div class=\"elementor-widget-container\">\n\t\t\t<div id=\"widget-box\" class=\"smart-watch\">\n\t<img decoding=\"async\" src=\"https:\/\/www.coopmobil.cz\/wp-content\/uploads\/2021\/04\/coop-mobil-logo.svg\"><br>\n\t<span>Odv\u011btv\u00ed<\/span>\n<p>\n\t\tTelekomunika\u010dn\u00ed oper\u00e1tor \u2013 retail\n\t<\/p>\n<span>produkt<\/span>\n<p>\n\t\tBundle chytr\u00e9 hodinky + datov\u00e1 konektivita\n\t<\/p>\n<\/div>\n<div id=\"widget-box\" class=\"operator\">\n\t<img decoding=\"async\" src=\"https:\/\/www.coopmobil.cz\/wp-content\/uploads\/2021\/04\/coop-mobil-logo.svg\"><br>\n\t<span>Odv\u011btv\u00ed<\/span>\n<p>\n\t\tTelekomunika\u010dn\u00ed oper\u00e1tor \u2013 retail\n\t<\/p>\n<span>produkt<\/span>\n<p>\n\t\tRealizace v\u011brnostn\u00edho programu\n\t<\/p>\n<\/div>\n<div id=\"widget-box\" class=\"caravan\">\n<img decoding=\"async\" src=\"\/deu\/wp-content\/uploads\/sites\/4\/2023\/04\/caravan-logo.jpg\"><br>\n<span>Odv\u011btv\u00ed<\/span>\n<p class=\"translation-block\">GPS sledovac\u00ed syst\u00e9my pro vozidla, datov\u00e1 konektivita <\/p>\n<span>produkt<\/span>\n<p class=\"translation-block\">\u0158e\u0161en\u00ed pro p\u0159\u00edstup k internetu na cest\u00e1ch <\/p>\n<\/div>\n<div id=\"widget-box\" class=\"support\">\n\t<img decoding=\"async\" src=\"https:\/\/www.coopmobil.cz\/wp-content\/uploads\/2021\/04\/coop-mobil-logo.svg\"><br>\n\t<span>Odv\u011btv\u00ed<\/span>\n<p>\n\t\tTelekomunika\u010dn\u00ed oper\u00e1tor \u2013 retail\n\t<\/p>\n<span>produkt<\/span>\n<p>\n\t\tPr\u016fvodce z\u00e1kaznickou podporou\n\t<\/p>\n<\/div>\n<div id=\"widget-box\" class=\"camera\">\n<img decoding=\"async\" src=\"\/deu\/wp-content\/uploads\/sites\/4\/2023\/04\/camera-logo.jpg\"><br>\n<span>Odv\u011btv\u00ed<\/span>\n<p>\n\t\tZabezpe\u010dovac\u00ed syst\u00e9my\n\t<\/p>\n<span>produkt<\/span>\n<p>\n\t\tKamery s\u00a0on-line streamov\u00e1n\u00edm\n\t<\/p>\n<\/div>\n<div id=\"widget-box\" class=\"event\">\n\t<img decoding=\"async\" src=\"\/cze\/wp-content\/uploads\/sites\/3\/2023\/04\/event-logo.png\" style=\"width: 50px\"><br>\n\t<span>Odv\u011btv\u00ed<\/span>\n<p>\n\t\tEvent agentura\n\t<\/p>\n<span>produkt<\/span>\n<p>\n\t\tOrganizace eventu - komunikace s \u00fa\u010dastn\u00edky\n\t<\/p>\n<\/div>\n<div id=\"widget-box\" class=\"competition\">\n\t<img decoding=\"async\" src=\"\/cze\/wp-content\/uploads\/sites\/3\/2023\/04\/competition-logo.png\" style=\"width: 50px\"><br>\n\t<span>Odv\u011btv\u00ed<\/span>\n<p>\n\t\tMaloobchod a spot\u0159ebn\u00ed zbo\u017e\u00ed\n\t<\/p>\n<span>produkt<\/span>\n<p>\n\t\tSpot\u0159ebitelsk\u00e1 sout\u011b\u017e\n\t<\/p>\n<\/div>\n<div id=\"widget-box\" class=\"marketing\">\n\t<img decoding=\"async\" src=\"\/deu\/wp-content\/uploads\/sites\/3\/2023\/06\/marketing-logo.png\" style=\"width: 50px\"><br>\n\t<span>Odv\u011btv\u00ed<\/span>\n<p>\n\t\tMarketingov\u00e1 komunikace\n\t<\/p>\n<span>produkt<\/span>\n<p>\n\t\tRealizace marketingov\u00fdch rozes\u00edlek\n\t<\/p>\n<\/div>\n<div id=\"widget-box\" class=\"fmcg\">\n\t<img decoding=\"async\" src=\"\/deu\/wp-content\/uploads\/sites\/3\/2023\/06\/fmcg-logo.png\" style=\"width: 50px\"><br>\n\t<span>Odv\u011btv\u00ed<\/span>\n<p>\n\t\tFMCG<br>Rychloobr\u00e1tkov\u00e9 spot\u0159ebn\u00ed zbo\u017e\u00ed\n\t<\/p>\n<span>produkt<\/span>\n<p>\n\t\tPotraviny, n\u00e1poje, drogerie\n\t<\/p>\n<\/div>\n\n<div id=\"widget-box\" class=\"iot\">\n\t<img decoding=\"async\" src=\"\/cze\/wp-content\/uploads\/sites\/3\/2025\/09\/iot_icon.png\" style=\"width: 50px\"><br>\n\t<span>Odv\u011btv\u00ed<\/span>\n<p>\n\t\tIoT, SIM\/eSIM management\n\t<\/p>\n<span>produkt<\/span>\n<p>\n\t\tIoT senzory pro pr\u016fmysl, dom\u00e1cnosti \n\t<\/p>\n<\/div>\n\n<div id=\"widget-box\" class=\"truck\">\n\t<img decoding=\"async\" src=\"\/cze\/wp-content\/uploads\/sites\/3\/2025\/09\/truck_monitoring.png\" style=\"width: 50px\"><br>\n\t<span>Odv\u011btv\u00ed<\/span>\n<p>\n\t\tIoT, SIM\/eSIM management\n\t<\/p>\n<span>produkt<\/span>\n<p>\n\t\t eSIM pro monitoring vozidel \n\t<\/p>\n<\/div>\n\n<div id=\"widget-box\" class=\"drone\">\n\t<img decoding=\"async\" src=\"\/cze\/wp-content\/uploads\/sites\/3\/2025\/09\/drone_icon.png\" style=\"width: 80px\"><br>\n\t<span>Odv\u011btv\u00ed<\/span>\n<p>\n\t\t IoT, SIM\/eSIM management \n\t<\/p>\n<span>produkt<\/span>\n<p>\n\t\t eSIM pro flotilu dron\u016f \n\t<\/p>\n<\/div>\t\t<\/div>\n\t\t\t\t<\/div>\n\t\t\t\t\t<\/div>\n\t\t<\/div>\n\t\t\t\t<div class=\"elementor-column elementor-col-50 elementor-top-column elementor-element elementor-element-3bf1b955\" data-id=\"3bf1b955\" data-element_type=\"column\">\n\t\t\t<div class=\"elementor-widget-wrap elementor-element-populated\">\n\t\t\t\t\t\t\t\t<div class=\"elementor-element elementor-element-4688f5eb elementor-widget elementor-widget-text-editor\" data-id=\"4688f5eb\" data-element_type=\"widget\" data-widget_type=\"text-editor.default\">\n\t\t\t\t<div class=\"elementor-widget-container\">\n\t\t\t\t\t\t\t<p class=\"translation-block\">COOP Mobil \u0159e\u0161il propojen\u00ed pokladn\u00edch syst\u00e9m\u016f COOP se syst\u00e9my COOP Mobil pro automatick\u00e9 vyhodnocov\u00e1n\u00ed n\u00e1rok\u016f na odm\u011bny za n\u00e1kupy, jejich aktivaci a komunikace odm\u011bny na z\u00e1kazn\u00edky.<\/p><p class=\"translation-block\">D\u00edky \u0159e\u0161en\u00ed COMVERGA Omnichannel COOP Mobil z\u00edskal pln\u011b automatizovan\u00fd proces pro spr\u00e1vu, vyhodnocov\u00e1n\u00ed a komunikaci sv\u00e9ho v\u011brnostn\u00edho programu \u2013 Bonus program, kter\u00fd umo\u017enil pln\u011b automatick\u00e9 p\u0159id\u011blovan\u00ed jednotliv\u00fdch odm\u011bn a bonus\u016f koncov\u00fdm u\u017eivatel\u016fm.<\/p>\t\t\t\t\t\t<\/div>\n\t\t\t\t<\/div>\n\t\t\t\t\t<\/div>\n\t\t<\/div>\n\t\t\t\t\t\t\t<\/div>\n\t\t<\/section>\n\t\t\t\t<section class=\"elementor-section elementor-top-section elementor-element elementor-element-214eeb27 elementor-section-boxed elementor-section-height-default elementor-section-height-default\" data-id=\"214eeb27\" data-element_type=\"section\">\n\t\t\t\t\t\t<div class=\"elementor-container elementor-column-gap-default\">\n\t\t\t\t\t<div class=\"elementor-column elementor-col-50 elementor-top-column elementor-element elementor-element-18023a89\" data-id=\"18023a89\" data-element_type=\"column\" data-settings=\"{&quot;background_background&quot;:&quot;classic&quot;}\">\n\t\t\t<div class=\"elementor-widget-wrap elementor-element-populated\">\n\t\t\t\t\t\t\t\t<div class=\"elementor-element elementor-element-160c5b96 elementor-widget elementor-widget-text-editor\" data-id=\"160c5b96\" data-element_type=\"widget\" data-widget_type=\"text-editor.default\">\n\t\t\t\t<div class=\"elementor-widget-container\">\n\t\t\t\t\t\t\t<h3><strong>Co partner z\u00edskal:<\/strong><\/h3><ul><li>Pln\u011b automatizovan\u00fd BONUS program<\/li><li>Efektivn\u00ed komunikace se z\u00e1kazn\u00edky<\/li><li>Prost\u0159ed\u00ed na podporu z\u00e1kaznick\u00e9 b\u00e1ze<\/li><li>Obousm\u011brn\u00e1 komunikace se z\u00e1kazn\u00edky<\/li><\/ul>\t\t\t\t\t\t<\/div>\n\t\t\t\t<\/div>\n\t\t\t\t\t<\/div>\n\t\t<\/div>\n\t\t\t\t<div class=\"elementor-column elementor-col-50 elementor-top-column elementor-element elementor-element-78c0385a\" data-id=\"78c0385a\" data-element_type=\"column\" data-settings=\"{&quot;background_background&quot;:&quot;classic&quot;}\">\n\t\t\t<div class=\"elementor-widget-wrap elementor-element-populated\">\n\t\t\t\t\t\t\t\t<div class=\"elementor-element elementor-element-1c25d2dc elementor-widget elementor-widget-text-editor\" data-id=\"1c25d2dc\" data-element_type=\"widget\" data-widget_type=\"text-editor.default\">\n\t\t\t\t<div class=\"elementor-widget-container\">\n\t\t\t\t\t\t\t<h3><strong>COMVERGA zajis\u0165uje:<\/strong><\/h3><ul><li>Integrace s pokladn\u00edmi syst\u00e9my COOP<\/li><li>Kompletn\u00ed logika ov\u011b\u0159ov\u00e1n\u00ed n\u00e1roku na odm\u011bnu<\/li><li>Automatizovan\u00e9 p\u0159id\u011blov\u00e1n\u00ed odm\u011bn<\/li><li>Komunikace se z\u00e1kazn\u00edkem zvolen\u00fdm kan\u00e1lem<\/li><\/ul>\t\t\t\t\t\t<\/div>\n\t\t\t\t<\/div>\n\t\t\t\t\t<\/div>\n\t\t<\/div>\n\t\t\t\t\t\t\t<\/div>\n\t\t<\/section>\n\t\t\t\t\t\t\t<\/div>","protected":false},"excerpt":{"rendered":"<p>Virtu\u00e1ln\u00ed mobiln\u00ed oper\u00e1tor COOP Mobil Mobiln\u00ed oper\u00e1tor COOP Mobil odm\u011b\u0148uje sv\u00e9 z\u00e1kazn\u00edky za n\u00e1kupy v prodejn\u00e1ch COOP. Pokud si z\u00e1kazn\u00edk dobije v\u011brnostn\u00ed kartu na pokladn\u011b a spln\u00ed podm\u00ednky programu, z\u00edsk\u00e1 voln\u00e9 jednotky na vol\u00e1n\u00ed nebo slevu na slu\u017eby COOP Mobil COOP Mobil vy\u0159e\u0161il propojen\u00ed POS syst\u00e9m\u016f COOP se syst\u00e9my [\u2026]<\/p>","protected":false},"author":1,"featured_media":3147,"parent":3145,"menu_order":5,"comment_status":"closed","ping_status":"closed","template":"","meta":{"footnotes":""},"_links":{"self":[{"href":"https:\/\/www.comverga.com\/deu\/cs\/wp-json\/wp\/v2\/pages\/3165"}],"collection":[{"href":"https:\/\/www.comverga.com\/deu\/cs\/wp-json\/wp\/v2\/pages"}],"about":[{"href":"https:\/\/www.comverga.com\/deu\/cs\/wp-json\/wp\/v2\/types\/page"}],"author":[{"embeddable":true,"href":"https:\/\/www.comverga.com\/deu\/cs\/wp-json\/wp\/v2\/users\/1"}],"replies":[{"embeddable":true,"href":"https:\/\/www.comverga.com\/deu\/cs\/wp-json\/wp\/v2\/comments?post=3165"}],"version-history":[{"count":15,"href":"https:\/\/www.comverga.com\/deu\/cs\/wp-json\/wp\/v2\/pages\/3165\/revisions"}],"predecessor-version":[{"id":3635,"href":"https:\/\/www.comverga.com\/deu\/cs\/wp-json\/wp\/v2\/pages\/3165\/revisions\/3635"}],"up":[{"embeddable":true,"href":"https:\/\/www.comverga.com\/deu\/cs\/wp-json\/wp\/v2\/pages\/3145"}],"wp:featuredmedia":[{"embeddable":true,"href":"https:\/\/www.comverga.com\/deu\/cs\/wp-json\/wp\/v2\/media\/3147"}],"wp:attachment":[{"href":"https:\/\/www.comverga.com\/deu\/cs\/wp-json\/wp\/v2\/media?parent=3165"}],"curies":[{"name":"wp","href":"https:\/\/api.w.org\/{rel}","templated":true}]}}