{"id":3182,"date":"2023-06-14T14:56:01","date_gmt":"2023-06-14T12:56:01","guid":{"rendered":"https:\/\/www.comverga.com\/deu\/?page_id=3182"},"modified":"2023-12-13T13:08:05","modified_gmt":"2023-12-13T12:08:05","slug":"fuehrendes-fmcg-unternehmen","status":"publish","type":"page","link":"https:\/\/www.comverga.com\/deu\/cs\/dienstleistungen\/aggregation-der-konnektivitaet\/omnichannel\/fuehrendes-fmcg-unternehmen\/","title":{"rendered":"P\u0159edn\u00ed FMCG spole\u010dnost"},"content":{"rendered":"<div data-elementor-type=\"wp-page\" data-elementor-id=\"3182\" class=\"elementor elementor-3182\">\n\t\t\t\t\t\t\t\t\t<section class=\"elementor-section elementor-top-section elementor-element elementor-element-61aae5ea elementor-section-boxed elementor-section-height-default elementor-section-height-default\" data-id=\"61aae5ea\" data-element_type=\"section\">\n\t\t\t\t\t\t<div class=\"elementor-container elementor-column-gap-default\">\n\t\t\t\t\t<div class=\"elementor-column elementor-col-50 elementor-top-column elementor-element elementor-element-7af723c3\" data-id=\"7af723c3\" data-element_type=\"column\">\n\t\t\t<div class=\"elementor-widget-wrap elementor-element-populated\">\n\t\t\t\t\t\t\t\t<div class=\"elementor-element elementor-element-3d83f671 elementor-widget elementor-widget-text-editor\" data-id=\"3d83f671\" data-element_type=\"widget\" data-widget_type=\"text-editor.default\">\n\t\t\t\t<div class=\"elementor-widget-container\">\n\t\t\t\t\t\t\t<div class=\"usecase-text\"><h2 style=\"text-align: left; margin-top: 0;\">P\u0159edn\u00ed FMCG spole\u010dnost<\/h2><p>Partner je p\u0159edn\u00ed sv\u011btovou FMCG spole\u010dnost\u00ed s\u00a0histori\u00ed sahaj\u00edc\u00ed do 19.stolet\u00ed. V\u00a0jej\u00edm portfoliu jsou potravin\u00e1\u0159sk\u00e9 v\u00fdrobky, n\u00e1poje, drogistick\u00e9 zbo\u017e\u00ed a mnoho dal\u0161\u00edho. <br \/>V\u00a0r\u00e1mci sv\u00fdch marketingov\u00fdch aktivit komunikuj\u00ed se z\u00e1kazn\u00edky r\u016fzn\u00fdmi komunika\u010dn\u00edmi kan\u00e1ly (email, SMS, webov\u00e9 formul\u00e1\u0159e apod.).<\/p><\/div>\t\t\t\t\t\t<\/div>\n\t\t\t\t<\/div>\n\t\t\t\t\t<\/div>\n\t\t<\/div>\n\t\t\t\t<div class=\"elementor-column elementor-col-50 elementor-top-column elementor-element elementor-element-79ec98d5\" data-id=\"79ec98d5\" data-element_type=\"column\">\n\t\t\t<div class=\"elementor-widget-wrap elementor-element-populated\">\n\t\t\t\t\t\t\t\t<div class=\"elementor-element elementor-element-4e111777 elementor-widget elementor-widget-image\" data-id=\"4e111777\" data-element_type=\"widget\" data-widget_type=\"image.default\">\n\t\t\t\t<div class=\"elementor-widget-container\">\n\t\t\t\t\t\t\t\t\t\t\t\t\t\t\t<img fetchpriority=\"high\" decoding=\"async\" width=\"580\" height=\"387\" src=\"https:\/\/www.comverga.com\/deu\/wp-content\/uploads\/sites\/4\/2023\/06\/fmcg-1024x683.jpg\" class=\"attachment-large size-large wp-image-3183\" alt=\"\" srcset=\"https:\/\/www.comverga.com\/deu\/wp-content\/uploads\/sites\/4\/2023\/06\/fmcg-1024x683.jpg 1024w, https:\/\/www.comverga.com\/deu\/wp-content\/uploads\/sites\/4\/2023\/06\/fmcg-300x200.jpg 300w, https:\/\/www.comverga.com\/deu\/wp-content\/uploads\/sites\/4\/2023\/06\/fmcg-768x512.jpg 768w, https:\/\/www.comverga.com\/deu\/wp-content\/uploads\/sites\/4\/2023\/06\/fmcg-1200x800.jpg 1200w, https:\/\/www.comverga.com\/deu\/wp-content\/uploads\/sites\/4\/2023\/06\/fmcg.jpg 1362w\" sizes=\"(max-width: 580px) 100vw, 580px\" \/>\t\t\t\t\t\t\t\t\t\t\t\t\t\t\t<\/div>\n\t\t\t\t<\/div>\n\t\t\t\t\t<\/div>\n\t\t<\/div>\n\t\t\t\t\t\t\t<\/div>\n\t\t<\/section>\n\t\t\t\t<section class=\"elementor-section elementor-top-section elementor-element elementor-element-7799992e elementor-section-boxed elementor-section-height-default elementor-section-height-default\" data-id=\"7799992e\" data-element_type=\"section\">\n\t\t\t\t\t\t<div class=\"elementor-container elementor-column-gap-default\">\n\t\t\t\t\t<div class=\"elementor-column elementor-col-50 elementor-top-column elementor-element elementor-element-7807423c\" data-id=\"7807423c\" data-element_type=\"column\">\n\t\t\t<div class=\"elementor-widget-wrap elementor-element-populated\">\n\t\t\t\t\t\t\t\t<div class=\"elementor-element elementor-element-108119ec elementor-widget elementor-widget-sidebar\" data-id=\"108119ec\" data-element_type=\"widget\" data-widget_type=\"sidebar.default\">\n\t\t\t\t<div class=\"elementor-widget-container\">\n\t\t\t<div id=\"widget-box\" class=\"smart-watch\">\n\t<img decoding=\"async\" src=\"https:\/\/www.coopmobil.cz\/wp-content\/uploads\/2021\/04\/coop-mobil-logo.svg\"><br>\n\t<span>Odv\u011btv\u00ed<\/span>\n<p>\n\t\tTelekomunika\u010dn\u00ed oper\u00e1tor \u2013 retail\n\t<\/p>\n<span>produkt<\/span>\n<p>\n\t\tBundle chytr\u00e9 hodinky + datov\u00e1 konektivita\n\t<\/p>\n<\/div>\n<div id=\"widget-box\" class=\"operator\">\n\t<img decoding=\"async\" src=\"https:\/\/www.coopmobil.cz\/wp-content\/uploads\/2021\/04\/coop-mobil-logo.svg\"><br>\n\t<span>Odv\u011btv\u00ed<\/span>\n<p>\n\t\tTelekomunika\u010dn\u00ed oper\u00e1tor \u2013 retail\n\t<\/p>\n<span>produkt<\/span>\n<p>\n\t\tRealizace v\u011brnostn\u00edho programu\n\t<\/p>\n<\/div>\n<div id=\"widget-box\" class=\"caravan\">\n<img decoding=\"async\" src=\"\/deu\/wp-content\/uploads\/sites\/4\/2023\/04\/caravan-logo.jpg\"><br>\n<span>Odv\u011btv\u00ed<\/span>\n<p class=\"translation-block\">GPS sledovac\u00ed syst\u00e9my pro vozidla, datov\u00e1 konektivita <\/p>\n<span>produkt<\/span>\n<p class=\"translation-block\">\u0158e\u0161en\u00ed pro p\u0159\u00edstup k internetu na cest\u00e1ch <\/p>\n<\/div>\n<div id=\"widget-box\" class=\"support\">\n\t<img decoding=\"async\" src=\"https:\/\/www.coopmobil.cz\/wp-content\/uploads\/2021\/04\/coop-mobil-logo.svg\"><br>\n\t<span>Odv\u011btv\u00ed<\/span>\n<p>\n\t\tTelekomunika\u010dn\u00ed oper\u00e1tor \u2013 retail\n\t<\/p>\n<span>produkt<\/span>\n<p>\n\t\tPr\u016fvodce z\u00e1kaznickou podporou\n\t<\/p>\n<\/div>\n<div id=\"widget-box\" class=\"camera\">\n<img decoding=\"async\" src=\"\/deu\/wp-content\/uploads\/sites\/4\/2023\/04\/camera-logo.jpg\"><br>\n<span>Odv\u011btv\u00ed<\/span>\n<p>\n\t\tZabezpe\u010dovac\u00ed syst\u00e9my\n\t<\/p>\n<span>produkt<\/span>\n<p>\n\t\tKamery s\u00a0on-line streamov\u00e1n\u00edm\n\t<\/p>\n<\/div>\n<div id=\"widget-box\" class=\"event\">\n\t<img decoding=\"async\" src=\"\/cze\/wp-content\/uploads\/sites\/3\/2023\/04\/event-logo.png\" style=\"width: 50px\"><br>\n\t<span>Odv\u011btv\u00ed<\/span>\n<p>\n\t\tEvent agentura\n\t<\/p>\n<span>produkt<\/span>\n<p>\n\t\tOrganizace eventu - komunikace s \u00fa\u010dastn\u00edky\n\t<\/p>\n<\/div>\n<div id=\"widget-box\" class=\"competition\">\n\t<img decoding=\"async\" src=\"\/cze\/wp-content\/uploads\/sites\/3\/2023\/04\/competition-logo.png\" style=\"width: 50px\"><br>\n\t<span>Odv\u011btv\u00ed<\/span>\n<p>\n\t\tMaloobchod a spot\u0159ebn\u00ed zbo\u017e\u00ed\n\t<\/p>\n<span>produkt<\/span>\n<p>\n\t\tSpot\u0159ebitelsk\u00e1 sout\u011b\u017e\n\t<\/p>\n<\/div>\n<div id=\"widget-box\" class=\"marketing\">\n\t<img decoding=\"async\" src=\"\/deu\/wp-content\/uploads\/sites\/3\/2023\/06\/marketing-logo.png\" style=\"width: 50px\"><br>\n\t<span>Odv\u011btv\u00ed<\/span>\n<p>\n\t\tMarketingov\u00e1 komunikace\n\t<\/p>\n<span>produkt<\/span>\n<p>\n\t\tRealizace marketingov\u00fdch rozes\u00edlek\n\t<\/p>\n<\/div>\n<div id=\"widget-box\" class=\"fmcg\">\n\t<img decoding=\"async\" src=\"\/deu\/wp-content\/uploads\/sites\/3\/2023\/06\/fmcg-logo.png\" style=\"width: 50px\"><br>\n\t<span>Odv\u011btv\u00ed<\/span>\n<p>\n\t\tFMCG<br>Rychloobr\u00e1tkov\u00e9 spot\u0159ebn\u00ed zbo\u017e\u00ed\n\t<\/p>\n<span>produkt<\/span>\n<p>\n\t\tPotraviny, n\u00e1poje, drogerie\n\t<\/p>\n<\/div>\n\n<div id=\"widget-box\" class=\"iot\">\n\t<img decoding=\"async\" src=\"\/cze\/wp-content\/uploads\/sites\/3\/2025\/09\/iot_icon.png\" style=\"width: 50px\"><br>\n\t<span>Odv\u011btv\u00ed<\/span>\n<p>\n\t\tIoT, SIM\/eSIM management\n\t<\/p>\n<span>produkt<\/span>\n<p>\n\t\tIoT senzory pro pr\u016fmysl, dom\u00e1cnosti \n\t<\/p>\n<\/div>\n\n<div id=\"widget-box\" class=\"truck\">\n\t<img decoding=\"async\" src=\"\/cze\/wp-content\/uploads\/sites\/3\/2025\/09\/truck_monitoring.png\" style=\"width: 50px\"><br>\n\t<span>Odv\u011btv\u00ed<\/span>\n<p>\n\t\tIoT, SIM\/eSIM management\n\t<\/p>\n<span>produkt<\/span>\n<p>\n\t\t eSIM pro monitoring vozidel \n\t<\/p>\n<\/div>\n\n<div id=\"widget-box\" class=\"drone\">\n\t<img decoding=\"async\" src=\"\/cze\/wp-content\/uploads\/sites\/3\/2025\/09\/drone_icon.png\" style=\"width: 80px\"><br>\n\t<span>Odv\u011btv\u00ed<\/span>\n<p>\n\t\t IoT, SIM\/eSIM management \n\t<\/p>\n<span>produkt<\/span>\n<p>\n\t\t eSIM pro flotilu dron\u016f \n\t<\/p>\n<\/div>\t\t<\/div>\n\t\t\t\t<\/div>\n\t\t\t\t\t<\/div>\n\t\t<\/div>\n\t\t\t\t<div class=\"elementor-column elementor-col-50 elementor-top-column elementor-element elementor-element-3bf1b955\" data-id=\"3bf1b955\" data-element_type=\"column\">\n\t\t\t<div class=\"elementor-widget-wrap elementor-element-populated\">\n\t\t\t\t\t\t\t\t<div class=\"elementor-element elementor-element-4688f5eb elementor-widget elementor-widget-text-editor\" data-id=\"4688f5eb\" data-element_type=\"widget\" data-widget_type=\"text-editor.default\">\n\t\t\t\t<div class=\"elementor-widget-container\">\n\t\t\t\t\t\t\t<p class=\"translation-block\">Partner pot\u0159ebuje \u0159e\u0161it konsolidaci samostatn\u00fdch komunika\u010dn\u00edch kan\u00e1l\u016f v\u00a0jednotn\u00e9m prost\u0159ed\u00ed, a t\u00edm doc\u00edlit jednotn\u00e9 spr\u00e1vy a optimalizace n\u00e1klad\u016f pot\u0159ebn\u00fdch na \u00fadr\u017ebu samostatn\u00fdch \u0159e\u0161en\u00ed. Dnes jeho z\u00e1kazn\u00edci vyu\u017e\u00edvaj\u00ed r\u016fzn\u00e9 kan\u00e1ly a je slo\u017eit\u00e9 \u201etrefit\u201c ten spr\u00e1vn\u00fd pro konkr\u00e9tn\u00edho z\u00e1kazn\u00edka. Z\u00e1rove\u0148 partnerovi chyb\u00ed n\u00e1stroj pro p\u0159ehled vyu\u017eit\u00fdch\/dostupn\u00fdch kan\u00e1l\u016f pro jednotliv\u00e9ho z\u00e1kazn\u00edka a definice priorit komunika\u010dn\u00edch kan\u00e1l\u016f pro konkr\u00e9tn\u00ed kampan\u011b.<\/p><p class=\"translation-block\">Partner d\u00edky COMVERGA Omnichannel \u0159e\u0161en\u00ed z\u00edskal intuitivn\u00ed prost\u0159ed\u00ed, ve kter\u00e9m vyu\u017e\u00edv\u00e1 aktu\u00e1ln\u00ed pou\u017e\u00edvan\u00e9 komunika\u010dn\u00ed kan\u00e1ly, ale i ty, kter\u00e9 bude cht\u00edt vyu\u017e\u00edvat v\u00a0budoucnu.<\/p>\t\t\t\t\t\t<\/div>\n\t\t\t\t<\/div>\n\t\t\t\t\t<\/div>\n\t\t<\/div>\n\t\t\t\t\t\t\t<\/div>\n\t\t<\/section>\n\t\t\t\t<section class=\"elementor-section elementor-top-section elementor-element elementor-element-214eeb27 elementor-section-boxed elementor-section-height-default elementor-section-height-default\" data-id=\"214eeb27\" data-element_type=\"section\">\n\t\t\t\t\t\t<div class=\"elementor-container elementor-column-gap-default\">\n\t\t\t\t\t<div class=\"elementor-column elementor-col-50 elementor-top-column elementor-element elementor-element-18023a89\" data-id=\"18023a89\" data-element_type=\"column\" data-settings=\"{&quot;background_background&quot;:&quot;classic&quot;}\">\n\t\t\t<div class=\"elementor-widget-wrap elementor-element-populated\">\n\t\t\t\t\t\t\t\t<div class=\"elementor-element elementor-element-160c5b96 elementor-widget elementor-widget-text-editor\" data-id=\"160c5b96\" data-element_type=\"widget\" data-widget_type=\"text-editor.default\">\n\t\t\t\t<div class=\"elementor-widget-container\">\n\t\t\t\t\t\t\t<h3><strong>Co partner z\u00edskal:<\/strong><\/h3><ul><li>Mo\u017enost vyu\u017eit\u00ed v\u0161ech dostupn\u00fdch kan\u00e1l\u016f<\/li><li>Sofistikovan\u00fd n\u00e1stroj pro \u0159\u00edzen\u00ed kampan\u00ed<\/li><li>Personalizace komunikace k z\u00e1kazn\u00edkovi<\/li><li>Snadn\u00e1 definice priorit kan\u00e1l\u016f<\/li><li>Identifikace vhodn\u00e9ho kan\u00e1lu z\u00e1kazn\u00edka<\/li><\/ul>\t\t\t\t\t\t<\/div>\n\t\t\t\t<\/div>\n\t\t\t\t\t<\/div>\n\t\t<\/div>\n\t\t\t\t<div class=\"elementor-column elementor-col-50 elementor-top-column elementor-element elementor-element-78c0385a\" data-id=\"78c0385a\" data-element_type=\"column\" data-settings=\"{&quot;background_background&quot;:&quot;classic&quot;}\">\n\t\t\t<div class=\"elementor-widget-wrap elementor-element-populated\">\n\t\t\t\t\t\t\t\t<div class=\"elementor-element elementor-element-1c25d2dc elementor-widget elementor-widget-text-editor\" data-id=\"1c25d2dc\" data-element_type=\"widget\" data-widget_type=\"text-editor.default\">\n\t\t\t\t<div class=\"elementor-widget-container\">\n\t\t\t\t\t\t\t<h3><strong>COMVERGA zaji\u0161\u0165uje:<\/strong><\/h3><ul><li>Intuitivn\u00ed prost\u0159ed\u00ed pro integraci kan\u00e1l\u016f<\/li><li>Prost\u0159ed\u00ed pro definici kampan\u00ed<\/li><li>Definov\u00e1n\u00ed kampan\u00ed a ov\u011b\u0159ov\u00e1n\u00ed prezence kan\u00e1l\u016f<\/li><li>Management c\u00edlov\u00fdch skupin<\/li><li>Mechaniky a schvalov\u00e1n\u00ed kampan\u00ed<\/li><\/ul>\t\t\t\t\t\t<\/div>\n\t\t\t\t<\/div>\n\t\t\t\t\t<\/div>\n\t\t<\/div>\n\t\t\t\t\t\t\t<\/div>\n\t\t<\/section>\n\t\t\t\t\t\t\t<\/div>","protected":false},"excerpt":{"rendered":"<p>Vedouc\u00ed FMCG Company Partner je p\u0159edn\u00ed sv\u011btov\u00e1 spole\u010dnost FMCG s histori\u00ed sahaj\u00edc\u00ed a\u017e do 19. stolet\u00ed. stolet\u00ed. Jej\u00ed portfolio zahrnuje potraviny, n\u00e1poje, drogerii a mnoho dal\u0161\u00edho. V r\u00e1mci marketingov\u00fdch aktivit spole\u010dnost komunikuje se sv\u00fdmi z\u00e1kazn\u00edky prost\u0159ednictv\u00edm r\u016fzn\u00fdch komunika\u010dn\u00edch kan\u00e1l\u016f (e-mail, SMS, webov\u00e9 formul\u00e1\u0159e atd.) Partner pot\u0159ebuje \u0159e\u0161en\u00ed pro konsolidaci jednotliv\u00fdch komunika\u010dn\u00edch kan\u00e1l\u016f do [\u2026]<\/p>","protected":false},"author":1,"featured_media":3147,"parent":3145,"menu_order":5,"comment_status":"closed","ping_status":"closed","template":"","meta":{"footnotes":""},"_links":{"self":[{"href":"https:\/\/www.comverga.com\/deu\/cs\/wp-json\/wp\/v2\/pages\/3182"}],"collection":[{"href":"https:\/\/www.comverga.com\/deu\/cs\/wp-json\/wp\/v2\/pages"}],"about":[{"href":"https:\/\/www.comverga.com\/deu\/cs\/wp-json\/wp\/v2\/types\/page"}],"author":[{"embeddable":true,"href":"https:\/\/www.comverga.com\/deu\/cs\/wp-json\/wp\/v2\/users\/1"}],"replies":[{"embeddable":true,"href":"https:\/\/www.comverga.com\/deu\/cs\/wp-json\/wp\/v2\/comments?post=3182"}],"version-history":[{"count":18,"href":"https:\/\/www.comverga.com\/deu\/cs\/wp-json\/wp\/v2\/pages\/3182\/revisions"}],"predecessor-version":[{"id":3641,"href":"https:\/\/www.comverga.com\/deu\/cs\/wp-json\/wp\/v2\/pages\/3182\/revisions\/3641"}],"up":[{"embeddable":true,"href":"https:\/\/www.comverga.com\/deu\/cs\/wp-json\/wp\/v2\/pages\/3145"}],"wp:featuredmedia":[{"embeddable":true,"href":"https:\/\/www.comverga.com\/deu\/cs\/wp-json\/wp\/v2\/media\/3147"}],"wp:attachment":[{"href":"https:\/\/www.comverga.com\/deu\/cs\/wp-json\/wp\/v2\/media?parent=3182"}],"curies":[{"name":"wp","href":"https:\/\/api.w.org\/{rel}","templated":true}]}}