{"id":394,"date":"2020-11-25T15:29:30","date_gmt":"2020-11-25T14:29:30","guid":{"rendered":"https:\/\/www.comverga.com\/?page_id=394"},"modified":"2023-03-09T16:26:37","modified_gmt":"2023-03-09T15:26:37","slug":"mission-2","status":"publish","type":"page","link":"https:\/\/www.comverga.com\/deu\/cs\/mission-2\/","title":{"rendered":"Mise"},"content":{"rendered":"<div data-elementor-type=\"wp-page\" data-elementor-id=\"394\" class=\"elementor elementor-394\">\n\t\t\t\t\t\t\t\t\t<section class=\"elementor-section elementor-top-section elementor-element elementor-element-ec8913f elementor-section-boxed elementor-section-height-default elementor-section-height-default\" data-id=\"ec8913f\" data-element_type=\"section\">\n\t\t\t\t\t\t<div class=\"elementor-container elementor-column-gap-default\">\n\t\t\t\t\t<div class=\"elementor-column elementor-col-100 elementor-top-column elementor-element elementor-element-79ca4e3d\" data-id=\"79ca4e3d\" data-element_type=\"column\">\n\t\t\t<div class=\"elementor-widget-wrap elementor-element-populated\">\n\t\t\t\t\t\t\t\t<div class=\"elementor-element elementor-element-39237b6f elementor-widget elementor-widget-text-editor\" data-id=\"39237b6f\" data-element_type=\"widget\" data-widget_type=\"text-editor.default\">\n\t\t\t\t<div class=\"elementor-widget-container\">\n\t\t\t\t\t\t\t<!-- wp:paragraph -->\n<p class=\"translation-block\">Jsme stabiln\u00ed rodinn\u00e1 spole\u010dnost, st\u00e1le se rozv\u00edj\u00edme a sledujeme nov\u00e9 trendy, abychom byli vedouc\u00edm dodavatelem modern\u00edch telekomunika\u010dn\u00edch slu\u017eeb. Na\u0161\u00edm c\u00edlem je b\u00fdt pro z\u00e1kazn\u00edka preferovan\u00fdm partnerem v komunikac\u00edch. Skrze kvalitu slu\u017eeb a hled\u00e1n\u00ed spole\u010dn\u00fdch \u0159e\u0161en\u00ed chceme budovat vedouc\u00ed pozici mezi evropsk\u00fdmi spole\u010dnostmi na komunika\u010dn\u00edm a IT trhu s glob\u00e1ln\u00edm z\u00e1sahem.<\/p>\n<!-- \/wp:paragraph -->\n\n<!-- wp:paragraph -->\n<p class=\"translation-block\">Reagujeme pru\u017en\u011b na pot\u0159eby na\u0161ich klient\u016f a nab\u00edz\u00edme jim n\u00e1kladov\u011b i funk\u010dn\u011b optim\u00e1ln\u00ed \u0159e\u0161en\u00ed. Chceme b\u00fdt partnerem, kter\u00fd usnad\u0148uje pr\u00e1ci, zlep\u0161uje chod spole\u010dnosti a umo\u017e\u0148uje rozvoj nov\u00fdch obchodn\u00edch model\u016f pomoc\u00ed modern\u00edch a pokro\u010dil\u00fdch komunika\u010dn\u00edch technologi\u00ed. Klademe vysok\u00fd d\u016fraz na etick\u00fd aspekt podnik\u00e1n\u00ed se zvl\u00e1\u0161tn\u00ed pozornost\u00ed k respektu k druh\u00e9 osob\u011b \u2013 z\u00e1kazn\u00edkovi, partnerovi i dodavateli.<\/p>\n<!-- \/wp:paragraph -->\t\t\t\t\t\t<\/div>\n\t\t\t\t<\/div>\n\t\t\t\t\t<\/div>\n\t\t<\/div>\n\t\t\t\t\t\t\t<\/div>\n\t\t<\/section>\n\t\t\t\t\t\t\t<\/div>","protected":false},"excerpt":{"rendered":"<p>Wir sind ein stabiles Familienunternehmen, entwickeln uns st\u00e4ndig weiter und folgen neuen Trends, um ein f\u00fchrender Anbieter moderner Telekommunikationsdienste zu werden. Unser Ziel ist es, der bevorzugte Kommunikationspartner des Kunden zu sein. Durch die Qualit\u00e4t der Dienstleistungen und die Suche nach gemeinsamen L\u00f6sungen wollen wir eine f\u00fchrende Position unter europ\u00e4ischen Unternehmen im Kommunikations- und IT-Markt [&hellip;]<\/p>","protected":false},"author":1,"featured_media":145,"parent":0,"menu_order":0,"comment_status":"closed","ping_status":"closed","template":"","meta":{"footnotes":""},"_links":{"self":[{"href":"https:\/\/www.comverga.com\/deu\/cs\/wp-json\/wp\/v2\/pages\/394"}],"collection":[{"href":"https:\/\/www.comverga.com\/deu\/cs\/wp-json\/wp\/v2\/pages"}],"about":[{"href":"https:\/\/www.comverga.com\/deu\/cs\/wp-json\/wp\/v2\/types\/page"}],"author":[{"embeddable":true,"href":"https:\/\/www.comverga.com\/deu\/cs\/wp-json\/wp\/v2\/users\/1"}],"replies":[{"embeddable":true,"href":"https:\/\/www.comverga.com\/deu\/cs\/wp-json\/wp\/v2\/comments?post=394"}],"version-history":[{"count":3,"href":"https:\/\/www.comverga.com\/deu\/cs\/wp-json\/wp\/v2\/pages\/394\/revisions"}],"predecessor-version":[{"id":2517,"href":"https:\/\/www.comverga.com\/deu\/cs\/wp-json\/wp\/v2\/pages\/394\/revisions\/2517"}],"wp:featuredmedia":[{"embeddable":true,"href":"https:\/\/www.comverga.com\/deu\/cs\/wp-json\/wp\/v2\/media\/145"}],"wp:attachment":[{"href":"https:\/\/www.comverga.com\/deu\/cs\/wp-json\/wp\/v2\/media?parent=394"}],"curies":[{"name":"wp","href":"https:\/\/api.w.org\/{rel}","templated":true}]}}