{"id":4096,"date":"2025-09-25T16:21:22","date_gmt":"2025-09-25T14:21:22","guid":{"rendered":"https:\/\/www.comverga.com\/deu\/?page_id=4096"},"modified":"2025-09-30T17:38:06","modified_gmt":"2025-09-30T15:38:06","slug":"internationales-transportunternehmen-mit-grossem-fuhrpark","status":"publish","type":"page","link":"https:\/\/www.comverga.com\/deu\/cs\/dienstleistungen\/software-as-a-service-platform-as-a-service\/sdp-fuer-esim-management\/internationales-transportunternehmen-mit-grossem-fuhrpark\/","title":{"rendered":"Mezin\u00e1rodn\u00ed p\u0159epravn\u00ed spole\u010dnost s velk\u00fdm vozov\u00fdm parkem"},"content":{"rendered":"<div data-elementor-type=\"wp-page\" data-elementor-id=\"4096\" class=\"elementor elementor-4096\">\n\t\t\t\t\t\t\t\t\t<section class=\"elementor-section elementor-top-section elementor-element elementor-element-11b712e6 elementor-section-boxed elementor-section-height-default elementor-section-height-default\" data-id=\"11b712e6\" data-element_type=\"section\">\n\t\t\t\t\t\t<div class=\"elementor-container elementor-column-gap-default\">\n\t\t\t\t\t<div class=\"elementor-column elementor-col-50 elementor-top-column elementor-element elementor-element-109bc88\" data-id=\"109bc88\" data-element_type=\"column\">\n\t\t\t<div class=\"elementor-widget-wrap elementor-element-populated\">\n\t\t\t\t\t\t\t\t<div class=\"elementor-element elementor-element-10b87691 elementor-widget elementor-widget-text-editor\" data-id=\"10b87691\" data-element_type=\"widget\" data-widget_type=\"text-editor.default\">\n\t\t\t\t<div class=\"elementor-widget-container\">\n\t\t\t\t\t\t\t<div class=\"usecase-text\"><h2 style=\"text-align: left; margin-top: 0;\">Mezin\u00e1rodn\u00ed p\u0159epravn\u00ed spole\u010dnost s velk\u00fdm vozov\u00fdm parkem<\/h2><p>Spole\u010dnost provozuje rozs\u00e1hl\u00fd vozov\u00fd park kamion\u016f, dod\u00e1vek a speci\u00e1ln\u00edch transportn\u00edch vozidel. Jejich kl\u00ed\u010dov\u00fdm byznysem je mezin\u00e1rodn\u00ed p\u0159eprava zbo\u017e\u00ed, \u010dasto nap\u0159\u00ed\u010d celou Evropou. D\u016fraz kladou na p\u0159esnost, v\u010dasnost a bezpe\u010dnost p\u0159epravy.<\/p><\/div>\t\t\t\t\t\t<\/div>\n\t\t\t\t<\/div>\n\t\t\t\t\t<\/div>\n\t\t<\/div>\n\t\t\t\t<div class=\"elementor-column elementor-col-50 elementor-top-column elementor-element elementor-element-32a0a9dd\" data-id=\"32a0a9dd\" data-element_type=\"column\">\n\t\t\t<div class=\"elementor-widget-wrap elementor-element-populated\">\n\t\t\t\t\t\t\t\t<div class=\"elementor-element elementor-element-7b45ff9 elementor-widget elementor-widget-image\" data-id=\"7b45ff9\" data-element_type=\"widget\" data-widget_type=\"image.default\">\n\t\t\t\t<div class=\"elementor-widget-container\">\n\t\t\t\t\t\t\t\t\t\t\t\t\t\t\t<img fetchpriority=\"high\" decoding=\"async\" width=\"580\" height=\"387\" src=\"https:\/\/www.comverga.com\/deu\/wp-content\/uploads\/sites\/4\/2025\/09\/Case2.png\" class=\"attachment-large size-large wp-image-4099\" alt=\"\" srcset=\"https:\/\/www.comverga.com\/deu\/wp-content\/uploads\/sites\/4\/2025\/09\/Case2.png 1000w, https:\/\/www.comverga.com\/deu\/wp-content\/uploads\/sites\/4\/2025\/09\/Case2-300x200.png 300w, https:\/\/www.comverga.com\/deu\/wp-content\/uploads\/sites\/4\/2025\/09\/Case2-768x512.png 768w, https:\/\/www.comverga.com\/deu\/wp-content\/uploads\/sites\/4\/2025\/09\/Case2-18x12.png 18w\" sizes=\"(max-width: 580px) 100vw, 580px\" \/>\t\t\t\t\t\t\t\t\t\t\t\t\t\t\t<\/div>\n\t\t\t\t<\/div>\n\t\t\t\t\t<\/div>\n\t\t<\/div>\n\t\t\t\t\t\t\t<\/div>\n\t\t<\/section>\n\t\t\t\t<section class=\"elementor-section elementor-top-section elementor-element elementor-element-774d1597 elementor-section-boxed elementor-section-height-default elementor-section-height-default\" data-id=\"774d1597\" data-element_type=\"section\">\n\t\t\t\t\t\t<div class=\"elementor-container elementor-column-gap-default\">\n\t\t\t\t\t<div class=\"elementor-column elementor-col-50 elementor-top-column elementor-element elementor-element-5a0629b5\" data-id=\"5a0629b5\" data-element_type=\"column\">\n\t\t\t<div class=\"elementor-widget-wrap elementor-element-populated\">\n\t\t\t\t\t\t\t\t<div class=\"elementor-element elementor-element-6ecf9683 elementor-widget elementor-widget-sidebar\" data-id=\"6ecf9683\" data-element_type=\"widget\" data-widget_type=\"sidebar.default\">\n\t\t\t\t<div class=\"elementor-widget-container\">\n\t\t\t<div id=\"widget-box\" class=\"smart-watch\">\n\t<img decoding=\"async\" src=\"https:\/\/www.coopmobil.cz\/wp-content\/uploads\/2021\/04\/coop-mobil-logo.svg\"><br>\n\t<span>Odv\u011btv\u00ed<\/span>\n<p>\n\t\tTelekomunika\u010dn\u00ed oper\u00e1tor \u2013 retail\n\t<\/p>\n<span>produkt<\/span>\n<p>\n\t\tBundle chytr\u00e9 hodinky + datov\u00e1 konektivita\n\t<\/p>\n<\/div>\n<div id=\"widget-box\" class=\"operator\">\n\t<img decoding=\"async\" src=\"https:\/\/www.coopmobil.cz\/wp-content\/uploads\/2021\/04\/coop-mobil-logo.svg\"><br>\n\t<span>Odv\u011btv\u00ed<\/span>\n<p>\n\t\tTelekomunika\u010dn\u00ed oper\u00e1tor \u2013 retail\n\t<\/p>\n<span>produkt<\/span>\n<p>\n\t\tRealizace v\u011brnostn\u00edho programu\n\t<\/p>\n<\/div>\n<div id=\"widget-box\" class=\"caravan\">\n<img decoding=\"async\" src=\"\/deu\/wp-content\/uploads\/sites\/4\/2023\/04\/caravan-logo.jpg\"><br>\n<span>Odv\u011btv\u00ed<\/span>\n<p class=\"translation-block\">GPS sledovac\u00ed syst\u00e9my pro vozidla, datov\u00e1 konektivita <\/p>\n<span>produkt<\/span>\n<p class=\"translation-block\">\u0158e\u0161en\u00ed pro p\u0159\u00edstup k internetu na cest\u00e1ch <\/p>\n<\/div>\n<div id=\"widget-box\" class=\"support\">\n\t<img decoding=\"async\" src=\"https:\/\/www.coopmobil.cz\/wp-content\/uploads\/2021\/04\/coop-mobil-logo.svg\"><br>\n\t<span>Odv\u011btv\u00ed<\/span>\n<p>\n\t\tTelekomunika\u010dn\u00ed oper\u00e1tor \u2013 retail\n\t<\/p>\n<span>produkt<\/span>\n<p>\n\t\tPr\u016fvodce z\u00e1kaznickou podporou\n\t<\/p>\n<\/div>\n<div id=\"widget-box\" class=\"camera\">\n<img decoding=\"async\" src=\"\/deu\/wp-content\/uploads\/sites\/4\/2023\/04\/camera-logo.jpg\"><br>\n<span>Odv\u011btv\u00ed<\/span>\n<p>\n\t\tZabezpe\u010dovac\u00ed syst\u00e9my\n\t<\/p>\n<span>produkt<\/span>\n<p>\n\t\tKamery s\u00a0on-line streamov\u00e1n\u00edm\n\t<\/p>\n<\/div>\n<div id=\"widget-box\" class=\"event\">\n\t<img decoding=\"async\" src=\"\/cze\/wp-content\/uploads\/sites\/3\/2023\/04\/event-logo.png\" style=\"width: 50px\"><br>\n\t<span>Odv\u011btv\u00ed<\/span>\n<p>\n\t\tEvent agentura\n\t<\/p>\n<span>produkt<\/span>\n<p>\n\t\tOrganizace eventu - komunikace s \u00fa\u010dastn\u00edky\n\t<\/p>\n<\/div>\n<div id=\"widget-box\" class=\"competition\">\n\t<img decoding=\"async\" src=\"\/cze\/wp-content\/uploads\/sites\/3\/2023\/04\/competition-logo.png\" style=\"width: 50px\"><br>\n\t<span>Odv\u011btv\u00ed<\/span>\n<p>\n\t\tMaloobchod a spot\u0159ebn\u00ed zbo\u017e\u00ed\n\t<\/p>\n<span>produkt<\/span>\n<p>\n\t\tSpot\u0159ebitelsk\u00e1 sout\u011b\u017e\n\t<\/p>\n<\/div>\n<div id=\"widget-box\" class=\"marketing\">\n\t<img decoding=\"async\" src=\"\/deu\/wp-content\/uploads\/sites\/3\/2023\/06\/marketing-logo.png\" style=\"width: 50px\"><br>\n\t<span>Odv\u011btv\u00ed<\/span>\n<p>\n\t\tMarketingov\u00e1 komunikace\n\t<\/p>\n<span>produkt<\/span>\n<p>\n\t\tRealizace marketingov\u00fdch rozes\u00edlek\n\t<\/p>\n<\/div>\n<div id=\"widget-box\" class=\"fmcg\">\n\t<img decoding=\"async\" src=\"\/deu\/wp-content\/uploads\/sites\/3\/2023\/06\/fmcg-logo.png\" style=\"width: 50px\"><br>\n\t<span>Odv\u011btv\u00ed<\/span>\n<p>\n\t\tFMCG<br>Rychloobr\u00e1tkov\u00e9 spot\u0159ebn\u00ed zbo\u017e\u00ed\n\t<\/p>\n<span>produkt<\/span>\n<p>\n\t\tPotraviny, n\u00e1poje, drogerie\n\t<\/p>\n<\/div>\n\n<div id=\"widget-box\" class=\"iot\">\n\t<img decoding=\"async\" src=\"\/cze\/wp-content\/uploads\/sites\/3\/2025\/09\/iot_icon.png\" style=\"width: 50px\"><br>\n\t<span>Odv\u011btv\u00ed<\/span>\n<p>\n\t\tIoT, SIM\/eSIM management\n\t<\/p>\n<span>produkt<\/span>\n<p>\n\t\tIoT senzory pro pr\u016fmysl, dom\u00e1cnosti \n\t<\/p>\n<\/div>\n\n<div id=\"widget-box\" class=\"truck\">\n\t<img decoding=\"async\" src=\"\/cze\/wp-content\/uploads\/sites\/3\/2025\/09\/truck_monitoring.png\" style=\"width: 50px\"><br>\n\t<span>Odv\u011btv\u00ed<\/span>\n<p>\n\t\tIoT, SIM\/eSIM management\n\t<\/p>\n<span>produkt<\/span>\n<p>\n\t\t eSIM pro monitoring vozidel \n\t<\/p>\n<\/div>\n\n<div id=\"widget-box\" class=\"drone\">\n\t<img decoding=\"async\" src=\"\/cze\/wp-content\/uploads\/sites\/3\/2025\/09\/drone_icon.png\" style=\"width: 80px\"><br>\n\t<span>Odv\u011btv\u00ed<\/span>\n<p>\n\t\t IoT, SIM\/eSIM management \n\t<\/p>\n<span>produkt<\/span>\n<p>\n\t\t eSIM pro flotilu dron\u016f \n\t<\/p>\n<\/div>\t\t<\/div>\n\t\t\t\t<\/div>\n\t\t\t\t\t<\/div>\n\t\t<\/div>\n\t\t\t\t<div class=\"elementor-column elementor-col-50 elementor-top-column elementor-element elementor-element-362a6137\" data-id=\"362a6137\" data-element_type=\"column\">\n\t\t\t<div class=\"elementor-widget-wrap elementor-element-populated\">\n\t\t\t\t\t\t\t\t<div class=\"elementor-element elementor-element-45835068 elementor-widget elementor-widget-text-editor\" data-id=\"45835068\" data-element_type=\"widget\" data-widget_type=\"text-editor.default\">\n\t\t\t\t<div class=\"elementor-widget-container\">\n\t\t\t\t\t\t\t<p>Hlavn\u00edm probl\u00e9mem je vysok\u00fd \u00fa\u010det za roaming p\u0159i p\u0159ejezdu hranic a absence n\u00e1stroje pro optimalizaci cen p\u0159ipojen\u00ed. D\u00e1le firma \u0159e\u0161\u00ed \u010dast\u00e9 v\u00fdpadky p\u0159ipojen\u00ed p\u0159i zm\u011bn\u011b s\u00edt\u011b v roamingu, co\u017e komplikuje monitoring vozidel v re\u00e1ln\u00edm \u010dase. Spole\u010dnost pot\u0159ebuje m\u00edt nad vozov\u00fdm parkem nep\u0159etr\u017eit\u00fd dohled \u2013 od sledov\u00e1n\u00ed polohy, p\u0159es monitoring chov\u00e1n\u00ed \u0159idi\u010de a\u017e po bezpe\u010dnost p\u0159epravovan\u00e9ho zbo\u017e\u00ed.<\/p><p>Partner d\u00edky COMVERGA eSIM \u0159e\u0161en\u00ed z\u00edsk\u00e1 intuitivn\u00ed prost\u0159ed\u00ed, ve kter\u00e9m m\u016f\u017ee spravovat vzd\u00e1len\u011b cel\u00fd sv\u016fj vozov\u00fd park, m\u00edt ho st\u00e1le pod dohledem a minimalizovat provozn\u00ed n\u00e1klady na minimum.<\/p>\t\t\t\t\t\t<\/div>\n\t\t\t\t<\/div>\n\t\t\t\t\t<\/div>\n\t\t<\/div>\n\t\t\t\t\t\t\t<\/div>\n\t\t<\/section>\n\t\t\t\t<section class=\"elementor-section elementor-top-section elementor-element elementor-element-4537f318 elementor-section-boxed elementor-section-height-default elementor-section-height-default\" data-id=\"4537f318\" data-element_type=\"section\">\n\t\t\t\t\t\t<div class=\"elementor-container elementor-column-gap-default\">\n\t\t\t\t\t<div class=\"elementor-column elementor-col-50 elementor-top-column elementor-element elementor-element-6734cf32\" data-id=\"6734cf32\" data-element_type=\"column\" data-settings=\"{&quot;background_background&quot;:&quot;classic&quot;}\">\n\t\t\t<div class=\"elementor-widget-wrap elementor-element-populated\">\n\t\t\t\t\t\t\t\t<div class=\"elementor-element elementor-element-798b5ef7 elementor-widget elementor-widget-text-editor\" data-id=\"798b5ef7\" data-element_type=\"widget\" data-widget_type=\"text-editor.default\">\n\t\t\t\t<div class=\"elementor-widget-container\">\n\t\t\t\t\t\t\t<h3>Co Partner z\u00edskal:<\/h3><div class=\"page\" title=\"Strana 4\"><div class=\"layoutArea\"><div class=\"column\"><ul><li>Sn\u00ed\u017een\u00ed n\u00e1klad\u016f na roaming a datovou konektivitu<\/li><li>Nep\u0159etr\u017eit\u00fd dohled nad cel\u00fdm vozov\u00fdm parkem<\/li><li>Automatick\u00e9 p\u0159ep\u00edn\u00e1n\u00ed mezi oper\u00e1tory podle dostupnosti<\/li><li>Vy\u0161\u0161\u00ed bezpe\u010dnost p\u0159epravy d\u00edky stabiln\u00edmu p\u0159ipojen\u00ed<\/li><li>Jednotn\u00e1 spr\u00e1va a reporting v r\u00e1mci cel\u00e9 flotily<\/li><\/ul><\/div><\/div><\/div>\t\t\t\t\t\t<\/div>\n\t\t\t\t<\/div>\n\t\t\t\t\t<\/div>\n\t\t<\/div>\n\t\t\t\t<div class=\"elementor-column elementor-col-50 elementor-top-column elementor-element elementor-element-ca5ac3a\" data-id=\"ca5ac3a\" data-element_type=\"column\" data-settings=\"{&quot;background_background&quot;:&quot;classic&quot;}\">\n\t\t\t<div class=\"elementor-widget-wrap elementor-element-populated\">\n\t\t\t\t\t\t\t\t<div class=\"elementor-element elementor-element-5360a060 elementor-widget elementor-widget-text-editor\" data-id=\"5360a060\" data-element_type=\"widget\" data-widget_type=\"text-editor.default\">\n\t\t\t\t<div class=\"elementor-widget-container\">\n\t\t\t\t\t\t\t<h3>COMVERGA zaji\u0161\u0165uje:<\/h3><ul><li>\u00a0Dynamick\u00e9 p\u0159ep\u00edn\u00e1n\u00ed profil\u016f p\u0159i p\u0159echodu hranic<\/li><li>Monitoring vozidel v re\u00e1ln\u00e9m \u010dase (lokace, v\u00fdkon atd.)<\/li><li>Data pro prediktivn\u00ed anal\u00fdzy spot\u0159eby a n\u00e1klad\u016f provozu<\/li><li>Integraci s fleet managementem syst\u00e9mu dopravce<\/li><li>Centr\u00e1ln\u00ed platforma s mo\u017enost\u00ed okam\u017eit\u00fdch z\u00e1sah\u016f<\/li><\/ul>\t\t\t\t\t\t<\/div>\n\t\t\t\t<\/div>\n\t\t\t\t\t<\/div>\n\t\t<\/div>\n\t\t\t\t\t\t\t<\/div>\n\t\t<\/section>\n\t\t\t\t\t\t\t<\/div>","protected":false},"excerpt":{"rendered":"<p>Internationales Transportunternehmen mit gro\u00dfem Fuhrpark Das Unternehmen betreibt einen umfangreichen Fuhrpark mit Lkw, Lieferwagen und Spezialtransportfahrzeugen. Sein Kerngesch\u00e4ft ist der internationale G\u00fctertransport, oft quer durch ganz Europa. Der Schwerpunkt liegt auf Pr\u00e4zision, P\u00fcnktlichkeit und Transportsicherheit. Das Hauptproblem sind hohe Roaming-Kosten beim Grenz\u00fcbertritt und das Fehlen eines Tools zur Optimierung der Verbindungskosten. Dar\u00fcber hinaus hat das [&hellip;]<\/p>","protected":false},"author":1,"featured_media":4099,"parent":4072,"menu_order":0,"comment_status":"closed","ping_status":"closed","template":"","meta":{"footnotes":""},"_links":{"self":[{"href":"https:\/\/www.comverga.com\/deu\/cs\/wp-json\/wp\/v2\/pages\/4096"}],"collection":[{"href":"https:\/\/www.comverga.com\/deu\/cs\/wp-json\/wp\/v2\/pages"}],"about":[{"href":"https:\/\/www.comverga.com\/deu\/cs\/wp-json\/wp\/v2\/types\/page"}],"author":[{"embeddable":true,"href":"https:\/\/www.comverga.com\/deu\/cs\/wp-json\/wp\/v2\/users\/1"}],"replies":[{"embeddable":true,"href":"https:\/\/www.comverga.com\/deu\/cs\/wp-json\/wp\/v2\/comments?post=4096"}],"version-history":[{"count":7,"href":"https:\/\/www.comverga.com\/deu\/cs\/wp-json\/wp\/v2\/pages\/4096\/revisions"}],"predecessor-version":[{"id":4159,"href":"https:\/\/www.comverga.com\/deu\/cs\/wp-json\/wp\/v2\/pages\/4096\/revisions\/4159"}],"up":[{"embeddable":true,"href":"https:\/\/www.comverga.com\/deu\/cs\/wp-json\/wp\/v2\/pages\/4072"}],"wp:featuredmedia":[{"embeddable":true,"href":"https:\/\/www.comverga.com\/deu\/cs\/wp-json\/wp\/v2\/media\/4099"}],"wp:attachment":[{"href":"https:\/\/www.comverga.com\/deu\/cs\/wp-json\/wp\/v2\/media?parent=4096"}],"curies":[{"name":"wp","href":"https:\/\/api.w.org\/{rel}","templated":true}]}}