{"id":4104,"date":"2025-09-25T16:25:34","date_gmt":"2025-09-25T14:25:34","guid":{"rendered":"https:\/\/www.comverga.com\/deu\/?page_id=4104"},"modified":"2025-09-30T17:38:27","modified_gmt":"2025-09-30T15:38:27","slug":"drohnen-zur-ueberwachung-von-baustellen-und-gelaende","status":"publish","type":"page","link":"https:\/\/www.comverga.com\/deu\/cs\/dienstleistungen\/software-as-a-service-platform-as-a-service\/sdp-fuer-esim-management\/drohnen-zur-ueberwachung-von-baustellen-und-gelaende\/","title":{"rendered":"Drony pro dohled na stavb\u00e1ch a v ter\u00e9nu"},"content":{"rendered":"<div data-elementor-type=\"wp-page\" data-elementor-id=\"4104\" class=\"elementor elementor-4104\">\n\t\t\t\t\t\t\t\t\t<section class=\"elementor-section elementor-top-section elementor-element elementor-element-11b712e6 elementor-section-boxed elementor-section-height-default elementor-section-height-default\" data-id=\"11b712e6\" data-element_type=\"section\">\n\t\t\t\t\t\t<div class=\"elementor-container elementor-column-gap-default\">\n\t\t\t\t\t<div class=\"elementor-column elementor-col-50 elementor-top-column elementor-element elementor-element-109bc88\" data-id=\"109bc88\" data-element_type=\"column\">\n\t\t\t<div class=\"elementor-widget-wrap elementor-element-populated\">\n\t\t\t\t\t\t\t\t<div class=\"elementor-element elementor-element-10b87691 elementor-widget elementor-widget-text-editor\" data-id=\"10b87691\" data-element_type=\"widget\" data-widget_type=\"text-editor.default\">\n\t\t\t\t<div class=\"elementor-widget-container\">\n\t\t\t\t\t\t\t<div class=\"usecase-text\"><h2 style=\"text-align: left; margin-top: 0;\">Drony pro dohled na stavb\u00e1ch a v ter\u00e9nu<\/h2><p>Firma poskytuje slu\u017eby dohledu a monitoringu rozs\u00e1hl\u00fdch stavebn\u00edch are\u00e1l\u016f pomoc\u00ed flotily profesion\u00e1ln\u00edch dron\u016f. Jejich core byznys je sb\u011br dat z ter\u00e9nu (video, senzory, mapov\u00e1n\u00ed) a jejich zpracov\u00e1n\u00ed pro \u00fa\u010dely bezpe\u010dnosti, kontroly postupu staveb a efektivity prac\u00ed.<\/p><\/div>\t\t\t\t\t\t<\/div>\n\t\t\t\t<\/div>\n\t\t\t\t\t<\/div>\n\t\t<\/div>\n\t\t\t\t<div class=\"elementor-column elementor-col-50 elementor-top-column elementor-element elementor-element-32a0a9dd\" data-id=\"32a0a9dd\" data-element_type=\"column\">\n\t\t\t<div class=\"elementor-widget-wrap elementor-element-populated\">\n\t\t\t\t\t\t\t\t<div class=\"elementor-element elementor-element-7b45ff9 elementor-widget elementor-widget-image\" data-id=\"7b45ff9\" data-element_type=\"widget\" data-widget_type=\"image.default\">\n\t\t\t\t<div class=\"elementor-widget-container\">\n\t\t\t\t\t\t\t\t\t\t\t\t\t\t\t<img fetchpriority=\"high\" decoding=\"async\" width=\"580\" height=\"387\" src=\"https:\/\/www.comverga.com\/deu\/wp-content\/uploads\/sites\/4\/2025\/09\/Case3.png\" class=\"attachment-large size-large wp-image-4100\" alt=\"\" srcset=\"https:\/\/www.comverga.com\/deu\/wp-content\/uploads\/sites\/4\/2025\/09\/Case3.png 1000w, https:\/\/www.comverga.com\/deu\/wp-content\/uploads\/sites\/4\/2025\/09\/Case3-300x200.png 300w, https:\/\/www.comverga.com\/deu\/wp-content\/uploads\/sites\/4\/2025\/09\/Case3-768x512.png 768w, https:\/\/www.comverga.com\/deu\/wp-content\/uploads\/sites\/4\/2025\/09\/Case3-18x12.png 18w\" sizes=\"(max-width: 580px) 100vw, 580px\" \/>\t\t\t\t\t\t\t\t\t\t\t\t\t\t\t<\/div>\n\t\t\t\t<\/div>\n\t\t\t\t\t<\/div>\n\t\t<\/div>\n\t\t\t\t\t\t\t<\/div>\n\t\t<\/section>\n\t\t\t\t<section class=\"elementor-section elementor-top-section elementor-element elementor-element-774d1597 elementor-section-boxed elementor-section-height-default elementor-section-height-default\" data-id=\"774d1597\" data-element_type=\"section\">\n\t\t\t\t\t\t<div class=\"elementor-container elementor-column-gap-default\">\n\t\t\t\t\t<div class=\"elementor-column elementor-col-50 elementor-top-column elementor-element elementor-element-5a0629b5\" data-id=\"5a0629b5\" data-element_type=\"column\">\n\t\t\t<div class=\"elementor-widget-wrap elementor-element-populated\">\n\t\t\t\t\t\t\t\t<div class=\"elementor-element elementor-element-6ecf9683 elementor-widget elementor-widget-sidebar\" data-id=\"6ecf9683\" data-element_type=\"widget\" data-widget_type=\"sidebar.default\">\n\t\t\t\t<div class=\"elementor-widget-container\">\n\t\t\t<div id=\"widget-box\" class=\"smart-watch\">\n\t<img decoding=\"async\" src=\"https:\/\/www.coopmobil.cz\/wp-content\/uploads\/2021\/04\/coop-mobil-logo.svg\"><br>\n\t<span>Odv\u011btv\u00ed<\/span>\n<p>\n\t\tTelekomunika\u010dn\u00ed oper\u00e1tor \u2013 retail\n\t<\/p>\n<span>produkt<\/span>\n<p>\n\t\tBundle chytr\u00e9 hodinky + datov\u00e1 konektivita\n\t<\/p>\n<\/div>\n<div id=\"widget-box\" class=\"operator\">\n\t<img decoding=\"async\" src=\"https:\/\/www.coopmobil.cz\/wp-content\/uploads\/2021\/04\/coop-mobil-logo.svg\"><br>\n\t<span>Odv\u011btv\u00ed<\/span>\n<p>\n\t\tTelekomunika\u010dn\u00ed oper\u00e1tor \u2013 retail\n\t<\/p>\n<span>produkt<\/span>\n<p>\n\t\tRealizace v\u011brnostn\u00edho programu\n\t<\/p>\n<\/div>\n<div id=\"widget-box\" class=\"caravan\">\n<img decoding=\"async\" src=\"\/deu\/wp-content\/uploads\/sites\/4\/2023\/04\/caravan-logo.jpg\"><br>\n<span>Odv\u011btv\u00ed<\/span>\n<p class=\"translation-block\">GPS sledovac\u00ed syst\u00e9my pro vozidla, datov\u00e1 konektivita <\/p>\n<span>produkt<\/span>\n<p class=\"translation-block\">\u0158e\u0161en\u00ed pro p\u0159\u00edstup k internetu na cest\u00e1ch <\/p>\n<\/div>\n<div id=\"widget-box\" class=\"support\">\n\t<img decoding=\"async\" src=\"https:\/\/www.coopmobil.cz\/wp-content\/uploads\/2021\/04\/coop-mobil-logo.svg\"><br>\n\t<span>Odv\u011btv\u00ed<\/span>\n<p>\n\t\tTelekomunika\u010dn\u00ed oper\u00e1tor \u2013 retail\n\t<\/p>\n<span>produkt<\/span>\n<p>\n\t\tPr\u016fvodce z\u00e1kaznickou podporou\n\t<\/p>\n<\/div>\n<div id=\"widget-box\" class=\"camera\">\n<img decoding=\"async\" src=\"\/deu\/wp-content\/uploads\/sites\/4\/2023\/04\/camera-logo.jpg\"><br>\n<span>Odv\u011btv\u00ed<\/span>\n<p>\n\t\tZabezpe\u010dovac\u00ed syst\u00e9my\n\t<\/p>\n<span>produkt<\/span>\n<p>\n\t\tKamery s\u00a0on-line streamov\u00e1n\u00edm\n\t<\/p>\n<\/div>\n<div id=\"widget-box\" class=\"event\">\n\t<img decoding=\"async\" src=\"\/cze\/wp-content\/uploads\/sites\/3\/2023\/04\/event-logo.png\" style=\"width: 50px\"><br>\n\t<span>Odv\u011btv\u00ed<\/span>\n<p>\n\t\tEvent agentura\n\t<\/p>\n<span>produkt<\/span>\n<p>\n\t\tOrganizace eventu - komunikace s \u00fa\u010dastn\u00edky\n\t<\/p>\n<\/div>\n<div id=\"widget-box\" class=\"competition\">\n\t<img decoding=\"async\" src=\"\/cze\/wp-content\/uploads\/sites\/3\/2023\/04\/competition-logo.png\" style=\"width: 50px\"><br>\n\t<span>Odv\u011btv\u00ed<\/span>\n<p>\n\t\tMaloobchod a spot\u0159ebn\u00ed zbo\u017e\u00ed\n\t<\/p>\n<span>produkt<\/span>\n<p>\n\t\tSpot\u0159ebitelsk\u00e1 sout\u011b\u017e\n\t<\/p>\n<\/div>\n<div id=\"widget-box\" class=\"marketing\">\n\t<img decoding=\"async\" src=\"\/deu\/wp-content\/uploads\/sites\/3\/2023\/06\/marketing-logo.png\" style=\"width: 50px\"><br>\n\t<span>Odv\u011btv\u00ed<\/span>\n<p>\n\t\tMarketingov\u00e1 komunikace\n\t<\/p>\n<span>produkt<\/span>\n<p>\n\t\tRealizace marketingov\u00fdch rozes\u00edlek\n\t<\/p>\n<\/div>\n<div id=\"widget-box\" class=\"fmcg\">\n\t<img decoding=\"async\" src=\"\/deu\/wp-content\/uploads\/sites\/3\/2023\/06\/fmcg-logo.png\" style=\"width: 50px\"><br>\n\t<span>Odv\u011btv\u00ed<\/span>\n<p>\n\t\tFMCG<br>Rychloobr\u00e1tkov\u00e9 spot\u0159ebn\u00ed zbo\u017e\u00ed\n\t<\/p>\n<span>produkt<\/span>\n<p>\n\t\tPotraviny, n\u00e1poje, drogerie\n\t<\/p>\n<\/div>\n\n<div id=\"widget-box\" class=\"iot\">\n\t<img decoding=\"async\" src=\"\/cze\/wp-content\/uploads\/sites\/3\/2025\/09\/iot_icon.png\" style=\"width: 50px\"><br>\n\t<span>Odv\u011btv\u00ed<\/span>\n<p>\n\t\tIoT, SIM\/eSIM management\n\t<\/p>\n<span>produkt<\/span>\n<p>\n\t\tIoT senzory pro pr\u016fmysl, dom\u00e1cnosti \n\t<\/p>\n<\/div>\n\n<div id=\"widget-box\" class=\"truck\">\n\t<img decoding=\"async\" src=\"\/cze\/wp-content\/uploads\/sites\/3\/2025\/09\/truck_monitoring.png\" style=\"width: 50px\"><br>\n\t<span>Odv\u011btv\u00ed<\/span>\n<p>\n\t\tIoT, SIM\/eSIM management\n\t<\/p>\n<span>produkt<\/span>\n<p>\n\t\t eSIM pro monitoring vozidel \n\t<\/p>\n<\/div>\n\n<div id=\"widget-box\" class=\"drone\">\n\t<img decoding=\"async\" src=\"\/cze\/wp-content\/uploads\/sites\/3\/2025\/09\/drone_icon.png\" style=\"width: 80px\"><br>\n\t<span>Odv\u011btv\u00ed<\/span>\n<p>\n\t\t IoT, SIM\/eSIM management \n\t<\/p>\n<span>produkt<\/span>\n<p>\n\t\t eSIM pro flotilu dron\u016f \n\t<\/p>\n<\/div>\t\t<\/div>\n\t\t\t\t<\/div>\n\t\t\t\t\t<\/div>\n\t\t<\/div>\n\t\t\t\t<div class=\"elementor-column elementor-col-50 elementor-top-column elementor-element elementor-element-362a6137\" data-id=\"362a6137\" data-element_type=\"column\">\n\t\t\t<div class=\"elementor-widget-wrap elementor-element-populated\">\n\t\t\t\t\t\t\t\t<div class=\"elementor-element elementor-element-45835068 elementor-widget elementor-widget-text-editor\" data-id=\"45835068\" data-element_type=\"widget\" data-widget_type=\"text-editor.default\">\n\t\t\t\t<div class=\"elementor-widget-container\">\n\t\t\t\t\t\t\t<p>Pro drony je z\u00e1sadn\u00ed spolehliv\u00e1 konektivita, proto\u017ee pracuj\u00ed ve slo\u017eit\u00fdch podm\u00ednk\u00e1ch \u2013 na odlehl\u00fdch staveni\u0161t\u00edch, v oblastech se slab\u00fdm sign\u00e1lem nebo p\u0159i pohybu mezi r\u016fzn\u00fdmi s\u00ed\u0165ov\u00fdmi oblastmi. V\u00fdpadky sign\u00e1lu znamenaj\u00ed ztr\u00e1tu kontaktu s dronem a hrozbu nehod nebo ztr\u00e1ty za\u0159\u00edzen\u00ed. Firma pot\u0159ebuje flexibiln\u00ed a bezpe\u010dn\u00e9 \u0159e\u0161en\u00ed, kter\u00e9 umo\u017en\u00ed automatick\u00e9 p\u0159ep\u00edn\u00e1n\u00ed profil\u016f dle kvality s\u00edt\u011b a z\u00e1rove\u0148 poskytne monitoring cel\u00e9 flotily v re\u00e1ln\u00edm \u010dase.<\/p><p>Partner d\u00edky COMVERGA eSIM \u0159e\u0161en\u00ed z\u00edsk\u00e1 intuitivn\u00ed prost\u0159ed\u00ed, ve kter\u00e9m m\u016f\u017ee spravovat vzd\u00e1len\u011b celou svou flotilu profesion\u00e1ln\u00edch dron\u016f, m\u00edt je st\u00e1le pod dohledem a minimalizovat provozn\u00ed n\u00e1klady na minimum.<\/p>\t\t\t\t\t\t<\/div>\n\t\t\t\t<\/div>\n\t\t\t\t\t<\/div>\n\t\t<\/div>\n\t\t\t\t\t\t\t<\/div>\n\t\t<\/section>\n\t\t\t\t<section class=\"elementor-section elementor-top-section elementor-element elementor-element-4537f318 elementor-section-boxed elementor-section-height-default elementor-section-height-default\" data-id=\"4537f318\" data-element_type=\"section\">\n\t\t\t\t\t\t<div class=\"elementor-container elementor-column-gap-default\">\n\t\t\t\t\t<div class=\"elementor-column elementor-col-50 elementor-top-column elementor-element elementor-element-6734cf32\" data-id=\"6734cf32\" data-element_type=\"column\" data-settings=\"{&quot;background_background&quot;:&quot;classic&quot;}\">\n\t\t\t<div class=\"elementor-widget-wrap elementor-element-populated\">\n\t\t\t\t\t\t\t\t<div class=\"elementor-element elementor-element-798b5ef7 elementor-widget elementor-widget-text-editor\" data-id=\"798b5ef7\" data-element_type=\"widget\" data-widget_type=\"text-editor.default\">\n\t\t\t\t<div class=\"elementor-widget-container\">\n\t\t\t\t\t\t\t<h3>Co Partner z\u00edskal:<\/h3><div class=\"page\" title=\"Strana 4\"><div class=\"layoutArea\"><div class=\"column\"><ul><li>Stabiln\u00ed a nep\u0159etr\u017eit\u00e9 spojen\u00ed dron\u016f v ter\u00e9nu<\/li><li>Sn\u00ed\u017een\u00ed rizika v\u00fdpadk\u016f sign\u00e1lu a ztr\u00e1ty dat<\/li><li>Mo\u017enost sledovat polohu a v\u00fdkon dron\u016f v re\u00e1ln\u00e9m \u010dase<\/li><li>\u00daspora n\u00e1klad\u016f na provoz d\u00edky optimalizaci p\u0159ipojen\u00ed<\/li><li>Vy\u0161\u0161\u00ed bezpe\u010dnost provozu a spolehlivost slu\u017eeb<\/li><\/ul><\/div><\/div><\/div>\t\t\t\t\t\t<\/div>\n\t\t\t\t<\/div>\n\t\t\t\t\t<\/div>\n\t\t<\/div>\n\t\t\t\t<div class=\"elementor-column elementor-col-50 elementor-top-column elementor-element elementor-element-ca5ac3a\" data-id=\"ca5ac3a\" data-element_type=\"column\" data-settings=\"{&quot;background_background&quot;:&quot;classic&quot;}\">\n\t\t\t<div class=\"elementor-widget-wrap elementor-element-populated\">\n\t\t\t\t\t\t\t\t<div class=\"elementor-element elementor-element-5360a060 elementor-widget elementor-widget-text-editor\" data-id=\"5360a060\" data-element_type=\"widget\" data-widget_type=\"text-editor.default\">\n\t\t\t\t<div class=\"elementor-widget-container\">\n\t\t\t\t\t\t\t<h3>COMVERGA zaji\u0161\u0165uje:<\/h3><ul><li>Automatick\u00e9 p\u0159ep\u00edn\u00e1n\u00ed eSIM profil\u016f dle sign\u00e1lu a s\u00edt\u011b<\/li><li>Vzd\u00e1len\u00fd dohled nad drony v\u010detn\u011b diagnostiky \u010dip\u016f<\/li><li>OTA aktualizace profil\u016f bez z\u00e1sahu v ter\u00e9nu<\/li><li>Monitoring provozu, spot\u0159eby dat a kvality p\u0159ipojen\u00ed<\/li><li>Centralizovanou spr\u00e1vu flotily s reportingem<\/li><\/ul>\t\t\t\t\t\t<\/div>\n\t\t\t\t<\/div>\n\t\t\t\t\t<\/div>\n\t\t<\/div>\n\t\t\t\t\t\t\t<\/div>\n\t\t<\/section>\n\t\t\t\t\t\t\t<\/div>","protected":false},"excerpt":{"rendered":"<p>Drohnen zur \u00dcberwachung von Baustellen und Gel\u00e4nde Das Unternehmen bietet \u00dcberwachungs- und Kontrollservices f\u00fcr gro\u00dfe Baustellen mit einer Flotte professioneller Drohnen an. Ihr Kerngesch\u00e4ft ist die Datenerfassung im Gel\u00e4nde (Video, Sensoren, Kartierung) und deren Verarbeitung f\u00fcr Sicherheitszwecke, die Kontrolle des Baufortschritts und die Effizienz der Arbeiten. F\u00fcr Drohnen ist eine zuverl\u00e4ssige Konnektivit\u00e4t von entscheidender Bedeutung, [&hellip;]<\/p>","protected":false},"author":1,"featured_media":4100,"parent":4072,"menu_order":0,"comment_status":"closed","ping_status":"closed","template":"","meta":{"footnotes":""},"_links":{"self":[{"href":"https:\/\/www.comverga.com\/deu\/cs\/wp-json\/wp\/v2\/pages\/4104"}],"collection":[{"href":"https:\/\/www.comverga.com\/deu\/cs\/wp-json\/wp\/v2\/pages"}],"about":[{"href":"https:\/\/www.comverga.com\/deu\/cs\/wp-json\/wp\/v2\/types\/page"}],"author":[{"embeddable":true,"href":"https:\/\/www.comverga.com\/deu\/cs\/wp-json\/wp\/v2\/users\/1"}],"replies":[{"embeddable":true,"href":"https:\/\/www.comverga.com\/deu\/cs\/wp-json\/wp\/v2\/comments?post=4104"}],"version-history":[{"count":9,"href":"https:\/\/www.comverga.com\/deu\/cs\/wp-json\/wp\/v2\/pages\/4104\/revisions"}],"predecessor-version":[{"id":4162,"href":"https:\/\/www.comverga.com\/deu\/cs\/wp-json\/wp\/v2\/pages\/4104\/revisions\/4162"}],"up":[{"embeddable":true,"href":"https:\/\/www.comverga.com\/deu\/cs\/wp-json\/wp\/v2\/pages\/4072"}],"wp:featuredmedia":[{"embeddable":true,"href":"https:\/\/www.comverga.com\/deu\/cs\/wp-json\/wp\/v2\/media\/4100"}],"wp:attachment":[{"href":"https:\/\/www.comverga.com\/deu\/cs\/wp-json\/wp\/v2\/media?parent=4104"}],"curies":[{"name":"wp","href":"https:\/\/api.w.org\/{rel}","templated":true}]}}