{"id":500,"date":"2020-11-26T12:26:43","date_gmt":"2020-11-26T11:26:43","guid":{"rendered":"https:\/\/www.comverga.com\/?page_id=500"},"modified":"2026-02-26T13:15:10","modified_gmt":"2026-02-26T12:15:10","slug":"sms-apps","status":"publish","type":"page","link":"https:\/\/www.comverga.com\/deu\/cs\/dienstleistungen\/aggregation-der-konnektivitaet\/sms-apps\/","title":{"rendered":"SMS slu\u017eby"},"content":{"rendered":"<div data-elementor-type=\"wp-page\" data-elementor-id=\"500\" class=\"elementor elementor-500\">\n\t\t\t\t\t\t\t\t\t<section class=\"elementor-section elementor-top-section elementor-element elementor-element-700d5587 elementor-section-boxed elementor-section-height-default elementor-section-height-default\" data-id=\"700d5587\" data-element_type=\"section\">\n\t\t\t\t\t\t<div class=\"elementor-container elementor-column-gap-default\">\n\t\t\t\t\t<div class=\"elementor-column elementor-col-100 elementor-top-column elementor-element elementor-element-5484b85b\" data-id=\"5484b85b\" data-element_type=\"column\">\n\t\t\t<div class=\"elementor-widget-wrap elementor-element-populated\">\n\t\t\t\t\t\t\t\t<div class=\"elementor-element elementor-element-12854fd elementor-widget elementor-widget-text-editor\" data-id=\"12854fd\" data-element_type=\"widget\" data-widget_type=\"text-editor.default\">\n\t\t\t\t<div class=\"elementor-widget-container\">\n\t\t\t\t\t\t\t<!-- wp:paragraph -->\n<p>Na b\u00e1zi SMS je postavena cel\u00e1 \u0159ada specifick\u00fdch aplikac\u00ed, vyu\u017e\u00edvaj\u00edc\u00edch p\u0159edev\u0161\u00edm rychlou, neru\u0161ivou a obousm\u011brnou komunikaci, jako nap\u0159. p\u0159\u00edjem a zpracov\u00e1n\u00ed objedn\u00e1vek, pr\u016fzkumy spokojenosti z\u00e1kazn\u00edk\u016f, notifika\u010dn\u00ed slu\u017eby, vstupenky, j\u00edzdenky, parkovac\u00ed l\u00edstky, elektronick\u00e9 recepty, hesla a mnoho dal\u0161\u00edch.<\/p>\n<p>Zdrojem dat pro komunikaci se z\u00e1kazn\u00edky, partnery \u010di klienty jsou v\u011bt\u0161inou firemn\u00ed syst\u00e9my, a\u0165 ji\u017e obchodn\u00ed, marketingov\u00e9 nebo provozn\u00ed. Z t\u011bchto syst\u00e9m\u016f se synchronn\u011b nebo asynchronn\u011b generuj\u00ed data pro z\u00e1kaznickou komunikaci, kter\u00e1 se n\u00e1sledn\u011b zpracov\u00e1vaj\u00ed a odes\u00edlaj\u00ed prost\u0159ednictv\u00edm r\u016fzn\u00fdch aplika\u010dn\u00edch rozhran\u00ed a protokol\u016f. V\u00a0n\u011bkter\u00fdch p\u0159\u00edpadech je v\u00fdhodn\u00e9 pou\u017e\u00edvat grafick\u00e9 u\u017eivatelsk\u00e9 rozhran\u00ed, kter\u00e9 umo\u017e\u0148uje p\u0159\u00edv\u011btivou pr\u00e1ci s\u00a0daty, jednotliv\u00fdmi rozes\u00edlkami a reakcemi z\u00e1kazn\u00edk\u016f. Sou\u010dasn\u011b je d\u016fle\u017eit\u00e9 zajistit v\u0161echny pot\u0159ebn\u00e9 procesy pro ochranu osobn\u00edch \u00fadaj\u016f a ochranu proti zneu\u017eit\u00ed (spamu, podvod\u016fm apod). SMS br\u00e1na zaji\u0161\u0165uje krom\u011b v\u00fd\u0161e uveden\u00fdch funk\u010dnost\u00ed tak\u00e9 administraci jednotliv\u00fdch u\u017eivatel\u016f br\u00e1ny, statistiky provozu a mnoho dal\u0161\u00edch funkc\u00ed.<\/p>\n<!-- \/wp:paragraph -->\t\t\t\t\t\t<\/div>\n\t\t\t\t<\/div>\n\t\t\t\t\t<\/div>\n\t\t<\/div>\n\t\t\t\t\t\t\t<\/div>\n\t\t<\/section>\n\t\t\t\t\t\t\t<\/div>","protected":false},"excerpt":{"rendered":"<p>Eine Reihe spezifischer Applikationen basiert auf SMS und verwendet eine schnelle, unauff\u00e4llige und wechselseitige Kommunikation, z. B. das Empfangen und Verarbeiten von Bestellungen, Umfragen zur Kundenzufriedenheit, Benachrichtigungsdienste, Fahrkarten, Parkkarten, elektronische Rezepte, Passw\u00f6rter und vieles mehr. Die Datenquelle f\u00fcr die Kommunikation mit Kunden, Partnern oder Klienten sind haupts\u00e4chlich Unternehmenssysteme, egal ob betriebswirtschaftlich, Marketing-seitig oder operativ. Aus [&hellip;]<\/p>","protected":false},"author":1,"featured_media":136,"parent":202,"menu_order":5,"comment_status":"closed","ping_status":"closed","template":"","meta":{"footnotes":""},"_links":{"self":[{"href":"https:\/\/www.comverga.com\/deu\/cs\/wp-json\/wp\/v2\/pages\/500"}],"collection":[{"href":"https:\/\/www.comverga.com\/deu\/cs\/wp-json\/wp\/v2\/pages"}],"about":[{"href":"https:\/\/www.comverga.com\/deu\/cs\/wp-json\/wp\/v2\/types\/page"}],"author":[{"embeddable":true,"href":"https:\/\/www.comverga.com\/deu\/cs\/wp-json\/wp\/v2\/users\/1"}],"replies":[{"embeddable":true,"href":"https:\/\/www.comverga.com\/deu\/cs\/wp-json\/wp\/v2\/comments?post=500"}],"version-history":[{"count":10,"href":"https:\/\/www.comverga.com\/deu\/cs\/wp-json\/wp\/v2\/pages\/500\/revisions"}],"predecessor-version":[{"id":4205,"href":"https:\/\/www.comverga.com\/deu\/cs\/wp-json\/wp\/v2\/pages\/500\/revisions\/4205"}],"up":[{"embeddable":true,"href":"https:\/\/www.comverga.com\/deu\/cs\/wp-json\/wp\/v2\/pages\/202"}],"wp:featuredmedia":[{"embeddable":true,"href":"https:\/\/www.comverga.com\/deu\/cs\/wp-json\/wp\/v2\/media\/136"}],"wp:attachment":[{"href":"https:\/\/www.comverga.com\/deu\/cs\/wp-json\/wp\/v2\/media?parent=500"}],"curies":[{"name":"wp","href":"https:\/\/api.w.org\/{rel}","templated":true}]}}