{"id":668,"date":"2020-12-15T12:54:58","date_gmt":"2020-12-15T11:54:58","guid":{"rendered":"https:\/\/www.comverga.com\/?page_id=668"},"modified":"2024-06-07T10:42:02","modified_gmt":"2024-06-07T08:42:02","slug":"banken-und-finanzen","status":"publish","type":"page","link":"https:\/\/www.comverga.com\/deu\/cs\/branchen\/banken-und-finanzen\/","title":{"rendered":"Bankovnictv\u00ed a finance"},"content":{"rendered":"<div data-elementor-type=\"wp-page\" data-elementor-id=\"668\" class=\"elementor elementor-668\">\n\t\t\t\t\t\t\t\t\t<section class=\"elementor-section elementor-top-section elementor-element elementor-element-43641a70 elementor-section-boxed elementor-section-height-default elementor-section-height-default\" data-id=\"43641a70\" data-element_type=\"section\">\n\t\t\t\t\t\t<div class=\"elementor-container elementor-column-gap-default\">\n\t\t\t\t\t<div class=\"elementor-column elementor-col-100 elementor-top-column elementor-element elementor-element-3a6fb0a7\" data-id=\"3a6fb0a7\" data-element_type=\"column\">\n\t\t\t<div class=\"elementor-widget-wrap elementor-element-populated\">\n\t\t\t\t\t\t\t\t<div class=\"elementor-element elementor-element-53292244 elementor-widget elementor-widget-text-editor\" data-id=\"53292244\" data-element_type=\"widget\" data-widget_type=\"text-editor.default\">\n\t\t\t\t<div class=\"elementor-widget-container\">\n\t\t\t\t\t\t\t<!-- wp:paragraph -->\n<p>Messagingov\u00e9 dialogy a konverzace s klienty jsou dnes kl\u00ed\u010dov\u00fdmi prvky \u00fasp\u011b\u0161n\u00e9ho \u0159\u00edzen\u00ed vztah\u016f. Jsou rychl\u00e9, c\u00edlen\u00e9 a neru\u0161iv\u00e9. V\u00edce kan\u00e1l\u016f pro zas\u00edl\u00e1n\u00ed zpr\u00e1v (e-maily, SMS, hlasov\u00e9 zpr\u00e1vy, RCS, instant messenger) je kombinov\u00e1no na z\u00e1klad\u011b preferenc\u00ed klienta.<\/p>\n<!-- \/wp:paragraph --><!-- wp:paragraph -->\n<p class=\"translation-block\">V t\u00e9to oblasti nab\u00edz\u00edme n\u00e1sleduj\u00edc\u00ed slu\u017eby:<\/p>\n<!-- \/wp:paragraph --><!-- wp:list -->\n<ul>\n<li>Slu\u017eby pro messagingovou konverzaci z\u00e1kazn\u00edk\u016f pro CRM<\/li>\n<li>Mobiln\u00ed marketing<\/li>\n<li>Notifika\u010dn\u00ed slu\u017eby<\/li>\n<li>Pr\u016fzkumy spokojenosti z\u00e1kazn\u00edk\u016f<\/li>\n<li>Mobiln\u00ed aplikace<\/li>\n<li>Jednor\u00e1zov\u00e1 hesla<\/li>\n<li>Profesion\u00e1ln\u00ed slu\u017eby<\/li>\n<li>V\u00fdvoj aplikac\u00ed<\/li>\n<\/ul>\n<!-- \/wp:list --><!-- wp:paragraph -->\n<p class=\"translation-block\">Technologie je st\u00e1le v\u00edce spojov\u00e1na s finan\u010dn\u00edmi a poji\u0161\u0165ovac\u00edmi slu\u017ebami. Nejen v platebn\u00edch slu\u017eb\u00e1ch (bezkontaktn\u00ed a mobiln\u00ed platby, sch\u00e9mata plateb za pou\u017eit\u00ed \u2013 pay per use), ale tak\u00e9 jako kl\u00ed\u010dov\u00e1 p\u0159idan\u00e1 hodnota ke smlouv\u00e1m o poji\u0161t\u011bn\u00ed dom\u00e1cnosti, leasingov\u00fdm smlouv\u00e1m atd. Smlouvy o poji\u0161t\u011bn\u00ed dom\u00e1cnosti mohou b\u00fdt pro spot\u0159ebitele levn\u011bj\u0161\u00ed v p\u0159\u00edpad\u011b, \u017ee instaluj\u00ed inteligentn\u00ed dom\u00e1c\u00ed spot\u0159ebi\u010de a slu\u017eby, omezuj\u00edc\u00ed \u0161kody v p\u0159\u00edpad\u011b hav\u00e1rie.<\/p>\n<!-- \/wp:paragraph --><!-- wp:paragraph -->\n<p class=\"translation-block\">Jsme p\u0159ipraveni pln\u011b provozovat pot\u0159ebnou infrastrukturu i souvisej\u00edc\u00ed obchodn\u00ed procesy:<\/p>\n<!-- \/wp:paragraph --><!-- wp:list -->\n<ul>\n<li>Outsourcing podnikov\u00fdch proces\u016f (BPO \u2013 Business Process Outsourcing)<\/li>\n<li>Platforma pro poskytov\u00e1n\u00ed slu\u017eeb SDP jako slu\u017eba<\/li>\n<li>Provoz telekomunika\u010dn\u00ed infrastruktury<\/li>\n<li>Profesion\u00e1ln\u00ed slu\u017eby<\/li>\n<li>V\u00fdvoj aplikac\u00ed<\/li>\n<li>Smart Home infrastruktura a aplikace<\/li>\n<\/ul>\n<!-- \/wp:list -->\t\t\t\t\t\t<\/div>\n\t\t\t\t<\/div>\n\t\t\t\t\t<\/div>\n\t\t<\/div>\n\t\t\t\t\t\t\t<\/div>\n\t\t<\/section>\n\t\t\t\t\t\t\t<\/div>","protected":false},"excerpt":{"rendered":"<p>Abyste mohli \u00fasp\u011b\u0161n\u011b z\u016fstat v kontaktu se sv\u00fdmi z\u00e1kazn\u00edky, je dnes digit\u00e1ln\u00ed komunikace nezbytn\u00e1. Digit\u00e1ln\u00ed komunikace je rychl\u00e1, c\u00edlen\u00e1 a...<\/p>","protected":false},"author":1,"featured_media":3255,"parent":346,"menu_order":3,"comment_status":"closed","ping_status":"closed","template":"","meta":{"footnotes":""},"_links":{"self":[{"href":"https:\/\/www.comverga.com\/deu\/cs\/wp-json\/wp\/v2\/pages\/668"}],"collection":[{"href":"https:\/\/www.comverga.com\/deu\/cs\/wp-json\/wp\/v2\/pages"}],"about":[{"href":"https:\/\/www.comverga.com\/deu\/cs\/wp-json\/wp\/v2\/types\/page"}],"author":[{"embeddable":true,"href":"https:\/\/www.comverga.com\/deu\/cs\/wp-json\/wp\/v2\/users\/1"}],"replies":[{"embeddable":true,"href":"https:\/\/www.comverga.com\/deu\/cs\/wp-json\/wp\/v2\/comments?post=668"}],"version-history":[{"count":19,"href":"https:\/\/www.comverga.com\/deu\/cs\/wp-json\/wp\/v2\/pages\/668\/revisions"}],"predecessor-version":[{"id":3806,"href":"https:\/\/www.comverga.com\/deu\/cs\/wp-json\/wp\/v2\/pages\/668\/revisions\/3806"}],"up":[{"embeddable":true,"href":"https:\/\/www.comverga.com\/deu\/cs\/wp-json\/wp\/v2\/pages\/346"}],"wp:featuredmedia":[{"embeddable":true,"href":"https:\/\/www.comverga.com\/deu\/cs\/wp-json\/wp\/v2\/media\/3255"}],"wp:attachment":[{"href":"https:\/\/www.comverga.com\/deu\/cs\/wp-json\/wp\/v2\/media?parent=668"}],"curies":[{"name":"wp","href":"https:\/\/api.w.org\/{rel}","templated":true}]}}