{"id":215,"date":"2020-11-25T13:25:42","date_gmt":"2020-11-25T12:25:42","guid":{"rendered":"https:\/\/www.comverga.com\/?page_id=215"},"modified":"2023-03-09T16:12:57","modified_gmt":"2023-03-09T15:12:57","slug":"sdp-fur-m2m-iot","status":"publish","type":"page","link":"https:\/\/www.comverga.com\/deu\/en\/dienstleistungen\/software-as-a-service-platform-as-a-service\/sdp-fur-m2m-iot\/","title":{"rendered":"SDP for M2M \/ IoT"},"content":{"rendered":"<div data-elementor-type=\"wp-page\" data-elementor-id=\"215\" class=\"elementor elementor-215\">\n\t\t\t\t\t\t\t\t\t<section class=\"elementor-section elementor-top-section elementor-element elementor-element-4b2c6287 elementor-section-boxed elementor-section-height-default elementor-section-height-default\" data-id=\"4b2c6287\" data-element_type=\"section\">\n\t\t\t\t\t\t<div class=\"elementor-container elementor-column-gap-default\">\n\t\t\t\t\t<div class=\"elementor-column elementor-col-100 elementor-top-column elementor-element elementor-element-5feb444f\" data-id=\"5feb444f\" data-element_type=\"column\">\n\t\t\t<div class=\"elementor-widget-wrap elementor-element-populated\">\n\t\t\t\t\t\t\t\t<div class=\"elementor-element elementor-element-3bc40ae elementor-widget elementor-widget-text-editor\" data-id=\"3bc40ae\" data-element_type=\"widget\" data-widget_type=\"text-editor.default\">\n\t\t\t\t<div class=\"elementor-widget-container\">\n\t\t\t\t\t\t\t<!-- wp:paragraph -->\n<p class=\"translation-block\">In addition to data connectivity, smart devices and applications require a number of other support processes that enable their efficient distribution through various distribution channels so that they become accessible to the widest possible range of end users. At the same time, it is necessary to ensure their installation and support through local partners.<\/p>\n<!-- \/wp:paragraph -->\n\n<!-- wp:paragraph -->\n<p class=\"translation-block\">The SDP platform enables complete management of the sales channel at all levels \u2013 wholesale connectivity providers, equipment and package distributors, local resellers or service partners and end users. It provides the entire product lifecycle, service activation and deactivation, service billing, and payments.<\/p>\n<!-- \/wp:paragraph -->\t\t\t\t\t\t<\/div>\n\t\t\t\t<\/div>\n\t\t\t\t\t<\/div>\n\t\t<\/div>\n\t\t\t\t\t\t\t<\/div>\n\t\t<\/section>\n\t\t\t\t\t\t\t<\/div>","protected":false},"excerpt":{"rendered":"<p>Neben der Datenanbindung erfordern intelligente Endger\u00e4te und Applikationen eine Reihe weiterer Supportprozesse, z. B. der Vertrieb \u00fcber verschiedene Vertriebskan\u00e4le, um eine gr\u00f6\u00dftm\u00f6gliche Reichweite von Kunden\/Endnutzern zu erreichen. Gleichzeitig ist es notwendig, deren Installation und Support durch lokale Partner sicherzustellen. Die SDP-Plattform erm\u00f6glicht das komplette Management des Vertriebskanals auf allen Ebenen, d. h. Wholesales Operator, Lieferanten, [&hellip;]<\/p>","protected":false},"author":1,"featured_media":1140,"parent":206,"menu_order":0,"comment_status":"closed","ping_status":"closed","template":"","meta":{"footnotes":""},"_links":{"self":[{"href":"https:\/\/www.comverga.com\/deu\/en\/wp-json\/wp\/v2\/pages\/215"}],"collection":[{"href":"https:\/\/www.comverga.com\/deu\/en\/wp-json\/wp\/v2\/pages"}],"about":[{"href":"https:\/\/www.comverga.com\/deu\/en\/wp-json\/wp\/v2\/types\/page"}],"author":[{"embeddable":true,"href":"https:\/\/www.comverga.com\/deu\/en\/wp-json\/wp\/v2\/users\/1"}],"replies":[{"embeddable":true,"href":"https:\/\/www.comverga.com\/deu\/en\/wp-json\/wp\/v2\/comments?post=215"}],"version-history":[{"count":4,"href":"https:\/\/www.comverga.com\/deu\/en\/wp-json\/wp\/v2\/pages\/215\/revisions"}],"predecessor-version":[{"id":2453,"href":"https:\/\/www.comverga.com\/deu\/en\/wp-json\/wp\/v2\/pages\/215\/revisions\/2453"}],"up":[{"embeddable":true,"href":"https:\/\/www.comverga.com\/deu\/en\/wp-json\/wp\/v2\/pages\/206"}],"wp:featuredmedia":[{"embeddable":true,"href":"https:\/\/www.comverga.com\/deu\/en\/wp-json\/wp\/v2\/media\/1140"}],"wp:attachment":[{"href":"https:\/\/www.comverga.com\/deu\/en\/wp-json\/wp\/v2\/media?parent=215"}],"curies":[{"name":"wp","href":"https:\/\/api.w.org\/{rel}","templated":true}]}}