{"id":2552,"date":"2023-04-05T09:54:22","date_gmt":"2023-04-05T07:54:22","guid":{"rendered":"https:\/\/www.comverga.com\/deu\/?page_id=2552"},"modified":"2024-01-05T10:06:36","modified_gmt":"2024-01-05T09:06:36","slug":"neues","status":"publish","type":"page","link":"https:\/\/www.comverga.com\/deu\/en\/neues\/","title":{"rendered":"News"},"content":{"rendered":"<div data-elementor-type=\"wp-page\" data-elementor-id=\"2552\" class=\"elementor elementor-2552\">\n\t\t\t\t\t\t\t\t\t<section class=\"elementor-section elementor-top-section elementor-element elementor-element-43806f1 elementor-section-boxed elementor-section-height-default elementor-section-height-default\" data-id=\"43806f1\" data-element_type=\"section\">\n\t\t\t\t\t\t<div class=\"elementor-container elementor-column-gap-default\">\n\t\t\t\t\t<div class=\"elementor-column elementor-col-100 elementor-top-column elementor-element elementor-element-624395f8\" data-id=\"624395f8\" data-element_type=\"column\">\n\t\t\t<div class=\"elementor-widget-wrap elementor-element-populated\">\n\t\t\t\t\t\t\t\t<div class=\"elementor-element elementor-element-4eb25262 premium-blog-cta-full-yes premium-blog-align-justify elementor-widget elementor-widget-premium-addon-blog\" data-id=\"4eb25262\" data-element_type=\"widget\" data-settings=\"{&quot;scroll_to_offset&quot;:&quot;yes&quot;}\" data-widget_type=\"premium-addon-blog.default\">\n\t\t\t\t<div class=\"elementor-widget-container\">\n\t\t\t\r\n\t\t\t\t<div class=\"premium-blog-wrap  premium-blog-list\" data-page=\"2552\" data-pagination=\"true\">\r\n\t\t\t\t\t<article class=\"premium-blog-post-outer-container\" data-total=\"3\">\r\n\t\t\t<div class=\"premium-blog-post-container premium-blog-skin-classic\">\r\n\t\t\t\t\t\t\t\t\t\t\t\t<div class=\"premium-blog-content-wrapper empty-thumb\">\r\n\r\n\t\t\t\t\t<div class=\"premium-blog-inner-container\">\r\n\r\n\t\t\t\t\t\t\t\t\t\t\t\t\t\t<h2 class=\"premium-blog-entry-title\">\r\n\t\t\t<a href=\"https:\/\/www.comverga.com\/deu\/en\/news\/comverga-25-jahre\/\" target=\"_blank\">\r\n\t\t\t\tCOMVERGA 25 years\t\t\t<\/a>\r\n\t\t<\/h2>\r\n\t\t\t\t<div class=\"premium-blog-entry-meta\">\r\n\t\t\t\r\n\t\t\t\t\t\t\t<span class=\"premium-blog-meta-separator\">\u2022<\/span>\r\n\t\t\t\t<div class=\"premium-blog-post-time premium-blog-meta-data\">\r\n\t\t\t\t\t<i class=\"fa fa-calendar-alt\" aria-hidden=\"true\"><\/i>\r\n\t\t\t\t\t<span>8 February 2026<\/span>\r\n\t\t\t\t<\/div>\r\n\t\t\t\r\n\t\t\t\r\n\t\t\t\t\t<\/div>\r\n\t\t\r\n\t\t\t\t\t<\/div>\r\n\r\n\t\t\t\t\t\t\t<div class=\"premium-blog-content-inner-wrapper\">\r\n\t\t<p class=\"premium-blog-post-content\">This year, COMVERGA marks 25 years on the market. It\u00b4s more than marking a date for us \u2013 it\u00b4s honouring quarter century of innovation, growth, and shared achievements.<\/p><div class=\"premium-blog-excerpt-link-wrap\"><a href=\"https:\/\/www.comverga.com\/deu\/en\/news\/comverga-25-jahre\/\" target=\"_blank\" class=\"premium-blog-excerpt-link elementor-button\">More \u00bb<\/a><\/div>\t\t<\/div>\r\n\t\t\t\t\t\t\t\t\t\t\t\t\t<div class=\"premium-blog-post-tags-container\">\r\n\t\t\t\t\t\t\t\t<i class=\"fa fa-tags fa-fw\" aria-hidden=\"true\"><\/i>\r\n\t\t\t\t\t\t\t\t <a href=\"https:\/\/www.comverga.com\/deu\/en\/news\/tag\/prag\/\" rel=\"tag\">Prag<\/a>\t\t\t\t\t\t<\/div>\r\n\t\t\t\t\t\r\n\t\t\t\t<\/div>\r\n\t\t\t<\/div>\r\n\t\t<\/article>\r\n\r\n\t\t\t\t<article class=\"premium-blog-post-outer-container\" data-total=\"3\">\r\n\t\t\t<div class=\"premium-blog-post-container premium-blog-skin-classic\">\r\n\t\t\t\t\t\t\t\t\t\t\t\t<div class=\"premium-blog-content-wrapper empty-thumb\">\r\n\r\n\t\t\t\t\t<div class=\"premium-blog-inner-container\">\r\n\r\n\t\t\t\t\t\t\t\t\t\t\t\t\t\t<h2 class=\"premium-blog-entry-title\">\r\n\t\t\t<a href=\"https:\/\/www.comverga.com\/deu\/en\/news\/gammaverse-2026\/\" target=\"_blank\">\r\n\t\t\t\tGammaverse 2026\t\t\t<\/a>\r\n\t\t<\/h2>\r\n\t\t\t\t<div class=\"premium-blog-entry-meta\">\r\n\t\t\t\r\n\t\t\t\t\t\t\t<span class=\"premium-blog-meta-separator\">\u2022<\/span>\r\n\t\t\t\t<div class=\"premium-blog-post-time premium-blog-meta-data\">\r\n\t\t\t\t\t<i class=\"fa fa-calendar-alt\" aria-hidden=\"true\"><\/i>\r\n\t\t\t\t\t<span>26 January 2026<\/span>\r\n\t\t\t\t<\/div>\r\n\t\t\t\r\n\t\t\t\r\n\t\t\t\t\t<\/div>\r\n\t\t\r\n\t\t\t\t\t<\/div>\r\n\r\n\t\t\t\t\t\t\t<div class=\"premium-blog-content-inner-wrapper\">\r\n\t\t<p class=\"premium-blog-post-content\">We had the pleasure of attending Gammaverse 2026 in Hof, Germany and the experience was truly inspiring.<\/p><div class=\"premium-blog-excerpt-link-wrap\"><a href=\"https:\/\/www.comverga.com\/deu\/en\/news\/gammaverse-2026\/\" target=\"_blank\" class=\"premium-blog-excerpt-link elementor-button\">More \u00bb<\/a><\/div>\t\t<\/div>\r\n\t\t\t\t\t\t\t\t\t\t\t\t\t<div class=\"premium-blog-post-tags-container\">\r\n\t\t\t\t\t\t\t\t<i class=\"fa fa-tags fa-fw\" aria-hidden=\"true\"><\/i>\r\n\t\t\t\t\t\t\t\t <a href=\"https:\/\/www.comverga.com\/deu\/en\/news\/tag\/hof-deutschland\/\" rel=\"tag\">Hof, Germany<\/a>\t\t\t\t\t\t<\/div>\r\n\t\t\t\t\t\r\n\t\t\t\t<\/div>\r\n\t\t\t<\/div>\r\n\t\t<\/article>\r\n\r\n\t\t\t\t<article class=\"premium-blog-post-outer-container\" data-total=\"3\">\r\n\t\t\t<div class=\"premium-blog-post-container premium-blog-skin-classic\">\r\n\t\t\t\t\t\t\t\t\t\t\t\t<div class=\"premium-blog-content-wrapper empty-thumb\">\r\n\r\n\t\t\t\t\t<div class=\"premium-blog-inner-container\">\r\n\r\n\t\t\t\t\t\t\t\t\t\t\t\t\t\t<h2 class=\"premium-blog-entry-title\">\r\n\t\t\t<a href=\"https:\/\/www.comverga.com\/deu\/en\/news\/comverga-und-esim-management\/\" target=\"_blank\">\r\n\t\t\t\tCOMVERGA and eSIM Management\t\t\t<\/a>\r\n\t\t<\/h2>\r\n\t\t\t\t<div class=\"premium-blog-entry-meta\">\r\n\t\t\t\r\n\t\t\t\t\t\t\t<span class=\"premium-blog-meta-separator\">\u2022<\/span>\r\n\t\t\t\t<div class=\"premium-blog-post-time premium-blog-meta-data\">\r\n\t\t\t\t\t<i class=\"fa fa-calendar-alt\" aria-hidden=\"true\"><\/i>\r\n\t\t\t\t\t<span>1 October 2025<\/span>\r\n\t\t\t\t<\/div>\r\n\t\t\t\r\n\t\t\t\r\n\t\t\t\t\t<\/div>\r\n\t\t\r\n\t\t\t\t\t<\/div>\r\n\r\n\t\t\t\t\t\t\t<div class=\"premium-blog-content-inner-wrapper\">\r\n\t\t<p class=\"premium-blog-post-content\">COMVERGA offers a central eSIM platform that enables comprehensive and flexible management of connections for all devices from anywhere in the world. It provides a complete solution, including a white-label platform that facilitates business management and integration into corporate processes.<\/p><div class=\"premium-blog-excerpt-link-wrap\"><a href=\"https:\/\/www.comverga.com\/deu\/en\/news\/comverga-und-esim-management\/\" target=\"_blank\" class=\"premium-blog-excerpt-link elementor-button\">More \u00bb<\/a><\/div>\t\t<\/div>\r\n\t\t\t\t\t\t\t\t\t\t\t\t\t<div class=\"premium-blog-post-tags-container\">\r\n\t\t\t\t\t\t\t\t<i class=\"fa fa-tags fa-fw\" aria-hidden=\"true\"><\/i>\r\n\t\t\t\t\t\t\t\t <a href=\"https:\/\/www.comverga.com\/deu\/en\/news\/tag\/tschechische-republik\/\" rel=\"tag\">Czech Republic<\/a>\t\t\t\t\t\t<\/div>\r\n\t\t\t\t\t\r\n\t\t\t\t<\/div>\r\n\t\t\t<\/div>\r\n\t\t<\/article>\r\n\r\n\t\t\t\t<article class=\"premium-blog-post-outer-container\" data-total=\"3\">\r\n\t\t\t<div class=\"premium-blog-post-container premium-blog-skin-classic\">\r\n\t\t\t\t\t\t\t\t\t\t\t\t<div class=\"premium-blog-content-wrapper empty-thumb\">\r\n\r\n\t\t\t\t\t<div class=\"premium-blog-inner-container\">\r\n\r\n\t\t\t\t\t\t\t\t\t\t\t\t\t\t<h2 class=\"premium-blog-entry-title\">\r\n\t\t\t<a href=\"https:\/\/www.comverga.com\/deu\/en\/news\/comverga-auf-dem-mwc-2025-in-barcelona\/\" target=\"_blank\">\r\n\t\t\t\tCOMVERGA at MWC 2025 in Barcelona\t\t\t<\/a>\r\n\t\t<\/h2>\r\n\t\t\t\t<div class=\"premium-blog-entry-meta\">\r\n\t\t\t\r\n\t\t\t\t\t\t\t<span class=\"premium-blog-meta-separator\">\u2022<\/span>\r\n\t\t\t\t<div class=\"premium-blog-post-time premium-blog-meta-data\">\r\n\t\t\t\t\t<i class=\"fa fa-calendar-alt\" aria-hidden=\"true\"><\/i>\r\n\t\t\t\t\t<span>3 March 2025<\/span>\r\n\t\t\t\t<\/div>\r\n\t\t\t\r\n\t\t\t\r\n\t\t\t\t\t<\/div>\r\n\t\t\r\n\t\t\t\t\t<\/div>\r\n\r\n\t\t\t\t\t\t\t<div class=\"premium-blog-content-inner-wrapper\">\r\n\t\t<p class=\"premium-blog-post-content\">COMVERGA once again participated in the prestigious Mobile World Congress 2025 in Barcelona. Our goal was not only to establish new partnerships and expand our network of contacts, but also to discuss with leading global leaders in technological innovation in telecommunications.<\/p><div class=\"premium-blog-excerpt-link-wrap\"><a href=\"https:\/\/www.comverga.com\/deu\/en\/news\/comverga-auf-dem-mwc-2025-in-barcelona\/\" target=\"_blank\" class=\"premium-blog-excerpt-link elementor-button\">More \u00bb<\/a><\/div>\t\t<\/div>\r\n\t\t\t\t\t\t\t\t\t\t\t\t\t<div class=\"premium-blog-post-tags-container\">\r\n\t\t\t\t\t\t\t\t<i class=\"fa fa-tags fa-fw\" aria-hidden=\"true\"><\/i>\r\n\t\t\t\t\t\t\t\t <a href=\"https:\/\/www.comverga.com\/deu\/en\/news\/tag\/barcelona-spanien\/\" rel=\"tag\">Barcelona, Spain<\/a>\t\t\t\t\t\t<\/div>\r\n\t\t\t\t\t\r\n\t\t\t\t<\/div>\r\n\t\t\t<\/div>\r\n\t\t<\/article>\r\n\r\n\t\t\t\t<article class=\"premium-blog-post-outer-container\" data-total=\"3\">\r\n\t\t\t<div class=\"premium-blog-post-container premium-blog-skin-classic\">\r\n\t\t\t\t\t\t\t\t\t\t\t\t<div class=\"premium-blog-content-wrapper empty-thumb\">\r\n\r\n\t\t\t\t\t<div class=\"premium-blog-inner-container\">\r\n\r\n\t\t\t\t\t\t\t\t\t\t\t\t\t\t<h2 class=\"premium-blog-entry-title\">\r\n\t\t\t<a href=\"https:\/\/www.comverga.com\/deu\/en\/news\/teilnahme-an-der-ces-2025\/\" target=\"_blank\">\r\n\t\t\t\tParticipation at CES 2025\t\t\t<\/a>\r\n\t\t<\/h2>\r\n\t\t\t\t<div class=\"premium-blog-entry-meta\">\r\n\t\t\t\r\n\t\t\t\t\t\t\t<span class=\"premium-blog-meta-separator\">\u2022<\/span>\r\n\t\t\t\t<div class=\"premium-blog-post-time premium-blog-meta-data\">\r\n\t\t\t\t\t<i class=\"fa fa-calendar-alt\" aria-hidden=\"true\"><\/i>\r\n\t\t\t\t\t<span>7 January 2025<\/span>\r\n\t\t\t\t<\/div>\r\n\t\t\t\r\n\t\t\t\r\n\t\t\t\t\t<\/div>\r\n\t\t\r\n\t\t\t\t\t<\/div>\r\n\r\n\t\t\t\t\t\t\t<div class=\"premium-blog-content-inner-wrapper\">\r\n\t\t<p class=\"premium-blog-post-content\">Wir sind gerade von der weltgr\u00f6\u00dften Technologiemesse, der CES 2025, zur\u00fcckgekehrt, die vom 7. bis 11. Januar in Las Vegas stattfand - und es war eine unglaubliche Erfahrung! Auf dieser prestigetr\u00e4chtigen Veranstaltung hatten wir die Gelegenheit, unsere Arbeit vorzustellen, uns von den neuesten Trends inspirieren zu lassen und wertvolle Kontakte zu kn\u00fcpfen.<\/p><div class=\"premium-blog-excerpt-link-wrap\"><a href=\"https:\/\/www.comverga.com\/deu\/en\/news\/teilnahme-an-der-ces-2025\/\" target=\"_blank\" class=\"premium-blog-excerpt-link elementor-button\">More \u00bb<\/a><\/div>\t\t<\/div>\r\n\t\t\t\t\t\t\t\t\t\t\t\t\t<div class=\"premium-blog-post-tags-container\">\r\n\t\t\t\t\t\t\t\t<i class=\"fa fa-tags fa-fw\" aria-hidden=\"true\"><\/i>\r\n\t\t\t\t\t\t\t\t <a href=\"https:\/\/www.comverga.com\/deu\/en\/news\/tag\/las-vegas\/\" rel=\"tag\">Las Vegas<\/a>\t\t\t\t\t\t<\/div>\r\n\t\t\t\t\t\r\n\t\t\t\t<\/div>\r\n\t\t\t<\/div>\r\n\t\t<\/article>\r\n\r\n\t\t\t\t<article class=\"premium-blog-post-outer-container\" data-total=\"3\">\r\n\t\t\t<div class=\"premium-blog-post-container premium-blog-skin-classic\">\r\n\t\t\t\t\t\t\t\t\t\t\t\t<div class=\"premium-blog-content-wrapper empty-thumb\">\r\n\r\n\t\t\t\t\t<div class=\"premium-blog-inner-container\">\r\n\r\n\t\t\t\t\t\t\t\t\t\t\t\t\t\t<h2 class=\"premium-blog-entry-title\">\r\n\t\t\t<a href=\"https:\/\/www.comverga.com\/deu\/en\/news\/mit-partner-epsilon-ueber-die-zukunft-von-fusion-iot\/\" target=\"_blank\">\r\n\t\t\t\tWith partner Epsilon about the future of FUSION IoT\t\t\t<\/a>\r\n\t\t<\/h2>\r\n\t\t\t\t<div class=\"premium-blog-entry-meta\">\r\n\t\t\t\r\n\t\t\t\t\t\t\t<span class=\"premium-blog-meta-separator\">\u2022<\/span>\r\n\t\t\t\t<div class=\"premium-blog-post-time premium-blog-meta-data\">\r\n\t\t\t\t\t<i class=\"fa fa-calendar-alt\" aria-hidden=\"true\"><\/i>\r\n\t\t\t\t\t<span>17 September 2024<\/span>\r\n\t\t\t\t<\/div>\r\n\t\t\t\r\n\t\t\t\r\n\t\t\t\t\t<\/div>\r\n\t\t\r\n\t\t\t\t\t<\/div>\r\n\r\n\t\t\t\t\t\t\t<div class=\"premium-blog-content-inner-wrapper\">\r\n\t\t<p class=\"premium-blog-post-content\">In the picturesque surroundings of Mari\u00e1nsk\u00e9 L\u00e1zn\u011b, a meeting took place between the COMVERGA team and colleagues from the partner company Epsilon. On the agenda were key discussions on the further development of our joint project FUSION IoT.<\/p><div class=\"premium-blog-excerpt-link-wrap\"><a href=\"https:\/\/www.comverga.com\/deu\/en\/news\/mit-partner-epsilon-ueber-die-zukunft-von-fusion-iot\/\" target=\"_blank\" class=\"premium-blog-excerpt-link elementor-button\">More \u00bb<\/a><\/div>\t\t<\/div>\r\n\t\t\t\t\t\t\t\t\t\t\t\t\t<div class=\"premium-blog-post-tags-container\">\r\n\t\t\t\t\t\t\t\t<i class=\"fa fa-tags fa-fw\" aria-hidden=\"true\"><\/i>\r\n\t\t\t\t\t\t\t\t <a href=\"https:\/\/www.comverga.com\/deu\/en\/news\/tag\/marianske-lazne\/\" rel=\"tag\">Marianske Lazne<\/a>\t\t\t\t\t\t<\/div>\r\n\t\t\t\t\t\r\n\t\t\t\t<\/div>\r\n\t\t\t<\/div>\r\n\t\t<\/article>\r\n\r\n\t\t\t\t<\/div>\r\n\r\n\t\t\t\t<div class=\"premium-blog-footer\">\r\n\t\t\t\t\t\t<nav class=\"premium-blog-pagination-container\" role=\"navigation\" aria-label=\"Pagination\">\r\n\t\t\t\t<span aria-current=\"page\" class=\"page-numbers current\">1<\/span>\n<a class=\"page-numbers\" href=\"https:\/\/www.comverga.com\/deu\/en\/wp-json\/wp\/v2\/pages\/2552\/page\/2\/\">2<\/a>\n<a class=\"page-numbers\" href=\"https:\/\/www.comverga.com\/deu\/en\/wp-json\/wp\/v2\/pages\/2552\/page\/3\/\">3<\/a>\n<a class=\"next page-numbers\" href=\"https:\/\/www.comverga.com\/deu\/en\/wp-json\/wp\/v2\/pages\/2552\/page\/2\/\">Next \u00bb<\/a>\t\t\t<\/nav>\r\n\t\t\t\t\t<\/div>\r\n\t\t\t\t\t<\/div>\n\t\t\t\t<\/div>\n\t\t\t\t\t<\/div>\n\t\t<\/div>\n\t\t\t\t\t\t\t<\/div>\n\t\t<\/section>\n\t\t\t\t\t\t\t<\/div>","protected":false},"excerpt":{"rendered":"<p>CAMPERSIM er\u00f6ffnet unbegrenzte Internetm\u00f6glichkeiten f\u00fcr unterwegs(auch dank der COMVERGA-L\u00f6sung) \u2022 1 September 2023 CAMPERSIM von ProVerDa GmbH ist ein weiteres Projekt, das auf der COMVERGA-Plattform l\u00e4uft. Mehr \u00bb Deutschland COMVERGA startete die erste Pilot-RBM-Kampagne \u2022 29 August 2023 Im Juni 2023 konnten wir einen Erfolg verbuchen, als unsere Firma COMVERGA ein angesehenes Zertifikat des Sachverst\u00e4ndigenb\u00fcros [&hellip;]<\/p>","protected":false},"author":1,"featured_media":230,"parent":0,"menu_order":0,"comment_status":"closed","ping_status":"closed","template":"","meta":{"footnotes":""},"_links":{"self":[{"href":"https:\/\/www.comverga.com\/deu\/en\/wp-json\/wp\/v2\/pages\/2552"}],"collection":[{"href":"https:\/\/www.comverga.com\/deu\/en\/wp-json\/wp\/v2\/pages"}],"about":[{"href":"https:\/\/www.comverga.com\/deu\/en\/wp-json\/wp\/v2\/types\/page"}],"author":[{"embeddable":true,"href":"https:\/\/www.comverga.com\/deu\/en\/wp-json\/wp\/v2\/users\/1"}],"replies":[{"embeddable":true,"href":"https:\/\/www.comverga.com\/deu\/en\/wp-json\/wp\/v2\/comments?post=2552"}],"version-history":[{"count":36,"href":"https:\/\/www.comverga.com\/deu\/en\/wp-json\/wp\/v2\/pages\/2552\/revisions"}],"predecessor-version":[{"id":3671,"href":"https:\/\/www.comverga.com\/deu\/en\/wp-json\/wp\/v2\/pages\/2552\/revisions\/3671"}],"wp:featuredmedia":[{"embeddable":true,"href":"https:\/\/www.comverga.com\/deu\/en\/wp-json\/wp\/v2\/media\/230"}],"wp:attachment":[{"href":"https:\/\/www.comverga.com\/deu\/en\/wp-json\/wp\/v2\/media?parent=2552"}],"curies":[{"name":"wp","href":"https:\/\/api.w.org\/{rel}","templated":true}]}}