{"id":4072,"date":"2025-09-25T15:52:45","date_gmt":"2025-09-25T13:52:45","guid":{"rendered":"https:\/\/www.comverga.com\/deu\/?page_id=4072"},"modified":"2025-09-26T08:48:50","modified_gmt":"2025-09-26T06:48:50","slug":"sdp-fuer-esim-management","status":"publish","type":"page","link":"https:\/\/www.comverga.com\/deu\/en\/dienstleistungen\/software-as-a-service-platform-as-a-service\/sdp-fuer-esim-management\/","title":{"rendered":"SDP for eSIM management"},"content":{"rendered":"<div data-elementor-type=\"wp-page\" data-elementor-id=\"4072\" class=\"elementor elementor-4072\">\n\t\t\t\t\t\t\t\t\t<section class=\"elementor-section elementor-top-section elementor-element elementor-element-75110842 elementor-section-boxed elementor-section-height-default elementor-section-height-default\" data-id=\"75110842\" data-element_type=\"section\">\n\t\t\t\t\t\t<div class=\"elementor-container elementor-column-gap-no\">\n\t\t\t\t\t<div class=\"elementor-column elementor-col-100 elementor-top-column elementor-element elementor-element-df675d\" data-id=\"df675d\" data-element_type=\"column\">\n\t\t\t<div class=\"elementor-widget-wrap elementor-element-populated\">\n\t\t\t\t\t\t\t\t<div class=\"elementor-element elementor-element-235f796a elementor-widget elementor-widget-text-editor\" data-id=\"235f796a\" data-element_type=\"widget\" data-widget_type=\"text-editor.default\">\n\t\t\t\t<div class=\"elementor-widget-container\">\n\t\t\t\t\t\t\t<p>The SDP platform provides an effective way to manage eSIMs, bringing together different connectivity providers in one place. This allows for maximum flexibility, independence from specific operators, support for remote provisioning, and the ability to manage eSIM profiles and chips from anywhere. IoT devices thus remain reliable even in the most remote locations.<\/p><p>SDP for eSIM management offers seamless communication for IoT devices anywhere in the world without the need for complex network switching. This solution saves time and costs and allows full control over device connectivity quickly and efficiently.<\/p><p>This solution combines global connectivity aggregation with a full-featured \"Business Support System\" portal that covers the entire service lifecycle. This provides customers with a unified environment for eSIM management, ensuring the best available connectivity and efficient management of business and operational processes.<\/p>\t\t\t\t\t\t<\/div>\n\t\t\t\t<\/div>\n\t\t\t\t\t<\/div>\n\t\t<\/div>\n\t\t\t\t\t\t\t<\/div>\n\t\t<\/section>\n\t\t\t\t<section class=\"elementor-section elementor-top-section elementor-element elementor-element-a1998b6 elementor-section-boxed elementor-section-height-default elementor-section-height-default\" data-id=\"a1998b6\" data-element_type=\"section\">\n\t\t\t\t\t\t<div class=\"elementor-container elementor-column-gap-default\">\n\t\t\t\t\t<div class=\"elementor-column elementor-col-100 elementor-top-column elementor-element elementor-element-a298a83\" data-id=\"a298a83\" data-element_type=\"column\">\n\t\t\t<div class=\"elementor-widget-wrap elementor-element-populated\">\n\t\t\t\t\t\t\t\t<div class=\"elementor-element elementor-element-368c5ebd elementor-widget-divider--view-line elementor-widget elementor-widget-divider\" data-id=\"368c5ebd\" data-element_type=\"widget\" data-widget_type=\"divider.default\">\n\t\t\t\t<div class=\"elementor-widget-container\">\n\t\t\t\t\t<div class=\"elementor-divider\">\n\t\t\t<span class=\"elementor-divider-separator\">\n\t\t\t\t\t\t<\/span>\n\t\t<\/div>\n\t\t\t\t<\/div>\n\t\t\t\t<\/div>\n\t\t\t\t\t<\/div>\n\t\t<\/div>\n\t\t\t\t\t\t\t<\/div>\n\t\t<\/section>\n\t\t\t\t<section class=\"elementor-section elementor-top-section elementor-element elementor-element-a5ab82f elementor-section-boxed elementor-section-height-default elementor-section-height-default\" data-id=\"a5ab82f\" data-element_type=\"section\">\n\t\t\t\t\t\t<div class=\"elementor-container elementor-column-gap-no\">\n\t\t\t\t\t<div class=\"elementor-column elementor-col-100 elementor-top-column elementor-element elementor-element-5173e0b5\" data-id=\"5173e0b5\" data-element_type=\"column\">\n\t\t\t<div class=\"elementor-widget-wrap elementor-element-populated\">\n\t\t\t\t\t\t\t\t<div class=\"elementor-element elementor-element-2d232d7f elementor-widget elementor-widget-heading\" data-id=\"2d232d7f\" data-element_type=\"widget\" id=\"custom-heading\" data-widget_type=\"heading.default\">\n\t\t\t\t<div class=\"elementor-widget-container\">\n\t\t\t<h2 class=\"elementor-heading-title elementor-size-default\">Main benefits<\/h2>\t\t<\/div>\n\t\t\t\t<\/div>\n\t\t\t\t<div class=\"elementor-element elementor-element-1cc391d5 elementor-widget elementor-widget-html\" data-id=\"1cc391d5\" data-element_type=\"widget\" data-widget_type=\"html.default\">\n\t\t\t\t<div class=\"elementor-widget-container\">\n\t\t\t<section class=\"main-benefits\">\n    <div class=\"benefit-box\">\n        <i class=\"fa-solid fa-satellite-dish\"><\/i>\n        <p>Faster deployment of devices and flexible connectivity<\/p>\n    <\/div>\n    \n    <div class=\"benefit-box\">\n        <i class=\"fa-solid fa-tower-cell\"><\/i>\n        <p>Remote management over-the-air saving logistics costs<\/p>\n    <\/div>\n    \n    <div class=\"benefit-box\">\n        <i class=\"fa-solid fa-money-bill-trend-up\"><\/i>\n        <p>Optimization of connectivity at a given time and place<\/p>\n    <\/div>\n    \n    <div class=\"benefit-box\">\n        <i class=\"fa-solid fa-gear\"><\/i>\n        <p>Profile management in the device synced with the chip<\/p>\n    <\/div>\n    \n    <div class=\"benefit-box\">\n        <i class=\"fa-solid fa-business-time\"><\/i>\n        <p>Application of business rules for profiles tailored to your solution<\/p>\n    <\/div>\n    \n<\/section>\t\t<\/div>\n\t\t\t\t<\/div>\n\t\t\t\t\t<\/div>\n\t\t<\/div>\n\t\t\t\t\t\t\t<\/div>\n\t\t<\/section>\n\t\t\t\t<section class=\"elementor-section elementor-top-section elementor-element elementor-element-73da77d9 elementor-section-boxed elementor-section-height-default elementor-section-height-default\" data-id=\"73da77d9\" data-element_type=\"section\">\n\t\t\t\t\t\t<div class=\"elementor-container elementor-column-gap-default\">\n\t\t\t\t\t<div class=\"elementor-column elementor-col-100 elementor-top-column elementor-element elementor-element-64ccc47a\" data-id=\"64ccc47a\" data-element_type=\"column\">\n\t\t\t<div class=\"elementor-widget-wrap elementor-element-populated\">\n\t\t\t\t\t\t\t\t<div class=\"elementor-element elementor-element-1d61fd9e elementor-widget-divider--view-line elementor-widget elementor-widget-divider\" data-id=\"1d61fd9e\" data-element_type=\"widget\" data-widget_type=\"divider.default\">\n\t\t\t\t<div class=\"elementor-widget-container\">\n\t\t\t\t\t<div class=\"elementor-divider\">\n\t\t\t<span class=\"elementor-divider-separator\">\n\t\t\t\t\t\t<\/span>\n\t\t<\/div>\n\t\t\t\t<\/div>\n\t\t\t\t<\/div>\n\t\t\t\t\t<\/div>\n\t\t<\/div>\n\t\t\t\t\t\t\t<\/div>\n\t\t<\/section>\n\t\t\t\t<section class=\"elementor-section elementor-top-section elementor-element elementor-element-ddd46de elementor-section-boxed elementor-section-height-default elementor-section-height-default\" data-id=\"ddd46de\" data-element_type=\"section\">\n\t\t\t\t\t\t<div class=\"elementor-container elementor-column-gap-default\">\n\t\t\t\t\t<div class=\"elementor-column elementor-col-100 elementor-top-column elementor-element elementor-element-6315d07d\" data-id=\"6315d07d\" data-element_type=\"column\">\n\t\t\t<div class=\"elementor-widget-wrap elementor-element-populated\">\n\t\t\t\t\t\t\t\t<div class=\"elementor-element elementor-element-140834d5 elementor-widget elementor-widget-image\" data-id=\"140834d5\" data-element_type=\"widget\" data-widget_type=\"image.default\">\n\t\t\t\t<div class=\"elementor-widget-container\">\n\t\t\t\t\t\t\t\t\t\t\t\t\t\t\t<img fetchpriority=\"high\" decoding=\"async\" width=\"580\" height=\"387\" src=\"https:\/\/www.comverga.com\/deu\/wp-content\/uploads\/sites\/4\/2025\/09\/Home_Pic.png\" class=\"attachment-large size-large wp-image-4074\" alt=\"\" srcset=\"https:\/\/www.comverga.com\/deu\/wp-content\/uploads\/sites\/4\/2025\/09\/Home_Pic.png 1000w, https:\/\/www.comverga.com\/deu\/wp-content\/uploads\/sites\/4\/2025\/09\/Home_Pic-300x200.png 300w, https:\/\/www.comverga.com\/deu\/wp-content\/uploads\/sites\/4\/2025\/09\/Home_Pic-768x512.png 768w, https:\/\/www.comverga.com\/deu\/wp-content\/uploads\/sites\/4\/2025\/09\/Home_Pic-18x12.png 18w\" sizes=\"(max-width: 580px) 100vw, 580px\" \/>\t\t\t\t\t\t\t\t\t\t\t\t\t\t\t<\/div>\n\t\t\t\t<\/div>\n\t\t\t\t<div class=\"elementor-element elementor-element-7183f794 elementor-widget elementor-widget-heading\" data-id=\"7183f794\" data-element_type=\"widget\" data-widget_type=\"heading.default\">\n\t\t\t\t<div class=\"elementor-widget-container\">\n\t\t\t<h3 class=\"elementor-heading-title elementor-size-default\">Why use an eSIM solution and why COMVERGA<\/h3>\t\t<\/div>\n\t\t\t\t<\/div>\n\t\t\t\t<div class=\"elementor-element elementor-element-1c90baa2 elementor-widget elementor-widget-html\" data-id=\"1c90baa2\" data-element_type=\"widget\" data-widget_type=\"html.default\">\n\t\t\t\t<div class=\"elementor-widget-container\">\n\t\t\t<section class=\"dot-panels-wrapper\" style=\"padding: 0\">\n    <div class=\"dot-panels\">\n    <div class=\"panel\">\n        <ul>\n            <li>One partner for a comprehensive solution<\/li>\n            <li>White label platform for business management<\/li>\n            <li>Business rules for communication with devices<\/li>\n            <li>Remote management of device profiles<\/li>\n        <\/ul>\n    <\/div>\n    \n    <div class=\"panel\">\n        <ul>\n            <li>Significant reduction in logistics costs  <\/li>\n            <li>Production efficiency and reduction in storage units<\/li>\n            <li>Optimal device connectivity at a given location and time<\/li>\n            <li>Consultations and solutions tailored to your business<\/li>\n        <\/ul>\n    <\/div>\n    <\/div>\n<\/section>\t\t<\/div>\n\t\t\t\t<\/div>\n\t\t\t\t<div class=\"elementor-element elementor-element-6dc5753f elementor-align-center elementor-widget elementor-widget-button\" data-id=\"6dc5753f\" data-element_type=\"widget\" data-widget_type=\"button.default\">\n\t\t\t\t<div class=\"elementor-widget-container\">\n\t\t\t\t\t<div class=\"elementor-button-wrapper\">\n\t\t\t<a class=\"elementor-button elementor-button-link elementor-size-sm\" href=\"\/deu\/en\/dienstleistungen\/software-as-a-service-platform-as-a-service\/sdp-fuer-esim-management\/sdp-fuer-esim-management\/\">\n\t\t\t\t\t\t<span class=\"elementor-button-content-wrapper\">\n\t\t\t\t\t\t<span class=\"elementor-button-text\">More<\/span>\n\t\t<\/span>\n\t\t\t\t\t<\/a>\n\t\t<\/div>\n\t\t\t\t<\/div>\n\t\t\t\t<\/div>\n\t\t\t\t\t<\/div>\n\t\t<\/div>\n\t\t\t\t\t\t\t<\/div>\n\t\t<\/section>\n\t\t\t\t<section class=\"elementor-section elementor-top-section elementor-element elementor-element-6e415564 elementor-section-boxed elementor-section-height-default elementor-section-height-default\" data-id=\"6e415564\" data-element_type=\"section\">\n\t\t\t\t\t\t<div class=\"elementor-container elementor-column-gap-default\">\n\t\t\t\t\t<div class=\"elementor-column elementor-col-100 elementor-top-column elementor-element elementor-element-3d3caa07\" data-id=\"3d3caa07\" data-element_type=\"column\">\n\t\t\t<div class=\"elementor-widget-wrap elementor-element-populated\">\n\t\t\t\t\t\t\t\t<div class=\"elementor-element elementor-element-121bf0 elementor-widget-divider--view-line elementor-widget elementor-widget-divider\" data-id=\"121bf0\" data-element_type=\"widget\" data-widget_type=\"divider.default\">\n\t\t\t\t<div class=\"elementor-widget-container\">\n\t\t\t\t\t<div class=\"elementor-divider\">\n\t\t\t<span class=\"elementor-divider-separator\">\n\t\t\t\t\t\t<\/span>\n\t\t<\/div>\n\t\t\t\t<\/div>\n\t\t\t\t<\/div>\n\t\t\t\t\t<\/div>\n\t\t<\/div>\n\t\t\t\t\t\t\t<\/div>\n\t\t<\/section>\n\t\t\t\t<section class=\"elementor-section elementor-top-section elementor-element elementor-element-33067b9 elementor-section-boxed elementor-section-height-default elementor-section-height-default\" data-id=\"33067b9\" data-element_type=\"section\">\n\t\t\t\t\t\t<div class=\"elementor-container elementor-column-gap-default\">\n\t\t\t\t\t<div class=\"elementor-column elementor-col-100 elementor-top-column elementor-element elementor-element-5c608b1e\" data-id=\"5c608b1e\" data-element_type=\"column\">\n\t\t\t<div class=\"elementor-widget-wrap elementor-element-populated\">\n\t\t\t\t\t\t\t\t<div class=\"elementor-element elementor-element-4f4b1c2c elementor-widget elementor-widget-heading\" data-id=\"4f4b1c2c\" data-element_type=\"widget\" id=\"custom-heading\" data-widget_type=\"heading.default\">\n\t\t\t\t<div class=\"elementor-widget-container\">\n\t\t\t<h2 class=\"elementor-heading-title elementor-size-default\">Use Cases<\/h2>\t\t<\/div>\n\t\t\t\t<\/div>\n\t\t\t\t<div class=\"elementor-element elementor-element-50e14bf7 elementor-widget elementor-widget-html\" data-id=\"50e14bf7\" data-element_type=\"widget\" data-widget_type=\"html.default\">\n\t\t\t\t<div class=\"elementor-widget-container\">\n\t\t\t<div class=\"list section-inner custom\">\n\n\t\t<div class=\"list-inner\">\n\t\t    \n\t\t    <div class=\"list-item bg-image\" style=\"background-image:url('\/wp-content\/uploads\/sites\/3\/2025\/09\/Case1.png')\">\n\t\t\t\t\t<a href=\"\/deu\/en\/dienstleistungen\/software-as-a-service-platform-as-a-service\/sdp-fuer-esim-management\/hersteller-von-iot-geraeten-fuer-den-globalen-markt\/\">\n\n\t\t\t\t\t\t<span class=\"list-item-title\">\n\t\t\t\t\t\t   Manufacturer of IoT devices for the global market\n\t\t\t\t\t\t<\/span>\n\n\t\t\t\t\t\t<span class=\"list-item-description\">\n\t\t\t\t\t\t\t\n\t\t\t\t\t\t\tDas Unternehmen ist ein f\u00fchrender Hersteller von IoT-Sensoren und -Ger\u00e4ten f\u00fcr die Industrie, Smart Homes und st\u00e4dtische Infrastruktur. Seine Produkte werden weltweit \u00fcber Partner und Distributoren vertrieben.\n\n\t\t\t\t\t\t\t\n\t\t\t\t\t\t\t<\/span>\n\n\t\t\t\t\t\t\t<span class=\"list-item-link\">More \u00bb<\/span>\n\t\t\t\t\t\t<\/span>\n\t\t\t\t\t<\/a>\n\t\t\t\t<\/div>\n\n\t\t\t\t<div class=\"list-item bg-image\" style=\"background-image:url('\/wp-content\/uploads\/sites\/3\/2025\/09\/Case2.png')\">\n\t\t\t\t\t<a href=\"\/deu\/en\/dienstleistungen\/software-as-a-service-platform-as-a-service\/sdp-fuer-esim-management\/internationales-transportunternehmen-mit-grossem-fuhrpark\/\">\n\n\t\t\t\t\t\t<span class=\"list-item-title\">\n\t\t\t\t\t\t     \tInternational transport company with a large fleet\n\t\t\t\t\t\t<\/span>\n\n\t\t\t\t\t\t<span class=\"list-item-description\">\n\t\t\t\t\t\t\t\n\t\t\t\t\t\t\t    The company operates an extensive fleet of trucks, vans, and special transport vehicles. Their core business is international freight transport, often across Europe. They emphasize accuracy, timeliness, and transport safety.\n\t\t\t\t\t\t\n\t\t\t\t\t\t\t<\/span>\n\n\t\t\t\t\t\t\t<span class=\"list-item-link\">More \u00bb<\/span>\n\t\t\t\t\t\t<\/span>\n\t\t\t\t\t<\/a>\n\t\t\t\t<\/div>\n\t\t\t\t<div class=\"list-item bg-image\" style=\"background-image:url('\/wp-content\/uploads\/sites\/3\/2025\/09\/Case3.png')\">\n\t\t\t\t\t<a href=\"\/deu\/en\/dienstleistungen\/software-as-a-service-platform-as-a-service\/sdp-fuer-esim-management\/drohnen-zur-ueberwachung-von-baustellen-und-gelaende\/\">\n\n\t\t\t\t\t\t<span class=\"list-item-title\">\n\t\t\t\t\t\t    Drones for surveillance on construction sites and in the field\n\t\t\t\t\t\t<\/span>\n\n\t\t\t\t\t\t<span class=\"list-item-description\">\n\t\t\t\t\t\t\t\n\t\t\t\t\t\t\tThe company provides surveillance and monitoring services for large construction sites using a fleet of professional drones. Their core business is collecting data from the field (video, sensors, mapping) and processing it for security purposes, construction progress control, and work efficiency.\n\t\t\t\t\t\t\t\n\t\t\t\t\t\t\t<\/span>\n\n\t\t\t\t\t\t\t<span class=\"list-item-link\">V\u00edce &rsaquo;<\/span>\n\t\t\t\t\t\t<\/span>\n\t\t\t\t\t<\/a>\n\t\t\t\t<\/div>\n\t\t\t\t\n\t\t<\/div>\n\t<\/div>\t\t<\/div>\n\t\t\t\t<\/div>\n\t\t\t\t\t<\/div>\n\t\t<\/div>\n\t\t\t\t\t\t\t<\/div>\n\t\t<\/section>\n\t\t\t\t<section class=\"elementor-section elementor-top-section elementor-element elementor-element-357d2648 elementor-section-boxed elementor-section-height-default elementor-section-height-default\" data-id=\"357d2648\" data-element_type=\"section\">\n\t\t\t\t\t\t<div class=\"elementor-container elementor-column-gap-default\">\n\t\t\t\t\t<div class=\"elementor-column elementor-col-100 elementor-top-column elementor-element elementor-element-2c9c2428\" data-id=\"2c9c2428\" data-element_type=\"column\">\n\t\t\t<div class=\"elementor-widget-wrap elementor-element-populated\">\n\t\t\t\t\t\t\t\t<div class=\"elementor-element elementor-element-b59a7dd elementor-widget-divider--view-line elementor-widget elementor-widget-divider\" data-id=\"b59a7dd\" data-element_type=\"widget\" data-widget_type=\"divider.default\">\n\t\t\t\t<div class=\"elementor-widget-container\">\n\t\t\t\t\t<div class=\"elementor-divider\">\n\t\t\t<span class=\"elementor-divider-separator\">\n\t\t\t\t\t\t<\/span>\n\t\t<\/div>\n\t\t\t\t<\/div>\n\t\t\t\t<\/div>\n\t\t\t\t\t<\/div>\n\t\t<\/div>\n\t\t\t\t\t\t\t<\/div>\n\t\t<\/section>\n\t\t\t\t<section class=\"elementor-section elementor-top-section elementor-element elementor-element-351dd0d2 elementor-section-boxed elementor-section-height-default elementor-section-height-default\" data-id=\"351dd0d2\" data-element_type=\"section\">\n\t\t\t\t\t\t<div class=\"elementor-container elementor-column-gap-default\">\n\t\t\t\t\t<div class=\"elementor-column elementor-col-100 elementor-top-column elementor-element elementor-element-1ad83ff6\" data-id=\"1ad83ff6\" data-element_type=\"column\">\n\t\t\t<div class=\"elementor-widget-wrap elementor-element-populated\">\n\t\t\t\t\t\t\t\t<div class=\"elementor-element elementor-element-27836baf elementor-widget elementor-widget-heading\" data-id=\"27836baf\" data-element_type=\"widget\" id=\"custom-heading\" data-widget_type=\"heading.default\">\n\t\t\t\t<div class=\"elementor-widget-container\">\n\t\t\t<h2 class=\"elementor-heading-title elementor-size-default\">\nContact us\n<\/h2>\t\t<\/div>\n\t\t\t\t<\/div>\n\t\t\t\t<div class=\"elementor-element elementor-element-1df785bf elementor-widget elementor-widget-text-editor\" data-id=\"1df785bf\" data-element_type=\"widget\" data-widget_type=\"text-editor.default\">\n\t\t\t\t<div class=\"elementor-widget-container\">\n\t\t\t\t\t\t\t<p style=\"text-align: center;\">Are you interested in the service or have any questions?<br \/>Please fill out the short form and we will contact you as soon as possible.<\/p>\t\t\t\t\t\t<\/div>\n\t\t\t\t<\/div>\n\t\t\t\t<div class=\"elementor-element elementor-element-850672a premium-modal-dismissible-yes elementor-widget elementor-widget-premium-addon-modal-box\" data-id=\"850672a\" data-element_type=\"widget\" data-settings=\"{&quot;premium_modal_box_animation&quot;:&quot;fadeInDown&quot;}\" data-widget_type=\"premium-addon-modal-box.default\">\n\t\t\t\t<div class=\"elementor-widget-container\">\n\t\t\t\r\n\t\t<div class=\"premium-modal-box-container\" data-settings=\"{&quot;trigger&quot;:&quot;button&quot;}\">\r\n\t\t\t<div class=\"premium-modal-trigger-container\">\r\n\t\t\t\t\t\t\t\t\t<button data-toggle=\"premium-modal\" data-target=\"#premium-modal-850672a\" type=\"button\" class=\"premium-modal-trigger-btn premium-btn-sm premium-button-none\" data-text=\"Kontaktieren Sie uns\">\r\n\r\n\t\t\t\t\t\t\r\n\t\t\t\t\t\t<div class=\"premium-button-text-icon-wrapper\">\r\n\t\t\t\t\t\t\t<span>Contact us<\/span>\r\n\t\t\t\t\t\t<\/div>\r\n\r\n\t\t\t\t\t\t\r\n\t\t\t\t\t\t\r\n\t\t\t\t\t\t\r\n\t\t\t\t\t<\/button>\r\n\t\t\t\t\t\t\t<\/div>\r\n\r\n\t\t\t<div id=\"premium-modal-850672a\" class=\"premium-modal-box-modal\"\r\n\t\t\trole=\"dialog\"\r\n\t\t\tstyle=\"display: none\"\r\n\t\t\t>\r\n\t\t\t\t<div class=\"premium-modal-box-modal-dialog\" data-delay-animation=\"\" data-modal-animation=\"fadeInDown animated-fast\">\r\n\t\t\t\t\t\t\t\t\t\t\t<div class=\"premium-modal-box-modal-header\">\r\n\t\t\t\t\t\t\t\t\t\t\t\t\t\t\t<h3 class=\"premium-modal-box-modal-title\">\r\n\t\t\t\t\t\t\t\t\tContact us\t\t\t\t\t\t\t\t<\/h3>\r\n\t\t\t\t\t\t\t\t\t\t\t\t\t\t\t\t\t\t\t\t\t\t<div class=\"premium-modal-box-close-button-container\">\r\n\t\t\t\t\t\t\t\t\t<button type=\"button\" class=\"premium-modal-box-modal-close\" data-dismiss=\"premium-modal\">\u00d7<\/button>\r\n\t\t\t\t\t\t\t\t<\/div>\r\n\t\t\t\t\t\t\t\t\t\t\t\t\t<\/div>\r\n\t\t\t\t\t\t\t\t\t\t<div class=\"premium-modal-box-modal-body\">\r\n\t\t\t\t\t\t<style>.elementor-2358 .elementor-element.elementor-element-34e849c{margin-top:0px;margin-bottom:0px;padding:0px 0px 0px 0px;}.elementor-2358 .elementor-element.elementor-element-ae5fee3 > .elementor-element-populated{margin:0px 0px 0px 0px;--e-column-margin-right:0px;--e-column-margin-left:0px;padding:0px 0px 0px 0px;}.elementor-2358 .elementor-element.elementor-element-a0aab20 > .elementor-widget-container{margin:0px 0px 0px 0px;padding:0px 0px 0px 0px;}<\/style>\t\t<div data-elementor-type=\"page\" data-elementor-id=\"2358\" class=\"elementor elementor-2358\">\n\t\t\t\t\t\t\t\t\t<section class=\"elementor-section elementor-top-section elementor-element elementor-element-34e849c elementor-section-boxed elementor-section-height-default elementor-section-height-default\" data-id=\"34e849c\" data-element_type=\"section\">\n\t\t\t\t\t\t<div class=\"elementor-container elementor-column-gap-default\">\n\t\t\t\t\t<div class=\"elementor-column elementor-col-100 elementor-top-column elementor-element elementor-element-ae5fee3\" data-id=\"ae5fee3\" data-element_type=\"column\">\n\t\t\t<div class=\"elementor-widget-wrap elementor-element-populated\">\n\t\t\t\t\t\t\t\t<div class=\"elementor-element elementor-element-a0aab20 elementor-widget elementor-widget-shortcode\" data-id=\"a0aab20\" data-element_type=\"widget\" data-widget_type=\"shortcode.default\">\n\t\t\t\t<div class=\"elementor-widget-container\">\n\t\t\t\t\t<div class=\"elementor-shortcode\">\n<div class=\"wpcf7 no-js\" id=\"wpcf7-f2359-o1\" lang=\"en-US\" dir=\"ltr\">\n<div class=\"screen-reader-response\"><p role=\"status\" aria-live=\"polite\" aria-atomic=\"true\"><\/p> <ul><\/ul><\/div>\n<form action=\"\/deu\/en\/wp-json\/wp\/v2\/pages\/4072#wpcf7-f2359-o1\" method=\"post\" class=\"wpcf7-form init\" aria-label=\"Contact form\" novalidate=\"novalidate\" data-status=\"init\" data-trp-original-action=\"\/deu\/en\/wp-json\/wp\/v2\/pages\/4072#wpcf7-f2359-o1\">\n<div style=\"display: none;\">\n<input type=\"hidden\" name=\"_wpcf7\" value=\"2359\" \/>\n<input type=\"hidden\" name=\"_wpcf7_version\" value=\"5.8.4\" \/>\n<input type=\"hidden\" name=\"_wpcf7_locale\" value=\"en_US\" \/>\n<input type=\"hidden\" name=\"_wpcf7_unit_tag\" value=\"wpcf7-f2359-o1\" \/>\n<input type=\"hidden\" name=\"_wpcf7_container_post\" value=\"0\" \/>\n<input type=\"hidden\" name=\"_wpcf7_posted_data_hash\" value=\"\" \/>\n<input type=\"hidden\" name=\"_wpcf7_recaptcha_response\" value=\"\" \/>\n<\/div>\n<p><label> Phone number*<br \/>\n<span class=\"wpcf7-form-control-wrap\" data-name=\"phone\"><input size=\"40\" class=\"wpcf7-form-control wpcf7-tel wpcf7-validates-as-required wpcf7-text wpcf7-validates-as-tel\" aria-required=\"true\" aria-invalid=\"false\" value=\"\" type=\"tel\" name=\"phone\" \/><\/span><\/label>\n<\/p>\n<p><label>E-mail*<br \/>\n<span class=\"wpcf7-form-control-wrap\" data-name=\"email\"><input size=\"40\" class=\"wpcf7-form-control wpcf7-email wpcf7-validates-as-required wpcf7-text wpcf7-validates-as-email\" aria-required=\"true\" aria-invalid=\"false\" value=\"\" type=\"email\" name=\"email\" \/><\/span> <\/label>\n<\/p>\n<p><label> Company*<br \/>\n<span class=\"wpcf7-form-control-wrap\" data-name=\"company\"><input size=\"40\" class=\"wpcf7-form-control wpcf7-text wpcf7-validates-as-required\" aria-required=\"true\" aria-invalid=\"false\" value=\"\" type=\"text\" name=\"company\" \/><\/span> <\/label>\n<\/p>\n<p><label>Report*<br \/>\n<span class=\"wpcf7-form-control-wrap\" data-name=\"message\"><textarea cols=\"40\" rows=\"10\" class=\"wpcf7-form-control wpcf7-textarea wpcf7-validates-as-required\" aria-required=\"true\" aria-invalid=\"false\" name=\"message\"><\/textarea><\/span> <\/label><br \/>\n<span class=\"wpcf7-form-control-wrap recaptcha\" data-name=\"recaptcha\"><span data-sitekey=\"6Lew5sUlAAAAAKxVFMVGOwPdFtiAi_eCCtPL0wGv\" class=\"wpcf7-form-control wpcf7-recaptcha g-recaptcha\"><\/span>\r\n<noscript>\r\n\t<div class=\"grecaptcha-noscript\">\r\n\t\t<iframe src=\"https:\/\/www.recaptcha.net\/recaptcha\/api\/fallback?k=6Lew5sUlAAAAAKxVFMVGOwPdFtiAi_eCCtPL0wGv\" frameborder=\"0\" scrolling=\"no\" width=\"310\" height=\"430\">\r\n\t\t<\/iframe>\r\n\t\t<textarea name=\"g-recaptcha-response\" rows=\"3\" cols=\"40\" placeholder=\"reCaptcha Response Here\">\r\n\t\t<\/textarea>\r\n\t<\/div>\r\n<\/noscript>\r\n<\/span><br \/>\n<input class=\"wpcf7-form-control wpcf7-submit has-spinner\" type=\"submit\" value=\"Send\" \/>\n<\/p><div class=\"wpcf7-response-output\" aria-hidden=\"true\"><\/div>\n<input type=\"hidden\" name=\"trp-form-language\" value=\"en\"\/><\/form>\n<\/div>\n<\/div>\n\t\t\t\t<\/div>\n\t\t\t\t<\/div>\n\t\t\t\t\t<\/div>\n\t\t<\/div>\n\t\t\t\t\t\t\t<\/div>\n\t\t<\/section>\n\t\t\t\t\t\t\t<\/div>\n\t\t\t\t\t\t\t<\/div>\r\n\t\t\t\t\t\t\t\t\t<\/div>\r\n\t\t\t<\/div>\r\n\t\t<\/div>\r\n\r\n\t\t\t\t<\/div>\n\t\t\t\t<\/div>\n\t\t\t\t\t<\/div>\n\t\t<\/div>\n\t\t\t\t\t\t\t<\/div>\n\t\t<\/section>\n\t\t\t\t\t\t\t<\/div>","protected":false},"excerpt":{"rendered":"<p>Die SDP-Plattform bietet eine effiziente Methode zur Verwaltung von eSIMs, die verschiedene Konnektivit\u00e4tsanbieter an einem Ort vereint. Dies erm\u00f6glicht maximale Flexibilit\u00e4t, Unabh\u00e4ngigkeit von einem bestimmten Betreiber, Unterst\u00fctzung f\u00fcr Remote-Provisioning und die M\u00f6glichkeit, eSIM-Profile und -Chips von \u00fcberall aus zu verwalten. So bleiben IoT-Ger\u00e4te auch an den entlegensten Orten zuverl\u00e4ssig. SDP f\u00fcr eSIM-Management bietet eine reibungslose [&hellip;]<\/p>","protected":false},"author":1,"featured_media":4075,"parent":206,"menu_order":0,"comment_status":"closed","ping_status":"closed","template":"","meta":{"footnotes":""},"_links":{"self":[{"href":"https:\/\/www.comverga.com\/deu\/en\/wp-json\/wp\/v2\/pages\/4072"}],"collection":[{"href":"https:\/\/www.comverga.com\/deu\/en\/wp-json\/wp\/v2\/pages"}],"about":[{"href":"https:\/\/www.comverga.com\/deu\/en\/wp-json\/wp\/v2\/types\/page"}],"author":[{"embeddable":true,"href":"https:\/\/www.comverga.com\/deu\/en\/wp-json\/wp\/v2\/users\/1"}],"replies":[{"embeddable":true,"href":"https:\/\/www.comverga.com\/deu\/en\/wp-json\/wp\/v2\/comments?post=4072"}],"version-history":[{"count":13,"href":"https:\/\/www.comverga.com\/deu\/en\/wp-json\/wp\/v2\/pages\/4072\/revisions"}],"predecessor-version":[{"id":4119,"href":"https:\/\/www.comverga.com\/deu\/en\/wp-json\/wp\/v2\/pages\/4072\/revisions\/4119"}],"up":[{"embeddable":true,"href":"https:\/\/www.comverga.com\/deu\/en\/wp-json\/wp\/v2\/pages\/206"}],"wp:featuredmedia":[{"embeddable":true,"href":"https:\/\/www.comverga.com\/deu\/en\/wp-json\/wp\/v2\/media\/4075"}],"wp:attachment":[{"href":"https:\/\/www.comverga.com\/deu\/en\/wp-json\/wp\/v2\/media?parent=4072"}],"curies":[{"name":"wp","href":"https:\/\/api.w.org\/{rel}","templated":true}]}}