{"id":500,"date":"2020-11-26T12:26:43","date_gmt":"2020-11-26T11:26:43","guid":{"rendered":"https:\/\/www.comverga.com\/?page_id=500"},"modified":"2026-02-26T13:15:10","modified_gmt":"2026-02-26T12:15:10","slug":"sms-apps","status":"publish","type":"page","link":"https:\/\/www.comverga.com\/deu\/en\/dienstleistungen\/aggregation-der-konnektivitaet\/sms-apps\/","title":{"rendered":"SMS services"},"content":{"rendered":"<div data-elementor-type=\"wp-page\" data-elementor-id=\"500\" class=\"elementor elementor-500\">\n\t\t\t\t\t\t\t\t\t<section class=\"elementor-section elementor-top-section elementor-element elementor-element-700d5587 elementor-section-boxed elementor-section-height-default elementor-section-height-default\" data-id=\"700d5587\" data-element_type=\"section\">\n\t\t\t\t\t\t<div class=\"elementor-container elementor-column-gap-default\">\n\t\t\t\t\t<div class=\"elementor-column elementor-col-100 elementor-top-column elementor-element elementor-element-5484b85b\" data-id=\"5484b85b\" data-element_type=\"column\">\n\t\t\t<div class=\"elementor-widget-wrap elementor-element-populated\">\n\t\t\t\t\t\t\t\t<div class=\"elementor-element elementor-element-12854fd elementor-widget elementor-widget-text-editor\" data-id=\"12854fd\" data-element_type=\"widget\" data-widget_type=\"text-editor.default\">\n\t\t\t\t<div class=\"elementor-widget-container\">\n\t\t\t\t\t\t\t<!-- wp:paragraph -->\n<p>Based on SMS, a number of specific applications are built, using mainly fast, non-disturbing and two-way communication, such as receiving and processing orders, customer satisfaction surveys, notification services, ticketing, electronic recipes, passwords and much more.<\/p>\n<p>The source of data for communication with customers, partners or clients are mostly corporate systems, whether business, marketing or operational. Data for customer communication are generated synchronously or asynchronously from these systems. They are than processed and sent via various application interfaces and protocols. In some cases, it makes sense to use a graphical user interface that allows friendly work with data, individual campaigns and customer reactions. At the same time it is important to ensure all the necessary processes for personal data protection and protection against misuse (spam, fraud, etc.). In addition to the above-mentioned functionalities, the SMS gateway also provides administration of individual gateway users, traffic statistics and many other functions.<\/p>\n<!-- \/wp:paragraph -->\t\t\t\t\t\t<\/div>\n\t\t\t\t<\/div>\n\t\t\t\t\t<\/div>\n\t\t<\/div>\n\t\t\t\t\t\t\t<\/div>\n\t\t<\/section>\n\t\t\t\t\t\t\t<\/div>","protected":false},"excerpt":{"rendered":"<p>Eine Reihe spezifischer Applikationen basiert auf SMS und verwendet eine schnelle, unauff\u00e4llige und wechselseitige Kommunikation, z. B. das Empfangen und Verarbeiten von Bestellungen, Umfragen zur Kundenzufriedenheit, Benachrichtigungsdienste, Fahrkarten, Parkkarten, elektronische Rezepte, Passw\u00f6rter und vieles mehr. Die Datenquelle f\u00fcr die Kommunikation mit Kunden, Partnern oder Klienten sind haupts\u00e4chlich Unternehmenssysteme, egal ob betriebswirtschaftlich, Marketing-seitig oder operativ. Aus [&hellip;]<\/p>","protected":false},"author":1,"featured_media":136,"parent":202,"menu_order":5,"comment_status":"closed","ping_status":"closed","template":"","meta":{"footnotes":""},"_links":{"self":[{"href":"https:\/\/www.comverga.com\/deu\/en\/wp-json\/wp\/v2\/pages\/500"}],"collection":[{"href":"https:\/\/www.comverga.com\/deu\/en\/wp-json\/wp\/v2\/pages"}],"about":[{"href":"https:\/\/www.comverga.com\/deu\/en\/wp-json\/wp\/v2\/types\/page"}],"author":[{"embeddable":true,"href":"https:\/\/www.comverga.com\/deu\/en\/wp-json\/wp\/v2\/users\/1"}],"replies":[{"embeddable":true,"href":"https:\/\/www.comverga.com\/deu\/en\/wp-json\/wp\/v2\/comments?post=500"}],"version-history":[{"count":10,"href":"https:\/\/www.comverga.com\/deu\/en\/wp-json\/wp\/v2\/pages\/500\/revisions"}],"predecessor-version":[{"id":4205,"href":"https:\/\/www.comverga.com\/deu\/en\/wp-json\/wp\/v2\/pages\/500\/revisions\/4205"}],"up":[{"embeddable":true,"href":"https:\/\/www.comverga.com\/deu\/en\/wp-json\/wp\/v2\/pages\/202"}],"wp:featuredmedia":[{"embeddable":true,"href":"https:\/\/www.comverga.com\/deu\/en\/wp-json\/wp\/v2\/media\/136"}],"wp:attachment":[{"href":"https:\/\/www.comverga.com\/deu\/en\/wp-json\/wp\/v2\/media?parent=500"}],"curies":[{"name":"wp","href":"https:\/\/api.w.org\/{rel}","templated":true}]}}